{"id":1174,"date":"2020-05-19T15:06:46","date_gmt":"2020-05-19T15:06:46","guid":{"rendered":"https:\/\/participa.testsdowhile.com\/?page_id=1174"},"modified":"2023-03-24T09:59:09","modified_gmt":"2023-03-24T09:59:09","slug":"legislacio","status":"publish","type":"page","link":"https:\/\/participa.guttmann.com\/ca\/legislacio\/","title":{"rendered":"Legislaci\u00f3 referent a l\u2019\u00e0mbit de la discapacitat"},"content":{"rendered":"<section class=\"section content-assessors text-normal section-text-no-shadow section-inner-no-shadow section-normal section-opaque\"  >\n    \n    <div class=\"background-overlay grid-overlay-0 \" style=\"background-color: rgba(0,0,0,0);\"><\/div>\n\n    <div class=\"container container-vertical-default\">\n        <div class=\"row vertical-default\">\n            <div class=\"col-md-12    box-assessors text-default small-screen-default\"  ><div class=\"row row-assessors\"><div class=\"col-md-12    form-assessors text-default small-screen-default\"  ><div class=\"col-text-1 text-normal text-assessors element-top-20 element-bottom-0 os-animation\" data-os-animation=\"fadeIn\" data-os-animation-delay=\"0s\">\n    <p><strong>\u00c0mbit internacional:<\/strong><\/p>\n<p>Convenci\u00f3 de l\u2019ONU sobre els drets de les persones amb discapacitat. (Va ser aprovada el 13 de desembre de 2006 i ratificada per l\u2019estat espanyol el 2008, passant a ser part de l\u2019ordenament jur\u00eddic estatal).<\/p>\n<p><a title=\"Convenci\u00f3 de l\u2019ONU sobre els drets de les persones amb discapacitat.\" href=\"https:\/\/treballiaferssocials.gencat.cat\/web\/.content\/03ambits_tematics\/11discapacitat\/2012_04_11_convencio_drets_persones_discapacitat_catala.pdf\" target=\"_blank\" rel=\"noopener\">Enlla\u00e7 a la Convenci\u00f3<\/a><\/p>\n<p><a title=\"Convenci\u00f3 de l\u2019ONU sobre els drets de les persones amb discapacitat.\" href=\"https:\/\/www.plenainclusion.org\/sites\/default\/files\/convencion_onu_lf.pdf\" target=\"_blank\" rel=\"noopener\">Enlla\u00e7 a la Convenci\u00f3 en Lectura F\u00e0cil<\/a><\/p>\n<p>&nbsp;<\/p>\n<p><strong>\u00c0mbit estatal:<\/strong><\/p>\n<ul>\n<li>Llei 8\/2021, de 2 de juny, per la qual es reforma la legislaci\u00f3 civil i processal per al suport a les persones amb discapacitat en l&#8217;exercici de la seva capacitat jur\u00eddica.<\/li>\n<li>Reial Decret Legislatiu 1\/2013, de 29 de novembre, pel qual s\u2019aprova el text ref\u00f3s de la Llei general de drets de les persones amb discapacitat i de la seva inclusi\u00f3 social. (Aquesta norma defineix els \u00e0mbits d\u2019igualtat i no discriminaci\u00f3; fa un recorregut pels drets de les persones amb discapacitat i estableix el r\u00e8gim d\u2019infraccions i sancions).<\/li>\n<li>Llei 26\/2011, d\u20191 d\u2019agost, d\u2019adaptaci\u00f3 normativa a la convenci\u00f3 internacional sobre els drets de les persones amb discapacitat.<\/li>\n<li>Reial Decret 1276\/2011, de 16 de setembre, d\u2019adaptaci\u00f3 normativa a la convenci\u00f3 internacional sobre els drets de les persones amb discapacitat.<\/li>\n<li>Llei 39\/2006, de 14 de desembre, de promoci\u00f3 de l\u2019autonomia personal i atenci\u00f3 a les persones en situaci\u00f3 de depend\u00e8ncia.<\/li>\n<li>Reial Decret Legislatiu 5\/2000, de 4 d\u2019agost, pel qual s\u2019aprova el text ref\u00f3s de la llei sobre infraccions i sancions en l\u2019ordre social.<\/li>\n<\/ul>\n<p>&nbsp;<\/p>\n<p><strong>Documentaci\u00f3 d&#8217;inter\u00e8s:<\/strong><\/p>\n<ul>\n<li>An\u00e0lisi sobre la situaci\u00f3 dels drets de les persones amb discapacitat i identificaci\u00f3 de reptes de futur<\/li>\n<\/ul>\n<p><a href=\"https:\/\/www.siis.net\/documentos\/ficha\/582333.pdf\" target=\"_blank\" rel=\"noopener\">Enlla\u00e7 al document<\/a><\/p>\n<\/div>\n<div class=\"col-text-1 text-normal  element-top-20 element-bottom-20\" data-os-animation=\"none\" data-os-animation-delay=\"0s\">\n    <\/div>\n<\/div><\/div><\/div>        <\/div>\n    <\/div>\n<\/section>\n\n","protected":false},"excerpt":{"rendered":"\u00c0mbit internacional: Convenci\u00f3 de l\u2019ONU sobre els drets de les persones amb discapacitat. (Va ser aprovada el 13 de desembre de 2006 i ratificada per l\u2019estat espanyol el 2008, passant a ser part de l\u2019ordenament jur\u00eddic estatal). Enlla\u00e7 a la Convenci\u00f3 Enlla\u00e7 a la Convenci\u00f3 en Lectura F\u00e0cil &nbsp; \u00c0mbit estatal: Llei 8\/2021, de 2","protected":false},"author":1,"featured_media":0,"parent":0,"menu_order":2,"comment_status":"closed","ping_status":"closed","template":"","meta":{"_acf_changed":false,"_monsterinsights_skip_tracking":false,"_monsterinsights_sitenote_active":false,"_monsterinsights_sitenote_note":"","_monsterinsights_sitenote_category":0,"footnotes":""},"class_list":["post-1174","page","type-page","status-publish","hentry"],"acf":[],"aioseo_notices":[],"_links":{"self":[{"href":"https:\/\/participa.guttmann.com\/ca\/wp-json\/wp\/v2\/pages\/1174","targetHints":{"allow":["GET"]}}],"collection":[{"href":"https:\/\/participa.guttmann.com\/ca\/wp-json\/wp\/v2\/pages"}],"about":[{"href":"https:\/\/participa.guttmann.com\/ca\/wp-json\/wp\/v2\/types\/page"}],"author":[{"embeddable":true,"href":"https:\/\/participa.guttmann.com\/ca\/wp-json\/wp\/v2\/users\/1"}],"replies":[{"embeddable":true,"href":"https:\/\/participa.guttmann.com\/ca\/wp-json\/wp\/v2\/comments?post=1174"}],"version-history":[{"count":29,"href":"https:\/\/participa.guttmann.com\/ca\/wp-json\/wp\/v2\/pages\/1174\/revisions"}],"predecessor-version":[{"id":17634,"href":"https:\/\/participa.guttmann.com\/ca\/wp-json\/wp\/v2\/pages\/1174\/revisions\/17634"}],"wp:attachment":[{"href":"https:\/\/participa.guttmann.com\/ca\/wp-json\/wp\/v2\/media?parent=1174"}],"curies":[{"name":"wp","href":"https:\/\/api.w.org\/{rel}","templated":true}]}}