{"id":178,"date":"2014-09-29T11:00:53","date_gmt":"2014-09-29T11:00:53","guid":{"rendered":"https:\/\/participa.testsdowhile.com\/404-page-not-found\/"},"modified":"2022-03-22T09:30:51","modified_gmt":"2022-03-22T09:30:51","slug":"404-pagina-no-trobada","status":"publish","type":"page","link":"https:\/\/participa.guttmann.com\/ca\/404-pagina-no-trobada\/","title":{"rendered":"404 &#8211; P\u00e0gina no trobada"},"content":{"rendered":"<section class=\"section  text-normal section-text-no-shadow section-inner-no-shadow section-normal section-opaque\"  >\n    \n    <div class=\"background-overlay grid-overlay-0 \" style=\"background-color: rgba(255,255,255,0);\"><\/div>\n\n    <div class=\"container container-vertical-default\">\n        <div class=\"row vertical-default\">\n            <div class=\"col-md-2     text-center small-screen-default\"  ><\/div><div class=\"col-md-8     text-center small-screen-default\"  ><h2 class=\"text-default  element-top-70 element-bottom-40 text-light os-animation bigger default\" data-os-animation=\"fadeIn\"  data-os-animation-delay=\"0s\" >\t\n        P\u00e0gina no trobada        \t\n<\/h2>\n<p class=\"lead text-center center  text-normal element-top-0 element-bottom-40\" data-os-animation=\"none\" data-os-animation-delay=\"0s\">La p\u00e0gina a la que has intentat accedir no existeix. Navegui a la p\u00e0gina que vulgui des del men\u00fa superior o torna a l&#8217;inici amb el bot\u00f3 inferior.<\/p><a href=\"\/\" class=\"btn btn-primary btn-lg  text-normal btn-icon-right add-margin element-left-0 element-right-0 element-top-0 element-bottom-40 os-animation\" target=\"_self\"   data-os-animation=\"fadeIn\" data-os-animation-delay=\"0s\" style=\"background:#005077 !important\">\n\t    P\u00e0gina inicial     \t    <i class=\"fa fa-home\" ><\/i>\n\t<\/a><\/div><div class=\"col-md-2     text-default small-screen-default\"  ><\/div>        <\/div>\n    <\/div>\n<\/section>\n\n","protected":false},"excerpt":{"rendered":"P\u00e0gina no trobada La p\u00e0gina a la que has intentat accedir no existeix. Navegui a la p\u00e0gina que vulgui des del men\u00fa superior o torna a l'inici amb el bot\u00f3 inferior. P\u00e0gina inicial","protected":false},"author":1,"featured_media":0,"parent":0,"menu_order":10,"comment_status":"closed","ping_status":"closed","template":"","meta":{"_acf_changed":false,"_monsterinsights_skip_tracking":false,"_monsterinsights_sitenote_active":false,"_monsterinsights_sitenote_note":"","_monsterinsights_sitenote_category":0,"footnotes":""},"class_list":["post-178","page","type-page","status-publish","hentry"],"acf":[],"aioseo_notices":[],"_links":{"self":[{"href":"https:\/\/participa.guttmann.com\/ca\/wp-json\/wp\/v2\/pages\/178","targetHints":{"allow":["GET"]}}],"collection":[{"href":"https:\/\/participa.guttmann.com\/ca\/wp-json\/wp\/v2\/pages"}],"about":[{"href":"https:\/\/participa.guttmann.com\/ca\/wp-json\/wp\/v2\/types\/page"}],"author":[{"embeddable":true,"href":"https:\/\/participa.guttmann.com\/ca\/wp-json\/wp\/v2\/users\/1"}],"replies":[{"embeddable":true,"href":"https:\/\/participa.guttmann.com\/ca\/wp-json\/wp\/v2\/comments?post=178"}],"version-history":[{"count":12,"href":"https:\/\/participa.guttmann.com\/ca\/wp-json\/wp\/v2\/pages\/178\/revisions"}],"predecessor-version":[{"id":3296,"href":"https:\/\/participa.guttmann.com\/ca\/wp-json\/wp\/v2\/pages\/178\/revisions\/3296"}],"wp:attachment":[{"href":"https:\/\/participa.guttmann.com\/ca\/wp-json\/wp\/v2\/media?parent=178"}],"curies":[{"name":"wp","href":"https:\/\/api.w.org\/{rel}","templated":true}]}}