{"id":1908,"date":"2020-09-25T11:16:30","date_gmt":"2020-09-25T11:16:30","guid":{"rendered":"https:\/\/participa.testsdowhile.com\/?page_id=1908"},"modified":"2022-04-25T07:47:53","modified_gmt":"2022-04-25T07:47:53","slug":"drets","status":"publish","type":"page","link":"https:\/\/participa.guttmann.com\/ca\/drets\/","title":{"rendered":"Coneixes els teus drets?"},"content":{"rendered":"<section class=\"section  text-normal section-text-no-shadow section-inner-no-shadow section-normal section-opaque\"  >\n    \n    <div class=\"background-overlay grid-overlay-0 \" style=\"background-color: rgba(0,0,0,0);\"><\/div>\n\n    <div class=\"container container-vertical-default\">\n        <div class=\"row vertical-default\">\n            <div class=\"col-md-12     text-default small-screen-default\"  ><div class=\"col-text-1 text-normal  element-top-20 element-bottom-20\" data-os-animation=\"none\" data-os-animation-delay=\"0s\">\n    <p>En aquest apartat trobar\u00e0s informaci\u00f3 relativa a la legislaci\u00f3 i tractats vigents en relaci\u00f3 a la discapacitat en l\u2019\u00e0mbit nacional i internacional, aix\u00ed com dels organismes d\u2019informaci\u00f3, assessorament i den\u00fancia.<\/p>\n<p>Addicionalment, si busques respostes a preguntes com ara:<\/p>\n<ul>\n<li>Com puc tramitar el certificat de discapacitat?<\/li>\n<li>On puc sol\u00b7licitar la targeta d\u2019estacionament?<\/li>\n<li>Quins incentius hi ha per la contractaci\u00f3 laboral de persones amb discapacitat?<\/li>\n<li>Tramitaci\u00f3 de les ajudes per a la promoci\u00f3 de l&#8217;Autonomia Personal, etc.<\/li>\n<\/ul>\n<p>Trobar\u00e0s totes aquestes respostes i m\u00e9s informaci\u00f3 en relaci\u00f3 a les q\u00fcestions de car\u00e0cter legal que et preocupen al portal SiiDON, el Servei d\u2019Informaci\u00f3 Integra per a la Discapacitat d\u2019Origen Neurol\u00f2gic de l\u2019Institut Guttmann.<\/p>\n<h2 style=\"text-align: center;\"><strong><a title=\"Servei d\u2019Informaci\u00f3 Integra per a la Discapacitat d\u2019Origen Neurol\u00f2gic de l\u2019Institut Guttmann\" href=\"https:\/\/siidon.guttmann.com\/ca\/siidon\/aspectos-legales\">https:\/\/siidon.guttmann.com\/ca\/siidon\/aspectos-legales<\/a><\/strong><\/h2>\n<p><a href=\"https:\/\/siidon.guttmann.com\/ca\/siidon\/aspectos-legales\"><img loading=\"lazy\" decoding=\"async\" class=\"aligncenter wp-image-2344 size-full\" src=\"https:\/\/participa.guttmann.com\/wp-content\/uploads\/2020\/09\/logo-siidon.png\" alt=\"Servei d\u2019Informaci\u00f3 Integra per a la Discapacitat d\u2019Origen Neurol\u00f2gic de l\u2019Institut Guttmann\" width=\"178\" height=\"76\" \/><\/a><\/p>\n<\/div>\n<\/div>        <\/div>\n    <\/div>\n<\/section>\n<section class=\"section  text-normal section-text-no-shadow section-inner-no-shadow section-normal section-opaque\"  >\n    \n    <div class=\"background-overlay grid-overlay-0 \" style=\"background-color: rgba(0,0,0,0);\"><\/div>\n\n    <div class=\"container container-vertical-default\">\n        <div class=\"row vertical-default\">\n            <div class=\"col-md-6     text-default small-screen-default os-animation\" data-os-animation=\"fadeInLeft\" data-os-animation-delay=\"0.3s\" >[vc_raw_html el_class=&#8221;cuadricula-portfolio&#8221;]JTNDYSUyMGhyZWYlM0QlMjIlMkZjYSUyRmxlZ2lzbGFjaW8lMjIlM0UlMEElM0NkaXYlMjBjbGFzcyUzRCUyMmNvbnRlbnQtYm94LWhhYml0YXRnZSUyMiUzRSUwQSUwQSUwOSUzQ2RpdiUyMGNsYXNzJTNEJTIyYm94LWhhYml0YXRnZS1ib3glMjBib3gtZHJldHMlMjIlM0UlMEElMDklMDklMEElMEElM0NkaXYlMjBjbGFzcyUzRCUyMnRpdGxlLWhhYml0YXRnZS10aXRsZSUyMHRpdGxlLWRyZXRzJTIwdGl0bGUta25vd24tcHJvamVjdCUyMiUzRSUwQSUwOSUwOSUwOSUzQ2gyJTNFTGVnaXNsYWNpJUMzJUIzJTIwcmVmZXJlbnQlMjBhJTIwbCVFMiU4MCU5OSVDMyVBMG1iaXQlMjBkZSUyMGxhJTIwZGlzY2FwYWNpdGF0JTNDJTJGaDIlM0UlMEElMDklMDklM0MlMkZkaXYlM0UlMEElMEElMDklM0MlMkZkaXYlM0UlMEElM0MlMkZkaXYlM0UlMEElM0MlMkZhJTNF[\/vc_raw_html]<\/div><div class=\"col-md-6     text-default small-screen-default os-animation\" data-os-animation=\"fadeInLeft\" data-os-animation-delay=\"0.5s\" >[vc_raw_html el_class=&#8221;cuadricula-portfolio&#8221;]JTNDYSUyMGhyZWYlM0QlMjIlMkZjYSUyRm9yZ2FuaXNtZXMlMjIlM0UlMEElM0NkaXYlMjBjbGFzcyUzRCUyMmNvbnRlbnQtYm94LWhhYml0YXRnZSUyMiUzRSUwQSUwQSUwOSUzQ2RpdiUyMGNsYXNzJTNEJTIyYm94LWhhYml0YXRnZS1ib3glMjBib3gtZHJldHMlMjIlM0UlMEElMDklMDklMEElMEElM0NkaXYlMjBjbGFzcyUzRCUyMnRpdGxlLWhhYml0YXRnZS10aXRsZSUyMHRpdGxlLWRyZXRzJTIwdGl0bGUta25vd24tcHJvamVjdCUyMiUzRSUwQSUwOSUwOSUwOSUzQ2gyJTNFT3JnYW5pc21lcyUyMGQlRTIlODAlOTlpbmZvcm1hY2klQzMlQjMlMkMlMjBhc3Nlc3NvcmFtZW50JTIwaSUyMGRlbiVDMyVCQW5jaWElM0MlMkZoMiUzRSUwQSUwOSUwOSUzQyUyRmRpdiUzRSUwQSUwQSUwOSUzQyUyRmRpdiUzRSUwQSUzQyUyRmRpdiUzRSUwQSUzQyUyRmElM0U=[\/vc_raw_html]<\/div>        <\/div>\n    <\/div>\n<\/section>\n","protected":false},"excerpt":{"rendered":"En aquest apartat trobar\u00e0s informaci\u00f3 relativa a la legislaci\u00f3 i tractats vigents en relaci\u00f3 a la discapacitat en l\u2019\u00e0mbit nacional i internacional, aix\u00ed com dels organismes d\u2019informaci\u00f3, assessorament i den\u00fancia. Addicionalment, si busques respostes a preguntes com ara: Com puc tramitar el certificat de discapacitat? On puc sol\u00b7licitar la targeta d\u2019estacionament? Quins incentius hi ha","protected":false},"author":2,"featured_media":0,"parent":0,"menu_order":2,"comment_status":"closed","ping_status":"closed","template":"","meta":{"_acf_changed":false,"_monsterinsights_skip_tracking":false,"_monsterinsights_sitenote_active":false,"_monsterinsights_sitenote_note":"","_monsterinsights_sitenote_category":0,"footnotes":""},"class_list":["post-1908","page","type-page","status-publish","hentry"],"acf":[],"aioseo_notices":[],"_links":{"self":[{"href":"https:\/\/participa.guttmann.com\/ca\/wp-json\/wp\/v2\/pages\/1908","targetHints":{"allow":["GET"]}}],"collection":[{"href":"https:\/\/participa.guttmann.com\/ca\/wp-json\/wp\/v2\/pages"}],"about":[{"href":"https:\/\/participa.guttmann.com\/ca\/wp-json\/wp\/v2\/types\/page"}],"author":[{"embeddable":true,"href":"https:\/\/participa.guttmann.com\/ca\/wp-json\/wp\/v2\/users\/2"}],"replies":[{"embeddable":true,"href":"https:\/\/participa.guttmann.com\/ca\/wp-json\/wp\/v2\/comments?post=1908"}],"version-history":[{"count":13,"href":"https:\/\/participa.guttmann.com\/ca\/wp-json\/wp\/v2\/pages\/1908\/revisions"}],"predecessor-version":[{"id":10634,"href":"https:\/\/participa.guttmann.com\/ca\/wp-json\/wp\/v2\/pages\/1908\/revisions\/10634"}],"wp:attachment":[{"href":"https:\/\/participa.guttmann.com\/ca\/wp-json\/wp\/v2\/media?parent=1908"}],"curies":[{"name":"wp","href":"https:\/\/api.w.org\/{rel}","templated":true}]}}