{"id":21154,"date":"2024-07-30T09:47:37","date_gmt":"2024-07-30T09:47:37","guid":{"rendered":"https:\/\/participa.guttmann.com\/?page_id=21154"},"modified":"2024-07-30T09:47:38","modified_gmt":"2024-07-30T09:47:38","slug":"consell-social-i-de-participacio-de-linstitut-guttmann","status":"publish","type":"page","link":"https:\/\/participa.guttmann.com\/ca\/consell-social-i-de-participacio-de-linstitut-guttmann\/","title":{"rendered":"Consell Social i de Participaci\u00f3 de l\u2019Institut Guttmann"},"content":{"rendered":"<section class=\"section  text-normal section-text-no-shadow section-inner-no-shadow section-normal section-opaque\"  >\n    \n    <div class=\"background-overlay grid-overlay-0 \" style=\"background-color: rgba(0,0,0,0);\"><\/div>\n\n    <div class=\"container container-vertical-default\">\n        <div class=\"row vertical-default\">\n            <div class=\"col-md-2     text-default small-screen-default\"  ><div class=\"figure element-top-10 element-bottom-10 image-effect-zoom-in col-entities os-animation\" data-os-animation=\"fadeInLeft\" data-os-animation-delay=\"0s\">\n            <a href=\"https:\/\/www.ecom.cat\/\" class=\"figure-image \" target=\"_blank\">\n        <img loading=\"lazy\" decoding=\"async\" width=\"300\" height=\"83\" src=\"https:\/\/participa.guttmann.com\/wp-content\/uploads\/2024\/07\/ecom-1-300x83.png\" class=\"attachment-medium size-medium\" alt=\"Ecom Consell Social i de Participaci\u00f3\" srcset=\"https:\/\/participa.guttmann.com\/wp-content\/uploads\/2024\/07\/ecom-1-300x83.png 300w, https:\/\/participa.guttmann.com\/wp-content\/uploads\/2024\/07\/ecom-1-768x214.png 768w, https:\/\/participa.guttmann.com\/wp-content\/uploads\/2024\/07\/ecom-1.png 945w\" sizes=\"auto, (max-width: 300px) 100vw, 300px\" \/>            <\/a>\n    <\/div>\n<\/div><div class=\"col-md-4     text-default small-screen-default\"  ><h3 class=\"text-left  element-top-10 element-bottom-10 text-light os-animation normal default\" data-os-animation=\"fadeInLeft\"  data-os-animation-delay=\"0.3s\" >\t\n        ECOM        \t\n<\/h3>\n<div class=\"col-text-1 text-normal  element-top-10 element-bottom-10 os-animation\" data-os-animation=\"fadeInLeft\" data-os-animation-delay=\"0.3s\">\n    <p>ECOM som un moviment impulsat per persones amb discapacitat f\u00edsica i\/o org\u00e0nica que treballem, a trav\u00e9s del nostre apoderament i la nostra participaci\u00f3, per aconseguir una societat inclusiva on puguem fer efectiu l&#8217;exercici dels nostres drets.<\/p>\n<\/div>\n<\/div><div class=\"col-md-2     text-default small-screen-default\"  ><div class=\"figure element-top-10 element-bottom-10 image-effect-zoom-in col-entities os-animation\" data-os-animation=\"fadeInLeft\" data-os-animation-delay=\"0s\">\n            <a href=\"https:\/\/www.aspaymcatalunya.org\/\" class=\"figure-image \" target=\"_blank\">\n        <img loading=\"lazy\" decoding=\"async\" width=\"300\" height=\"114\" src=\"https:\/\/participa.guttmann.com\/wp-content\/uploads\/2024\/07\/ASPAYM-300x114-1.jpg\" class=\"attachment-medium size-medium\" alt=\"Aspaym Catalunya Consell Social i de Participaci\u00f3\" \/>            <\/a>\n    <\/div>\n<\/div><div class=\"col-md-4     text-default small-screen-default\"  ><h3 class=\"text-left  element-top-10 element-bottom-10 text-light os-animation normal default\" data-os-animation=\"fadeInLeft\"  data-os-animation-delay=\"0.3s\" >\t\n        Aspaym Catalunya        \t\n<\/h3>\n<div class=\"col-text-1 text-normal  element-top-10 element-bottom-10 os-animation\" data-os-animation=\"fadeInLeft\" data-os-animation-delay=\"0.3s\">\n    <p>Aspaym Catalunya \u00e9s una associaci\u00f3 sense \u00e0nim de lucre de persones amb lesi\u00f3 medul\u00b7lar i altres discapacitats f\u00edsiques. Neix el 1989 amb el convenciment de constituir-nos com a punt d&#8217;orientaci\u00f3, assessorament, informaci\u00f3 i ajuda a persones amb lesions medul\u00b7lars i altres discapacitats f\u00edsiques, aix\u00ed com per a la seva fam\u00edlia i entorn m\u00e9s proper.<\/p>\n<\/div>\n<\/div>        <\/div>\n    <\/div>\n<\/section>\n<section class=\"section  text-normal section-text-no-shadow section-inner-no-shadow section-normal section-opaque\"  >\n    \n    <div class=\"background-overlay grid-overlay-0 \" style=\"background-color: rgba(0,0,0,0);\"><\/div>\n\n    <div class=\"container container-vertical-default\">\n        <div class=\"row vertical-default\">\n            <div class=\"col-md-2     text-default small-screen-default\"  ><div class=\"figure element-top-10 element-bottom-10 image-effect-zoom-in col-entities os-animation\" data-os-animation=\"fadeInLeft\" data-os-animation-delay=\"0s\">\n            <a href=\"http:\/\/espinabifida.cat\/espina\/\" class=\"figure-image \" target=\"_blank\">\n        <img loading=\"lazy\" decoding=\"async\" width=\"300\" height=\"76\" src=\"https:\/\/participa.guttmann.com\/wp-content\/uploads\/2024\/07\/ACAEBH-300x76-1.jpg\" class=\"attachment-medium size-medium\" alt=\"Associaci\u00f3 Catalana d\u2019Espina B\u00edfida i Hidrocef\u00e0lia Consell Social i de Participaci\u00f3\" \/>            <\/a>\n    <\/div>\n<\/div><div class=\"col-md-4     text-default small-screen-default\"  ><h3 class=\"text-left  element-top-10 element-bottom-10 text-light os-animation normal default\" data-os-animation=\"fadeInLeft\"  data-os-animation-delay=\"0.3s\" >\t\n        Associaci\u00f3 Catalana d\u2019Espina B\u00edfida i Hidrocef\u00e0lia        \t\n<\/h3>\n<div class=\"col-text-1 text-normal  element-top-10 element-bottom-10 os-animation\" data-os-animation=\"fadeInLeft\" data-os-animation-delay=\"0.3s\">\n    <p>\u00c9s una entitat sense \u00e0nim de lucre amb 50 anys d&#8217;experi\u00e8ncia que t\u00e9 com a principal objectiu fomentar l&#8217;autonomia de les persones amb Espina B\u00edfida i Hidrocef\u00e0lia mitjan\u00e7ant l&#8217;atenci\u00f3 social personalitzada als afectats i les fam\u00edlies. Mitjan\u00e7ant l&#8217;organitzaci\u00f3 de jornades, activitats per a la cura de la salut i el lleure inclusiu.<\/p>\n<\/div>\n<\/div><div class=\"col-md-2     text-default small-screen-default\"  ><div class=\"figure element-top-10 element-bottom-10 image-effect-zoom-in col-entities os-animation\" data-os-animation=\"fadeInLeft\" data-os-animation-delay=\"0.3s\">\n            <a href=\"https:\/\/www.amidaandorra.org\/\" class=\"figure-image \" target=\"_blank\">\n        <img loading=\"lazy\" decoding=\"async\" width=\"300\" height=\"254\" src=\"https:\/\/participa.guttmann.com\/wp-content\/uploads\/2024\/07\/AMIDA-copia-300x254-1.jpg\" class=\"attachment-full size-full\" alt=\"AMIDA Consell Social i de Participaci\u00f3\" \/>            <\/a>\n    <\/div>\n<\/div><div class=\"col-md-4     text-default small-screen-default\"  ><h3 class=\"text-left  element-top-10 element-bottom-10 text-light os-animation normal default\" data-os-animation=\"fadeInLeft\"  data-os-animation-delay=\"0.3s\" >\t\n        AMIDA        \t\n<\/h3>\n<div class=\"col-text-1 text-normal  element-top-10 element-bottom-10 os-animation\" data-os-animation=\"fadeInLeft\" data-os-animation-delay=\"0.3s\">\n    <p>AMIDA \u00e9s l&#8217;associaci\u00f3 que lluita per la plena integraci\u00f3 de les persones amb diversitat funcional f\u00edsica, visual i auditiva a Andorra.<br \/>\nEl nostre objectiu \u00e9s, doncs, equiparar els drets de les persones amb diversitat funcional als de la resta de ciutadans, enfocant-nos a millorar l&#8217;accessibilitat per a les persones amb discapacitats al Principat.<\/p>\n<\/div>\n<\/div>        <\/div>\n    <\/div>\n<\/section>\n<section class=\"section  text-normal section-text-no-shadow section-inner-no-shadow section-normal section-opaque\"  >\n    \n    <div class=\"background-overlay grid-overlay-0 \" style=\"background-color: rgba(0,0,0,0);\"><\/div>\n\n    <div class=\"container container-vertical-default\">\n        <div class=\"row vertical-default\">\n            <div class=\"col-md-2     text-default small-screen-default\"  ><div class=\"figure element-top-10 element-bottom-10 image-effect-zoom-in col-entities os-animation\" data-os-animation=\"fadeInLeft\" data-os-animation-delay=\"0s\">\n            <a href=\"https:\/\/www.cocemfe.es\/\" class=\"figure-image \" target=\"_blank\">\n        <img loading=\"lazy\" decoding=\"async\" width=\"300\" height=\"271\" src=\"https:\/\/participa.guttmann.com\/wp-content\/uploads\/2024\/07\/identidad-basica-principal-tricolor-alta-300x271-1.jpg\" class=\"attachment-medium size-medium\" alt=\"COCEMFE Consell Social i de Participaci\u00f3\" \/>            <\/a>\n    <\/div>\n<\/div><div class=\"col-md-4     text-default small-screen-default\"  ><h3 class=\"text-left  element-top-10 element-bottom-10 text-light os-animation normal default\" data-os-animation=\"fadeInLeft\"  data-os-animation-delay=\"0.3s\" >\t\n        COCEMFE        \t\n<\/h3>\n<div class=\"col-text-1 text-normal  element-top-10 element-bottom-10 os-animation\" data-os-animation=\"fadeInLeft\" data-os-animation-delay=\"0.3s\">\n    <p>La Misi\u00f3n de COCEMFE es conseguir la plena inclusi\u00f3n y participaci\u00f3n activa de las personas con discapacidad f\u00edsica y org\u00e1nica en todos los \u00e1mbitos de la sociedad, a trav\u00e9s de la promoci\u00f3n, defensa y reivindicaci\u00f3n del ejercicio de sus derechos, as\u00ed como de la coordinaci\u00f3n, representaci\u00f3n e impulso de su Movimiento Asociativo, contribuyendo as\u00ed a la construcci\u00f3n de una sociedad inclusiva y diversa.<\/p>\n<\/div>\n<\/div><div class=\"col-md-2     text-default small-screen-default\"  ><div class=\"figure element-top-10 element-bottom-10 image-effect-zoom-in col-entities os-animation\" data-os-animation=\"fadeInLeft\" data-os-animation-delay=\"0.3s\">\n            <a href=\"https:\/\/www.mifas.cat\/es\/\" class=\"figure-image \" target=\"_blank\">\n        <img loading=\"lazy\" decoding=\"async\" width=\"300\" height=\"219\" src=\"https:\/\/participa.guttmann.com\/wp-content\/uploads\/2024\/07\/grup_mifas_2-300x219-1.png\" class=\"attachment-full size-full\" alt=\"GRUP MIFAS Consell Social i de Participaci\u00f3\" \/>            <\/a>\n    <\/div>\n<\/div><div class=\"col-md-4     text-default small-screen-default\"  ><h3 class=\"text-left  element-top-10 element-bottom-10 text-light os-animation normal default\" data-os-animation=\"fadeInLeft\"  data-os-animation-delay=\"0.3s\" >\t\n        GRUP MIFAS        \t\n<\/h3>\n<div class=\"col-text-1 text-normal  element-top-10 element-bottom-10 os-animation\" data-os-animation=\"fadeInLeft\" data-os-animation-delay=\"0.3s\">\n    <p>Somos una entidad sin \u00e1nimo de lucro creada en\u00a01979, en Girona\u00a0y gestionada por personas con discapacidad. Nuestra misi\u00f3n es conseguir la independencia econ\u00f3mica y la justicia social de las personas con discapacidad f\u00edsica, org\u00e1nica y sensorial. Representamos y somos la voz de este colectivo, con el objetivo de mejorar su calidad de vida y defender sus derechos.<\/p>\n<\/div>\n<\/div>        <\/div>\n    <\/div>\n<\/section>\n<section class=\"section  text-normal section-text-no-shadow section-inner-no-shadow section-normal section-opaque\"  >\n    \n    <div class=\"background-overlay grid-overlay-0 \" style=\"background-color: rgba(0,0,0,0);\"><\/div>\n\n    <div class=\"container container-vertical-default\">\n        <div class=\"row vertical-default\">\n            <div class=\"col-md-2     text-default small-screen-default\"  ><div class=\"figure element-top-10 element-bottom-10 image-effect-zoom-in col-entities os-animation\" data-os-animation=\"fadeInLeft\" data-os-animation-delay=\"0s\">\n            <a href=\"https:\/\/aspid.cat\/es\/\" class=\"figure-image \" target=\"_blank\">\n        <img loading=\"lazy\" decoding=\"async\" width=\"300\" height=\"165\" src=\"https:\/\/participa.guttmann.com\/wp-content\/uploads\/2024\/07\/ASPID-300x165-1.jpg\" class=\"attachment-medium size-medium\" alt=\"ASPID Consell Social i de Participaci\u00f3\" \/>            <\/a>\n    <\/div>\n<\/div><div class=\"col-md-4     text-default small-screen-default\"  ><h3 class=\"text-left  element-top-10 element-bottom-10 text-light os-animation normal default\" data-os-animation=\"fadeInLeft\"  data-os-animation-delay=\"0.3s\" >\t\n        ASPID        \t\n<\/h3>\n<div class=\"col-text-1 text-normal  element-top-10 element-bottom-10 os-animation\" data-os-animation=\"fadeInLeft\" data-os-animation-delay=\"0.3s\">\n    <p>Som l&#8217;organitzaci\u00f3 de l&#8217;economia social lleidatana que afavoreix la qualitat<br \/>\nde vida de les persones amb discapacitat i\/o vulnerabilitat social, a partir d&#8217;oferir eines i suports centrats en la persona i que n&#8217;afavoreixin el desenvolupament integral.<\/p>\n<\/div>\n<\/div><div class=\"col-md-2     text-default small-screen-default\"  ><div class=\"figure element-top-10 element-bottom-10 image-effect-zoom-in col-entities os-animation\" data-os-animation=\"fadeInLeft\" data-os-animation-delay=\"0.3s\">\n            <a href=\"http:\/\/www.lallar.org\/\" class=\"figure-image \" target=\"_blank\">\n        <img loading=\"lazy\" decoding=\"async\" width=\"300\" height=\"210\" src=\"https:\/\/participa.guttmann.com\/wp-content\/uploads\/2024\/07\/LOGO-LLAR-1-300x210-1.jpg\" class=\"attachment-full size-full\" alt=\"LA LLAR Consell Social i de Participaci\u00f3\" \/>            <\/a>\n    <\/div>\n<\/div><div class=\"col-md-4     text-default small-screen-default\"  ><h3 class=\"text-left  element-top-10 element-bottom-10 text-light os-animation normal default\" data-os-animation=\"fadeInLeft\"  data-os-animation-delay=\"0.3s\" >\t\n        LA LLAR        \t\n<\/h3>\n<div class=\"col-text-1 text-normal  element-top-10 element-bottom-10 os-animation\" data-os-animation=\"fadeInLeft\" data-os-animation-delay=\"0.3s\">\n    <p>\u00c9s una entitat sense \u00e0nim de lucre que va n\u00e9ixer el 1992 a les mans d&#8217;un grup de persones afectades d&#8217;esclerosi m\u00faltiple i dels seus familiars amb la intenci\u00f3 de promoure, donar suport i liderar la defensa d&#8217;una societat inclusiva que prioritzi el manteniment de la qualitat de vida de les persones amb discapacitat; i lluitar per un canvi de valors que promoguin la igualtat de drets de totes les persones.<\/p>\n<\/div>\n<\/div>        <\/div>\n    <\/div>\n<\/section>\n<section class=\"section  text-normal section-text-no-shadow section-inner-no-shadow section-normal section-opaque\"  >\n    \n    <div class=\"background-overlay grid-overlay-0 \" style=\"background-color: rgba(0,0,0,0);\"><\/div>\n\n    <div class=\"container container-vertical-default\">\n        <div class=\"row vertical-default\">\n            <div class=\"col-md-2     text-default small-screen-default\"  ><div class=\"figure element-top-10 element-bottom-10 image-effect-zoom-in col-entities os-animation\" data-os-animation=\"fadeInLeft\" data-os-animation-delay=\"0s\">\n            <a href=\"https:\/\/www.impulsaigualdad.org\/\" class=\"figure-image \" target=\"_blank\">\n        <img loading=\"lazy\" decoding=\"async\" width=\"300\" height=\"84\" src=\"https:\/\/participa.guttmann.com\/wp-content\/uploads\/2024\/07\/impulsa-igualdad-1-300x84.png\" class=\"attachment-medium size-medium\" alt=\"IMPULSA IGUALDAD Consell Social i de Participaci\u00f3\" srcset=\"https:\/\/participa.guttmann.com\/wp-content\/uploads\/2024\/07\/impulsa-igualdad-1-300x84.png 300w, https:\/\/participa.guttmann.com\/wp-content\/uploads\/2024\/07\/impulsa-igualdad-1-768x216.png 768w, https:\/\/participa.guttmann.com\/wp-content\/uploads\/2024\/07\/impulsa-igualdad-1.png 1024w\" sizes=\"auto, (max-width: 300px) 100vw, 300px\" \/>            <\/a>\n    <\/div>\n<\/div><div class=\"col-md-4     text-default small-screen-default\"  ><h3 class=\"text-left  element-top-10 element-bottom-10 text-light os-animation normal default\" data-os-animation=\"fadeInLeft\"  data-os-animation-delay=\"0.3s\" >\t\n        IMPULSA IGUALTAT        \t\n<\/h3>\n<div class=\"col-text-1 text-normal  element-top-10 element-bottom-10 os-animation\" data-os-animation=\"fadeInLeft\" data-os-animation-delay=\"0.3s\">\n    <p>IMPULSA IGUALTAT \u00e9s una xarxa consolidada d&#8217;organitzacions que s&#8217;est\u00e9n al llarg del territori nacional, que representa una comunitat vibrant i diversa. Ens mantenim a l&#8217;avantguarda, incorporant idees noves, tecnologia accessible i dissenyant programes que donen resposta a les necessitats canviants de la nostra comunitat.<\/p>\n<\/div>\n<\/div><div class=\"col-md-2     text-default small-screen-default\"  ><div class=\"figure element-top-10 element-bottom-10 image-effect-zoom-in col-entities os-animation\" data-os-animation=\"fadeInLeft\" data-os-animation-delay=\"0.3s\">\n            <a href=\"https:\/\/tracecatalunya.org\/\" class=\"figure-image \" target=\"_blank\">\n        <img loading=\"lazy\" decoding=\"async\" width=\"300\" height=\"206\" src=\"https:\/\/participa.guttmann.com\/wp-content\/uploads\/2024\/07\/Trace-300x206-1.png\" class=\"attachment-full size-full\" alt=\"TraCE Consell Social i de Participaci\u00f3\" \/>            <\/a>\n    <\/div>\n<\/div><div class=\"col-md-4     text-default small-screen-default\"  ><h3 class=\"text-left  element-top-10 element-bottom-10 text-light os-animation normal default\" data-os-animation=\"fadeInLeft\"  data-os-animation-delay=\"0.3s\" >\t\n        TraCE        \t\n<\/h3>\n<div class=\"col-text-1 text-normal  element-top-10 element-bottom-10 os-animation\" data-os-animation=\"fadeInLeft\" data-os-animation-delay=\"0.3s\">\n    <p>Som una entitat declarada d&#8217;Utilitat P\u00fablica i formada per un grup de persones que des del 1988 treballem pel col\u00b7lectiu del Dany Cerebral Sobrevingut. Defensem els drets, l&#8217;autonomia i la millora de qualitat de vida de les persones afectades d&#8217;un dany cerebral i les seves fam\u00edlies. Formem part de diferents organitzacions FEDACE (Federaci\u00f3 Espanyola de Dany Cerebral) BIF:EC (Brain Injury Families. European Community) de qu\u00e8 FEDACE forma part.<\/p>\n<\/div>\n<\/div>        <\/div>\n    <\/div>\n<\/section>\n<section class=\"section  text-normal section-text-no-shadow section-inner-no-shadow section-normal section-opaque\"  >\n    \n    <div class=\"background-overlay grid-overlay-0 \" style=\"background-color: rgba(0,0,0,0);\"><\/div>\n\n    <div class=\"container container-vertical-default\">\n        <div class=\"row vertical-default\">\n            <div class=\"col-md-2     text-default small-screen-default\"  ><div class=\"figure element-top-10 element-bottom-10 image-effect-zoom-in col-entities os-animation\" data-os-animation=\"fadeInLeft\" data-os-animation-delay=\"0s\">\n            <a href=\"https:\/\/fedace.org\/\" class=\"figure-image \" target=\"_blank\">\n        <img loading=\"lazy\" decoding=\"async\" width=\"300\" height=\"92\" src=\"https:\/\/participa.guttmann.com\/wp-content\/uploads\/2024\/07\/Dano-cerebral-estatal-1-300x92.png\" class=\"attachment-medium size-medium\" alt=\"Da\u00f1o Cerebral Estatal Consell Social i de Participaci\u00f3\" srcset=\"https:\/\/participa.guttmann.com\/wp-content\/uploads\/2024\/07\/Dano-cerebral-estatal-1-300x92.png 300w, https:\/\/participa.guttmann.com\/wp-content\/uploads\/2024\/07\/Dano-cerebral-estatal-1-1024x313.png 1024w, https:\/\/participa.guttmann.com\/wp-content\/uploads\/2024\/07\/Dano-cerebral-estatal-1-768x235.png 768w, https:\/\/participa.guttmann.com\/wp-content\/uploads\/2024\/07\/Dano-cerebral-estatal-1.png 1187w\" sizes=\"auto, (max-width: 300px) 100vw, 300px\" \/>            <\/a>\n    <\/div>\n<\/div><div class=\"col-md-4     text-default small-screen-default\"  ><h3 class=\"text-left  element-top-10 element-bottom-10 text-light os-animation normal default\" data-os-animation=\"fadeInLeft\"  data-os-animation-delay=\"0.3s\" >\t\n        Dany Cerebral Estatal        \t\n<\/h3>\n<div class=\"col-text-1 text-normal  element-top-10 element-bottom-10 os-animation\" data-os-animation=\"fadeInLeft\" data-os-animation-delay=\"0.3s\">\n    <p>La Federaci\u00f3 Espanyola de Dany Cerebral (Dany Cerebral Estatal) representa i dinamitza el moviment associatiu de persones amb Dany Cerebral Adquirit i les seves fam\u00edlies. \u00c9s una Entitat d&#8217;\u00e0mbit estatal declarada d&#8217;Utilitat P\u00fablica, que recolza les persones amb Dany Cerebral Adquirit i les seves fam\u00edlies en l&#8217;exercici dels seus drets de ciutadania i en la inclusi\u00f3 plena en la comunitat.<\/p>\n<\/div>\n<\/div><div class=\"col-md-2     text-default small-screen-default\"  ><div class=\"figure element-top-10 element-bottom-10 image-effect-zoom-in col-entities os-animation\" data-os-animation=\"fadeInLeft\" data-os-animation-delay=\"0.3s\">\n            <a href=\"https:\/\/polioassociats.cat\/\" class=\"figure-image \" target=\"_blank\">\n        <img loading=\"lazy\" decoding=\"async\" width=\"300\" height=\"152\" src=\"https:\/\/participa.guttmann.com\/wp-content\/uploads\/2024\/07\/Logo-Associats-de-Polio-i-Postpolio-de-Catalunya-300x152-1.jpg\" class=\"attachment-full size-full\" alt=\"Associats de P\u00f2lio i Postp\u00f2lio de Catalunya Consell Social i de Participaci\u00f3\" \/>            <\/a>\n    <\/div>\n<\/div><div class=\"col-md-4     text-default small-screen-default\"  ><h3 class=\"text-left  element-top-10 element-bottom-10 text-light os-animation normal default\" data-os-animation=\"fadeInLeft\"  data-os-animation-delay=\"0.3s\" >\t\n        Associats de P\u00f2lio i Postp\u00f2lio de Catalunya        \t\n<\/h3>\n<div class=\"col-text-1 text-normal  element-top-10 element-bottom-10 os-animation\" data-os-animation=\"fadeInLeft\" data-os-animation-delay=\"0.3s\">\n    <p>Aquesta associaci\u00f3 sense \u00e0nim de lucre est\u00e0 constitu\u00efda per persones que pateixen la malaltia. Volem visualitzar, modificar i millorar les mancances socials, sanit\u00e0ries, arquitect\u00f2niques i hospital\u00e0ries que sovint ens trobem.<\/p>\n<p>El nostre objectiu principal \u00e9s el suport i l&#8217;assessorament a les persones afectades per la malaltia. Volem contribuir a la millora, en la mesura que sigui possible, del seu benestar tant personal com familiar, social i laboral.<\/p>\n<\/div>\n<\/div>        <\/div>\n    <\/div>\n<\/section>\n<section class=\"section  text-normal section-text-no-shadow section-inner-no-shadow section-normal section-opaque\"  >\n    \n    <div class=\"background-overlay grid-overlay-0 \" style=\"background-color: rgba(0,0,0,0);\"><\/div>\n\n    <div class=\"container container-vertical-default\">\n        <div class=\"row vertical-default\">\n            <div class=\"col-md-12     text-default small-screen-default\"  ><div class=\"divider-border  divider-border-center element-top-20 element-bottom-40\" data-os-animation=\"none\" data-os-animation-delay=\"0s\" >\n    <div class=\"divider-border-inner\"  style=\"background:#005f82; width:60px;\"><\/div>\n<\/div><\/div>        <\/div>\n    <\/div>\n<\/section>\n","protected":false},"excerpt":{"rendered":"ECOM ECOM som un moviment impulsat per persones amb discapacitat f\u00edsica i\/o org\u00e0nica que treballem, a trav\u00e9s del nostre apoderament i la nostra participaci\u00f3, per aconseguir una societat inclusiva on puguem fer efectiu l'exercici dels nostres drets. Aspaym Catalunya Aspaym Catalunya \u00e9s una associaci\u00f3 sense \u00e0nim de lucre de persones amb lesi\u00f3 medul\u00b7lar i altres","protected":false},"author":8,"featured_media":0,"parent":0,"menu_order":0,"comment_status":"closed","ping_status":"closed","template":"","meta":{"_acf_changed":false,"_monsterinsights_skip_tracking":false,"_monsterinsights_sitenote_active":false,"_monsterinsights_sitenote_note":"","_monsterinsights_sitenote_category":0,"footnotes":""},"class_list":["post-21154","page","type-page","status-publish","hentry"],"acf":[],"aioseo_notices":[],"_links":{"self":[{"href":"https:\/\/participa.guttmann.com\/ca\/wp-json\/wp\/v2\/pages\/21154","targetHints":{"allow":["GET"]}}],"collection":[{"href":"https:\/\/participa.guttmann.com\/ca\/wp-json\/wp\/v2\/pages"}],"about":[{"href":"https:\/\/participa.guttmann.com\/ca\/wp-json\/wp\/v2\/types\/page"}],"author":[{"embeddable":true,"href":"https:\/\/participa.guttmann.com\/ca\/wp-json\/wp\/v2\/users\/8"}],"replies":[{"embeddable":true,"href":"https:\/\/participa.guttmann.com\/ca\/wp-json\/wp\/v2\/comments?post=21154"}],"version-history":[{"count":3,"href":"https:\/\/participa.guttmann.com\/ca\/wp-json\/wp\/v2\/pages\/21154\/revisions"}],"predecessor-version":[{"id":21247,"href":"https:\/\/participa.guttmann.com\/ca\/wp-json\/wp\/v2\/pages\/21154\/revisions\/21247"}],"wp:attachment":[{"href":"https:\/\/participa.guttmann.com\/ca\/wp-json\/wp\/v2\/media?parent=21154"}],"curies":[{"name":"wp","href":"https:\/\/api.w.org\/{rel}","templated":true}]}}