{"id":2673,"date":"2020-11-02T17:11:30","date_gmt":"2020-11-02T17:11:30","guid":{"rendered":"https:\/\/participa.testsdowhile.com\/?page_id=2673"},"modified":"2022-04-25T08:28:37","modified_gmt":"2022-04-25T08:28:37","slug":"regles-de-participacio-en-el-forum","status":"publish","type":"page","link":"https:\/\/participa.guttmann.com\/ca\/regles-de-participacio-en-el-forum\/","title":{"rendered":"Regles de participaci\u00f3 en el f\u00f2rum"},"content":{"rendered":"<section class=\"section content-form text-normal section-text-no-shadow section-inner-no-shadow section-normal section-opaque\"  >\n    \n    <div class=\"background-overlay grid-overlay-0 \" style=\"background-color: rgba(0,0,0,0);\"><\/div>\n\n    <div class=\"container container-vertical-default\">\n        <div class=\"row vertical-default\">\n            <div class=\"col-md-12    box-contact text-default small-screen-default os-animation\" data-os-animation=\"fadeIn\" data-os-animation-delay=\"0s\" ><div class=\"divider-wrapper \" style=\"visibility:hidden;background-color:#FFFFFF\">\n    <div class=\"visible-xs\" style=\"height:40px;\"><\/div>\n    <div class=\"visible-sm\" style=\"height:40px;\"><\/div>\n    <div class=\"visible-md\" style=\"height:40px;\"><\/div>\n    <div class=\"visible-lg\" style=\"height:40px;\"><\/div>\n<\/div><h2 class=\"text-left  element-top-20 element-bottom-20 text-light normal default\" data-os-animation=\"none\"  data-os-animation-delay=\"0s\" >\t\n        Regles de participaci\u00f3 en el f\u00f2rum        \t\n<\/h2>\n<div class=\"col-text-1 text-normal  element-top-20 element-bottom-20\" data-os-animation=\"none\" data-os-animation-delay=\"0s\">\n    <p><span data-contrast=\"none\">Los proveedores del servicio proporcionado por este sitio web (&#8220;foro&#8221;) no son responsables del contenido y las cuentas generadas por el usuario. El contenido publicado expresa \u00fanicamente las opiniones de su autor.<\/span><span data-ccp-props=\"{&quot;335551550&quot;:6,&quot;335551620&quot;:6}\">\u00a0<\/span><\/p>\n<p><span data-contrast=\"none\">Este servicio s\u00f3lo est\u00e1 disponible para usuarios que tienen al menos 18 a\u00f1os.\u00a0 Si te registras en este foro, declaras que tienes esta edad o m\u00e1s.<\/span><span data-ccp-props=\"{&quot;335551550&quot;:6,&quot;335551620&quot;:6}\">\u00a0<\/span><\/p>\n<p><span data-contrast=\"none\">Dado que el foro est\u00e1 orientado a nivel estatal, por favor procure no escribir en un idioma diferente del castellano, para evitar problemas de comprensi\u00f3n por el resto de\u00a0<\/span><span data-contrast=\"none\">los usuarios<\/span><span data-contrast=\"none\">\u00a0y facilitar las b\u00fasquedas.<\/span><span data-ccp-props=\"{&quot;335551550&quot;:6,&quot;335551620&quot;:6}\">\u00a0<\/span><\/p>\n<p><span data-contrast=\"none\">Todo el contenido que el usuario publique puede ser revisado por miembros del equipo del proyecto y puede ser enviado a servicios de verificaci\u00f3n de terceros (incluidos, entre otros, servicios de prevenci\u00f3n de correo no deseado o spam). El usuario no debe publicar ning\u00fan contenido que considere confidencial.<\/span><span data-ccp-props=\"{&quot;335551550&quot;:6,&quot;335551620&quot;:6}\">\u00a0<\/span><\/p>\n<p><span data-contrast=\"none\">El usuario acepta no usar el foro para enviar o enlazar a ning\u00fan contenido que sea difamatorio, abusivo, odioso, amenazante, como spam o similar, que pueda ofender, contenga contenido pornogr\u00e1fico o censurable, contenga informaci\u00f3n personal de terceros, arriesgue la infracci\u00f3n de derechos de autor, aliente la actividad ilegal, o de otro modo viole cualquier ley. El usuario es completamente responsable del contenido publicado y cualquier da\u00f1o que resulte de ese contenido o de la conducta del usuario.<\/span><span data-ccp-props=\"{&quot;335551550&quot;:6,&quot;335551620&quot;:6}\">\u00a0<\/span><\/p>\n<p><span data-contrast=\"none\">Los proveedores del servicio web foro, pueden eliminar o modificar cualquier contenido enviado en cualquier momento. Las solicitudes de contenido que se eliminen o modifiquen se realizar\u00e1n \u00fanicamente a discreci\u00f3n de los proveedores del servicio web foro, as\u00ed como tambi\u00e9n la cancelaci\u00f3n del acceso a cualquier usuario a todo o parte del servicio.<\/span><span data-ccp-props=\"{&quot;335551550&quot;:6,&quot;335551620&quot;:6}\">\u00a0<\/span><\/p>\n<p><span data-contrast=\"none\">El usuario le est\u00e1 otorgando a los proveedores del servicio una licencia no exclusiva, permanente, irrevocable e ilimitada para usar, publicar o volver a publicar el contenido que el usuario proporciona al foro. El usuario conserva los derechos de autor sobre el contenido.<\/span><span data-contrast=\"none\">\u00a0La informaci\u00f3n recogida en el foro se utilizar\u00e1 con fines de investigaci\u00f3n cualitativa.<\/span><span data-ccp-props=\"{&quot;335551550&quot;:6,&quot;335551620&quot;:6}\">\u00a0<\/span><\/p>\n<p><span data-contrast=\"none\">Si el usuario no est\u00e1 de acuerdo con estos t\u00e9rminos, no debe registrarse ni utilizar el servicio. El uso del servicio constituye la aceptaci\u00f3n de estos t\u00e9rminos. Si el usuario desea cerrar su cuenta, por favor env\u00ede un correo electr\u00f3nico a\u00a0<\/span><a href=\"mailto:participa@guttmann.com\"><span data-contrast=\"none\">participa@guttmann.com<\/span><\/a><span data-ccp-props=\"{&quot;335551550&quot;:6,&quot;335551620&quot;:6}\">\u00a0<\/span><\/p>\n<\/div>\n<div class=\"divider-wrapper \" style=\"visibility:hidden;background-color:#FFFFFF\">\n    <div class=\"visible-xs\" style=\"height:40px;\"><\/div>\n    <div class=\"visible-sm\" style=\"height:40px;\"><\/div>\n    <div class=\"visible-md\" style=\"height:40px;\"><\/div>\n    <div class=\"visible-lg\" style=\"height:40px;\"><\/div>\n<\/div><\/div>        <\/div>\n    <\/div>\n<\/section>\n\n","protected":false},"excerpt":{"rendered":"Regles de participaci\u00f3 en el f\u00f2rum Los proveedores del servicio proporcionado por este sitio web (\"foro\") no son responsables del contenido y las cuentas generadas por el usuario. El contenido publicado expresa \u00fanicamente las opiniones de su autor.\u00a0 Este servicio s\u00f3lo est\u00e1 disponible para usuarios que tienen al menos 18 a\u00f1os.\u00a0 Si te registras en","protected":false},"author":1,"featured_media":0,"parent":0,"menu_order":8,"comment_status":"closed","ping_status":"closed","template":"","meta":{"_acf_changed":false,"_monsterinsights_skip_tracking":false,"_monsterinsights_sitenote_active":false,"_monsterinsights_sitenote_note":"","_monsterinsights_sitenote_category":0,"footnotes":""},"class_list":["post-2673","page","type-page","status-publish","hentry"],"acf":[],"aioseo_notices":[],"_links":{"self":[{"href":"https:\/\/participa.guttmann.com\/ca\/wp-json\/wp\/v2\/pages\/2673","targetHints":{"allow":["GET"]}}],"collection":[{"href":"https:\/\/participa.guttmann.com\/ca\/wp-json\/wp\/v2\/pages"}],"about":[{"href":"https:\/\/participa.guttmann.com\/ca\/wp-json\/wp\/v2\/types\/page"}],"author":[{"embeddable":true,"href":"https:\/\/participa.guttmann.com\/ca\/wp-json\/wp\/v2\/users\/1"}],"replies":[{"embeddable":true,"href":"https:\/\/participa.guttmann.com\/ca\/wp-json\/wp\/v2\/comments?post=2673"}],"version-history":[{"count":4,"href":"https:\/\/participa.guttmann.com\/ca\/wp-json\/wp\/v2\/pages\/2673\/revisions"}],"predecessor-version":[{"id":2889,"href":"https:\/\/participa.guttmann.com\/ca\/wp-json\/wp\/v2\/pages\/2673\/revisions\/2889"}],"wp:attachment":[{"href":"https:\/\/participa.guttmann.com\/ca\/wp-json\/wp\/v2\/media?parent=2673"}],"curies":[{"name":"wp","href":"https:\/\/api.w.org\/{rel}","templated":true}]}}