{"id":2823,"date":"2020-11-18T16:51:33","date_gmt":"2020-11-18T16:51:33","guid":{"rendered":"https:\/\/participa.testsdowhile.com\/?page_id=2823"},"modified":"2020-11-25T19:21:03","modified_gmt":"2020-11-25T19:21:03","slug":"forum-temporal","status":"publish","type":"page","link":"https:\/\/participa.guttmann.com\/ca\/forum-temporal\/","title":{"rendered":"Disponible pr\u00f2ximament&#8230;"},"content":{"rendered":"<section class=\"section  text-normal section-text-no-shadow section-inner-no-shadow section-normal section-opaque\"  >\n    \n    <div class=\"background-overlay grid-overlay-0 \" style=\"background-color: rgba(0,0,0,0);\"><\/div>\n\n    <div class=\"container container-vertical-default\">\n        <div class=\"row vertical-default\">\n            <div class=\"col-md-12     text-default small-screen-default\"  ><div class=\"col-text-1 text-normal  element-top-20 element-bottom-20 os-animation\" data-os-animation=\"fadeInLeft\" data-os-animation-delay=\"0s\">\n    <p>El <strong>F\u00f2rum del projecte PARTICIPA<\/strong> et permetr\u00e0 compartir amb la resta de la comunitat del projecte les teves experi\u00e8ncies sobre barreres i facilitadors que afecten la teva participaci\u00f3.<\/p>\n<p>Podr\u00e0s plantejar preguntes i compartir experi\u00e8ncies en els <a href=\"\/ca\/consells\"><strong>diferents \u00e0mbits<\/strong><\/a> que estudiarem en el projecte.<\/p>\n<p>Estem acabant d&#8217;ultimar els detalls per a posar-ho en funcionament, que preveiem ser\u00e0 en les <strong>pr\u00f2ximes setmanes<\/strong>.<\/p>\n<p>Quan estigui disponible, ho comunicarem a tots els usuaris registrats, amb les instruccions per a accedir i les normes de participaci\u00f3.<\/p>\n<p>Moltes gr\u00e0cies!<\/p>\n<\/div>\n<\/div>        <\/div>\n    <\/div>\n<\/section>\n\n","protected":false},"excerpt":{"rendered":"El F\u00f2rum del projecte PARTICIPA et permetr\u00e0 compartir amb la resta de la comunitat del projecte les teves experi\u00e8ncies sobre barreres i facilitadors que afecten la teva participaci\u00f3. Podr\u00e0s plantejar preguntes i compartir experi\u00e8ncies en els diferents \u00e0mbits que estudiarem en el projecte. Estem acabant d'ultimar els detalls per a posar-ho en funcionament, que preveiem","protected":false},"author":2,"featured_media":0,"parent":0,"menu_order":0,"comment_status":"closed","ping_status":"closed","template":"","meta":{"_acf_changed":false,"_monsterinsights_skip_tracking":false,"_monsterinsights_sitenote_active":false,"_monsterinsights_sitenote_note":"","_monsterinsights_sitenote_category":0,"footnotes":""},"class_list":["post-2823","page","type-page","status-publish","hentry"],"acf":[],"aioseo_notices":[],"_links":{"self":[{"href":"https:\/\/participa.guttmann.com\/ca\/wp-json\/wp\/v2\/pages\/2823","targetHints":{"allow":["GET"]}}],"collection":[{"href":"https:\/\/participa.guttmann.com\/ca\/wp-json\/wp\/v2\/pages"}],"about":[{"href":"https:\/\/participa.guttmann.com\/ca\/wp-json\/wp\/v2\/types\/page"}],"author":[{"embeddable":true,"href":"https:\/\/participa.guttmann.com\/ca\/wp-json\/wp\/v2\/users\/2"}],"replies":[{"embeddable":true,"href":"https:\/\/participa.guttmann.com\/ca\/wp-json\/wp\/v2\/comments?post=2823"}],"version-history":[{"count":5,"href":"https:\/\/participa.guttmann.com\/ca\/wp-json\/wp\/v2\/pages\/2823\/revisions"}],"predecessor-version":[{"id":2843,"href":"https:\/\/participa.guttmann.com\/ca\/wp-json\/wp\/v2\/pages\/2823\/revisions\/2843"}],"wp:attachment":[{"href":"https:\/\/participa.guttmann.com\/ca\/wp-json\/wp\/v2\/media?parent=2823"}],"curies":[{"name":"wp","href":"https:\/\/api.w.org\/{rel}","templated":true}]}}