{"id":368,"date":"2020-04-15T07:57:11","date_gmt":"2020-04-15T07:57:11","guid":{"rendered":"https:\/\/participa.testsdowhile.com\/?page_id=368"},"modified":"2022-04-25T08:20:25","modified_gmt":"2022-04-25T08:20:25","slug":"avis-legal-i-politica-de-privacitat","status":"publish","type":"page","link":"https:\/\/participa.guttmann.com\/ca\/avis-legal-i-politica-de-privacitat\/","title":{"rendered":"Av\u00eds Legal i Pol\u00edtica de Privacitat"},"content":{"rendered":"<section class=\"section content-form text-normal section-text-no-shadow section-inner-no-shadow section-normal section-opaque\"  >\n    \n    <div class=\"background-overlay grid-overlay-0 \" style=\"background-color: rgba(0,0,0,0);\"><\/div>\n\n    <div class=\"container container-vertical-default\">\n        <div class=\"row vertical-default\">\n            <div class=\"col-md-12    box-contact text-default small-screen-default os-animation\" data-os-animation=\"fadeIn\" data-os-animation-delay=\"0s\" ><div class=\"divider-wrapper \" style=\"visibility:hidden;background-color:#FFFFFF\">\n    <div class=\"visible-xs\" style=\"height:40px;\"><\/div>\n    <div class=\"visible-sm\" style=\"height:40px;\"><\/div>\n    <div class=\"visible-md\" style=\"height:40px;\"><\/div>\n    <div class=\"visible-lg\" style=\"height:40px;\"><\/div>\n<\/div><h2 class=\"text-left  element-top-20 element-bottom-20 text-light normal default\" data-os-animation=\"none\"  data-os-animation-delay=\"0s\" >\t\n        Av\u00eds legal i pol\u00edtica de privacitat        \t\n<\/h2>\n<div class=\"col-text-1 text-normal  element-top-20 element-bottom-20\" data-os-animation=\"none\" data-os-animation-delay=\"0s\">\n    <div>\n<p>Institut Guttmann \u00e9s una marca registrada a l\u2019Oficina Espa\u00f1ola de Patentes y Marcas. Queda prohibida la reproducci\u00f3 total o parcial d\u2019aquest lloc web sense citar-ne l\u2019origen o sense l\u2019autoritzaci\u00f3 expressa de l\u2019Institut Guttmann, que es reserva el dret a realitzar, sense av\u00eds previ, qualsevol modificaci\u00f3 que consideri oportuna tant de la informaci\u00f3 com de la presentaci\u00f3 continguda en aquest lloc web.<\/p>\n<\/div>\n<\/div>\n<h2 class=\"text-left  element-top-20 element-bottom-20 text-light normal default\" data-os-animation=\"none\"  data-os-animation-delay=\"0s\" >\t\n        Protecci\u00f3 de dades        \t\n<\/h2>\n<div class=\"col-text-1 text-normal  element-top-20 element-bottom-20\" data-os-animation=\"none\" data-os-animation-delay=\"0s\">\n    <div>\n<div class=\"clearfix\">L\u2019Institut Guttmann \u00e9s el responsable del tractament de dades generat amb les dades de car\u00e0cter personal subministrades pels usuaris en els llocs web de la Fundaci\u00f3 Institut Guttmann.<\/div>\n<p>L\u2019usuari autoritza el tractament automatitzat de les dades personals subministrades per a la prestaci\u00f3 de serveis pactats. El tractament estar\u00e0 situat a l\u2019Institut Guttmann, Cam\u00ed de Can Ruti, s\/n 08916 Badalona, sota la supervisi\u00f3 i control de l\u2019Institut Guttmann.<\/p>\n<p>La informaci\u00f3 continguda en el Tractament de dades esmentat s\u2019utilitza tant per la correcta identificaci\u00f3 dels usuaris, com per a la realitzaci\u00f3 d\u2019estudis estad\u00edstics que permetin dissenyar millores en els serveis prestats, dur a terme tasques b\u00e0siques d\u2019administraci\u00f3 i poder comunicar incid\u00e8ncies, ofertes i novetats als usuaris registrats via correu electr\u00f2nic.<\/p>\n<p>La informaci\u00f3 personal recollida dels usuaris registrats \u00e9s emmagatzemada al tractament de dades propietat de l\u2019Institut Guttmann que assumeix les mesures d\u2019\u00edndole t\u00e8cnica, organitzativa i de seguretat que garanteixen la confidencialitat i integritat de la informaci\u00f3 d\u2019acord amb el que s\u2019estableix a la normativa vigent, nacional i europea, en mat\u00e8ria de protecci\u00f3 de dades personals i de serveis de la societat de la informaci\u00f3 i de comer\u00e7 electr\u00f2nic, i a la resta de legislaci\u00f3 aplicable.<\/p>\n<p>Tota la informaci\u00f3 personal recollida per l\u2019Institut Guttmann a la seva web \u00e9s per \u00fas exclusiu intern de l\u2019organitzaci\u00f3 i no es cedeix ni es ven a tercers.<\/p>\n<p>L\u2019usuari respondr\u00e0, en qualsevol cas, de la veracitat de les dades facilitades, reservant-se l\u2019Institut Guttmann el dret a excloure dels serveis registrats tot aquell usuari que hagi facilitat dades falses, sense perjudici de la resta d\u2019accions legals.<\/p>\n<p>Qualsevol usuari pot, en qualsevol moment, exercir el dret d\u2019acc\u00e9s, rectificaci\u00f3, supressi\u00f3, portabilitat, limitaci\u00f3 i oposici\u00f3 de les seves dades de car\u00e0cter personal subministrades a l\u2019Institut Guttmann, mitjan\u00e7ant comunicaci\u00f3 dirigida a l\u2019Institut Guttmann amb la refer\u00e8ncia \u201cTractament de dades\u201d. Aquesta comunicaci\u00f3 es podr\u00e0 fer per les seg\u00fcents vies:<\/p>\n<p>Correu electr\u00f2nic a l\u2019adre\u00e7a:<span class=\"tverde\">\u00a0<a href=\"mailto:%20protecciodades@guttmann.com\" target=\"_blank\" rel=\"noopener noreferrer\">protecciodades@guttmann.com<\/a><\/span><br \/>\nCorreu postal a l\u2019adre\u00e7a: Cam\u00ed de Can Ruti, s\/n 08916 Badalona.<\/p>\n<p>En qualsevol dels casos indicant el dret que exercita i adjuntant copia del seu DNI o document de identificaci\u00f3 substitutori.<\/p>\n<p>L\u2019Institut Guttmann ha complert amb la obligaci\u00f3 d\u2019anomenar un Delegat de Protecci\u00f3 de Dades que tamb\u00e9 est\u00e0 degudament enregistrat a l\u2019Ag\u00e8ncia Catalana de Protecci\u00f3 de Dades.<\/p>\n<p>Es pot contactar amb ell mitjan\u00e7ant la seg\u00fcent adre\u00e7a de correu electr\u00f2nic:\u00a0<span class=\"tverde\"><a href=\"https:\/\/www.guttmann.com\/ca\/protecciodades@guttmann.com\" target=\"_blank\" rel=\"noopener noreferrer\">protecciodades@guttmann.com<\/a>.<\/span><\/p>\n<p><u>Formularis per a l\u2019exercici dels drets inclosos al\u00a0<em>Reglamento General de Protecci\u00f3n de Datos<\/em><\/u><\/p>\n<ul>\n<li><span class=\"tverde\"><a href=\"https:\/\/participa.guttmann.com\/wp-content\/uploads\/2021\/06\/Annex-07_1-Formulari-dret-ACCES-2020-ca.pdf\" target=\"_blank\" rel=\"noopener\">Formulari Dret d&#8217;Acc\u00e9s<\/a><\/span><\/li>\n<li><a href=\"https:\/\/participa.guttmann.com\/wp-content\/uploads\/2021\/06\/Annex-07_2-Formulari-dret-RECTIFICACIO-2020-ca.pdf\" target=\"_blank\" rel=\"noopener\">Formulari Dret de Rectificaci\u00f3<\/a><\/li>\n<li><a href=\"https:\/\/participa.guttmann.com\/wp-content\/uploads\/2021\/06\/Annex-07_3-Formulari-dret-SUPRESSIO-2020-ca.pdf\" target=\"_blank\" rel=\"noopener\">Formulari Dret de Supressi\u00f3<\/a><\/li>\n<li><a href=\"https:\/\/participa.guttmann.com\/wp-content\/uploads\/2021\/06\/Annex-07_4-Formulari-dret-PORTABILITAT-2020-ca.pdf\" target=\"_blank\" rel=\"noopener\">Formulari Dret de Portabilitat<\/a><\/li>\n<li><a href=\"https:\/\/participa.guttmann.com\/wp-content\/uploads\/2021\/06\/Annex-07_5-Formulari-dret-LIMITACIO-2020-ca.pdf\" target=\"_blank\" rel=\"noopener\">Formulari Dret de Limitaci\u00f3<\/a><\/li>\n<li><a href=\"https:\/\/participa.guttmann.com\/wp-content\/uploads\/2021\/06\/Annex-07_6-Formulari-dret-OPOSICIO-2020-ca.pdf\" target=\"_blank\" rel=\"noopener\">Formulari Dret d&#8217;Oposici\u00f3<\/a><\/li>\n<\/ul>\n<p>La Fundaci\u00f3 Institut Guttmann \u00e9s una fundaci\u00f3 privada sense \u00e0nim de lucre amb activitat privada i activitat p\u00fablica. Per a l\u2019activitat p\u00fablica est\u00e0 acreditada com a Hospital de Refer\u00e8ncia pel Departament de Salut de la Generalitat de Catalunya i tamb\u00e9 com a Centre de Refer\u00e8ncia Nacional \u2013CSUR- per al tractament del Lesionat Medul\u00b7lar complex pel\u00a0<em>Ministerio de Sanidad, Servicios Sociales e Igualdad.<\/em><br \/>\nLa Fundaci\u00f3 Institut Guttmann elabora i gestiona directament el seu web institucional amb recursos propis o subcontractats. Aquest web no disposa ni rep finan\u00e7ament extern de cap tipus. Aquest web no cont\u00e9 publicitat.<\/p>\n<\/div>\n<\/div>\n<h2 class=\"text-left  element-top-20 element-bottom-20 text-light normal default\" data-os-animation=\"none\"  data-os-animation-delay=\"0s\" >\t\n        Q\u00fcestions generals        \t\n<\/h2>\n<div class=\"col-text-1 text-normal  element-top-20 element-bottom-20\" data-os-animation=\"none\" data-os-animation-delay=\"0s\">\n    <div>\n<p>Les fotografies de persones que s\u2019exposen al web han estat realitzades amb el seu consentiment o, en el cas de nens, el dels seus pares o tutors.<\/p>\n<p>Aquest lloc web no cont\u00e9 publicitat ni rep finan\u00e7ament de publicitat i es mant\u00e9 amb fons propis.<\/p>\n<\/div>\n<\/div>\n<div class=\"divider-wrapper \" style=\"visibility:hidden;background-color:#FFFFFF\">\n    <div class=\"visible-xs\" style=\"height:40px;\"><\/div>\n    <div class=\"visible-sm\" style=\"height:40px;\"><\/div>\n    <div class=\"visible-md\" style=\"height:40px;\"><\/div>\n    <div class=\"visible-lg\" style=\"height:40px;\"><\/div>\n<\/div><\/div>        <\/div>\n    <\/div>\n<\/section>\n\n","protected":false},"excerpt":{"rendered":"Av\u00eds legal i pol\u00edtica de privacitat Institut Guttmann \u00e9s una marca registrada a l\u2019Oficina Espa\u00f1ola de Patentes y Marcas. Queda prohibida la reproducci\u00f3 total o parcial d\u2019aquest lloc web sense citar-ne l\u2019origen o sense l\u2019autoritzaci\u00f3 expressa de l\u2019Institut Guttmann, que es reserva el dret a realitzar, sense av\u00eds previ, qualsevol modificaci\u00f3 que consideri oportuna tant","protected":false},"author":1,"featured_media":0,"parent":0,"menu_order":8,"comment_status":"closed","ping_status":"closed","template":"","meta":{"_acf_changed":false,"_monsterinsights_skip_tracking":false,"_monsterinsights_sitenote_active":false,"_monsterinsights_sitenote_note":"","_monsterinsights_sitenote_category":0,"footnotes":""},"class_list":["post-368","page","type-page","status-publish","hentry"],"acf":[],"aioseo_notices":[],"_links":{"self":[{"href":"https:\/\/participa.guttmann.com\/ca\/wp-json\/wp\/v2\/pages\/368","targetHints":{"allow":["GET"]}}],"collection":[{"href":"https:\/\/participa.guttmann.com\/ca\/wp-json\/wp\/v2\/pages"}],"about":[{"href":"https:\/\/participa.guttmann.com\/ca\/wp-json\/wp\/v2\/types\/page"}],"author":[{"embeddable":true,"href":"https:\/\/participa.guttmann.com\/ca\/wp-json\/wp\/v2\/users\/1"}],"replies":[{"embeddable":true,"href":"https:\/\/participa.guttmann.com\/ca\/wp-json\/wp\/v2\/comments?post=368"}],"version-history":[{"count":18,"href":"https:\/\/participa.guttmann.com\/ca\/wp-json\/wp\/v2\/pages\/368\/revisions"}],"predecessor-version":[{"id":9457,"href":"https:\/\/participa.guttmann.com\/ca\/wp-json\/wp\/v2\/pages\/368\/revisions\/9457"}],"wp:attachment":[{"href":"https:\/\/participa.guttmann.com\/ca\/wp-json\/wp\/v2\/media?parent=368"}],"curies":[{"name":"wp","href":"https:\/\/api.w.org\/{rel}","templated":true}]}}