{"id":573,"date":"2020-04-22T10:51:13","date_gmt":"2020-04-22T10:51:13","guid":{"rendered":"https:\/\/participa.testsdowhile.com\/?page_id=573"},"modified":"2025-06-18T12:28:47","modified_gmt":"2025-06-18T12:28:47","slug":"registre-participa","status":"publish","type":"page","link":"https:\/\/participa.guttmann.com\/ca\/registre-participa\/","title":{"rendered":"Registre Participa"},"content":{"rendered":"<section class=\"section  text-normal section-text-no-shadow section-inner-no-shadow section-normal section-opaque\"  >\n    \n    <div class=\"background-overlay grid-overlay-0 \" style=\"background-color: rgba(0,0,0,0);\"><\/div>\n\n    <div class=\"container container-vertical-default\">\n        <div class=\"row vertical-default\">\n            <div class=\"col-md-12     text-default small-screen-default\"  ><div class=\"col-text-1 text-normal  element-top-150 element-bottom-20\" data-os-animation=\"none\" data-os-animation-delay=\"0s\">\n    <p>Moltes gr\u00e0cies pel teu inter\u00e8s en el projecte PARTICIPA. El registre de nous participants est\u00e0 tancat, per\u00f2 et pots subscriure a la newsletter de l&#8217;estudi per estar al corrent de totes les novetats.<\/p>\n<p>Si ja ets participant del projecte, t&#8217;animem a continuar completant els q\u00fcestionaris i participant en el foro. El registre de nous participants est\u00e0 tancat, per\u00f2 l&#8217;estudi segueix en marxa! Continuem analitzant les dades per obtenir evid\u00e8ncia cient\u00edfica sobre les barreres i facilitadors que determinen la participaci\u00f3 en societat de les persones amb discapacitat.<\/p>\n<\/div>\n<\/div>        <\/div>\n    <\/div>\n<\/section>\n<section class=\"section  text-normal section-text-no-shadow section-inner-no-shadow section-normal section-opaque\"  >\n    \n    <div class=\"background-overlay grid-overlay-0 \" style=\"background-color: rgba(0,0,0,0);\"><\/div>\n\n    <div class=\"container container-vertical-default\">\n        <div class=\"row vertical-default\">\n            <div class=\"col-md-12     text-default small-screen-default\"  >[vc_raw_html]JTNDZGl2JTIwaWQlM0QlMjJmOWVjNDBjZC03MTI4LTQyYWMtOGY4NS0wN2UyM2ZmODk4MTQlMjIlM0UlM0MlMkZkaXYlM0U=[\/vc_raw_html]<\/div>        <\/div>\n    <\/div>\n<\/section>\n","protected":false},"excerpt":{"rendered":"Moltes gr\u00e0cies pel teu inter\u00e8s en el projecte PARTICIPA. El registre de nous participants est\u00e0 tancat, per\u00f2 et pots subscriure a la newsletter de l'estudi per estar al corrent de totes les novetats. Si ja ets participant del projecte, t'animem a continuar completant els q\u00fcestionaris i participant en el foro. El registre de nous participants","protected":false},"author":1,"featured_media":0,"parent":0,"menu_order":6,"comment_status":"closed","ping_status":"closed","template":"","meta":{"_acf_changed":false,"_monsterinsights_skip_tracking":false,"_monsterinsights_sitenote_active":false,"_monsterinsights_sitenote_note":"","_monsterinsights_sitenote_category":0,"footnotes":""},"class_list":["post-573","page","type-page","status-publish","hentry"],"acf":[],"aioseo_notices":[],"_links":{"self":[{"href":"https:\/\/participa.guttmann.com\/ca\/wp-json\/wp\/v2\/pages\/573","targetHints":{"allow":["GET"]}}],"collection":[{"href":"https:\/\/participa.guttmann.com\/ca\/wp-json\/wp\/v2\/pages"}],"about":[{"href":"https:\/\/participa.guttmann.com\/ca\/wp-json\/wp\/v2\/types\/page"}],"author":[{"embeddable":true,"href":"https:\/\/participa.guttmann.com\/ca\/wp-json\/wp\/v2\/users\/1"}],"replies":[{"embeddable":true,"href":"https:\/\/participa.guttmann.com\/ca\/wp-json\/wp\/v2\/comments?post=573"}],"version-history":[{"count":61,"href":"https:\/\/participa.guttmann.com\/ca\/wp-json\/wp\/v2\/pages\/573\/revisions"}],"predecessor-version":[{"id":23248,"href":"https:\/\/participa.guttmann.com\/ca\/wp-json\/wp\/v2\/pages\/573\/revisions\/23248"}],"wp:attachment":[{"href":"https:\/\/participa.guttmann.com\/ca\/wp-json\/wp\/v2\/media?parent=573"}],"curies":[{"name":"wp","href":"https:\/\/api.w.org\/{rel}","templated":true}]}}