{"id":6812,"date":"2021-08-09T06:21:09","date_gmt":"2021-08-09T06:21:09","guid":{"rendered":"https:\/\/participa.guttmann.com\/?page_id=6812"},"modified":"2024-03-13T12:26:11","modified_gmt":"2024-03-13T12:26:11","slug":"descripcio-del-projecte_lf","status":"publish","type":"page","link":"https:\/\/participa.guttmann.com\/ca\/descripcio-del-projecte_lf\/","title":{"rendered":"Descripci\u00f3 del projecte"},"content":{"rendered":"<section class=\"section content-info1 text-normal section-text-no-shadow section-inner-no-shadow section-normal section-opaque\"  >\n    \n    <div class=\"background-overlay grid-overlay-0 \" style=\"background-color: rgba(0,0,0,0);\"><\/div>\n\n    <div class=\"container container-vertical-default\">\n        <div class=\"row vertical-default\">\n            <div class=\"col-md-12    box-info1 text-default small-screen-default\"  ><div class=\"row row-info1\"><div class=\"col-md-12    form-info1 text-default small-screen-default\"  ><h2 class=\"text-left title-info1 element-top-20 element-bottom-20 text-normal os-animation normal default\" data-os-animation=\"fadeIn\"  data-os-animation-delay=\"0s\" >\t\n        Qu\u00e8 \u00e9s PARTICIPA?         \t\n<\/h2>\n<div class=\"col-text-1 text-normal text-info1 element-top-20 element-bottom-20 os-animation\" data-os-animation=\"fadeIn\" data-os-animation-delay=\"0.2s\">\n    <p>PARTICIPA \u00e9s un estudi per promocionar la participaci\u00f3<br \/>\nde les persones amb discapacitat en la societat,<br \/>\nperqu\u00e8 puguin treballar, estudiar, passar-ho b\u00e9<br \/>\ni relacionar-se de manera aut\u00f2noma.<\/p>\n<p>Els objectius de l\u2019estudi s\u00f3n els seg\u00fcents:<\/p>\n<ul>\n<li>Con\u00e8ixer quins factors faciliten i quins dificulten la participaci\u00f3<br \/>\nde les persones amb discapacitat en la societat.<\/li>\n<li>Trobar solucions innovadores que facin possible la participaci\u00f3<br \/>\nde tothom en igualtat de condicions.<\/li>\n<\/ul>\n<\/div>\n<\/div><\/div><\/div>        <\/div>\n    <\/div>\n<\/section>\n<section class=\"section content-info2 text-normal section-text-no-shadow section-inner-no-shadow section-normal section-opaque\"  >\n    \n    <div class=\"background-overlay grid-overlay-0 \" style=\"background-color: rgba(0,0,0,0);\"><\/div>\n\n    <div class=\"container container-vertical-default\">\n        <div class=\"row vertical-default\">\n            <div class=\"col-md-12    box-info2 text-default small-screen-default\"  ><h2 class=\"text-left title-info2 element-top-20 element-bottom-20 text-normal os-animation normal default\" data-os-animation=\"fadeIn\"  data-os-animation-delay=\"0.3s\" >\t\n        Qu\u00e8 s\u00f3n les barreres?        \t\n<\/h2>\n<div class=\"row row-info2\"><div class=\"col-md-3    form-info2 text-default small-screen-default\"  ><div class=\"figure element-top-20 element-bottom-20   os-animation\" data-os-animation=\"fadeInDown\" data-os-animation-delay=\"0.3s\">\n            <span class=\"figure-image\">\n        <img loading=\"lazy\" decoding=\"async\" width=\"151\" height=\"150\" src=\"https:\/\/participa.guttmann.com\/wp-content\/uploads\/2021\/03\/Iconos_Participa_Barreres_Facilitadors_FA-01.png\" class=\"attachment-medium size-medium\" alt=\"Icona Barreres\" \/>            <\/span>\n    <\/div>\n<\/div><div class=\"col-md-9     text-default small-screen-default\"  ><div class=\"col-text-1 text-normal text-info2 element-top-20 element-bottom-20 os-animation\" data-os-animation=\"fadeIn\" data-os-animation-delay=\"0.4s\">\n    <p>S\u00f3n obstacles que trobem a l\u2019entorn, el transport,<br \/>\nels productes, els serveis i la informaci\u00f3<br \/>\nque fan que les persones no els puguin entendre o utilitzar amb facilitat.<\/p>\n<p>Per exemple: un edifici amb la porta d\u2019acc\u00e9s estreta,<br \/>\nuna vorera amb molt de desnivell, una p\u00e0gina web no accessible<br \/>\no el rebuig de la poblaci\u00f3 vers la discapacitat.<\/p>\n<\/div>\n<\/div><\/div><\/div>        <\/div>\n    <\/div>\n<\/section>\n<section class=\"section content-info3 text-normal section-text-no-shadow section-inner-no-shadow section-normal section-opaque\"  >\n    \n    <div class=\"background-overlay grid-overlay-0 \" style=\"background-color: rgba(0,0,0,0);\"><\/div>\n\n    <div class=\"container container-vertical-default\">\n        <div class=\"row vertical-default\">\n            <div class=\"col-md-12    box-info3 text-default small-screen-default\"  ><h2 class=\"text-left title-info3 element-top-20 element-bottom-20 text-normal os-animation normal default\" data-os-animation=\"fadeIn\"  data-os-animation-delay=\"0.6s\" >\t\n        Qu\u00e8 s\u00f3n els facilitadors?        \t\n<\/h2>\n<div class=\"row row-info3\"><div class=\"col-md-3    form-info3 text-default small-screen-default\"  ><div class=\"figure element-top-20 element-bottom-40   os-animation\" data-os-animation=\"fadeInDown\" data-os-animation-delay=\"0.3s\">\n            <span class=\"figure-image\">\n        <img loading=\"lazy\" decoding=\"async\" width=\"152\" height=\"150\" src=\"https:\/\/participa.guttmann.com\/wp-content\/uploads\/2021\/03\/Iconos_Participa_Barreres_Facilitadors_FA-02.png\" class=\"attachment-medium size-medium\" alt=\"Icona Facilitadors\" \/>            <\/span>\n    <\/div>\n<\/div><div class=\"col-md-9     text-default small-screen-default\"  ><div class=\"col-text-1 text-normal text-info3 element-top-20 element-bottom-40 os-animation\" data-os-animation=\"fadeIn\" data-os-animation-delay=\"0.7s\">\n    <p>S\u00f3n caracter\u00edstiques de l\u2019entorn, el transport, els productes, els serveis<br \/>\ni la informaci\u00f3 que fan que tothom els puguin entendre i utilitzar amb facilitat.<\/p>\n<p>Per exemple: un edifici amb una rampa d\u2019acc\u00e9s,<br \/>\nuna vorera sense desnivell, una p\u00e0gina web accessible<br \/>\no actituds positives de la poblaci\u00f3 vers la discapacitat.<\/p>\n<\/div>\n<\/div><\/div><\/div>        <\/div>\n    <\/div>\n<\/section>\n<section class=\"section content-center-p full-width-objetius text-normal section-text-no-shadow section-inner-no-shadow section-normal section-opaque\"  >\n    \n    <div class=\"background-overlay grid-overlay-0 \" style=\"background-color: rgba(0,0,0,0);\"><\/div>\n\n    <div class=\"container-fullwidth container-vertical-default\">\n        <div class=\"row vertical-default\">\n            <div class=\"col-md-12    box-center-p text-default small-screen-default\"  ><div class=\"row \"><div class=\"col-md-12    box-title-participa text-default small-screen-default\"  ><h3 class=\"text-center title-center-p element-top-30 element-bottom-0 text-normal os-animation bigger default\" data-os-animation=\"fadeInLeft\"  data-os-animation-delay=\"0s\" >\t\n        Junts suprimim barreres i constru\u00efm una societat millor!        \t\n<\/h3>\n<\/div><\/div><div class=\"col-text-1 text-normal text-center-p element-top-20 element-bottom-40 os-animation\" data-os-animation=\"fadeInLeft\" data-os-animation-delay=\"0s\">\n    <p style=\"text-align: center;\">Ajuda&#8217;ns a construir una societat m\u00e9s inclusiva!<\/p>\n<\/div>\n[vc_btn title=&#8221;Participa!&#8221; shape=&#8221;square&#8221; color=&#8221;white&#8221; align=&#8221;center&#8221; css_animation=&#8221;fadeInLeft&#8221; link=&#8221;url:%2Fregistre-participa%2F|title:Participa!||&#8221; el_class=&#8221;botom-participa&#8221;]<\/div>        <\/div>\n    <\/div>\n<\/section>\n<section class=\"section  text-normal section-text-no-shadow section-inner-no-shadow section-normal section-opaque\"  >\n    \n    <div class=\"background-overlay grid-overlay-0 \" style=\"background-color: rgba(0,0,0,0);\"><\/div>\n\n    <div class=\"container container-vertical-default\">\n        <div class=\"row vertical-default\">\n            <div class=\"col-md-12     text-default small-screen-default\"  ><h2 class=\"text-left title-info2 element-top-20 element-bottom-20 text-normal os-animation normal default\" data-os-animation=\"fadeIn\"  data-os-animation-delay=\"0.3s\" >\t\n        V\u00eddeos        \t\n<\/h2>\n<div class=\"row \"><div class=\"col-md-4     text-default small-screen-default\"  ><h3 class=\"text-left title-info2 element-top-10 element-bottom-20 text-normal os-animation normal default\" data-os-animation=\"fadeIn\"  data-os-animation-delay=\"0.4s\" >\t\n        Navegar i registrar-se a la web        \t\n<\/h3>\n<div class=\" element-top-20 element-bottom-20 os-animation\" data-os-animation=\"fadeIn\" data-os-animation-delay=\"0.4s\" ><div class=\"video-wrapper feature-video\"><iframe loading=\"lazy\" title=\"Tutorial: navegar por la web y registrarse en el proyecto PARTICIPA\" width=\"1170\" height=\"658\" src=\"https:\/\/www.youtube.com\/embed\/cJaPh4WiX10?feature=oembed\" frameborder=\"0\" allow=\"accelerometer; autoplay; clipboard-write; encrypted-media; gyroscope; picture-in-picture\" allowfullscreen><\/iframe><\/div><\/div><\/div><div class=\"col-md-4     text-default small-screen-default\"  ><h3 class=\"text-left title-info2 element-top-10 element-bottom-20 text-normal os-animation normal default\" data-os-animation=\"fadeIn\"  data-os-animation-delay=\"0.5s\" >\t\n        Iniciar sessi\u00f3 i completar q\u00fcestionaris        \t\n<\/h3>\n<div class=\" element-top-20 element-bottom-20 os-animation\" data-os-animation=\"fadeIn\" data-os-animation-delay=\"0.5s\" ><div class=\"video-wrapper feature-video\"><iframe loading=\"lazy\" title=\"Tutorial: c\u00f3mo iniciar sesi\u00f3n y completar los cuestionarios del proyecto PARTICIPA\" width=\"1170\" height=\"658\" src=\"https:\/\/www.youtube.com\/embed\/n4VBMi0RsDM?feature=oembed\" frameborder=\"0\" allow=\"accelerometer; autoplay; clipboard-write; encrypted-media; gyroscope; picture-in-picture\" allowfullscreen><\/iframe><\/div><\/div><\/div><div class=\"col-md-4     text-default small-screen-default\"  ><h3 class=\"text-left title-info2 element-top-10 element-bottom-20 text-normal os-animation normal default\" data-os-animation=\"fadeIn\"  data-os-animation-delay=\"0.6s\" >\t\n         Participar al f\u00f2rum        \t\n<\/h3>\n<div class=\" element-top-20 element-bottom-20 os-animation\" data-os-animation=\"fadeIn\" data-os-animation-delay=\"0.6s\" ><div class=\"video-wrapper feature-video\"><iframe loading=\"lazy\" title=\"Tutorial: c\u00f3mo participar en el foro del proyecto PARTICIPA\" width=\"1170\" height=\"658\" src=\"https:\/\/www.youtube.com\/embed\/QubDQE0g870?feature=oembed\" frameborder=\"0\" allow=\"accelerometer; autoplay; clipboard-write; encrypted-media; gyroscope; picture-in-picture\" allowfullscreen><\/iframe><\/div><\/div><\/div><\/div><div class=\"row \"><div class=\"col-md-4     text-default small-screen-default\"  ><h3 class=\"text-left title-info2 element-top-10 element-bottom-20 text-normal os-animation normal default\" data-os-animation=\"fadeIn\"  data-os-animation-delay=\"0.4s\" >\t\n        Primera trobada Grup de Refer\u00e8ncia        \t\n<\/h3>\n<div class=\" element-top-20 element-bottom-20 os-animation\" data-os-animation=\"fadeIn\" data-os-animation-delay=\"0.4s\" ><div class=\"video-wrapper feature-video\"><iframe loading=\"lazy\" title=\"Primer encuentro del Grupo de Referencia del proyecto PARTICIPA (signado)\" width=\"1170\" height=\"658\" src=\"https:\/\/www.youtube.com\/embed\/y-jRZ-StDLY?feature=oembed\" frameborder=\"0\" allow=\"accelerometer; autoplay; clipboard-write; encrypted-media; gyroscope; picture-in-picture; web-share\" allowfullscreen><\/iframe><\/div><\/div><\/div><div class=\"col-md-4     text-default small-screen-default\"  ><h3 class=\"text-left title-info2 element-top-10 element-bottom-20 text-normal os-animation normal default\" data-os-animation=\"fadeIn\"  data-os-animation-delay=\"0.4s\" >\t\n        Primera Jornada PARTICIPA        \t\n<\/h3>\n<div class=\" element-top-20 element-bottom-20 os-animation\" data-os-animation=\"fadeIn\" data-os-animation-delay=\"0.4s\" ><div class=\"video-wrapper feature-video\"><iframe loading=\"lazy\" title=\"PARTICIPA - Caixaforum. 17 Maig 2023\" width=\"1170\" height=\"658\" src=\"https:\/\/www.youtube.com\/embed\/OJVnilS8FRs?start=4937&feature=oembed\" frameborder=\"0\" allow=\"accelerometer; autoplay; clipboard-write; encrypted-media; gyroscope; picture-in-picture; web-share\" allowfullscreen><\/iframe><\/div><\/div><\/div><div class=\"col-md-4     text-default small-screen-default\"  ><h3 class=\"text-left title-info2 element-top-10 element-bottom-20 text-normal os-animation normal default\" data-os-animation=\"fadeIn\"  data-os-animation-delay=\"0.4s\" >\t\n        Segona trobada Grup de Refer\u00e8ncia        \t\n<\/h3>\n<div class=\" element-top-20 element-bottom-20 os-animation\" data-os-animation=\"fadeIn\" data-os-animation-delay=\"0.4s\" ><div class=\"video-wrapper feature-video\"><iframe loading=\"lazy\" title=\"Segundo encuentro del Grupo de Referencia del proyecto PARTICIPA (signado)\" width=\"1170\" height=\"658\" src=\"https:\/\/www.youtube.com\/embed\/ontb6ZFLsCQ?feature=oembed\" frameborder=\"0\" allow=\"accelerometer; autoplay; clipboard-write; encrypted-media; gyroscope; picture-in-picture; web-share\" allowfullscreen><\/iframe><\/div><\/div><\/div><\/div><\/div>        <\/div>\n    <\/div>\n<\/section>\n<section class=\"section content-info4 text-normal section-text-no-shadow section-inner-no-shadow section-normal section-opaque\"  >\n    \n    <div class=\"background-overlay grid-overlay-0 \" style=\"background-color: rgba(0,0,0,0);\"><\/div>\n\n    <div class=\"container container-vertical-default\">\n        <div class=\"row vertical-default\">\n            <div class=\"col-md-12    box-info4 text-default small-screen-default\"  ><div class=\"row row-info4\"><div class=\"col-md-12    form-info4 text-default small-screen-default\"  ><h2 class=\"text-left title-info4 element-top-40 element-bottom-20 text-normal os-animation normal default\" data-os-animation=\"fadeIn\"  data-os-animation-delay=\"0s\" >\t\n        Qu\u00e8 volem aconseguir amb PARTICIPA?        \t\n<\/h2>\n<div class=\"col-text-1 text-normal text-info4 element-top-20 element-bottom-20 os-animation\" data-os-animation=\"fadeIn\" data-os-animation-delay=\"0.1s\">\n    <p>Volem con\u00e8ixer quines barreres t\u2019impedeixen participar<br \/>\nen les activitats del dia a dia<br \/>\ni quines ajudes faciliten la teva autonomia personal.<\/p>\n<p class=\"western\" lang=\"ca-ES\" align=\"justify\">Entre tots i totes volem dissenyar solucions innovadores<br \/>\nper construir una societat m\u00e9s inclusiva.<\/p>\n<\/div>\n<\/div><\/div><\/div>        <\/div>\n    <\/div>\n<\/section>\n<section class=\"section content-line text-normal section-text-no-shadow section-inner-no-shadow section-normal section-opaque\"  >\n    \n    <div class=\"background-overlay grid-overlay-0 \" style=\"background-color: rgba(0,0,0,0);\"><\/div>\n\n    <div class=\"container container-vertical-default\">\n        <div class=\"row vertical-default\">\n            <div class=\"col-md-12    box-line text-default small-screen-default\"  ><div class=\"row \"><div class=\"col-md-12    form-rowline1 text-default small-screen-default\"  ><div class=\"figure element-top-20 element-bottom-20   os-animation\" data-os-animation=\"fadeInLeft\" data-os-animation-delay=\"0.3s\">\n            <span class=\"figure-image\">\n        <img loading=\"lazy\" decoding=\"async\" width=\"1146\" height=\"369\" src=\"https:\/\/participa.guttmann.com\/wp-content\/uploads\/2021\/03\/Proces-PARTICIPA-CAT.png\" class=\"attachment-full size-full\" alt=\"Impacte Participa\" srcset=\"https:\/\/participa.guttmann.com\/wp-content\/uploads\/2021\/03\/Proces-PARTICIPA-CAT.png 1146w, https:\/\/participa.guttmann.com\/wp-content\/uploads\/2021\/03\/Proces-PARTICIPA-CAT-300x97.png 300w, https:\/\/participa.guttmann.com\/wp-content\/uploads\/2021\/03\/Proces-PARTICIPA-CAT-1024x330.png 1024w, https:\/\/participa.guttmann.com\/wp-content\/uploads\/2021\/03\/Proces-PARTICIPA-CAT-768x247.png 768w\" sizes=\"auto, (max-width: 1146px) 100vw, 1146px\" \/>            <\/span>\n    <\/div>\n<\/div><\/div><\/div>        <\/div>\n    <\/div>\n<\/section>\n<section class=\"section content-quest text-normal section-text-no-shadow section-inner-no-shadow section-normal section-opaque\"  >\n    \n    <div class=\"background-overlay grid-overlay-0 \" style=\"background-color: rgba(0,0,0,0);\"><\/div>\n\n    <div class=\"container container-vertical-default\">\n        <div class=\"row vertical-default\">\n            <div class=\"col-md-12    box-quest text-default small-screen-default\"  ><div class=\"row row-info4\"><div class=\"col-md-12    form-quest text-default small-screen-default os-animation\" data-os-animation=\"fadeIn\" data-os-animation-delay=\"0s\" ><h2 class=\"text-left title-quest element-top-40 element-bottom-20 text-normal normal default\" data-os-animation=\"none\"  data-os-animation-delay=\"0s\" >\t\n        Preguntes freq\u00fcents        \t\n<\/h2>\n\n<div id=\"accordion_938\" class=\"panel-group accordion-quest element-top-20 element-bottom-80 os-animation\" data-os-animation=\"fadeIn\" data-os-animation-delay=\"0.1s\">\n\t\t\t\t\t\t\t    <div class=\"panel panel-primary\">\n\t\t        <div class=\"panel-heading\">\n\t\t            <a href=\"#group_708\" class=\"accordion-toggle collapsed\" data-parent = \"#accordion_938\" data-toggle=\"collapse\" >Quina implicaci\u00f3 t\u00e9 participar en l\u2019estudi?<\/a>\n\t\t        <\/div>\n\t\t        <div id=\"group_708\" class=\"panel-collapse collapse  in\">\n\t\t            <div class=\"panel-body\">\n\t\t                <div class=\"col-text-1 text-normal accordion-section1 element-top-20 element-bottom-20\" data-os-animation=\"none\" data-os-animation-delay=\"0s\">\n    <p>La teva participaci\u00f3 sempre ser\u00e0 virtual, a trav\u00e9s d\u2019aquesta p\u00e0gina web.<br \/>\nUn cop t\u2019hagis registrat, podr\u00e0s accedir\u00a0a la\u00a0nostra comunitat\u00a0de voluntaris<br \/>\ni volunt\u00e0ries,\u00a0participar en\u00a0els\u00a0f\u00f2rums,\u00a0accedir\u00a0a recursos,<br \/>\nconsultar tota la\u00a0informaci\u00f3\u00a0de l\u2019estudi<br \/>\ni\u00a0respondre\u00a0els\u00a0q\u00fcestionaris\u00a0que\u00a0t\u2019anirem\u00a0enviant.<\/p>\n<\/div>\n\t\t            <\/div>\n\t\t        <\/div>\n\t\t    <\/div>\n\t   \t\t\t\t\t\t\t\t    <div class=\"panel panel-primary\">\n\t\t        <div class=\"panel-heading\">\n\t\t            <a href=\"#group_783\" class=\"accordion-toggle collapsed\" data-parent = \"#accordion_938\" data-toggle=\"collapse\" >Qui hi pot participar?<\/a>\n\t\t        <\/div>\n\t\t        <div id=\"group_783\" class=\"panel-collapse collapse \">\n\t\t            <div class=\"panel-body\">\n\t\t                <div class=\"col-text-1 text-normal accordion-section2 element-top-20 element-bottom-20\" data-os-animation=\"none\" data-os-animation-delay=\"0s\">\n    <p>Hi poden participar les persones que compleixin aquests 3 requisits:<\/p>\n<ul>\n<li>Tenir 18 anys o m\u00e9s.<\/li>\n<li>Tenir una discapacitat.<\/li>\n<li>Viure a Espa\u00f1a o a Andorra.<\/li>\n<\/ul>\n<p>Tamb\u00e9 hi poden participar les persones de suport,<br \/>\nen nom de la persona amb discapacitat. Com, per exemple:<\/p>\n<ul>\n<li>Assistent personal.<\/li>\n<li>Traductor vital.<\/li>\n<li>Familiar<\/li>\n<li>Amic o amiga.<\/li>\n<\/ul>\n<\/div>\n\t\t            <\/div>\n\t\t        <\/div>\n\t\t    <\/div>\n\t   \t\t\t\t\t\t\t\t    <div class=\"panel panel-primary\">\n\t\t        <div class=\"panel-heading\">\n\t\t            <a href=\"#group_210\" class=\"accordion-toggle collapsed\" data-parent = \"#accordion_938\" data-toggle=\"collapse\" >Quins beneficis t\u00e9 participar en l\u2019estudi?<\/a>\n\t\t        <\/div>\n\t\t        <div id=\"group_210\" class=\"panel-collapse collapse \">\n\t\t            <div class=\"panel-body\">\n\t\t                <div class=\"col-text-1 text-normal accordion-section3 element-top-20 element-bottom-20\" data-os-animation=\"none\" data-os-animation-delay=\"0s\">\n    <ul>\n<li>Con\u00e8ixer quins facilitadors et poden ajudar a participar<br \/>\namb les mateixes condicions que la resta de persones.<\/li>\n<li>Con\u00e8ixer quin \u00e9s el teu nivell de participaci\u00f3 en la societat.<\/li>\n<li>Con\u00e8ixer quins elements dificulten i faciliten la participaci\u00f3<br \/>\nsegons cada discapacitat.<\/li>\n<li>Opinar, denunciar situacions i aportar solucions en els f\u00f2rums de debat.<\/li>\n<li>Rebre consells i informaci\u00f3 sobre bones pr\u00e0ctiques<br \/>\nque et poden ajudar a viure millor en el teu dia a dia.<\/li>\n<li>Tenir m\u00e9s informaci\u00f3 i recursos per decidir com vols viure<br \/>\ni participar en la societat.<\/li>\n<li>Col\u00b7laborar per construir una societat m\u00e9s inclusiva!<\/li>\n<\/ul>\n<\/div>\n\t\t            <\/div>\n\t\t        <\/div>\n\t\t    <\/div>\n\t   \t\t\t\t\t\t\t\t    <div class=\"panel panel-primary\">\n\t\t        <div class=\"panel-heading\">\n\t\t            <a href=\"#group_727\" class=\"accordion-toggle collapsed\" data-parent = \"#accordion_938\" data-toggle=\"collapse\" >Com protegiu la informaci\u00f3 que comparteixo amb vosaltres?<\/a>\n\t\t        <\/div>\n\t\t        <div id=\"group_727\" class=\"panel-collapse collapse \">\n\t\t            <div class=\"panel-body\">\n\t\t                <div class=\"col-text-1 text-normal accordion-section4 element-top-20 element-bottom-20\" data-os-animation=\"none\" data-os-animation-delay=\"0s\">\n    <p>Les teves dades s\u00f3n secretes i les guardarem de manera segura.<\/p>\n<p>L\u2019equip d\u2019investigaci\u00f3 analitzar\u00e0 totes les dades<br \/>\ni nom\u00e9s les utilitzar\u00e0 per a aquest estudi.<\/p>\n<\/div>\n\t\t            <\/div>\n\t\t        <\/div>\n\t\t    <\/div>\n\t   \t\t\t\t\t\t\t\t    <div class=\"panel panel-primary\">\n\t\t        <div class=\"panel-heading\">\n\t\t            <a href=\"#group_536\" class=\"accordion-toggle collapsed\" data-parent = \"#accordion_938\" data-toggle=\"collapse\" >On es publicaran els resultats de l\u2019estudi?<\/a>\n\t\t        <\/div>\n\t\t        <div id=\"group_536\" class=\"panel-collapse collapse \">\n\t\t            <div class=\"panel-body\">\n\t\t                <div class=\"col-text-1 text-normal accordion-section5 element-top-20 element-bottom-20\" data-os-animation=\"none\" data-os-animation-delay=\"0s\">\n    <p>L\u2019equip investigador comunicar\u00e0 els resultats<br \/>\nen aquesta p\u00e0gina web,<br \/>\nen presentacions obertes al p\u00fablic<br \/>\ni en les reunions cient\u00edfiques del projecte.<\/p>\n<\/div>\n\t\t            <\/div>\n\t\t        <\/div>\n\t\t    <\/div>\n\t   \t\t\t\t\t\t\t\t    <div class=\"panel panel-primary\">\n\t\t        <div class=\"panel-heading\">\n\t\t            <a href=\"#group_755\" class=\"accordion-toggle collapsed\" data-parent = \"#accordion_938\" data-toggle=\"collapse\" >Qui dona suport a l\u2019estudi?<\/a>\n\t\t        <\/div>\n\t\t        <div id=\"group_755\" class=\"panel-collapse collapse \">\n\t\t            <div class=\"panel-body\">\n\t\t                <div class=\"col-text-1 text-normal accordion-section6 element-top-20 element-bottom-20\" data-os-animation=\"none\" data-os-animation-delay=\"0s\">\n    <p>La Fundaci\u00f3 Institut Guttmann,<br \/>\nles entitats del Consell Social i de Participaci\u00f3,<br \/>\ni altres entitats relacionades amb la discapacitat.<\/p>\n<ul>\n<li class=\"western\" lang=\"ca-ES\"><a href=\"\/ca\/entitats\">Vegeu les entitats col\u00b7laboradores<\/a><\/li>\n<\/ul>\n<\/div>\n\t\t            <\/div>\n\t\t        <\/div>\n\t\t    <\/div>\n\t   \t\t<\/div>\n<\/div><\/div><\/div>        <\/div>\n    <\/div>\n<\/section>\n","protected":false},"excerpt":{"rendered":"Qu\u00e8 \u00e9s PARTICIPA? PARTICIPA \u00e9s un estudi per promocionar la participaci\u00f3 de les persones amb discapacitat en la societat, perqu\u00e8 puguin treballar, estudiar, passar-ho b\u00e9 i relacionar-se de manera aut\u00f2noma. Els objectius de l\u2019estudi s\u00f3n els seg\u00fcents: Con\u00e8ixer quins factors faciliten i quins dificulten la participaci\u00f3 de les persones amb discapacitat en la societat. Trobar","protected":false},"author":10,"featured_media":0,"parent":0,"menu_order":1,"comment_status":"closed","ping_status":"closed","template":"","meta":{"_acf_changed":false,"_monsterinsights_skip_tracking":false,"_monsterinsights_sitenote_active":false,"_monsterinsights_sitenote_note":"","_monsterinsights_sitenote_category":0,"footnotes":""},"class_list":["post-6812","page","type-page","status-publish","hentry"],"acf":[],"aioseo_notices":[],"_links":{"self":[{"href":"https:\/\/participa.guttmann.com\/ca\/wp-json\/wp\/v2\/pages\/6812","targetHints":{"allow":["GET"]}}],"collection":[{"href":"https:\/\/participa.guttmann.com\/ca\/wp-json\/wp\/v2\/pages"}],"about":[{"href":"https:\/\/participa.guttmann.com\/ca\/wp-json\/wp\/v2\/types\/page"}],"author":[{"embeddable":true,"href":"https:\/\/participa.guttmann.com\/ca\/wp-json\/wp\/v2\/users\/10"}],"replies":[{"embeddable":true,"href":"https:\/\/participa.guttmann.com\/ca\/wp-json\/wp\/v2\/comments?post=6812"}],"version-history":[{"count":10,"href":"https:\/\/participa.guttmann.com\/ca\/wp-json\/wp\/v2\/pages\/6812\/revisions"}],"predecessor-version":[{"id":19935,"href":"https:\/\/participa.guttmann.com\/ca\/wp-json\/wp\/v2\/pages\/6812\/revisions\/19935"}],"wp:attachment":[{"href":"https:\/\/participa.guttmann.com\/ca\/wp-json\/wp\/v2\/media?parent=6812"}],"curies":[{"name":"wp","href":"https:\/\/api.w.org\/{rel}","templated":true}]}}