{"id":6828,"date":"2021-08-09T06:20:45","date_gmt":"2021-08-09T06:20:45","guid":{"rendered":"https:\/\/participa.guttmann.com\/?page_id=6828"},"modified":"2022-04-20T15:03:44","modified_gmt":"2022-04-20T15:03:44","slug":"ambaixadors_lf","status":"publish","type":"page","link":"https:\/\/participa.guttmann.com\/ca\/ambaixadors_lf\/","title":{"rendered":"Ambaixadors"},"content":{"rendered":"<section class=\"section content-info1 text-normal section-text-no-shadow section-inner-no-shadow section-normal section-opaque\"  >\n    \n    <div class=\"background-overlay grid-overlay-0 \" style=\"background-color: rgba(0,0,0,0);\"><\/div>\n\n    <div class=\"container container-vertical-default\">\n        <div class=\"row vertical-default\">\n            <div class=\"col-md-12    box-info1 text-default small-screen-default\"  ><div class=\"row row-info1\"><div class=\"col-md-12    form-info1 text-default small-screen-default\"  ><h2 class=\"text-left title-info1 element-top-20 element-bottom-20 text-normal os-animation normal default\" data-os-animation=\"fadeIn\"  data-os-animation-delay=\"0s\" >\t\n        Mira qu\u00e8 diuen els nostres voluntaris i ambaixadors        \t\n<\/h2>\n<div class=\"col-text-1 text-normal text-info1 element-top-20 element-bottom-20 os-animation\" data-os-animation=\"fadeIn\" data-os-animation-delay=\"0.2s\">\n    <p>Persones del m\u00f3n de la discapacitat, de la cultura i de l\u2019esport<br \/>\nexpliquen la import\u00e0ncia i la necessitat de construir una societat inclusiva<br \/>\non tothom hi pugui participar. No te\u2019ls perdis!<\/p>\n<\/div>\n<\/div><\/div><\/div>        <\/div>\n    <\/div>\n<\/section>\n<section class=\"section content-info2 text-normal section-text-no-shadow section-inner-no-shadow section-normal section-opaque\"  >\n    \n    <div class=\"background-overlay grid-overlay-0 \" style=\"background-color: rgba(0,0,0,0);\"><\/div>\n\n    <div class=\"container container-vertical-default\">\n        <div class=\"row vertical-default\">\n            <div class=\"col-md-12    box-info2 text-default small-screen-default\"  ><h2 class=\"text-left title-info2 element-top-20 element-bottom-20 text-normal os-animation normal default\" data-os-animation=\"fadeIn\"  data-os-animation-delay=\"0.3s\" >\t\n        Ambaixadors        \t\n<\/h2>\n <div class=\"grid-recent-post element-top-20 element-bottom-20 recent-simple-os-container list-container row\">\n    \n        <div class=\"col-md-3\" data-os-animation=\"none\" data-os-animation-delay=\"0s\">\n\n        <article id=\"post-12810\" class=\"post-grid post-grid-overlay element-bottom-20 text-left\" style=\"background-image: url(https:\/\/participa.guttmann.com\/wp-content\/uploads\/2022\/10\/Captura-de-Pantalla-2022-10-10-a-las-14.47.32-600x400.png)\">\n    <a href=\"https:\/\/participa.guttmann.com\/ca\/raimon-jane-president-acapps\/\">\n        <div class=\"post-grid-content\">\n            <h3 class=\"post-grid-content-title\">\n                Raimon Jan\u00e9, President Federaci\u00f3 ACAPPS            <\/h3>\n            <div class=\"post-grid-content-footer\">\n                                10 octubre 2022            <\/div>\n        <\/div>\n    <\/a>\n<\/article>\n\n        <\/div>\n        \n        <div class=\"col-md-3\" data-os-animation=\"none\" data-os-animation-delay=\"0s\">\n\n        <article id=\"post-12358\" class=\"post-grid post-grid-overlay element-bottom-20 text-left\" style=\"background-image: url(https:\/\/participa.guttmann.com\/wp-content\/uploads\/2022\/08\/Captura-de-Pantalla-2022-08-30-a-las-8.38.11-600x400.png)\">\n    <a href=\"https:\/\/participa.guttmann.com\/ca\/juan-carlos-unzue-ex-jugador-ex-entrenador-futbol\/\">\n        <div class=\"post-grid-content\">\n            <h3 class=\"post-grid-content-title\">\n                Juan Carlos Unzu\u00e9, ex-jugador i ex-entrenador de futbol            <\/h3>\n            <div class=\"post-grid-content-footer\">\n                                30 agost 2022            <\/div>\n        <\/div>\n    <\/a>\n<\/article>\n\n        <\/div>\n        \n        <div class=\"col-md-3\" data-os-animation=\"none\" data-os-animation-delay=\"0s\">\n\n        <article id=\"post-9261\" class=\"post-grid post-grid-overlay element-bottom-20 text-left\" style=\"background-image: url(https:\/\/participa.guttmann.com\/wp-content\/uploads\/2022\/01\/Cristina-Arroyo-600x400.png)\">\n    <a href=\"https:\/\/participa.guttmann.com\/ca\/cristina-arroyo-jugadora-dhoquei\/\">\n        <div class=\"post-grid-content\">\n            <h3 class=\"post-grid-content-title\">\n                Cristina Arroyo, jugadora d&#8217;hoquei            <\/h3>\n            <div class=\"post-grid-content-footer\">\n                                14 gener 2022            <\/div>\n        <\/div>\n    <\/a>\n<\/article>\n\n        <\/div>\n        \n        <div class=\"col-md-3\" data-os-animation=\"none\" data-os-animation-delay=\"0s\">\n\n        <article id=\"post-8417\" class=\"post-grid post-grid-overlay element-bottom-20 text-left\" style=\"background-image: url(https:\/\/participa.guttmann.com\/wp-content\/uploads\/2021\/11\/evole-600x400.png)\">\n    <a href=\"https:\/\/participa.guttmann.com\/ca\/jordi-evole-periodista\/\">\n        <div class=\"post-grid-content\">\n            <h3 class=\"post-grid-content-title\">\n                Jordi \u00c9vole, periodista            <\/h3>\n            <div class=\"post-grid-content-footer\">\n                                12 novembre 2021            <\/div>\n        <\/div>\n    <\/a>\n<\/article>\n\n        <\/div>\n        \n        <div class=\"col-md-3\" data-os-animation=\"none\" data-os-animation-delay=\"0s\">\n\n        <article id=\"post-7901\" class=\"post-grid post-grid-overlay element-bottom-20 text-left\" style=\"background-image: url(https:\/\/participa.guttmann.com\/wp-content\/uploads\/2021\/09\/anna-600x400.png)\">\n    <a href=\"https:\/\/participa.guttmann.com\/ca\/anna-castello-educadora-social\/\">\n        <div class=\"post-grid-content\">\n            <h3 class=\"post-grid-content-title\">\n                Anna Castell\u00f3, educadora social            <\/h3>\n            <div class=\"post-grid-content-footer\">\n                                22 setembre 2021            <\/div>\n        <\/div>\n    <\/a>\n<\/article>\n\n        <\/div>\n        \n        <div class=\"col-md-3\" data-os-animation=\"none\" data-os-animation-delay=\"0s\">\n\n        <article id=\"post-7821\" class=\"post-grid post-grid-overlay element-bottom-20 text-left\" style=\"background-image: url(https:\/\/participa.guttmann.com\/wp-content\/uploads\/2021\/09\/bob-pop-600x400.png)\">\n    <a href=\"https:\/\/participa.guttmann.com\/ca\/bob-pop-escriptor\/\">\n        <div class=\"post-grid-content\">\n            <h3 class=\"post-grid-content-title\">\n                Bob Pop, escriptor            <\/h3>\n            <div class=\"post-grid-content-footer\">\n                                20 setembre 2021            <\/div>\n        <\/div>\n    <\/a>\n<\/article>\n\n        <\/div>\n        \n        <div class=\"col-md-3\" data-os-animation=\"none\" data-os-animation-delay=\"0s\">\n\n        <article id=\"post-7139\" class=\"post-grid post-grid-overlay element-bottom-20 text-left\" style=\"background-image: url(https:\/\/participa.guttmann.com\/wp-content\/uploads\/2021\/08\/maria-folgado-600x400.png)\">\n    <a href=\"https:\/\/participa.guttmann.com\/ca\/maria-folgado-fundadora-de-b-swim\/\">\n        <div class=\"post-grid-content\">\n            <h3 class=\"post-grid-content-title\">\n                Maria Folgado, fundadora de B-Swim            <\/h3>\n            <div class=\"post-grid-content-footer\">\n                                9 agost 2021            <\/div>\n        <\/div>\n    <\/a>\n<\/article>\n\n        <\/div>\n        \n        <div class=\"col-md-3\" data-os-animation=\"none\" data-os-animation-delay=\"0s\">\n\n        <article id=\"post-7015\" class=\"post-grid post-grid-overlay element-bottom-20 text-left\" style=\"background-image: url(https:\/\/participa.guttmann.com\/wp-content\/uploads\/2021\/08\/cristina-i-sergi-600x400.png)\">\n    <a href=\"https:\/\/participa.guttmann.com\/ca\/sergio-esteban-i-cristina-yague\/\">\n        <div class=\"post-grid-content\">\n            <h3 class=\"post-grid-content-title\">\n                Sergio Esteban i Cristina Yag\u00fce            <\/h3>\n            <div class=\"post-grid-content-footer\">\n                                5 agost 2021            <\/div>\n        <\/div>\n    <\/a>\n<\/article>\n\n        <\/div>\n        \n        <div class=\"col-md-3\" data-os-animation=\"none\" data-os-animation-delay=\"0s\">\n\n        <article id=\"post-6800\" class=\"post-grid post-grid-overlay element-bottom-20 text-left\" style=\"background-image: url(https:\/\/participa.guttmann.com\/wp-content\/uploads\/2021\/08\/ines4-600x400.png)\">\n    <a href=\"https:\/\/participa.guttmann.com\/ca\/ines-rodriguez-nedadora-i-logopeda\/\">\n        <div class=\"post-grid-content\">\n            <h3 class=\"post-grid-content-title\">\n                In\u00e9s Rodr\u00edguez, nedadora i logopeda            <\/h3>\n            <div class=\"post-grid-content-footer\">\n                                2 agost 2021            <\/div>\n        <\/div>\n    <\/a>\n<\/article>\n\n        <\/div>\n        \n        <div class=\"col-md-3\" data-os-animation=\"none\" data-os-animation-delay=\"0s\">\n\n        <article id=\"post-6774\" class=\"post-grid post-grid-overlay element-bottom-20 text-left\" style=\"background-image: url(https:\/\/participa.guttmann.com\/wp-content\/uploads\/2021\/07\/manu-3-600x400.png)\">\n    <a href=\"https:\/\/participa.guttmann.com\/ca\/manu-martinez-nedador\/\">\n        <div class=\"post-grid-content\">\n            <h3 class=\"post-grid-content-title\">\n                Manu Mart\u00ednez, nedador            <\/h3>\n            <div class=\"post-grid-content-footer\">\n                                30 juliol 2021            <\/div>\n        <\/div>\n    <\/a>\n<\/article>\n\n        <\/div>\n        \n        <div class=\"col-md-3\" data-os-animation=\"none\" data-os-animation-delay=\"0s\">\n\n        <article id=\"post-6468\" class=\"post-grid post-grid-overlay element-bottom-20 text-left\" style=\"background-image: url(https:\/\/participa.guttmann.com\/wp-content\/uploads\/2021\/06\/Captura-de-pantalla-2021-06-22-131758-600x400.jpg)\">\n    <a href=\"https:\/\/participa.guttmann.com\/ca\/francisco-sardon-president-de-predif\/\">\n        <div class=\"post-grid-content\">\n            <h3 class=\"post-grid-content-title\">\n                Francisco Sard\u00f3n, President de PREDIF            <\/h3>\n            <div class=\"post-grid-content-footer\">\n                                22 juny 2021            <\/div>\n        <\/div>\n    <\/a>\n<\/article>\n\n        <\/div>\n        \n        <div class=\"col-md-3\" data-os-animation=\"none\" data-os-animation-delay=\"0s\">\n\n        <article id=\"post-4726\" class=\"post-grid post-grid-overlay element-bottom-20 text-left\" style=\"background-image: url(https:\/\/participa.guttmann.com\/wp-content\/uploads\/2021\/04\/Alex-Roca-600x400.png)\">\n    <a href=\"https:\/\/participa.guttmann.com\/ca\/alex-roca-esportista-i-conferenciant\/\">\n        <div class=\"post-grid-content\">\n            <h3 class=\"post-grid-content-title\">\n                \u00c0lex Roca, esportista i conferenciant            <\/h3>\n            <div class=\"post-grid-content-footer\">\n                                14 abril 2021            <\/div>\n        <\/div>\n    <\/a>\n<\/article>\n\n        <\/div>\n        \n        <div class=\"col-md-3\" data-os-animation=\"none\" data-os-animation-delay=\"0s\">\n\n        <article id=\"post-4713\" class=\"post-grid post-grid-overlay element-bottom-20 text-left\" style=\"background-image: url(https:\/\/participa.guttmann.com\/wp-content\/uploads\/2021\/04\/ANXO-600x400.png)\">\n    <a href=\"https:\/\/participa.guttmann.com\/ca\/anxo-queiruga-president-de-cocemfe\/\">\n        <div class=\"post-grid-content\">\n            <h3 class=\"post-grid-content-title\">\n                Anxo Queiruga, president de COCEMFE            <\/h3>\n            <div class=\"post-grid-content-footer\">\n                                14 abril 2021            <\/div>\n        <\/div>\n    <\/a>\n<\/article>\n\n        <\/div>\n        \n        <div class=\"col-md-3\" data-os-animation=\"none\" data-os-animation-delay=\"0s\">\n\n        <article id=\"post-4685\" class=\"post-grid post-grid-overlay element-bottom-20 text-left\" style=\"background-image: url(https:\/\/participa.guttmann.com\/wp-content\/uploads\/2021\/04\/jb-600x400.png)\">\n    <a href=\"https:\/\/participa.guttmann.com\/ca\/jaume-balaguero-director-de-cinema\/\">\n        <div class=\"post-grid-content\">\n            <h3 class=\"post-grid-content-title\">\n                Jaume Balaguer\u00f3, director de cinema            <\/h3>\n            <div class=\"post-grid-content-footer\">\n                                13 abril 2021            <\/div>\n        <\/div>\n    <\/a>\n<\/article>\n\n        <\/div>\n        \n        <div class=\"col-md-3\" data-os-animation=\"none\" data-os-animation-delay=\"0s\">\n\n        <article id=\"post-4677\" class=\"post-grid post-grid-overlay element-bottom-20 text-left\" style=\"background-image: url(https:\/\/participa.guttmann.com\/wp-content\/uploads\/2021\/04\/js-600x400.png)\">\n    <a href=\"https:\/\/participa.guttmann.com\/ca\/joan-subirats-conseller-de-cultura-de-lajuntament-de-barcelona\/\">\n        <div class=\"post-grid-content\">\n            <h3 class=\"post-grid-content-title\">\n                Joan Subirats, ministre d&#8217;Universitats            <\/h3>\n            <div class=\"post-grid-content-footer\">\n                                13 abril 2021            <\/div>\n        <\/div>\n    <\/a>\n<\/article>\n\n        <\/div>\n        \n        <div class=\"col-md-3\" data-os-animation=\"none\" data-os-animation-delay=\"0s\">\n\n        <article id=\"post-4668\" class=\"post-grid post-grid-overlay element-bottom-20 text-left\" style=\"background-image: url(https:\/\/participa.guttmann.com\/wp-content\/uploads\/2021\/04\/ig-600x400.png)\">\n    <a href=\"https:\/\/participa.guttmann.com\/ca\/inaki-gabilondo-periodista\/\">\n        <div class=\"post-grid-content\">\n            <h3 class=\"post-grid-content-title\">\n                I\u00f1aki Gabilondo, periodista            <\/h3>\n            <div class=\"post-grid-content-footer\">\n                                13 abril 2021            <\/div>\n        <\/div>\n    <\/a>\n<\/article>\n\n        <\/div>\n        \n        <div class=\"col-md-3\" data-os-animation=\"none\" data-os-animation-delay=\"0s\">\n\n        <article id=\"post-4548\" class=\"post-grid post-grid-overlay element-bottom-20 text-left\" style=\"background-image: url(https:\/\/participa.guttmann.com\/wp-content\/uploads\/2021\/04\/cda-600x400.png)\">\n    <a href=\"https:\/\/participa.guttmann.com\/ca\/carlos-de-albert-vicepresident-de-sillas-voladoras\/\">\n        <div class=\"post-grid-content\">\n            <h3 class=\"post-grid-content-title\">\n                Carlos de Albert, vicepresident de Sillas Voladoras            <\/h3>\n            <div class=\"post-grid-content-footer\">\n                                8 abril 2021            <\/div>\n        <\/div>\n    <\/a>\n<\/article>\n\n        <\/div>\n        \n        <div class=\"col-md-3\" data-os-animation=\"none\" data-os-animation-delay=\"0s\">\n\n        <article id=\"post-4505\" class=\"post-grid post-grid-overlay element-bottom-20 text-left\" style=\"background-image: url(https:\/\/participa.guttmann.com\/wp-content\/uploads\/2021\/04\/lz-600x400.png)\">\n    <a href=\"https:\/\/participa.guttmann.com\/ca\/luk-zelderloo-secretari-general-deaspd\/\">\n        <div class=\"post-grid-content\">\n            <h3 class=\"post-grid-content-title\">\n                Luk Zelderloo, secretari general d&#8217;EASPD            <\/h3>\n            <div class=\"post-grid-content-footer\">\n                                6 abril 2021            <\/div>\n        <\/div>\n    <\/a>\n<\/article>\n\n        <\/div>\n        \n        <div class=\"col-md-3\" data-os-animation=\"none\" data-os-animation-delay=\"0s\">\n\n        <article id=\"post-4489\" class=\"post-grid post-grid-overlay element-bottom-20 text-left\" style=\"background-image: url(https:\/\/participa.guttmann.com\/wp-content\/uploads\/2021\/04\/sc-600x400.png)\">\n    <a href=\"https:\/\/participa.guttmann.com\/ca\/sergi-cutillas-tecnic-de-so\/\">\n        <div class=\"post-grid-content\">\n            <h3 class=\"post-grid-content-title\">\n                Sergi Cutillas, t\u00e8cnic de so            <\/h3>\n            <div class=\"post-grid-content-footer\">\n                                6 abril 2021            <\/div>\n        <\/div>\n    <\/a>\n<\/article>\n\n        <\/div>\n        \n        <div class=\"col-md-3\" data-os-animation=\"none\" data-os-animation-delay=\"0s\">\n\n        <article id=\"post-4132\" class=\"post-grid post-grid-overlay element-bottom-20 text-left\" style=\"background-image: url(https:\/\/participa.guttmann.com\/wp-content\/uploads\/2021\/03\/Captura-1-600x400.png)\">\n    <a href=\"https:\/\/participa.guttmann.com\/ca\/albert-llovera-pilot-de-rallies\/\">\n        <div class=\"post-grid-content\">\n            <h3 class=\"post-grid-content-title\">\n                Albert Llovera, pilot de rallies            <\/h3>\n            <div class=\"post-grid-content-footer\">\n                                26 mar\u00e7 2021            <\/div>\n        <\/div>\n    <\/a>\n<\/article>\n\n        <\/div>\n        \n        <div class=\"col-md-3\" data-os-animation=\"none\" data-os-animation-delay=\"0s\">\n\n        <article id=\"post-4141\" class=\"post-grid post-grid-overlay element-bottom-20 text-left\" style=\"background-image: url(https:\/\/participa.guttmann.com\/wp-content\/uploads\/2021\/03\/gb-600x400.png)\">\n    <a href=\"https:\/\/participa.guttmann.com\/ca\/josep-maria-sole-president-del-consell-social-de-linstitut-guttmann\/\">\n        <div class=\"post-grid-content\">\n            <h3 class=\"post-grid-content-title\">\n                Josep Maria Sol\u00e9, president del Consell Social de l&#8217;Institut Guttmann            <\/h3>\n            <div class=\"post-grid-content-footer\">\n                                26 mar\u00e7 2021            <\/div>\n        <\/div>\n    <\/a>\n<\/article>\n\n        <\/div>\n        \n        <div class=\"col-md-3\" data-os-animation=\"none\" data-os-animation-delay=\"0s\">\n\n        <article id=\"post-2388\" class=\"post-grid post-grid-overlay element-bottom-20 text-left\" style=\"background-image: url(https:\/\/participa.guttmann.com\/wp-content\/uploads\/2020\/10\/centeno-600x400.png)\">\n    <a href=\"https:\/\/participa.guttmann.com\/ca\/antonio-centeno-membre-fundador-de-lovi\/\">\n        <div class=\"post-grid-content\">\n            <h3 class=\"post-grid-content-title\">\n                Antonio Centeno, membre fundador de l&#8217;OVI            <\/h3>\n            <div class=\"post-grid-content-footer\">\n                                25 octubre 2020            <\/div>\n        <\/div>\n    <\/a>\n<\/article>\n\n        <\/div>\n        \n        <div class=\"col-md-3\" data-os-animation=\"none\" data-os-animation-delay=\"0s\">\n\n        <article id=\"post-2241\" class=\"post-grid post-grid-overlay element-bottom-20 text-left\" style=\"background-image: url(https:\/\/participa.guttmann.com\/wp-content\/uploads\/2020\/10\/serrat-600x400.png)\">\n    <a href=\"https:\/\/participa.guttmann.com\/ca\/joan-manuel-serrat-cantant-2\/\">\n        <div class=\"post-grid-content\">\n            <h3 class=\"post-grid-content-title\">\n                Joan Manuel Serrat, cantautor            <\/h3>\n            <div class=\"post-grid-content-footer\">\n                                1 octubre 2020            <\/div>\n        <\/div>\n    <\/a>\n<\/article>\n\n        <\/div>\n        \n        <div class=\"col-md-3\" data-os-animation=\"none\" data-os-animation-delay=\"0s\">\n\n        <article id=\"post-2357\" class=\"post-grid post-grid-overlay element-bottom-20 text-left\" style=\"background-image: url(https:\/\/participa.guttmann.com\/wp-content\/uploads\/2020\/10\/ruben-600x400.png)\">\n    <a href=\"https:\/\/participa.guttmann.com\/ca\/ruben-wagensberg-politic-i-activista-2\/\">\n        <div class=\"post-grid-content\">\n            <h3 class=\"post-grid-content-title\">\n                Ruben Wagensberg, pol\u00edtic i activista            <\/h3>\n            <div class=\"post-grid-content-footer\">\n                                1 octubre 2020            <\/div>\n        <\/div>\n    <\/a>\n<\/article>\n\n        <\/div>\n        \n        <div class=\"col-md-3\" data-os-animation=\"none\" data-os-animation-delay=\"0s\">\n\n        <article id=\"post-2239\" class=\"post-grid post-grid-overlay element-bottom-20 text-left\" style=\"background-image: url(https:\/\/participa.guttmann.com\/wp-content\/uploads\/2020\/09\/elisenda-600x400.png)\">\n    <a href=\"https:\/\/participa.guttmann.com\/ca\/elisenda-camps-periodista\/\">\n        <div class=\"post-grid-content\">\n            <h3 class=\"post-grid-content-title\">\n                Elisenda Camps, periodista            <\/h3>\n            <div class=\"post-grid-content-footer\">\n                                29 setembre 2020            <\/div>\n        <\/div>\n    <\/a>\n<\/article>\n\n        <\/div>\n        \n        <div class=\"col-md-3\" data-os-animation=\"none\" data-os-animation-delay=\"0s\">\n\n        <article id=\"post-2121\" class=\"post-grid post-grid-overlay element-bottom-20 text-left\" style=\"background-image: url(https:\/\/participa.guttmann.com\/wp-content\/uploads\/2020\/09\/diz-591x400.png)\">\n    <a href=\"https:\/\/participa.guttmann.com\/ca\/jordi-diz-conferenciant\/\">\n        <div class=\"post-grid-content\">\n            <h3 class=\"post-grid-content-title\">\n                Jordi Diz, comunicador            <\/h3>\n            <div class=\"post-grid-content-footer\">\n                                28 setembre 2020            <\/div>\n        <\/div>\n    <\/a>\n<\/article>\n\n        <\/div>\n        \n        <div class=\"col-md-3\" data-os-animation=\"none\" data-os-animation-delay=\"0s\">\n\n        <article id=\"post-2113\" class=\"post-grid post-grid-overlay element-bottom-20 text-left\" style=\"background-image: url(https:\/\/participa.guttmann.com\/wp-content\/uploads\/2020\/09\/jana-1-600x400.png)\">\n    <a href=\"https:\/\/participa.guttmann.com\/ca\/jana-arimany-fundadora-de-capac-i-valida\/\">\n        <div class=\"post-grid-content\">\n            <h3 class=\"post-grid-content-title\">\n                Jana Arimany, fundadora de Capa\u00e7 i V\u00e0lida            <\/h3>\n            <div class=\"post-grid-content-footer\">\n                                28 setembre 2020            <\/div>\n        <\/div>\n    <\/a>\n<\/article>\n\n        <\/div>\n        \n        <div class=\"col-md-3\" data-os-animation=\"none\" data-os-animation-delay=\"0s\">\n\n        <article id=\"post-2099\" class=\"post-grid post-grid-overlay element-bottom-20 text-left\" style=\"background-image: url(https:\/\/participa.guttmann.com\/wp-content\/uploads\/2020\/09\/laura-561x400.png)\">\n    <a href=\"https:\/\/participa.guttmann.com\/ca\/laura-sanmiquel-doctoranda-en-psicologia-social\/\">\n        <div class=\"post-grid-content\">\n            <h3 class=\"post-grid-content-title\">\n                Laura Sanmiquel, doctoranda en Psicologia Social            <\/h3>\n            <div class=\"post-grid-content-footer\">\n                                28 setembre 2020            <\/div>\n        <\/div>\n    <\/a>\n<\/article>\n\n        <\/div>\n        \n        <div class=\"col-md-3\" data-os-animation=\"none\" data-os-animation-delay=\"0s\">\n\n        <article id=\"post-2070\" class=\"post-grid post-grid-overlay element-bottom-20 text-left\" style=\"background-image: url(https:\/\/participa.guttmann.com\/wp-content\/uploads\/2020\/09\/miryam-1-600x400.png)\">\n    <a href=\"https:\/\/participa.guttmann.com\/ca\/miryam-gallego-actriu\/\">\n        <div class=\"post-grid-content\">\n            <h3 class=\"post-grid-content-title\">\n                Miryam Gallego, actriu            <\/h3>\n            <div class=\"post-grid-content-footer\">\n                                28 setembre 2020            <\/div>\n        <\/div>\n    <\/a>\n<\/article>\n\n        <\/div>\n        \n        <div class=\"col-md-3\" data-os-animation=\"none\" data-os-animation-delay=\"0s\">\n\n        <article id=\"post-1736\" class=\"post-grid post-grid-overlay element-bottom-20 text-left\" style=\"background-image: url(https:\/\/participa.guttmann.com\/wp-content\/uploads\/2020\/09\/FotoEduardoLlano_Youtube-600x400.jpg)\">\n    <a href=\"https:\/\/participa.guttmann.com\/ca\/eduardo-llano-ambaixador-el-projecte\/\">\n        <div class=\"post-grid-content\">\n            <h3 class=\"post-grid-content-title\">\n                Eduardo Llano, president d&#8217;ASPAYM Ast\u00faries            <\/h3>\n            <div class=\"post-grid-content-footer\">\n                                13 juliol 2020            <\/div>\n        <\/div>\n    <\/a>\n<\/article>\n\n        <\/div>\n        <\/div>\n<\/div>        <\/div>\n    <\/div>\n<\/section>\n","protected":false},"excerpt":{"rendered":"Testimoni de Raimon Jan\u00e9, president de la Federaci\u00f3 ACAPPS de fam\u00edlies i persones amb sordesa. \"Hi ha molts estereotips i molts equ\u00edvocs amb les persones amb discapacitat. Per exemple, les persones amb discapacitat auditiva normalment ja no s\u00f3n en un m\u00f3n de silenci perqu\u00e8 utilitzen pr\u00f2tesis auditives. Es comuniquen oralment \u2013el 98% de les persones","protected":false},"author":10,"featured_media":0,"parent":0,"menu_order":1,"comment_status":"closed","ping_status":"closed","template":"","meta":{"_acf_changed":false,"_monsterinsights_skip_tracking":false,"_monsterinsights_sitenote_active":false,"_monsterinsights_sitenote_note":"","_monsterinsights_sitenote_category":0,"footnotes":""},"class_list":["post-6828","page","type-page","status-publish","hentry"],"acf":[],"aioseo_notices":[],"_links":{"self":[{"href":"https:\/\/participa.guttmann.com\/ca\/wp-json\/wp\/v2\/pages\/6828","targetHints":{"allow":["GET"]}}],"collection":[{"href":"https:\/\/participa.guttmann.com\/ca\/wp-json\/wp\/v2\/pages"}],"about":[{"href":"https:\/\/participa.guttmann.com\/ca\/wp-json\/wp\/v2\/types\/page"}],"author":[{"embeddable":true,"href":"https:\/\/participa.guttmann.com\/ca\/wp-json\/wp\/v2\/users\/10"}],"replies":[{"embeddable":true,"href":"https:\/\/participa.guttmann.com\/ca\/wp-json\/wp\/v2\/comments?post=6828"}],"version-history":[{"count":4,"href":"https:\/\/participa.guttmann.com\/ca\/wp-json\/wp\/v2\/pages\/6828\/revisions"}],"predecessor-version":[{"id":10588,"href":"https:\/\/participa.guttmann.com\/ca\/wp-json\/wp\/v2\/pages\/6828\/revisions\/10588"}],"wp:attachment":[{"href":"https:\/\/participa.guttmann.com\/ca\/wp-json\/wp\/v2\/media?parent=6828"}],"curies":[{"name":"wp","href":"https:\/\/api.w.org\/{rel}","templated":true}]}}