{"id":6840,"date":"2021-08-02T14:45:36","date_gmt":"2021-08-02T14:45:36","guid":{"rendered":"https:\/\/participa.guttmann.com\/?page_id=6840"},"modified":"2022-04-25T07:19:01","modified_gmt":"2022-04-25T07:19:01","slug":"consells-i-bones-practiques_lf","status":"publish","type":"page","link":"https:\/\/participa.guttmann.com\/ca\/consells-i-bones-practiques_lf\/","title":{"rendered":"Consells i bones pr\u00e0ctiques"},"content":{"rendered":"<section class=\"section content-concells text-normal section-text-no-shadow section-inner-no-shadow section-normal section-opaque\"  >\n    \n    <div class=\"background-overlay grid-overlay-0 \" style=\"background-color: rgba(0,0,0,0);\"><\/div>\n\n    <div class=\"container container-vertical-default\">\n        <div class=\"row vertical-default\">\n            <div class=\"col-md-12    box-concells text-default small-screen-default\"  ><div class=\"row row-concells\"><div class=\"col-md-12    form-concells text-default small-screen-default\"  ><h2 class=\"text-left title-concells element-top-20 element-bottom-20 text-normal os-animation normal default\" data-os-animation=\"fadeIn\"  data-os-animation-delay=\"0s\" >\t\n                \t\n<\/h2>\n<div class=\"col-text-1 text-normal text-concells element-top-20 element-bottom-40 os-animation\" data-os-animation=\"fadeIn\" data-os-animation-delay=\"0.1s\">\n    <p>En aquesta secci\u00f3 t\u2019oferim consells, recomanacions i bones pr\u00e0ctiques<br \/>\nper promocionar la teva participaci\u00f3 en la societat en aquests 6 \u00e0mbits:<br \/>\nhabitatge, mobilitat, oci, ocupaci\u00f3, relacions personals i acc\u00e9s a serveis.<\/p>\n<p>La llei d\u2019accessibilitat obliga que tots els productes, entorns, b\u00e9ns i serveis<br \/>\nsiguin accessibles, per\u00f2 no es compleix.<\/p>\n<\/div>\n<\/div><\/div><\/div>        <\/div>\n    <\/div>\n<\/section>\n<section class=\"section  text-normal section-text-no-shadow section-inner-no-shadow section-normal section-opaque\"  >\n    \n    <div class=\"background-overlay grid-overlay-0 \" style=\"background-color: rgba(0,0,0,0);\"><\/div>\n\n    <div class=\"container container-vertical-default\">\n        <div class=\"row vertical-default\">\n            <div class=\"col-md-12     text-default small-screen-default\"  ><div class=\"row \"><div class=\"col-md-2     text-center small-screen-default\"  ><div class=\"figure element-top-10 element-bottom-0 image-effect-zoom-in grid-icons-tips col-portfolio os-animation\" data-os-animation=\"fadeInLeft\" data-os-animation-delay=\"0s\">\n            <a href=\"\/ca\/consell\/habitatge_lf\/\" class=\"figure-image \" target=\"_self\">\n        <img loading=\"lazy\" decoding=\"async\" width=\"277\" height=\"277\" src=\"https:\/\/participa.guttmann.com\/wp-content\/uploads\/2021\/01\/Iconos_Participa_FA-01.png\" class=\"attachment-medium size-medium\" alt=\"Icona Habitatge\" srcset=\"https:\/\/participa.guttmann.com\/wp-content\/uploads\/2021\/01\/Iconos_Participa_FA-01.png 277w, https:\/\/participa.guttmann.com\/wp-content\/uploads\/2021\/01\/Iconos_Participa_FA-01-150x150.png 150w\" sizes=\"auto, (max-width: 277px) 100vw, 277px\" \/>            <\/a>\n    <\/div>\n<h2 class=\"text-center  element-top-0 element-bottom-0 text-light os-animation normal default\" data-os-animation=\"fadeInLeft\"  data-os-animation-delay=\"0.3s\" >\t\n        Habitatge        \t\n<\/h2>\n<\/div><div class=\"col-md-2     text-center small-screen-default\"  ><div class=\"figure element-top-10 element-bottom-0 image-effect-zoom-in grid-icons-tips col-portfolio os-animation\" data-os-animation=\"fadeInLeft\" data-os-animation-delay=\"0s\">\n            <a href=\"\/ca\/consell\/mobilitat_lf\" class=\"figure-image \" target=\"_self\">\n        <img loading=\"lazy\" decoding=\"async\" width=\"278\" height=\"277\" src=\"https:\/\/participa.guttmann.com\/wp-content\/uploads\/2021\/01\/Iconos_Participa_FA-02.png\" class=\"attachment-medium size-medium\" alt=\"Icona Mobilitat\" srcset=\"https:\/\/participa.guttmann.com\/wp-content\/uploads\/2021\/01\/Iconos_Participa_FA-02.png 278w, https:\/\/participa.guttmann.com\/wp-content\/uploads\/2021\/01\/Iconos_Participa_FA-02-150x150.png 150w\" sizes=\"auto, (max-width: 278px) 100vw, 278px\" \/>            <\/a>\n    <\/div>\n<h2 class=\"text-center  element-top-0 element-bottom-0 text-light os-animation normal default\" data-os-animation=\"fadeInLeft\"  data-os-animation-delay=\"0.3s\" >\t\n        Mobilitat        \t\n<\/h2>\n<\/div><div class=\"col-md-2     text-center small-screen-default\"  ><div class=\"figure element-top-10 element-bottom-0 image-effect-zoom-in grid-icons-tips col-portfolio os-animation\" data-os-animation=\"fadeInLeft\" data-os-animation-delay=\"0s\">\n            <a href=\"\/ca\/consell\/oci_lf\/\" class=\"figure-image \" target=\"_self\">\n        <img loading=\"lazy\" decoding=\"async\" width=\"278\" height=\"277\" src=\"https:\/\/participa.guttmann.com\/wp-content\/uploads\/2021\/01\/Iconos_Participa_FA-03.png\" class=\"attachment-medium size-medium\" alt=\"Icona Oci\" srcset=\"https:\/\/participa.guttmann.com\/wp-content\/uploads\/2021\/01\/Iconos_Participa_FA-03.png 278w, https:\/\/participa.guttmann.com\/wp-content\/uploads\/2021\/01\/Iconos_Participa_FA-03-150x150.png 150w\" sizes=\"auto, (max-width: 278px) 100vw, 278px\" \/>            <\/a>\n    <\/div>\n<h2 class=\"text-center  element-top-0 element-bottom-0 text-light os-animation normal default\" data-os-animation=\"fadeInLeft\"  data-os-animation-delay=\"0.3s\" >\t\n        Oci        \t\n<\/h2>\n<\/div><div class=\"col-md-2     text-center small-screen-default\"  ><div class=\"figure element-top-20 element-bottom-0 image-effect-zoom-in grid-icons-tips col-portfolio os-animation\" data-os-animation=\"fadeInLeft\" data-os-animation-delay=\"0s\">\n            <a href=\"\/ca\/consell\/ocupacio_lf\/\" class=\"figure-image \" target=\"_self\">\n        <img loading=\"lazy\" decoding=\"async\" width=\"278\" height=\"277\" src=\"https:\/\/participa.guttmann.com\/wp-content\/uploads\/2021\/01\/Iconos_Participa_FA-04.png\" class=\"attachment-medium size-medium\" alt=\"Icona Ocupaci\u00f3\" srcset=\"https:\/\/participa.guttmann.com\/wp-content\/uploads\/2021\/01\/Iconos_Participa_FA-04.png 278w, https:\/\/participa.guttmann.com\/wp-content\/uploads\/2021\/01\/Iconos_Participa_FA-04-150x150.png 150w\" sizes=\"auto, (max-width: 278px) 100vw, 278px\" \/>            <\/a>\n    <\/div>\n<h2 class=\"text-center  element-top-0 element-bottom-20 text-light os-animation normal default\" data-os-animation=\"fadeInLeft\"  data-os-animation-delay=\"0.3s\" >\t\n        Ocupaci\u00f3        \t\n<\/h2>\n<\/div><div class=\"col-md-2     text-center small-screen-default\"  ><div class=\"figure element-top-20 element-bottom-0 image-effect-zoom-in grid-icons-tips col-portfolio os-animation\" data-os-animation=\"fadeInLeft\" data-os-animation-delay=\"0s\">\n            <a href=\"\/ca\/consell\/relacions-interpersonals_lf\/\" class=\"figure-image \" target=\"_self\">\n        <img loading=\"lazy\" decoding=\"async\" width=\"278\" height=\"277\" src=\"https:\/\/participa.guttmann.com\/wp-content\/uploads\/2021\/01\/Iconos_Participa_FA-05.png\" class=\"attachment-medium size-medium\" alt=\"Icona Relacions_Interpersonals\" srcset=\"https:\/\/participa.guttmann.com\/wp-content\/uploads\/2021\/01\/Iconos_Participa_FA-05.png 278w, https:\/\/participa.guttmann.com\/wp-content\/uploads\/2021\/01\/Iconos_Participa_FA-05-150x150.png 150w\" sizes=\"auto, (max-width: 278px) 100vw, 278px\" \/>            <\/a>\n    <\/div>\n<h2 class=\"text-center  element-top-0 element-bottom-20 text-light os-animation normal default\" data-os-animation=\"fadeInLeft\"  data-os-animation-delay=\"0.3s\" >\t\n        Relacions interpersonals        \t\n<\/h2>\n<\/div><div class=\"col-md-2     text-center small-screen-default\"  ><div class=\"figure element-top-20 element-bottom-0 image-effect-zoom-in grid-icons-tips col-portfolio os-animation\" data-os-animation=\"fadeInLeft\" data-os-animation-delay=\"0s\">\n            <a href=\"\/ca\/consell\/acces-a-serveis_lf\/\" class=\"figure-image \" target=\"_self\">\n        <img loading=\"lazy\" decoding=\"async\" width=\"278\" height=\"277\" src=\"https:\/\/participa.guttmann.com\/wp-content\/uploads\/2021\/01\/Iconos_Participa_FA-06.png\" class=\"attachment-medium size-medium\" alt=\"Icona Serveis\" srcset=\"https:\/\/participa.guttmann.com\/wp-content\/uploads\/2021\/01\/Iconos_Participa_FA-06.png 278w, https:\/\/participa.guttmann.com\/wp-content\/uploads\/2021\/01\/Iconos_Participa_FA-06-150x150.png 150w\" sizes=\"auto, (max-width: 278px) 100vw, 278px\" \/>            <\/a>\n    <\/div>\n<h2 class=\"text-center  element-top-0 element-bottom-20 text-light os-animation normal default\" data-os-animation=\"fadeInLeft\"  data-os-animation-delay=\"0.3s\" >\t\n        Acc\u00e9s a serveis        \t\n<\/h2>\n<\/div><\/div><\/div>        <\/div>\n    <\/div>\n<\/section>\n<section class=\"section content-center-p text-normal section-text-no-shadow section-inner-no-shadow section-normal section-opaque\"  >\n    \n    <div class=\"background-overlay grid-overlay-0 \" style=\"background-color: rgba(0,0,0,0);\"><\/div>\n\n    <div class=\"container-fullwidth container-vertical-default\">\n        <div class=\"row vertical-default\">\n            <div class=\"col-md-12    box-center-p text-default small-screen-default\"  ><div class=\"row \"><div class=\"col-md-12    box-title-participa text-default small-screen-default os-animation\" data-os-animation=\"fadeInLeft\" data-os-animation-delay=\"0s\" ><h3 class=\"text-center title-center-p element-top-40 element-bottom-0 text-normal os-animation big default\" data-os-animation=\"fadeInLeft\"  data-os-animation-delay=\"0.4s\" >\t\n        Junts suprimim barreres i constru\u00efm una societat millor!        \t\n<\/h3>\n<\/div><\/div><div class=\"col-text-1 text-normal text-center-p element-top-20 element-bottom-30 os-animation\" data-os-animation=\"fadeInLeft\" data-os-animation-delay=\"0.4s\">\n    <p style=\"text-align: center;\">Col\u00b7labora en construir una societat m\u00e9s inclusiva!<\/p>\n<\/div>\n[vc_btn title=&#8221;Participa!&#8221; shape=&#8221;square&#8221; color=&#8221;white&#8221; align=&#8221;center&#8221; css_animation=&#8221;fadeInLeft&#8221; link=&#8221;url:https%3A%2F%2Fparticipa.guttmann.com%2Fca%2Fregistre-participa%2F|title:Participa!||&#8221; el_class=&#8221;botom-participa&#8221;]<\/div>        <\/div>\n    <\/div>\n<\/section>\n","protected":false},"excerpt":{"rendered":"En aquesta secci\u00f3 t\u2019oferim consells, recomanacions i bones pr\u00e0ctiques per promocionar la teva participaci\u00f3 en la societat en aquests 6 \u00e0mbits: habitatge, mobilitat, oci, ocupaci\u00f3, relacions personals i acc\u00e9s a serveis. La llei d\u2019accessibilitat obliga que tots els productes, entorns, b\u00e9ns i serveis siguin accessibles, per\u00f2 no es compleix. Habitatge Mobilitat Oci Ocupaci\u00f3 Relacions interpersonals","protected":false},"author":10,"featured_media":0,"parent":0,"menu_order":3,"comment_status":"closed","ping_status":"closed","template":"","meta":{"_acf_changed":false,"_monsterinsights_skip_tracking":false,"_monsterinsights_sitenote_active":false,"_monsterinsights_sitenote_note":"","_monsterinsights_sitenote_category":0,"footnotes":""},"class_list":["post-6840","page","type-page","status-publish","hentry"],"acf":[],"aioseo_notices":[],"_links":{"self":[{"href":"https:\/\/participa.guttmann.com\/ca\/wp-json\/wp\/v2\/pages\/6840","targetHints":{"allow":["GET"]}}],"collection":[{"href":"https:\/\/participa.guttmann.com\/ca\/wp-json\/wp\/v2\/pages"}],"about":[{"href":"https:\/\/participa.guttmann.com\/ca\/wp-json\/wp\/v2\/types\/page"}],"author":[{"embeddable":true,"href":"https:\/\/participa.guttmann.com\/ca\/wp-json\/wp\/v2\/users\/10"}],"replies":[{"embeddable":true,"href":"https:\/\/participa.guttmann.com\/ca\/wp-json\/wp\/v2\/comments?post=6840"}],"version-history":[{"count":13,"href":"https:\/\/participa.guttmann.com\/ca\/wp-json\/wp\/v2\/pages\/6840\/revisions"}],"predecessor-version":[{"id":7655,"href":"https:\/\/participa.guttmann.com\/ca\/wp-json\/wp\/v2\/pages\/6840\/revisions\/7655"}],"wp:attachment":[{"href":"https:\/\/participa.guttmann.com\/ca\/wp-json\/wp\/v2\/media?parent=6840"}],"curies":[{"name":"wp","href":"https:\/\/api.w.org\/{rel}","templated":true}]}}