{"id":6907,"date":"2021-08-09T06:22:14","date_gmt":"2021-08-09T06:22:14","guid":{"rendered":"https:\/\/participa.guttmann.com\/?page_id=6907"},"modified":"2022-04-25T07:49:16","modified_gmt":"2022-04-25T07:49:16","slug":"drets_lf","status":"publish","type":"page","link":"https:\/\/participa.guttmann.com\/ca\/drets_lf\/","title":{"rendered":"Coneixes els teus drets?"},"content":{"rendered":"<section class=\"section  text-normal section-text-no-shadow section-inner-no-shadow section-normal section-opaque\"  >\n    \n    <div class=\"background-overlay grid-overlay-0 \" style=\"background-color: rgba(0,0,0,0);\"><\/div>\n\n    <div class=\"container container-vertical-default\">\n        <div class=\"row vertical-default\">\n            <div class=\"col-md-12     text-default small-screen-default\"  ><div class=\"col-text-1 text-normal  element-top-20 element-bottom-20\" data-os-animation=\"none\" data-os-animation-delay=\"0s\">\n    <p>En aquest apartat pots consultar les lleis relacionades amb la discapacitat<br \/>\ni els organismes on et pots informar, assessorar o presentar una den\u00fancia.<\/p>\n<p>A m\u00e9s a m\u00e9s, en el portal de <a href=\"#https:\/\/siidon.guttmann.com\/ca\/siidon\/aspectos-legales%20\">SiiDON<\/a>, el Servei d\u2019Informaci\u00f3 Integral<br \/>\nper a la Discapacitat d\u2019Origen Neurol\u00f2gic de l\u2019Institut Guttmann,<br \/>\ntrobar\u00e0s respostes a les preguntes seg\u00fcents i moltes m\u00e9s:<\/p>\n<ul>\n<li>Com puc tramitar el certificat de discapacitat?<\/li>\n<li>On puc demanar la targeta d\u2019aparcament?<\/li>\n<li>Quins incentius t\u00e9 l\u2019empresa que contracta<br \/>\npersones amb discapacitat?<\/li>\n<li>Com puc tramitar les ajudes per a la promoci\u00f3<br \/>\nde l\u2019autonomia personal?<\/li>\n<\/ul>\n<h2 style=\"text-align: center;\"><strong><a title=\"Servei d\u2019Informaci\u00f3 Integra per a la Discapacitat d\u2019Origen Neurol\u00f2gic de l\u2019Institut Guttmann\" href=\"https:\/\/siidon.guttmann.com\/ca\/siidon\/aspectos-legales\">https:\/\/siidon.guttmann.com\/ca\/siidon\/aspectos-legales<\/a><\/strong><\/h2>\n<p><a href=\"https:\/\/siidon.guttmann.com\/ca\/siidon\/aspectos-legales\"><img loading=\"lazy\" decoding=\"async\" class=\"aligncenter wp-image-2344 size-full\" src=\"https:\/\/participa.guttmann.com\/wp-content\/uploads\/2020\/09\/logo-siidon.png\" alt=\"Servei d\u2019Informaci\u00f3 Integra per a la Discapacitat d\u2019Origen Neurol\u00f2gic de l\u2019Institut Guttmann\" width=\"178\" height=\"76\" \/><\/a><\/p>\n<\/div>\n<\/div>        <\/div>\n    <\/div>\n<\/section>\n<section class=\"section  text-normal section-text-no-shadow section-inner-no-shadow section-normal section-opaque\"  >\n    \n    <div class=\"background-overlay grid-overlay-0 \" style=\"background-color: rgba(0,0,0,0);\"><\/div>\n\n    <div class=\"container container-vertical-default\">\n        <div class=\"row vertical-default\">\n            <div class=\"col-md-6     text-default small-screen-default os-animation\" data-os-animation=\"fadeInLeft\" data-os-animation-delay=\"0.3s\" >[vc_raw_html el_class=&#8221;cuadricula-portfolio&#8221;]JTNDYSUyMGhyZWYlM0QlMjIlMkZjYSUyRmxlZ2lzbGFjaW9fbGYlMjIlM0UlMEElM0NkaXYlMjBjbGFzcyUzRCUyMmNvbnRlbnQtYm94LWhhYml0YXRnZSUyMiUzRSUwQSUwQSUwOSUzQ2RpdiUyMGNsYXNzJTNEJTIyYm94LWhhYml0YXRnZS1ib3glMjBib3gtZHJldHMlMjIlM0UlMEElMDklMDklMEElMEElM0NkaXYlMjBjbGFzcyUzRCUyMnRpdGxlLWhhYml0YXRnZS10aXRsZSUyMHRpdGxlLWRyZXRzJTIwdGl0bGUta25vd24tcHJvamVjdCUyMiUzRSUwQSUwOSUwOSUwOSUzQ2gyJTNFTGxlaXMlMjBzb2JyZSUyMGRpc2NhcGFjaXRhdCUzQyUyRmgyJTNFJTBBJTA5JTA5JTNDJTJGZGl2JTNFJTBBJTBBJTA5JTNDJTJGZGl2JTNFJTBBJTNDJTJGZGl2JTNFJTBBJTNDJTJGYSUzRQ==[\/vc_raw_html]<\/div><div class=\"col-md-6     text-default small-screen-default os-animation\" data-os-animation=\"fadeInLeft\" data-os-animation-delay=\"0.5s\" >[vc_raw_html el_class=&#8221;cuadricula-portfolio&#8221;]JTNDYSUyMGhyZWYlM0QlMjIlMkZjYSUyRm9yZ2FuaXNtZXNfbGYlMjIlM0UlMEElM0NkaXYlMjBjbGFzcyUzRCUyMmNvbnRlbnQtYm94LWhhYml0YXRnZSUyMiUzRSUwQSUwQSUwOSUzQ2RpdiUyMGNsYXNzJTNEJTIyYm94LWhhYml0YXRnZS1ib3glMjBib3gtZHJldHMlMjIlM0UlMEElMDklMDklMEElMEElM0NkaXYlMjBjbGFzcyUzRCUyMnRpdGxlLWhhYml0YXRnZS10aXRsZSUyMHRpdGxlLWRyZXRzJTIwdGl0bGUta25vd24tcHJvamVjdCUyMiUzRSUwQSUwOSUwOSUwOSUzQ2gyJTNFT3JnYW5pc21lcyUyMGQlRTIlODAlOTlpbmZvcm1hY2klQzMlQjMlMkMlMjBhc3Nlc3NvcmFtZW50JTIwaSUyMGRlbiVDMyVCQW5jaWElM0MlMkZoMiUzRSUwQSUwOSUwOSUzQyUyRmRpdiUzRSUwQSUwQSUwOSUzQyUyRmRpdiUzRSUwQSUzQyUyRmRpdiUzRSUwQSUzQyUyRmElM0U=[\/vc_raw_html]<\/div>        <\/div>\n    <\/div>\n<\/section>\n","protected":false},"excerpt":{"rendered":"En aquest apartat pots consultar les lleis relacionades amb la discapacitat i els organismes on et pots informar, assessorar o presentar una den\u00fancia. A m\u00e9s a m\u00e9s, en el portal de SiiDON, el Servei d\u2019Informaci\u00f3 Integral per a la Discapacitat d\u2019Origen Neurol\u00f2gic de l\u2019Institut Guttmann, trobar\u00e0s respostes a les preguntes seg\u00fcents i moltes m\u00e9s: Com","protected":false},"author":10,"featured_media":0,"parent":0,"menu_order":2,"comment_status":"closed","ping_status":"closed","template":"","meta":{"_acf_changed":false,"_monsterinsights_skip_tracking":false,"_monsterinsights_sitenote_active":false,"_monsterinsights_sitenote_note":"","_monsterinsights_sitenote_category":0,"footnotes":""},"class_list":["post-6907","page","type-page","status-publish","hentry"],"acf":[],"aioseo_notices":[],"_links":{"self":[{"href":"https:\/\/participa.guttmann.com\/ca\/wp-json\/wp\/v2\/pages\/6907","targetHints":{"allow":["GET"]}}],"collection":[{"href":"https:\/\/participa.guttmann.com\/ca\/wp-json\/wp\/v2\/pages"}],"about":[{"href":"https:\/\/participa.guttmann.com\/ca\/wp-json\/wp\/v2\/types\/page"}],"author":[{"embeddable":true,"href":"https:\/\/participa.guttmann.com\/ca\/wp-json\/wp\/v2\/users\/10"}],"replies":[{"embeddable":true,"href":"https:\/\/participa.guttmann.com\/ca\/wp-json\/wp\/v2\/comments?post=6907"}],"version-history":[{"count":8,"href":"https:\/\/participa.guttmann.com\/ca\/wp-json\/wp\/v2\/pages\/6907\/revisions"}],"predecessor-version":[{"id":10637,"href":"https:\/\/participa.guttmann.com\/ca\/wp-json\/wp\/v2\/pages\/6907\/revisions\/10637"}],"wp:attachment":[{"href":"https:\/\/participa.guttmann.com\/ca\/wp-json\/wp\/v2\/media?parent=6907"}],"curies":[{"name":"wp","href":"https:\/\/api.w.org\/{rel}","templated":true}]}}