{"id":6913,"date":"2021-08-09T06:23:57","date_gmt":"2021-08-09T06:23:57","guid":{"rendered":"https:\/\/participa.guttmann.com\/?page_id=6913"},"modified":"2023-03-24T09:56:19","modified_gmt":"2023-03-24T09:56:19","slug":"lleis_lf","status":"publish","type":"page","link":"https:\/\/participa.guttmann.com\/ca\/lleis_lf\/","title":{"rendered":"Lleis sobre discapacitat"},"content":{"rendered":"<section class=\"section content-assessors text-normal section-text-no-shadow section-inner-no-shadow section-normal section-opaque\"  >\n    \n    <div class=\"background-overlay grid-overlay-0 \" style=\"background-color: rgba(0,0,0,0);\"><\/div>\n\n    <div class=\"container container-vertical-default\">\n        <div class=\"row vertical-default\">\n            <div class=\"col-md-12    box-assessors text-default small-screen-default\"  ><div class=\"row row-assessors\"><div class=\"col-md-12    form-assessors text-default small-screen-default\"  ><div class=\"col-text-1 text-normal text-assessors element-top-20 element-bottom-0 os-animation\" data-os-animation=\"fadeIn\" data-os-animation-delay=\"0s\">\n    <p><strong>\u00c0mbit internacional:<\/strong><\/p>\n<ul>\n<li>Convenci\u00f3 de les Nacions Unides<br \/>\nsobre els drets de les persones amb discapacitat.<\/li>\n<\/ul>\n<p>Es va aprovar el 13 de desembre del 2006<br \/>\ni l\u2019Estat espanyol la va signar el 2008.<\/p>\n<p><a title=\"Convenci\u00f3 de les Nacions Unides sobre els drets de les persones amb discapacitat.\" href=\"https:\/\/www.plenainclusion.org\/sites\/default\/files\/convencion_onu_lf.pdf\" target=\"_blank\" rel=\"noopener\">Enlla\u00e7 a la Convenci\u00f3 en Lectura F\u00e0cil<\/a><\/p>\n<p>&nbsp;<\/p>\n<p><strong>\u00c0mbit estatal:<\/strong><\/p>\n<ul>\n<li>Reial Decret Legislatiu 1\/2013, de 29 de novembre,<br \/>\npel qual s\u2019aprova el text ref\u00f3s de la Llei general de drets de les persones<br \/>\namb discapacitat i de la seva inclusi\u00f3 social.<\/li>\n<li>Llei 26\/2011, d\u20191 d\u2019agost, d\u2019adaptaci\u00f3 normativa a la Convenci\u00f3<br \/>\nInternacional sobre els Drets de les Persones amb Discapacitat.<\/li>\n<li>Reial Decret 1276\/2011, de 16 de setembre, d\u2019adaptaci\u00f3 normativa<br \/>\na la Convenci\u00f3 Internacional sobre els Drets de les Persones amb<br \/>\nDiscapacitat.<\/li>\n<li>Llei 39\/2006, de 14 de desembre, de promoci\u00f3 de l\u2019autonomia personal<br \/>\ni atenci\u00f3 a les persones en situaci\u00f3 de depend\u00e8ncia.<\/li>\n<li>Reial Decret Legislatiu 5\/2000, de 4 d\u2019agost, pel qual s\u2019aprova el text<br \/>\nref\u00f3s de la Llei sobre infraccions i sancions en l\u2019ordre social.<\/li>\n<\/ul>\n<p>&nbsp;<\/p>\n<p><strong><span class=\"ui-provider ww b c d e f g h i j k l m n o p q r s t u v w x y z ab ac ae af ag ah ai aj ak\" dir=\"ltr\">Documentaci\u00f3 d&#8217;inter\u00e8s:<\/span><\/strong><\/p>\n<ul>\n<li>An\u00e0lisi sobre la situaci\u00f3<br \/>\ndels drets de les<br \/>\npersones amb discapacitat<br \/>\ni identificaci\u00f3 de reptes<br \/>\nde futur<\/li>\n<\/ul>\n<p><a href=\"https:\/\/www.siis.net\/documentos\/ficha\/582333.pdf\" target=\"_blank\" rel=\"noopener\">Enlla\u00e7 document<\/a><\/p>\n<\/div>\n<div class=\"col-text-1 text-normal  element-top-20 element-bottom-20\" data-os-animation=\"none\" data-os-animation-delay=\"0s\">\n    <\/div>\n<\/div><\/div><\/div>        <\/div>\n    <\/div>\n<\/section>\n\n","protected":false},"excerpt":{"rendered":"\u00c0mbit internacional: Convenci\u00f3 de les Nacions Unides sobre els drets de les persones amb discapacitat. Es va aprovar el 13 de desembre del 2006 i l\u2019Estat espanyol la va signar el 2008. Enlla\u00e7 a la Convenci\u00f3 en Lectura F\u00e0cil &nbsp; \u00c0mbit estatal: Reial Decret Legislatiu 1\/2013, de 29 de novembre, pel qual s\u2019aprova el text","protected":false},"author":10,"featured_media":0,"parent":0,"menu_order":2,"comment_status":"closed","ping_status":"closed","template":"","meta":{"_acf_changed":false,"_monsterinsights_skip_tracking":false,"_monsterinsights_sitenote_active":false,"_monsterinsights_sitenote_note":"","_monsterinsights_sitenote_category":0,"footnotes":""},"class_list":["post-6913","page","type-page","status-publish","hentry"],"acf":[],"aioseo_notices":[],"_links":{"self":[{"href":"https:\/\/participa.guttmann.com\/ca\/wp-json\/wp\/v2\/pages\/6913","targetHints":{"allow":["GET"]}}],"collection":[{"href":"https:\/\/participa.guttmann.com\/ca\/wp-json\/wp\/v2\/pages"}],"about":[{"href":"https:\/\/participa.guttmann.com\/ca\/wp-json\/wp\/v2\/types\/page"}],"author":[{"embeddable":true,"href":"https:\/\/participa.guttmann.com\/ca\/wp-json\/wp\/v2\/users\/10"}],"replies":[{"embeddable":true,"href":"https:\/\/participa.guttmann.com\/ca\/wp-json\/wp\/v2\/comments?post=6913"}],"version-history":[{"count":8,"href":"https:\/\/participa.guttmann.com\/ca\/wp-json\/wp\/v2\/pages\/6913\/revisions"}],"predecessor-version":[{"id":17632,"href":"https:\/\/participa.guttmann.com\/ca\/wp-json\/wp\/v2\/pages\/6913\/revisions\/17632"}],"wp:attachment":[{"href":"https:\/\/participa.guttmann.com\/ca\/wp-json\/wp\/v2\/media?parent=6913"}],"curies":[{"name":"wp","href":"https:\/\/api.w.org\/{rel}","templated":true}]}}