{"id":6967,"date":"2021-08-09T06:27:24","date_gmt":"2021-08-09T06:27:24","guid":{"rendered":"https:\/\/participa.guttmann.com\/?page_id=6967"},"modified":"2025-06-18T12:29:04","modified_gmt":"2025-06-18T12:29:04","slug":"registre-participa_lf","status":"publish","type":"page","link":"https:\/\/participa.guttmann.com\/ca\/registre-participa_lf\/","title":{"rendered":"Registre Participa"},"content":{"rendered":"<section class=\"section  text-normal section-text-no-shadow section-inner-no-shadow section-normal section-opaque\"  >\n    \n    <div class=\"background-overlay grid-overlay-0 \" style=\"background-color: rgba(0,0,0,0);\"><\/div>\n\n    <div class=\"container container-vertical-default\">\n        <div class=\"row vertical-default\">\n            <div class=\"col-md-12     text-default small-screen-default\"  ><div class=\"col-text-1 text-normal  element-top-20 element-bottom-20\" data-os-animation=\"none\" data-os-animation-delay=\"0s\">\n    <p data-start=\"59\" data-end=\"119\">Moltes gr\u00e0cies pel teu inter\u00e8s en el projecte PARTICIPA.<\/p>\n<p data-start=\"121\" data-end=\"170\">Ara ja no es poden apuntar nous participants.<\/p>\n<p data-start=\"172\" data-end=\"312\">Per\u00f2 et pots subscriure al butllet\u00ed de not\u00edcies de l\u2019estudi<br data-start=\"268\" data-end=\"271\" \/>per estar informat de totes les novetats.<\/p>\n<p data-start=\"319\" data-end=\"446\">Si ja participes en el projecte,<br data-start=\"355\" data-end=\"358\" \/>et convidem a continuar responent els q\u00fcestionaris<br data-start=\"412\" data-end=\"415\" \/>i a participar en el f\u00f2rum.<\/p>\n<p data-start=\"448\" data-end=\"530\">Encara que no es poden apuntar m\u00e9s persones,<br data-start=\"496\" data-end=\"499\" \/>l\u2019estudi continua en marxa.<\/p>\n<p data-start=\"532\" data-end=\"690\">Seguim analitzant les dades<br data-start=\"563\" data-end=\"566\" \/>per entendre millor<br data-start=\"585\" data-end=\"588\" \/>qu\u00e8 ajuda i qu\u00e8 dificulta<br data-start=\"617\" data-end=\"620\" \/>la participaci\u00f3 en la societat<br data-start=\"650\" data-end=\"653\" \/>de les persones amb discapacitat.<\/p>\n<\/div>\n<\/div>        <\/div>\n    <\/div>\n<\/section>\n<section class=\"section  text-normal section-text-no-shadow section-inner-no-shadow section-normal section-opaque\"  >\n    \n    <div class=\"background-overlay grid-overlay-0 \" style=\"background-color: rgba(0,0,0,0);\"><\/div>\n\n    <div class=\"container container-vertical-default\">\n        <div class=\"row vertical-default\">\n            <div class=\"col-md-12     text-default small-screen-default\"  >[vc_raw_html]JTNDZGl2JTIwaWQlM0QlMjJmOWVjNDBjZC03MTI4LTQyYWMtOGY4NS0wN2UyM2ZmODk4MTQlMjIlM0UlM0MlMkZkaXYlM0U=[\/vc_raw_html]<\/div>        <\/div>\n    <\/div>\n<\/section>\n","protected":false},"excerpt":{"rendered":"Moltes gr\u00e0cies pel teu inter\u00e8s en el projecte PARTICIPA. Ara ja no es poden apuntar nous participants. Per\u00f2 et pots subscriure al butllet\u00ed de not\u00edcies de l\u2019estudiper estar informat de totes les novetats. Si ja participes en el projecte,et convidem a continuar responent els q\u00fcestionarisi a participar en el f\u00f2rum. Encara que no es poden","protected":false},"author":10,"featured_media":0,"parent":0,"menu_order":6,"comment_status":"closed","ping_status":"closed","template":"","meta":{"_acf_changed":false,"_monsterinsights_skip_tracking":false,"_monsterinsights_sitenote_active":false,"_monsterinsights_sitenote_note":"","_monsterinsights_sitenote_category":0,"footnotes":""},"class_list":["post-6967","page","type-page","status-publish","hentry"],"acf":[],"aioseo_notices":[],"_links":{"self":[{"href":"https:\/\/participa.guttmann.com\/ca\/wp-json\/wp\/v2\/pages\/6967","targetHints":{"allow":["GET"]}}],"collection":[{"href":"https:\/\/participa.guttmann.com\/ca\/wp-json\/wp\/v2\/pages"}],"about":[{"href":"https:\/\/participa.guttmann.com\/ca\/wp-json\/wp\/v2\/types\/page"}],"author":[{"embeddable":true,"href":"https:\/\/participa.guttmann.com\/ca\/wp-json\/wp\/v2\/users\/10"}],"replies":[{"embeddable":true,"href":"https:\/\/participa.guttmann.com\/ca\/wp-json\/wp\/v2\/comments?post=6967"}],"version-history":[{"count":10,"href":"https:\/\/participa.guttmann.com\/ca\/wp-json\/wp\/v2\/pages\/6967\/revisions"}],"predecessor-version":[{"id":23249,"href":"https:\/\/participa.guttmann.com\/ca\/wp-json\/wp\/v2\/pages\/6967\/revisions\/23249"}],"wp:attachment":[{"href":"https:\/\/participa.guttmann.com\/ca\/wp-json\/wp\/v2\/media?parent=6967"}],"curies":[{"name":"wp","href":"https:\/\/api.w.org\/{rel}","templated":true}]}}