{"id":6982,"date":"2021-08-09T06:27:44","date_gmt":"2021-08-09T06:27:44","guid":{"rendered":"https:\/\/participa.guttmann.com\/?page_id=6982"},"modified":"2022-04-25T08:22:54","modified_gmt":"2022-04-25T08:22:54","slug":"avis-legal-i-politica-de-privacitat_lf","status":"publish","type":"page","link":"https:\/\/participa.guttmann.com\/ca\/avis-legal-i-politica-de-privacitat_lf\/","title":{"rendered":"Av\u00eds Legal i Pol\u00edtica de Privacitat"},"content":{"rendered":"<section class=\"section content-form text-normal section-text-no-shadow section-inner-no-shadow section-normal section-opaque\"  >\n    \n    <div class=\"background-overlay grid-overlay-0 \" style=\"background-color: rgba(0,0,0,0);\"><\/div>\n\n    <div class=\"container container-vertical-default\">\n        <div class=\"row vertical-default\">\n            <div class=\"col-md-12    box-contact text-default small-screen-default os-animation\" data-os-animation=\"fadeIn\" data-os-animation-delay=\"0s\" ><div class=\"divider-wrapper \" style=\"visibility:hidden;background-color:#FFFFFF\">\n    <div class=\"visible-xs\" style=\"height:40px;\"><\/div>\n    <div class=\"visible-sm\" style=\"height:40px;\"><\/div>\n    <div class=\"visible-md\" style=\"height:40px;\"><\/div>\n    <div class=\"visible-lg\" style=\"height:40px;\"><\/div>\n<\/div><h2 class=\"text-left  element-top-20 element-bottom-20 text-light normal default\" data-os-animation=\"none\"  data-os-animation-delay=\"0s\" >\t\n        Av\u00eds legal i pol\u00edtica de privacitat        \t\n<\/h2>\n<div class=\"col-text-1 text-normal  element-top-20 element-bottom-20\" data-os-animation=\"none\" data-os-animation-delay=\"0s\">\n    <p>Institut Guttmann \u00e9s una marca registrada<br \/>\na l\u2019Oficina Espanyola de Patents i Marques.<br \/>\nEst\u00e0 prohibit reproduir una part o tot el contingut d\u2019aquest lloc web<br \/>\nsense citar-ne l\u2019origen o sense l\u2019autoritzaci\u00f3 de l\u2019Institut Guttmann.<\/p>\n<p>L\u2019Institut Guttmann pot fer canvis en la informaci\u00f3 del web<br \/>\no la manera de presentar-la sense haver d\u2019avisar.<\/p>\n<\/div>\n<h2 class=\"text-left  element-top-20 element-bottom-20 text-light normal default\" data-os-animation=\"none\"  data-os-animation-delay=\"0s\" >\t\n        Protecci\u00f3 de dades        \t\n<\/h2>\n<div class=\"col-text-1 text-normal  element-top-20 element-bottom-20\" data-os-animation=\"none\" data-os-animation-delay=\"0s\">\n    <p>Per participar a l\u2019estudi PARTICIPA et demanem dades personals.<\/p>\n<p>L\u2019Institut Guttmann guardar\u00e0 les teves dades en els seus equips inform\u00e0tics,<br \/>\nde manera segura i no les donar\u00e0 a ning\u00fa,<br \/>\ntal com indica la Llei de protecci\u00f3 de dades personals.<\/p>\n<p>Les dades personals s\u2019utilitzen per a:<\/p>\n<ul>\n<li>identificar-te,<\/li>\n<li>fer estudis com aquest,<\/li>\n<li>comunicar-te incid\u00e8ncies i novetats per correu electr\u00f2nic.<\/li>\n<\/ul>\n<p>Et compromets a dir la veritat i a donar dades certes.<br \/>\nL\u2019Institut Guttmann t\u2019exclour\u00e0 de l\u2019estudi, si dones dades falses.<\/p>\n<p>Tens dret a accedir a les teves dades personals<br \/>\nper corregir-les, eliminar-les o oposar-te al seu \u00fas.<br \/>\nHo has de comunicar per escrit a l\u2019Institut Guttmann, mitjan\u00e7ant:<\/p>\n<p>Correu electr\u00f2nic:\u00a0<a href=\"mailto:%20protecciodades@guttmann.com\">protecciodades@guttmann.com<\/a><br \/>\nCorreu postal: Cam\u00ed de Can Ruti, s\/n, 08916 Badalona.<\/p>\n<p>Has d\u2019indicar la refer\u00e8ncia \u201cTractament de dades\u201d<br \/>\ni adjuntar c\u00f2pia del teu DNI<br \/>\no el document d\u2019identificaci\u00f3 que el substitueixi.<\/p>\n<p>L\u2019Institut Guttmann t\u00e9 un delegat de Protecci\u00f3 de Dades.<br \/>\nHi pots contactar per correu electr\u00f2nic a:\u00a0<a href=\"https:\/\/www.guttmann.com\/ca\/protecciodades@guttmann.com\">protecciodades@guttmann.com<\/a><\/p>\n<p>Formularis per exercir els teus drets,<br \/>\ninclosos en el\u00a0<em>Reglament General de Protecci\u00f3 de Dades<\/em><\/p>\n<ul>\n<li><a href=\"https:\/\/www.guttmann.com\/files\/annex_07_1_formularti_dret_acces_2018.pdf\">Formulari Dret d\u2019Acc\u00e9s<\/a><\/li>\n<li><a href=\"https:\/\/www.guttmann.com\/files\/annex_07_2_formularti_dret_rectificacio_2018_0.pdf\">Formulari Dret de Rectificaci\u00f3\u00a0<\/a><\/li>\n<li><a href=\"https:\/\/www.guttmann.com\/files\/dret-supressio.pdf\">Formulari Dret de Supressi\u00f3<\/a><\/li>\n<li><a href=\"https:\/\/www.guttmann.com\/files\/annex_07_4_formularti_dret_portabilitat_2018_0.pdf\">Formulari Dret de Portabilitat<\/a><\/li>\n<li><a href=\"https:\/\/www.guttmann.com\/files\/annex_07_5_formularti_dret_limitacio_2018_0.pdf\">Formulari Dret de Limitaci\u00f3\u00a0<\/a><\/li>\n<li><a href=\"https:\/\/www.guttmann.com\/files\/annex_07_6_formularti_dret_oposicio_2018_0.pdf\">Formulari Dret d\u2019Oposici\u00f3\u00a0<\/a><\/li>\n<\/ul>\n<p><strong>Fundaci\u00f3 Institut Guttmann<\/strong><\/p>\n<p>La Fundaci\u00f3 Institut Guttmann \u00e9s una fundaci\u00f3 privada sense \u00e0nim de lucre<br \/>\namb activitat privada i p\u00fablica.<br \/>\nPer a l\u2019activitat p\u00fablica est\u00e0 acreditada com a:<\/p>\n<ul>\n<li>Hospital de refer\u00e8ncia, pel Departament de Salut<br \/>\nde la Generalitat de Catalunya.<\/li>\n<li>Centre de refer\u00e8ncia nacional (CSUR) per tractar lesions medul\u00b7lars<br \/>\ncomplexes, pel <em>Ministerio de Sanidad, Servicios Sociales e Igualdad.<\/em><\/li>\n<\/ul>\n<p>La Fundaci\u00f3 Institut Guttmann s\u2019ocupa directament de la seva p\u00e0gina web<br \/>\namb recursos propis o subcontractats.<br \/>\nAquest web no rep finan\u00e7ament extern i no t\u00e9 publicitat.<\/p>\n<p>Les persones que apareixen a les fotografies del web<br \/>\nhan donat el seu consentiment.<br \/>\nEn el cas dels menors, l\u2019han donat els seus pares o tutors.<\/p>\n<\/div>\n<div class=\"divider-wrapper \" style=\"visibility:hidden;background-color:#FFFFFF\">\n    <div class=\"visible-xs\" style=\"height:40px;\"><\/div>\n    <div class=\"visible-sm\" style=\"height:40px;\"><\/div>\n    <div class=\"visible-md\" style=\"height:40px;\"><\/div>\n    <div class=\"visible-lg\" style=\"height:40px;\"><\/div>\n<\/div><\/div>        <\/div>\n    <\/div>\n<\/section>\n\n","protected":false},"excerpt":{"rendered":"Av\u00eds legal i pol\u00edtica de privacitat Institut Guttmann \u00e9s una marca registrada a l\u2019Oficina Espanyola de Patents i Marques. Est\u00e0 prohibit reproduir una part o tot el contingut d\u2019aquest lloc web sense citar-ne l\u2019origen o sense l\u2019autoritzaci\u00f3 de l\u2019Institut Guttmann. L\u2019Institut Guttmann pot fer canvis en la informaci\u00f3 del web o la manera de presentar-la","protected":false},"author":10,"featured_media":0,"parent":0,"menu_order":8,"comment_status":"closed","ping_status":"closed","template":"","meta":{"_acf_changed":false,"_monsterinsights_skip_tracking":false,"_monsterinsights_sitenote_active":false,"_monsterinsights_sitenote_note":"","_monsterinsights_sitenote_category":0,"footnotes":""},"class_list":["post-6982","page","type-page","status-publish","hentry"],"acf":[],"aioseo_notices":[],"_links":{"self":[{"href":"https:\/\/participa.guttmann.com\/ca\/wp-json\/wp\/v2\/pages\/6982","targetHints":{"allow":["GET"]}}],"collection":[{"href":"https:\/\/participa.guttmann.com\/ca\/wp-json\/wp\/v2\/pages"}],"about":[{"href":"https:\/\/participa.guttmann.com\/ca\/wp-json\/wp\/v2\/types\/page"}],"author":[{"embeddable":true,"href":"https:\/\/participa.guttmann.com\/ca\/wp-json\/wp\/v2\/users\/10"}],"replies":[{"embeddable":true,"href":"https:\/\/participa.guttmann.com\/ca\/wp-json\/wp\/v2\/comments?post=6982"}],"version-history":[{"count":7,"href":"https:\/\/participa.guttmann.com\/ca\/wp-json\/wp\/v2\/pages\/6982\/revisions"}],"predecessor-version":[{"id":7372,"href":"https:\/\/participa.guttmann.com\/ca\/wp-json\/wp\/v2\/pages\/6982\/revisions\/7372"}],"wp:attachment":[{"href":"https:\/\/participa.guttmann.com\/ca\/wp-json\/wp\/v2\/media?parent=6982"}],"curies":[{"name":"wp","href":"https:\/\/api.w.org\/{rel}","templated":true}]}}