{"id":7041,"date":"2021-08-09T06:28:11","date_gmt":"2021-08-09T06:28:11","guid":{"rendered":"https:\/\/participa.guttmann.com\/?page_id=7041"},"modified":"2022-04-25T08:36:10","modified_gmt":"2022-04-25T08:36:10","slug":"regles-de-participacio-en-el-forum_lf","status":"publish","type":"page","link":"https:\/\/participa.guttmann.com\/ca\/regles-de-participacio-en-el-forum_lf\/","title":{"rendered":"Regles de participaci\u00f3 en el f\u00f2rum"},"content":{"rendered":"<section class=\"section content-form text-normal section-text-no-shadow section-inner-no-shadow section-normal section-opaque\"  >\n    \n    <div class=\"background-overlay grid-overlay-0 \" style=\"background-color: rgba(0,0,0,0);\"><\/div>\n\n    <div class=\"container container-vertical-default\">\n        <div class=\"row vertical-default\">\n            <div class=\"col-md-12    box-contact text-default small-screen-default os-animation\" data-os-animation=\"fadeIn\" data-os-animation-delay=\"0s\" ><div class=\"divider-wrapper \" style=\"visibility:hidden;background-color:#FFFFFF\">\n    <div class=\"visible-xs\" style=\"height:40px;\"><\/div>\n    <div class=\"visible-sm\" style=\"height:40px;\"><\/div>\n    <div class=\"visible-md\" style=\"height:40px;\"><\/div>\n    <div class=\"visible-lg\" style=\"height:40px;\"><\/div>\n<\/div><h2 class=\"text-left  element-top-20 element-bottom-20 text-light normal default\" data-os-animation=\"none\"  data-os-animation-delay=\"0s\" >\t\n        Regles per participar en el f\u00f2rum         \t\n<\/h2>\n<div class=\"col-text-1 text-normal  element-top-20 element-bottom-20\" data-os-animation=\"none\" data-os-animation-delay=\"0s\">\n    <p>Les persones que participen en el f\u00f2rum<br \/>\ns\u00f3n les \u00faniques responsables del contingut que hi publiquen.<\/p>\n<p>Nom\u00e9s hi poden participar les persones que tenen 18 anys o m\u00e9s.<\/p>\n<p>En el f\u00f2rum hi poden participar persones de tot l\u2019Estat.<br \/>\nRecomanem que escriguis en castell\u00e0<br \/>\nperqu\u00e8 tothom ho pugui entendre i per facilitar les cerques.<\/p>\n<p>Els membres de l\u2019estudi poden revisar els continguts publicats<br \/>\ni demanar-ne la verificaci\u00f3 a experts<br \/>\nper assegurar que no sigui correu brossa o <em>spam<\/em>.<\/p>\n<p>No publiquis contingut que consideris secret o privat.<\/p>\n<p>Est\u00e0 prohibit publicar insults, amenaces, <em>spam<\/em>, pornografia,<br \/>\ninformaci\u00f3 personal d\u2019altres persones,<br \/>\ni continguts que vagin en contra de qualsevol llei.<\/p>\n<p>Els prove\u00efdors del servei de f\u00f2rum poden eliminar o canviar<br \/>\nqualsevol contingut publicat, i cancel\u00b7lar l\u2019acc\u00e9s de qualsevol persona.<\/p>\n<p>Els prove\u00efdors poden utilitzar el contingut del f\u00f2rum,<br \/>\nsempre que vulguin, per a aquest estudi.<br \/>\nTu tindr\u00e0s sempre els drets d\u2019autor sobre el teu contingut.<\/p>\n<p>Si no est\u00e0s d\u2019acord amb aquestes regles,<br \/>\nno et registris ni participis en el f\u00f2rum.<\/p>\n<p>Si participes en el f\u00f2rum, significa que acceptes aquestes regles.<\/p>\n<p>Si vols deixar de participar en el f\u00f2rum,<br \/>\npots demanar-ho per correu electr\u00f2nic a:\u00a0<a href=\"mailto:participa@guttmann.com\">participa@guttmann.com<\/a><\/p>\n<\/div>\n<div class=\"divider-wrapper \" style=\"visibility:hidden;background-color:#FFFFFF\">\n    <div class=\"visible-xs\" style=\"height:40px;\"><\/div>\n    <div class=\"visible-sm\" style=\"height:40px;\"><\/div>\n    <div class=\"visible-md\" style=\"height:40px;\"><\/div>\n    <div class=\"visible-lg\" style=\"height:40px;\"><\/div>\n<\/div><\/div>        <\/div>\n    <\/div>\n<\/section>\n\n","protected":false},"excerpt":{"rendered":"Regles per participar en el f\u00f2rum Les persones que participen en el f\u00f2rum s\u00f3n les \u00faniques responsables del contingut que hi publiquen. Nom\u00e9s hi poden participar les persones que tenen 18 anys o m\u00e9s. En el f\u00f2rum hi poden participar persones de tot l\u2019Estat. Recomanem que escriguis en castell\u00e0 perqu\u00e8 tothom ho pugui entendre i","protected":false},"author":10,"featured_media":0,"parent":0,"menu_order":8,"comment_status":"closed","ping_status":"closed","template":"","meta":{"_acf_changed":false,"_monsterinsights_skip_tracking":false,"_monsterinsights_sitenote_active":false,"_monsterinsights_sitenote_note":"","_monsterinsights_sitenote_category":0,"footnotes":""},"class_list":["post-7041","page","type-page","status-publish","hentry"],"acf":[],"aioseo_notices":[],"_links":{"self":[{"href":"https:\/\/participa.guttmann.com\/ca\/wp-json\/wp\/v2\/pages\/7041","targetHints":{"allow":["GET"]}}],"collection":[{"href":"https:\/\/participa.guttmann.com\/ca\/wp-json\/wp\/v2\/pages"}],"about":[{"href":"https:\/\/participa.guttmann.com\/ca\/wp-json\/wp\/v2\/types\/page"}],"author":[{"embeddable":true,"href":"https:\/\/participa.guttmann.com\/ca\/wp-json\/wp\/v2\/users\/10"}],"replies":[{"embeddable":true,"href":"https:\/\/participa.guttmann.com\/ca\/wp-json\/wp\/v2\/comments?post=7041"}],"version-history":[{"count":2,"href":"https:\/\/participa.guttmann.com\/ca\/wp-json\/wp\/v2\/pages\/7041\/revisions"}],"predecessor-version":[{"id":7049,"href":"https:\/\/participa.guttmann.com\/ca\/wp-json\/wp\/v2\/pages\/7041\/revisions\/7049"}],"wp:attachment":[{"href":"https:\/\/participa.guttmann.com\/ca\/wp-json\/wp\/v2\/media?parent=7041"}],"curies":[{"name":"wp","href":"https:\/\/api.w.org\/{rel}","templated":true}]}}