{"id":7118,"date":"2021-08-09T06:38:53","date_gmt":"2021-08-09T06:38:53","guid":{"rendered":"https:\/\/participa.guttmann.com\/?page_id=7118"},"modified":"2024-04-24T08:23:11","modified_gmt":"2024-04-24T08:23:11","slug":"organismes_lf","status":"publish","type":"page","link":"https:\/\/participa.guttmann.com\/ca\/organismes_lf\/","title":{"rendered":"Organismes d\u2019informaci\u00f3, assessorament i den\u00fancia"},"content":{"rendered":"<section class=\"section content-assessors text-normal section-text-no-shadow section-inner-no-shadow section-normal section-opaque\"  >\n    \n    <div class=\"background-overlay grid-overlay-0 \" style=\"background-color: rgba(0,0,0,0);\"><\/div>\n\n    <div class=\"container container-vertical-default\">\n        <div class=\"row vertical-default\">\n            <div class=\"col-md-12    box-assessors text-default small-screen-default\"  ><div class=\"row row-assessors\"><div class=\"col-md-12    form-assessors text-default small-screen-default\"  ><div class=\"col-text-1 text-normal text-assessors element-top-20 element-bottom-0 os-animation\" data-os-animation=\"fadeIn\" data-os-animation-delay=\"0s\">\n    <p><strong>Oficina d\u2019Atenci\u00f3 a la Discapacitat (OADIS):<\/strong><\/p>\n<p><a href=\"https:\/\/www.rpdiscapacidad.gob.es\/organismos\/oadis.htm\" target=\"_blank\" rel=\"noopener\">https:\/\/www.rpdiscapacidad.gob.es\/organismos\/oadis.htm<\/a><\/p>\n<p><strong>Beneficis i ajudes per a les persones amb discapacitat:<\/strong><\/p>\n<p><a href=\"https:\/\/www.rpdiscapacidad.gob.es\/documentos\/OADIS\/Beneficios.pdf\" target=\"_blank\" rel=\"noopener\">https:\/\/www.rpdiscapacidad.gob.es\/documentos\/OADIS\/Beneficios.pdf<\/a><\/p>\n<p><strong>Guia de beneficis per a les persones amb discapacitat (en LF):<\/strong><\/p>\n<p><a href=\"https:\/\/www.rpdiscapacidad.gob.es\/documentos\/OADIS\/Ayudas_Discapacidad_LF.pdf\" target=\"_blank\" rel=\"noopener\">https:\/\/www.rpdiscapacidad.gob.es\/documentos\/OADIS\/Ayudas_Discapacidad_LF.pdf<\/a><\/p>\n<p><strong>Comit\u00e9 Espa\u00f1ol de Representantes de Personas con Discapacidad (CERMI):<\/strong><\/p>\n<p><a title=\"Denuncies de Vulneraci\u00f3 de la Convenci\u00f3 a Espa\u00f1a\" href=\"http:\/\/www.convenciondiscapacidad.es\/denuncia\/\" target=\"_blank\" rel=\"noopener\">Denuncies de Vulneraci\u00f3 de la Convenci\u00f3 a Espanya<\/a><\/p>\n<p><a title=\"Aplicaci\u00f3n Movil &quot;En Defensa Propia&quot;\" href=\"https:\/\/www.somospacientes.com\/noticias\/asociaciones\/app-en-defensa-propia\/\" target=\"_blank\" rel=\"noopener\">Descarrega\u2019t l\u2019aplicaci\u00f3 per a dispositius m\u00f2bils \u201cEn defensa pr\u00f2pia\u201d<\/a><\/p>\n<p><a href=\"https:\/\/www.cedid.es\/es\/documentacion\/ver-seleccion-novedad\/578503\/\" target=\"_blank\" rel=\"noopener\">Iniciaci\u00f3 als drets i la defensa legal de les persones amb discapacitat. Curs b\u00e0sic<\/a><\/p>\n<p><a href=\"https:\/\/biblioteca.fundaciononce.es\/publicaciones\/otras-editoriales\/los-delitos-de-odio-por-motivos-de-discapacidad-como-0\" target=\"_blank\" rel=\"noopener\">Els delictes d\u2019odi per motius de discapacitat. Com identificar-los? Com tallar-los?<\/a><\/p>\n<p><a href=\"http:\/\/www.convenciondiscapacidad.es\/observaciones\/\" target=\"_blank\" rel=\"noopener\">Observacions Generals Comit\u00e9 de Drets NN.UU. (convenci\u00f3ndiscapacidad.es)<\/a><\/p>\n<p><strong>Defensor del Poble:<\/strong><\/p>\n<p><a title=\"Defensor del Pueblo\" href=\"https:\/\/defensordelpueblo.es\/\" target=\"_blank\" rel=\"noopener\">https:\/\/defensordelpueblo.es\/<\/a><\/p>\n<p><strong>S\u00edndic de Greuges o Defensor del poble a nivell auton\u00f2mic:<\/strong><\/p>\n<p>&#8211; <a title=\"Defensor del Pueblo Andaluz\" href=\"https:\/\/www.defensordelpuebloandaluz.es\/\" target=\"_blank\" rel=\"noopener\">Defensor del Pueblo Andaluz<\/a><\/p>\n<p>&#8211; <a title=\"Defensora del Pueblo Riojano\" href=\"https:\/\/www.larioja.org\/comunidad\/es\/defensor-pueblo\" target=\"_blank\" rel=\"noopener\">Defensora del Pueblo Riojano<\/a><\/p>\n<p>&#8211; <a title=\"Defensor del Pueblo de Navarra\" href=\"http:\/\/www.defensornavarra.com\/\" target=\"_blank\" rel=\"noopener\">Defensor del Pueblo de Navarra<\/a><\/p>\n<p>&#8211; <a title=\"Defensor del Pueblo del Pa\u00eds Vasco\" href=\"http:\/\/www.ararteko.net\/\" target=\"_blank\" rel=\"noopener\">Defensor del Pueblo del Pa\u00eds Vasco (Ararteko)<\/a><\/p>\n<p>&#8211; <a title=\"Procuradora General del Principado de Asturias\" href=\"http:\/\/pares.mcu.es\/ParesBusquedas20\/catalogo\/autoridad\/137420#\" target=\"_blank\" rel=\"noopener\">Procuradora General del Principado de Asturias<\/a><\/p>\n<p>&#8211; <a title=\"Defensor del Pueblo de la Regi\u00f3n de Murcia\" href=\"https:\/\/murciaregioneuropea.es\/defensor-del-pueblo#:~:text=Actualmente%20es%20Emily%20O'Reilly.\" target=\"_blank\" rel=\"noopener\">Defensor del Pueblo de la Regi\u00f3n de Murcia<\/a><\/p>\n<p>&#8211; <a title=\"Defensor del Pueblo Gallego\" href=\"http:\/\/www.valedordopobo.com\/\" target=\"_blank\" rel=\"noopener\">Valedor do Pobo Galego<\/a><\/p>\n<p>&#8211; <a title=\"Justicia de Arag\u00f3n\" href=\"http:\/\/www.eljusticiadearagon.com\/\" target=\"_blank\" rel=\"noopener\">El Justicia de Arag\u00f3n<\/a><\/p>\n<p>&#8211; <a title=\"Diputado del Com\u00fan de Canarias\" href=\"https:\/\/www.diputadodelcomun.org\/\" target=\"_blank\" rel=\"noopener\">Diputado del Com\u00fan de Canarias<\/a><\/p>\n<p>&#8211; <a title=\"Procurador del Com\u00fan de Castilla y Le\u00f3n\" href=\"http:\/\/www.procuradordelcomun.org\/\" target=\"_blank\" rel=\"noopener\">Procurador del Com\u00fan de Castilla y Le\u00f3n<\/a><\/p>\n<p>&#8211; <a title=\"Defensor del Pueblo de Castilla-La Mancha\" href=\"https:\/\/www.defensordelpueblo.es\/viaje-oficial\/castilla-la-mancha\/\" target=\"_blank\" rel=\"noopener\">Defensor del Pueblo de Castilla-La Mancha<\/a><\/p>\n<p>&#8211; <a title=\"S\u00edndic de Greuges de Catalunya\" href=\"http:\/\/www.sindic.cat\/\" target=\"_blank\" rel=\"noopener\">S\u00edndic de Greuges de Catalunya<\/a><\/p>\n<p>&#8211; <a title=\"S\u00edndic de Greuges de la Comunitat Valenciana\" href=\"http:\/\/www.elsindic.com\/\" target=\"_blank\" rel=\"noopener\">S\u00edndic de Greuges de la Comunitat Valenciana<\/a><\/p>\n<p><strong>Defensors internacionals:<\/strong><\/p>\n<p><a title=\"Nacions Unides\" href=\"http:\/\/www.un.org\/es\/\" target=\"_blank\" rel=\"noopener\">&#8211; Nacions Unides<\/a><\/p>\n<p><a title=\"Defensor del Pueblo Europeo\" href=\"http:\/\/www.ombudsman.europa.eu\/es\/home\" target=\"_blank\" rel=\"noopener\">&#8211; Defensor del Pueblo Europeo<\/a><\/p>\n<p><a title=\"Cort Europea de Drets Humans\" href=\"https:\/\/www.echr.coe.int\/home\" target=\"_blank\" rel=\"noopener\">&#8211; Cort Europea de Drets Humans<\/a><\/p>\n<p><strong>Oficina per la No Discriminaci\u00f3 (OND) de l\u2019Ajuntament de Barcelona:<\/strong><\/p>\n<p><a title=\"Oficina per la No Discriminaci\u00f3 de l'Ajuntament de Barcelona\" href=\"https:\/\/ajuntament.barcelona.cat\/oficina-no-discriminacio\/ca\" target=\"_blank\" rel=\"noopener\">https:\/\/ajuntament.barcelona.cat\/oficina-no-discriminacio\/ca<\/a><\/p>\n<p><strong>Guia pr\u00e0ctica per a la defensa dels drets de les persones amb discapacitat f\u00edsica (ECOM):<\/strong><\/p>\n<p><a title=\"Guia pr\u00e0ctica per a la defensa dels drets de les persones amb discapacitat f\u00edsica\" href=\"https:\/\/ajuntament.barcelona.cat\/premsa\/wp-content\/uploads\/2018\/11\/Guia_defensa_drets_ECOM.pdf\" target=\"_blank\" rel=\"noopener\">https:\/\/ajuntament.barcelona.cat\/premsa\/wp-content\/uploads\/2018\/11\/Guia_defensa_drets_ECOM.pdf\u00a0<\/a><\/p>\n<p><strong>Guia per a entendre les noves lleis sobre capacitat jur\u00eddica (Plena Inclusi\u00f3 i Dincat \u2013 en LF):<\/strong><\/p>\n<p><a href=\"https:\/\/www.dincat.cat\/wp-content\/uploads\/2022\/02\/guia-jur%C3%ADdica-LF-Reforma-Capacitat-Jur%C3%ADdca-dincat_CAT_WEB.pdf\" target=\"_blank\" rel=\"noopener\">https:\/\/www.dincat.cat\/wp-content\/uploads\/2022\/02\/guia-jur%C3%ADdica-LF-Reforma-Capacitat-Jur%C3%ADdca-dincat_CAT_WEB.pdf<\/a><\/p>\n<\/div>\n<div class=\"divider-wrapper \" style=\"visibility:hidden;background-color:#FFFFFF\">\n    <div class=\"visible-xs\" style=\"height:24px;\"><\/div>\n    <div class=\"visible-sm\" style=\"height:24px;\"><\/div>\n    <div class=\"visible-md\" style=\"height:24px;\"><\/div>\n    <div class=\"visible-lg\" style=\"height:24px;\"><\/div>\n<\/div><\/div><\/div><\/div>        <\/div>\n    <\/div>\n<\/section>\n\n","protected":false},"excerpt":{"rendered":"Oficina d\u2019Atenci\u00f3 a la Discapacitat (OADIS): https:\/\/www.rpdiscapacidad.gob.es\/organismos\/oadis.htm Beneficis i ajudes per a les persones amb discapacitat: https:\/\/www.rpdiscapacidad.gob.es\/documentos\/OADIS\/Beneficios.pdf Guia de beneficis per a les persones amb discapacitat (en LF): https:\/\/www.rpdiscapacidad.gob.es\/documentos\/OADIS\/Ayudas_Discapacidad_LF.pdf Comit\u00e9 Espa\u00f1ol de Representantes de Personas con Discapacidad (CERMI): Denuncies de Vulneraci\u00f3 de la Convenci\u00f3 a Espanya Descarrega\u2019t l\u2019aplicaci\u00f3 per a dispositius m\u00f2bils \u201cEn defensa pr\u00f2pia\u201d","protected":false},"author":10,"featured_media":0,"parent":0,"menu_order":2,"comment_status":"closed","ping_status":"closed","template":"","meta":{"_acf_changed":false,"_monsterinsights_skip_tracking":false,"_monsterinsights_sitenote_active":false,"_monsterinsights_sitenote_note":"","_monsterinsights_sitenote_category":0,"footnotes":""},"class_list":["post-7118","page","type-page","status-publish","hentry"],"acf":[],"aioseo_notices":[],"_links":{"self":[{"href":"https:\/\/participa.guttmann.com\/ca\/wp-json\/wp\/v2\/pages\/7118","targetHints":{"allow":["GET"]}}],"collection":[{"href":"https:\/\/participa.guttmann.com\/ca\/wp-json\/wp\/v2\/pages"}],"about":[{"href":"https:\/\/participa.guttmann.com\/ca\/wp-json\/wp\/v2\/types\/page"}],"author":[{"embeddable":true,"href":"https:\/\/participa.guttmann.com\/ca\/wp-json\/wp\/v2\/users\/10"}],"replies":[{"embeddable":true,"href":"https:\/\/participa.guttmann.com\/ca\/wp-json\/wp\/v2\/comments?post=7118"}],"version-history":[{"count":12,"href":"https:\/\/participa.guttmann.com\/ca\/wp-json\/wp\/v2\/pages\/7118\/revisions"}],"predecessor-version":[{"id":20276,"href":"https:\/\/participa.guttmann.com\/ca\/wp-json\/wp\/v2\/pages\/7118\/revisions\/20276"}],"wp:attachment":[{"href":"https:\/\/participa.guttmann.com\/ca\/wp-json\/wp\/v2\/media?parent=7118"}],"curies":[{"name":"wp","href":"https:\/\/api.w.org\/{rel}","templated":true}]}}