{"id":7309,"date":"2021-08-11T06:25:42","date_gmt":"2021-08-11T06:25:42","guid":{"rendered":"https:\/\/participa.guttmann.com\/?page_id=7309"},"modified":"2021-08-11T06:25:42","modified_gmt":"2021-08-11T06:25:42","slug":"forum-temporal_lf","status":"publish","type":"page","link":"https:\/\/participa.guttmann.com\/ca\/forum-temporal_lf\/","title":{"rendered":"Disponible pr\u00f2ximament&#8230;"},"content":{"rendered":"<section class=\"section  text-normal section-text-no-shadow section-inner-no-shadow section-normal section-opaque\"  >\n    \n    <div class=\"background-overlay grid-overlay-0 \" style=\"background-color: rgba(0,0,0,0);\"><\/div>\n\n    <div class=\"container container-vertical-default\">\n        <div class=\"row vertical-default\">\n            <div class=\"col-md-12     text-default small-screen-default\"  ><div class=\"col-text-1 text-normal  element-top-20 element-bottom-20 os-animation\" data-os-animation=\"fadeInLeft\" data-os-animation-delay=\"0s\">\n    <p>El <strong>F\u00f2rum de l\u2019estudi PARTICIPA<\/strong> et permetr\u00e0 compartir<br \/>\nla teva experi\u00e8ncia sobre les barreres i els facilitadors<br \/>\nque et trobes en el teu dia a dia<br \/>\namb la resta de voluntaris i volunt\u00e0ries de la comunitat.<\/p>\n<p>Pots plantejar preguntes i compartir les teves experi\u00e8ncies<br \/>\nen els <a href=\"\/ca\/consells\"><strong>diferents \u00e0mbits<\/strong><\/a> del projecte.<\/p>\n<p>El f\u00f2rum es posar\u00e0 en funcionament en les <strong>pr\u00f2ximes setmanes.<\/strong><\/p>\n<p>Quan estigui disponible, ho comunicarem a tots els usuaris.<\/p>\n<p>Moltes gr\u00e0cies!<\/p>\n<\/div>\n<\/div>        <\/div>\n    <\/div>\n<\/section>\n\n","protected":false},"excerpt":{"rendered":"El F\u00f2rum de l\u2019estudi PARTICIPA et permetr\u00e0 compartir la teva experi\u00e8ncia sobre les barreres i els facilitadors que et trobes en el teu dia a dia amb la resta de voluntaris i volunt\u00e0ries de la comunitat. Pots plantejar preguntes i compartir les teves experi\u00e8ncies en els diferents \u00e0mbits del projecte. El f\u00f2rum es posar\u00e0 en","protected":false},"author":10,"featured_media":0,"parent":0,"menu_order":0,"comment_status":"closed","ping_status":"closed","template":"","meta":{"_acf_changed":false,"_monsterinsights_skip_tracking":false,"_monsterinsights_sitenote_active":false,"_monsterinsights_sitenote_note":"","_monsterinsights_sitenote_category":0,"footnotes":""},"class_list":["post-7309","page","type-page","status-publish","hentry"],"acf":[],"aioseo_notices":[],"_links":{"self":[{"href":"https:\/\/participa.guttmann.com\/ca\/wp-json\/wp\/v2\/pages\/7309","targetHints":{"allow":["GET"]}}],"collection":[{"href":"https:\/\/participa.guttmann.com\/ca\/wp-json\/wp\/v2\/pages"}],"about":[{"href":"https:\/\/participa.guttmann.com\/ca\/wp-json\/wp\/v2\/types\/page"}],"author":[{"embeddable":true,"href":"https:\/\/participa.guttmann.com\/ca\/wp-json\/wp\/v2\/users\/10"}],"replies":[{"embeddable":true,"href":"https:\/\/participa.guttmann.com\/ca\/wp-json\/wp\/v2\/comments?post=7309"}],"version-history":[{"count":3,"href":"https:\/\/participa.guttmann.com\/ca\/wp-json\/wp\/v2\/pages\/7309\/revisions"}],"predecessor-version":[{"id":7315,"href":"https:\/\/participa.guttmann.com\/ca\/wp-json\/wp\/v2\/pages\/7309\/revisions\/7315"}],"wp:attachment":[{"href":"https:\/\/participa.guttmann.com\/ca\/wp-json\/wp\/v2\/media?parent=7309"}],"curies":[{"name":"wp","href":"https:\/\/api.w.org\/{rel}","templated":true}]}}