{"id":7323,"date":"2021-08-11T07:20:55","date_gmt":"2021-08-11T07:20:55","guid":{"rendered":"https:\/\/participa.guttmann.com\/?page_id=7323"},"modified":"2022-04-25T08:13:40","modified_gmt":"2022-04-25T08:13:40","slug":"consentiment-informat","status":"publish","type":"page","link":"https:\/\/participa.guttmann.com\/ca\/consentiment-informat\/","title":{"rendered":"Consentiment informat"},"content":{"rendered":"<section class=\"section content-form text-normal section-text-no-shadow section-inner-no-shadow section-normal section-opaque\"  >\n    \n    <div class=\"background-overlay grid-overlay-0 \" style=\"background-color: rgba(0,0,0,0);\"><\/div>\n\n    <div class=\"container container-vertical-default\">\n        <div class=\"row vertical-default\">\n            <div class=\"col-md-12    box-contact text-default small-screen-default os-animation\" data-os-animation=\"fadeIn\" data-os-animation-delay=\"0s\" ><div class=\"divider-wrapper \" style=\"visibility:hidden;background-color:#FFFFFF\">\n    <div class=\"visible-xs\" style=\"height:40px;\"><\/div>\n    <div class=\"visible-sm\" style=\"height:40px;\"><\/div>\n    <div class=\"visible-md\" style=\"height:40px;\"><\/div>\n    <div class=\"visible-lg\" style=\"height:40px;\"><\/div>\n<\/div><h2 class=\"text-left  element-top-20 element-bottom-20 text-light normal default\" data-os-animation=\"none\"  data-os-animation-delay=\"0s\" >\t\n        Informaci\u00f3 per als participants de l&#8217;estudi PARTICIPA        \t\n<\/h2>\n<div class=\"col-text-1 text-normal  element-top-20 element-bottom-20\" data-os-animation=\"none\" data-os-animation-delay=\"0s\">\n    <p><em>PARTICIPA<\/em> \u00e9s un projecte liderat per l\u00b4Institut Guttmann en col\u00b7laboraci\u00f3 amb les entitats socials del Consell Social i de Participaci\u00f3 de la instituci\u00f3, que compta amb un equip multidisciplinari de professionals i amb un Grup Assessor format per professionals i representants del sector associatiu, aix\u00ed com experts de l\u2019\u00e0mbit acad\u00e8mic.<\/p>\n<p>L&#8217;objectiu principal de l&#8217;estudi \u00e9s identificar els factors que dificulten i\/o faciliten la participaci\u00f3 en la societat de les persones amb discapacitat en igualtat de condicions que la resta de la ciutadania.<\/p>\n<p>Per a assolir aquest objectiu, li proposem participar com a voluntari en l&#8217;estudi. La seva participaci\u00f3 consistiria en respondre una s\u00e8rie de q\u00fcestionaris relacionats amb la participaci\u00f3 social des del seu ordinador o tel\u00e8fon m\u00f2bil, a trav\u00e9s del seu perfil privat, a la p\u00e0gina web de la Iniciativa, o en paper mitjan\u00e7ant correu postal, en cas que aix\u00ed ho prefereix-hi.<\/p>\n<p>Com a part de l\u2019estudi, els investigadors li proporcionaran informaci\u00f3 i recomanacions, de manera peri\u00f2dica, sobre els seus drets; aix\u00ed com recursos, serveis o informaci\u00f3 general d\u2019inter\u00e8s per promocionar la participaci\u00f3 en la societat de totes les persones en igualtat de condicions.<\/p>\n<p>La seva participaci\u00f3 al estudi \u00e9s i ser\u00e0 de car\u00e0cter totalment voluntari, i pot decidir no participar o canviar la seva decisi\u00f3 de fer-ho, retirant el seu consentiment en qualsevol moment, sense necessitat de donar cap justificaci\u00f3 o explicaci\u00f3 al respecte.<\/p>\n<p>Tot i que li demanem que llegeixi aquest text amb atenci\u00f3, no dubti en preguntar a qualsevol dubte o aclariment que pugui necessitar a trav\u00e9s del correu electr\u00f2nic <a href=\"mailto:participa@guttmann.com\">participa@guttmann.com<\/a><\/p>\n<p>A trav\u00e9s dels q\u00fcestionaris, li demanarem informaci\u00f3 relativa a:<\/p>\n<ul>\n<li>Dades sociodemogr\u00e0fiques, com la seva edat o localitat de resid\u00e8ncia.<\/li>\n<li>Aspectes socioecon\u00f2mics, com el seu nivell d&#8217;estudis o situaci\u00f3 laboral.<\/li>\n<li>Informaci\u00f3 relativa a la seva participaci\u00f3 en la societat en diferents \u00e0mbits de la vida.<\/li>\n<li>Informaci\u00f3 sobre obstacles i\/o factors promotors de la seva participaci\u00f3 social.<\/li>\n<\/ul>\n<p>L&#8217;estudi no implica cap tipus de risc f\u00edsic o psicol\u00f2gic associat per a vost\u00e8. Les seves respostes als q\u00fcestionaris no li ocasionaran cap risc ni tindran conseq\u00fc\u00e8ncies relacionades amb la seva salut.<\/p>\n<p>\u00c9s probable que vost\u00e8 no rebi cap benefici directe per participar en aquest estudi. Tot i aix\u00ed, esperem que la participaci\u00f3 li permeti assolir una major consci\u00e8ncia sobre els aspectes que poden beneficiar la participaci\u00f3 en la societat de les persones amb discapacitat. Des de la vessant cient\u00edfica, esperem que els resultats obtinguts amb aquesta investigaci\u00f3 aportin informaci\u00f3 rellevant sobre quines barreres i facilitadors s\u00f3n determinants per a la participaci\u00f3 en la societat de les persones amb discapacitat en igualtat de condicions que la resta de la ciutadania.<\/p>\n<p>L&#8217;equip investigador del projecte li assegura que tota la informaci\u00f3 s&#8217;emmagatzemar\u00e0 i gestionar\u00e0 de manera segura i confidencial, complint el que estableix la legislaci\u00f3 vigent sobre tractament de protecci\u00f3 de dades de car\u00e0cter personal. Respecte a la protecci\u00f3 de dades personals, el projecte es regeix per la normativa vigent a nivell nacional i europeu. S\u2019aplicaran les t\u00e8cniques de seguretat, xifrat, pseudonimitzaci\u00f3 i anonimitzaci\u00f3 necess\u00e0ries per a preservar la privacitat dels usuaris participants. Es garanteix l\u2019acompliment de tots els requisits establerts per la Llei Org\u00e0nica 3\/2018, de 5 de Desembre, de Protecci\u00f3 de Dades Personals i garantia dels drets digitals, i el REGLAMENT (UE) 2016\/679 DEL PARLAMENT EUROPEU I DEL CONSELL de 27 d\u2019abril de 2016 relatiu a la protecci\u00f3 de les persones f\u00edsiques en el que respecta al tractament de dades personals i a la lliure circulaci\u00f3 d\u2019aquestes dades.<\/p>\n<p>Les dades recopilades en el projecte <em>PARTICIPA <\/em>nom\u00e9s seran accessibles per les persones autoritzades, i no es cediran en cap cas a terceres parts. En aquest sentit, les dades del projecte es recopilaran estrictament segons sigui necessari, \u00fanicament per als prop\u00f2sits del projecte, i seran destru\u00efdes quan ja no siguin necess\u00e0ries per a aquests prop\u00f2sits. Si algun participant desitja verificar quines dades personals estan emmagatzemades, o b\u00e9 les que han estat modificades, corregides o eliminades, un punt d\u2019informaci\u00f3 de contacte atendr\u00e0 aquestes peticions.<\/p>\n<p>La informaci\u00f3 recopilada s\u2019emmagatzemar\u00e0 de forma electr\u00f2nica i es guardar\u00e0 solament en un <em>hardware <\/em>ubicat en un entorn f\u00edsicament segur amb acc\u00e9s estrictament controlat i amb controls ambientals apropiats. Les bases de dades que contenen informaci\u00f3 personal no seran visibles p\u00fablicament a Internet, sin\u00f3 que estaran ocultes darrere de <em>firewalls<\/em>; i l\u2019acc\u00e9s nom\u00e9s ser\u00e0 possible a trav\u00e9s de passarel\u00b7les designades. Els mitjans d\u2019emmagatzemament port\u00e0tils no s\u2019utilitzaran per a l\u2019emmagatzemament de dades personals.<\/p>\n<p>Tamb\u00e9 volem especificar que tota la informaci\u00f3 es recull \u00fanicament amb fins cient\u00edfics, i que mai ser\u00e0 lliurada a tercers per a fins comercials o publicitaris. A m\u00e9s, quan els resultats de la recerca siguin publicats o es discuteixin en confer\u00e8ncies cient\u00edfiques, mai no s&#8217;inclour\u00e0 informaci\u00f3 que pugui revelar la seva identitat.<\/p>\n<p>En el cas que decid\u00eds deixar de participar en l&#8217;estudi, en el moment i pel motiu que vost\u00e8 consideri, podr\u00e0 interposar el dret de retirada de les seves dades, si aix\u00ed ho considera necessari.<\/p>\n<p>Vost\u00e8 podr\u00e0 sol\u00b7licitar informaci\u00f3 relacionada amb el projecte de recerca en qualsevol moment utilitzant el correu electr\u00f2nic <a href=\"mailto:participa@guttmann.com\">participa@guttmann.com<\/a><\/p>\n<\/div>\n<h2 class=\"text-left  element-top-20 element-bottom-20 text-light normal default\" data-os-animation=\"none\"  data-os-animation-delay=\"0s\" >\t\n                \t\n<\/h2>\n<div class=\"col-text-1 text-normal  element-top-20 element-bottom-20\" data-os-animation=\"none\" data-os-animation-delay=\"0s\">\n    <\/div>\n<div class=\"divider-wrapper \" style=\"visibility:hidden;background-color:#FFFFFF\">\n    <div class=\"visible-xs\" style=\"height:40px;\"><\/div>\n    <div class=\"visible-sm\" style=\"height:40px;\"><\/div>\n    <div class=\"visible-md\" style=\"height:40px;\"><\/div>\n    <div class=\"visible-lg\" style=\"height:40px;\"><\/div>\n<\/div><\/div>        <\/div>\n    <\/div>\n<\/section>\n\n","protected":false},"excerpt":{"rendered":"Informaci\u00f3 per als participants de l&#039;estudi PARTICIPA PARTICIPA \u00e9s un projecte liderat per l\u00b4Institut Guttmann en col\u00b7laboraci\u00f3 amb les entitats socials del Consell Social i de Participaci\u00f3 de la instituci\u00f3, que compta amb un equip multidisciplinari de professionals i amb un Grup Assessor format per professionals i representants del sector associatiu, aix\u00ed com experts de","protected":false},"author":10,"featured_media":0,"parent":0,"menu_order":8,"comment_status":"closed","ping_status":"closed","template":"","meta":{"_acf_changed":false,"_monsterinsights_skip_tracking":false,"_monsterinsights_sitenote_active":false,"_monsterinsights_sitenote_note":"","_monsterinsights_sitenote_category":0,"footnotes":""},"class_list":["post-7323","page","type-page","status-publish","hentry"],"acf":[],"aioseo_notices":[],"_links":{"self":[{"href":"https:\/\/participa.guttmann.com\/ca\/wp-json\/wp\/v2\/pages\/7323","targetHints":{"allow":["GET"]}}],"collection":[{"href":"https:\/\/participa.guttmann.com\/ca\/wp-json\/wp\/v2\/pages"}],"about":[{"href":"https:\/\/participa.guttmann.com\/ca\/wp-json\/wp\/v2\/types\/page"}],"author":[{"embeddable":true,"href":"https:\/\/participa.guttmann.com\/ca\/wp-json\/wp\/v2\/users\/10"}],"replies":[{"embeddable":true,"href":"https:\/\/participa.guttmann.com\/ca\/wp-json\/wp\/v2\/comments?post=7323"}],"version-history":[{"count":6,"href":"https:\/\/participa.guttmann.com\/ca\/wp-json\/wp\/v2\/pages\/7323\/revisions"}],"predecessor-version":[{"id":10123,"href":"https:\/\/participa.guttmann.com\/ca\/wp-json\/wp\/v2\/pages\/7323\/revisions\/10123"}],"wp:attachment":[{"href":"https:\/\/participa.guttmann.com\/ca\/wp-json\/wp\/v2\/media?parent=7323"}],"curies":[{"name":"wp","href":"https:\/\/api.w.org\/{rel}","templated":true}]}}