{"id":7364,"date":"2021-08-11T10:50:37","date_gmt":"2021-08-11T10:50:37","guid":{"rendered":"https:\/\/participa.guttmann.com\/?page_id=7364"},"modified":"2022-04-25T08:19:21","modified_gmt":"2022-04-25T08:19:21","slug":"consentiment-informat_lf","status":"publish","type":"page","link":"https:\/\/participa.guttmann.com\/ca\/consentiment-informat_lf\/","title":{"rendered":"Consentiment informat"},"content":{"rendered":"<section class=\"section content-form text-normal section-text-no-shadow section-inner-no-shadow section-normal section-opaque\"  >\n    \n    <div class=\"background-overlay grid-overlay-0 \" style=\"background-color: rgba(0,0,0,0);\"><\/div>\n\n    <div class=\"container container-vertical-default\">\n        <div class=\"row vertical-default\">\n            <div class=\"col-md-12    box-contact text-default small-screen-default os-animation\" data-os-animation=\"fadeIn\" data-os-animation-delay=\"0s\" ><div class=\"divider-wrapper \" style=\"visibility:hidden;background-color:#FFFFFF\">\n    <div class=\"visible-xs\" style=\"height:40px;\"><\/div>\n    <div class=\"visible-sm\" style=\"height:40px;\"><\/div>\n    <div class=\"visible-md\" style=\"height:40px;\"><\/div>\n    <div class=\"visible-lg\" style=\"height:40px;\"><\/div>\n<\/div><h2 class=\"text-left  element-top-20 element-bottom-20 text-light normal default\" data-os-animation=\"none\"  data-os-animation-delay=\"0s\" >\t\n        Informaci\u00f3 per als participants de l&#8217;estudi PARTICIPA        \t\n<\/h2>\n<div class=\"col-text-1 text-normal  element-top-20 element-bottom-20\" data-os-animation=\"none\" data-os-animation-delay=\"0s\">\n    <h3>Informaci\u00f3 per als participants en l\u2019estudi PARTICIPA<\/h3>\n<p><strong>Qu\u00e8 \u00e9s PARTICIPA? <\/strong><\/p>\n<p>\u00c9s un estudi per promocionar la participaci\u00f3<br \/>\nde les persones amb discapacitat en la societat,<br \/>\nperqu\u00e8 puguin treballar, estudiar, passar-ho b\u00e9<br \/>\ni relacionar-se de manera aut\u00f2noma.<\/p>\n<p><strong>Qui dona suport a l\u2019estudi?<\/strong><\/p>\n<p>La Fundaci\u00f3 Institut Guttmann,<br \/>\nles entitats del Consell Social i de Participaci\u00f3,<br \/>\ni altres entitats relacionades amb la discapacitat.<\/p>\n<p><strong>Quin \u00e9s l\u2019objectiu de l\u2019estudi? <\/strong><\/p>\n<p>Volem con\u00e8ixer quines barreres t\u2019impedeixen participar<br \/>\nen les activitats del dia a dia<br \/>\ni quines ajudes faciliten la teva autonomia personal.<\/p>\n<p>Entre tots i totes volem dissenyar solucions innovadores<br \/>\nper construir una societat m\u00e9s inclusiva.<\/p>\n<p><strong>Com puc participar en l\u2019estudi?<\/strong><\/p>\n<p>Per aconseguir aquest objectiu,<br \/>\net proposem participar com a voluntari en l\u2019estudi.<\/p>\n<p>Haur\u00e0s de respondre uns q\u00fcestionaris que\u00a0t\u2019anirem\u00a0enviant.<\/p>\n<p>En aquests q\u00fcestionaris et demanarem:<\/p>\n<ul>\n<li>Dades personals: edat, on vius&#8230;<\/li>\n<li>Dades socials i econ\u00f2miques: estudis o situaci\u00f3 laboral.<\/li>\n<li>Informaci\u00f3 sobre la teva participaci\u00f3 en la societat<br \/>\nen els diferents \u00e0mbits de la vida.<\/li>\n<li>Informaci\u00f3 sobre els obstacles que impedeixen<br \/>\nla teva participaci\u00f3 social i els factors que la faciliten.<\/li>\n<\/ul>\n<p>Podr\u00e0s respondre els q\u00fcestionaris des del teu ordinador o tel\u00e8fon m\u00f2bil.<\/p>\n<p><strong>Qu\u00e8 suposa participar en l\u2019estudi?<\/strong><\/p>\n<p>A m\u00e9s dels q\u00fcestionaris,<br \/>\ntamb\u00e9 rebr\u00e0s informaci\u00f3 sobre els drets<br \/>\nde les persones amb discapacitat<br \/>\ni recomanacions sobre com participar en la societat<br \/>\nen igualtat de condicions.<\/p>\n<p>La teva participaci\u00f3 \u00e9s volunt\u00e0ria<br \/>\ni podr\u00e0s deixar de participar-hi quan vulguis.<\/p>\n<p>Participar en l\u2019estudi no suposa un perill<br \/>\nper a la teva salut f\u00edsica o psicol\u00f2gica.<br \/>\n\u00c9s probable que no notis un benefici directe<br \/>\npel fet de participar en aquest estudi.<br \/>\nAix\u00ed i tot, esperem que et conscienci\u00ef de la import\u00e0ncia<br \/>\nde participar en la societat.<\/p>\n<p>Tamb\u00e9 esperem que els resultats de l\u2019estudi ens ajudin a con\u00e8ixer<br \/>\nquines barreres i quins facilitadors s\u00f3n determinants<br \/>\nperqu\u00e8 les persones amb discapacitat puguin participar en la societat<br \/>\nen igualtat de condicions.<\/p>\n<p><strong>Com protegireu les meves dades personals?<\/strong><\/p>\n<p>Les teves dades s\u00f3n secretes.<br \/>\nL\u2019Institut Guttmann les guardar\u00e0 en els seus equips inform\u00e0tics,<br \/>\nde manera segura i no les donar\u00e0 a ning\u00fa,<br \/>\ntal com indica la Llei de protecci\u00f3 de dades personals.<\/p>\n<p>Quan ja no siguin necess\u00e0ries per a aquest estudi, les destruir\u00e0.<\/p>\n<p>L\u2019equip investigador analitzar\u00e0 totes les dades<br \/>\ni nom\u00e9s les utilitzar\u00e0 per a aquest estudi.<\/p>\n<p>Si vols saber quines dades personals guardem,<br \/>\npots contactar amb el nostre punt d\u2019informaci\u00f3,<br \/>\na trav\u00e9s del correu electr\u00f2nic:\u00a0<a href=\"https:\/\/www.guttmann.com\/ca\/protecciodades@guttmann.com\">protecciodades@guttmann.com<\/a><\/p>\n<p>A m\u00e9s, quan es publiquin els resultats de l\u2019estudi<br \/>\no es discuteixin en confer\u00e8ncies cient\u00edfiques,<br \/>\nmai no s\u2019inclour\u00e0 informaci\u00f3 de la teva identitat.<\/p>\n<p>Quan deixis de participar en l\u2019estudi,<br \/>\nens podr\u00e0s demanar que eliminem les teves dades.<\/p>\n<p>Llegeix aquest document amb atenci\u00f3.<br \/>\nSi tens algun dubte sobre l\u2019estudi,<br \/>\npots escriure\u2019ns a <a href=\"mailto:participa@guttmann.com\">participa@guttmann.com<\/a><\/p>\n<\/div>\n<div class=\"divider-wrapper \" style=\"visibility:hidden;background-color:#FFFFFF\">\n    <div class=\"visible-xs\" style=\"height:40px;\"><\/div>\n    <div class=\"visible-sm\" style=\"height:40px;\"><\/div>\n    <div class=\"visible-md\" style=\"height:40px;\"><\/div>\n    <div class=\"visible-lg\" style=\"height:40px;\"><\/div>\n<\/div><\/div>        <\/div>\n    <\/div>\n<\/section>\n\n","protected":false},"excerpt":{"rendered":"Informaci\u00f3 per als participants de l&#039;estudi PARTICIPA Informaci\u00f3 per als participants en l\u2019estudi PARTICIPA Qu\u00e8 \u00e9s PARTICIPA? \u00c9s un estudi per promocionar la participaci\u00f3 de les persones amb discapacitat en la societat, perqu\u00e8 puguin treballar, estudiar, passar-ho b\u00e9 i relacionar-se de manera aut\u00f2noma. Qui dona suport a l\u2019estudi? La Fundaci\u00f3 Institut Guttmann, les entitats del","protected":false},"author":10,"featured_media":0,"parent":0,"menu_order":8,"comment_status":"closed","ping_status":"closed","template":"","meta":{"_acf_changed":false,"_monsterinsights_skip_tracking":false,"_monsterinsights_sitenote_active":false,"_monsterinsights_sitenote_note":"","_monsterinsights_sitenote_category":0,"footnotes":""},"class_list":["post-7364","page","type-page","status-publish","hentry"],"acf":[],"aioseo_notices":[],"_links":{"self":[{"href":"https:\/\/participa.guttmann.com\/ca\/wp-json\/wp\/v2\/pages\/7364","targetHints":{"allow":["GET"]}}],"collection":[{"href":"https:\/\/participa.guttmann.com\/ca\/wp-json\/wp\/v2\/pages"}],"about":[{"href":"https:\/\/participa.guttmann.com\/ca\/wp-json\/wp\/v2\/types\/page"}],"author":[{"embeddable":true,"href":"https:\/\/participa.guttmann.com\/ca\/wp-json\/wp\/v2\/users\/10"}],"replies":[{"embeddable":true,"href":"https:\/\/participa.guttmann.com\/ca\/wp-json\/wp\/v2\/comments?post=7364"}],"version-history":[{"count":5,"href":"https:\/\/participa.guttmann.com\/ca\/wp-json\/wp\/v2\/pages\/7364\/revisions"}],"predecessor-version":[{"id":10136,"href":"https:\/\/participa.guttmann.com\/ca\/wp-json\/wp\/v2\/pages\/7364\/revisions\/10136"}],"wp:attachment":[{"href":"https:\/\/participa.guttmann.com\/ca\/wp-json\/wp\/v2\/media?parent=7364"}],"curies":[{"name":"wp","href":"https:\/\/api.w.org\/{rel}","templated":true}]}}