{"id":7373,"date":"2021-09-03T11:54:56","date_gmt":"2021-09-03T11:54:56","guid":{"rendered":"https:\/\/participa.guttmann.com\/?page_id=7373"},"modified":"2022-04-25T08:27:11","modified_gmt":"2022-04-25T08:27:11","slug":"politica-de-cookies_lf","status":"publish","type":"page","link":"https:\/\/participa.guttmann.com\/ca\/politica-de-cookies_lf\/","title":{"rendered":"Pol\u00edtica de Cookies"},"content":{"rendered":"<section class=\"section content-form text-normal section-text-no-shadow section-inner-no-shadow section-normal section-opaque\"  >\n    \n    <div class=\"background-overlay grid-overlay-0 \" style=\"background-color: rgba(0,0,0,0);\"><\/div>\n\n    <div class=\"container container-vertical-default\">\n        <div class=\"row vertical-default\">\n            <div class=\"col-md-12    box-contact text-default small-screen-default os-animation\" data-os-animation=\"fadeIn\" data-os-animation-delay=\"0s\" ><div class=\"divider-wrapper \" style=\"visibility:hidden;background-color:#FFFFFF\">\n    <div class=\"visible-xs\" style=\"height:40px;\"><\/div>\n    <div class=\"visible-sm\" style=\"height:40px;\"><\/div>\n    <div class=\"visible-md\" style=\"height:40px;\"><\/div>\n    <div class=\"visible-lg\" style=\"height:40px;\"><\/div>\n<\/div><h2 class=\"text-left  element-top-20 element-bottom-20 text-light normal default\" data-os-animation=\"none\"  data-os-animation-delay=\"0s\" >\t\n        Pol\u00edtica de cookies        \t\n<\/h2>\n<h3 class=\"text-left  element-top-20 element-bottom-20 text-light normal default\" data-os-animation=\"none\"  data-os-animation-delay=\"0s\" >\t\n        Qu\u00e8 s\u00f3n les cookies?        \t\n<\/h3>\n<div class=\"col-text-1 text-normal  element-top-20 element-bottom-20\" data-os-animation=\"none\" data-os-animation-delay=\"0s\">\n    <p>Les cookies (o galetes, en catal\u00e0)\u00a0s\u00f3n uns petits arxius<br \/>\nque es descarreguen al teu ordinador<br \/>\nquan navegues per algunes p\u00e0gines web.<br \/>\nLes cookies permeten guardar i recuperar informaci\u00f3<br \/>\nsobre els teus h\u00e0bits i prefer\u00e8ncies de navegaci\u00f3.<\/p>\n<\/div>\n<h3 class=\"text-left  element-top-20 element-bottom-20 text-light normal default\" data-os-animation=\"none\"  data-os-animation-delay=\"0s\" >\t\n        Quins tipus de cookies utilitza aquesta p\u00e0gina web?        \t\n<\/h3>\n<div class=\"col-text-1 text-normal  element-top-20 element-bottom-20\" data-os-animation=\"none\" data-os-animation-delay=\"0s\">\n    <div>\n<ul>\n<li><strong>Galetes t\u00e8cniques<\/strong>: et permeten navegar<br \/>\nper la p\u00e0gina web i utilitzar les diferents opcions<br \/>\no serveis, com ara:<\/p>\n<ul>\n<li>controlar la comunicaci\u00f3 de dades,<\/li>\n<li>identificar la sessi\u00f3,<\/li>\n<li>inscriure\u2019t a un esdeveniment,<\/li>\n<li>utilitzar elements de seguretat,<\/li>\n<li>emmagatzemar continguts per a v\u00eddeos o so,<\/li>\n<li>compartir continguts a trav\u00e9s de xarxes socials.<\/li>\n<\/ul>\n<\/li>\n<\/ul>\n<\/div>\n<div>\n<ul>\n<li><strong>Galetes de personalitzaci\u00f3<\/strong>: et permeten personalitzar algunes caracter\u00edstiques de la p\u00e0gina web, com ara:\n<ul>\n<li>l\u2019idioma,<\/li>\n<li>el pa\u00eds,<\/li>\n<li>el tipus de navegador.<\/li>\n<\/ul>\n<\/li>\n<\/ul>\n<\/div>\n<div>\n<ul>\n<li><strong>Galetes anal\u00edtiques:<\/strong>\u00a0ens permeten mesurar<br \/>\ni analitzar el nombre d\u2019usuaris i la manera<br \/>\ncom utilitzen els serveis de la nostra p\u00e0gina web.<br \/>\nAix\u00ed podem millorar l\u2019oferta de productes i serveis.<\/li>\n<\/ul>\n<\/div>\n<div>\n<ul>\n<li><strong>Galetes de tercers<\/strong>:\u00a0<a title=\"P\u00e0gina Web de l'Institut Guttmann\" href=\"http:\/\/www.guttmann.com\/\">www.guttmann.com<\/a>\u00a0pot utilitzar cookies d\u2019altres empreses que recullen informaci\u00f3<br \/>\nper fer estad\u00edstiques i donar serveis relacionats<br \/>\namb l\u2019activitat de la p\u00e0gina web i altres serveis d\u2019Internet.<\/li>\n<\/ul>\n<p>&nbsp;<\/p>\n<p>Aquesta p\u00e0gina web utilitza cookies de Google Analytics,<br \/>\nun servei d\u2019an\u00e0lisi web de Google.<\/p>\n<p>Aquestes cookies recopilen informaci\u00f3 de l\u2019usuari,<br \/>\ninclosa l\u2019adre\u00e7a IP, per guardar-la i tractar-la<br \/>\nsegons els termes fixats a la web Google.com.<\/p>\n<p>Google tamb\u00e9 pot compartir aquesta informaci\u00f3<br \/>\namb altres empreses si ho exigeix la just\u00edcia<br \/>\no si els encarrega la gesti\u00f3 de la informaci\u00f3.<\/p>\n<p>Si navegues per aquesta p\u00e0gina web,<br \/>\nsignifica que acceptes que recollim<br \/>\ni tractem les teves dades.<br \/>\nSi no acceptes el tractament de les dades,<br \/>\npots rebutjar l\u2019\u00fas de cookies en el teu navegador.<\/p>\n<p>Si bloqueges les cookies en el teu navegador,<br \/>\npotser no tindr\u00e0s acc\u00e9s a totes les funcionalitats<br \/>\nde la p\u00e0gina web.<\/p>\n<\/div>\n<div>dilluns, 2 mar\u00e7, 2020 &#8211; 13:03<\/div>\n<\/div>\n<div class=\"divider-wrapper \" style=\"visibility:hidden;background-color:#FFFFFF\">\n    <div class=\"visible-xs\" style=\"height:40px;\"><\/div>\n    <div class=\"visible-sm\" style=\"height:40px;\"><\/div>\n    <div class=\"visible-md\" style=\"height:40px;\"><\/div>\n    <div class=\"visible-lg\" style=\"height:40px;\"><\/div>\n<\/div><\/div>        <\/div>\n    <\/div>\n<\/section>\n\n","protected":false},"excerpt":{"rendered":"Pol\u00edtica de cookies Qu\u00e8 s\u00f3n les cookies? Les cookies (o galetes, en catal\u00e0)\u00a0s\u00f3n uns petits arxius que es descarreguen al teu ordinador quan navegues per algunes p\u00e0gines web. Les cookies permeten guardar i recuperar informaci\u00f3 sobre els teus h\u00e0bits i prefer\u00e8ncies de navegaci\u00f3. Quins tipus de cookies utilitza aquesta p\u00e0gina web? Galetes t\u00e8cniques: et permeten","protected":false},"author":10,"featured_media":0,"parent":0,"menu_order":9,"comment_status":"closed","ping_status":"closed","template":"","meta":{"_acf_changed":false,"_monsterinsights_skip_tracking":false,"_monsterinsights_sitenote_active":false,"_monsterinsights_sitenote_note":"","_monsterinsights_sitenote_category":0,"footnotes":""},"class_list":["post-7373","page","type-page","status-publish","hentry"],"acf":[],"aioseo_notices":[],"_links":{"self":[{"href":"https:\/\/participa.guttmann.com\/ca\/wp-json\/wp\/v2\/pages\/7373","targetHints":{"allow":["GET"]}}],"collection":[{"href":"https:\/\/participa.guttmann.com\/ca\/wp-json\/wp\/v2\/pages"}],"about":[{"href":"https:\/\/participa.guttmann.com\/ca\/wp-json\/wp\/v2\/types\/page"}],"author":[{"embeddable":true,"href":"https:\/\/participa.guttmann.com\/ca\/wp-json\/wp\/v2\/users\/10"}],"replies":[{"embeddable":true,"href":"https:\/\/participa.guttmann.com\/ca\/wp-json\/wp\/v2\/comments?post=7373"}],"version-history":[{"count":4,"href":"https:\/\/participa.guttmann.com\/ca\/wp-json\/wp\/v2\/pages\/7373\/revisions"}],"predecessor-version":[{"id":7706,"href":"https:\/\/participa.guttmann.com\/ca\/wp-json\/wp\/v2\/pages\/7373\/revisions\/7706"}],"wp:attachment":[{"href":"https:\/\/participa.guttmann.com\/ca\/wp-json\/wp\/v2\/media?parent=7373"}],"curies":[{"name":"wp","href":"https:\/\/api.w.org\/{rel}","templated":true}]}}