{"id":10886,"date":"2022-05-03T14:05:32","date_gmt":"2022-05-03T14:05:32","guid":{"rendered":"https:\/\/participa.guttmann.com\/?page_id=10886"},"modified":"2025-06-03T13:38:57","modified_gmt":"2025-06-03T13:38:57","slug":"queremosparticipar","status":"publish","type":"page","link":"https:\/\/participa.guttmann.com\/es\/queremosparticipar\/","title":{"rendered":"#queremosparticipar"},"content":{"rendered":"<section class=\"section  text-normal section-text-no-shadow section-inner-no-shadow section-normal section-opaque\"  >\n    \n    <div class=\"background-overlay grid-overlay-0 \" style=\"background-color: rgba(0,0,0,0);\"><\/div>\n\n    <div class=\"container container-vertical-default\">\n        <div class=\"row vertical-default\">\n            <div class=\"col-md-12     text-default small-screen-default\"  ><h2 class=\"text-left title-colab-inici element-top-20 element-bottom-20 text-normal normal default\" data-os-animation=\"none\"  data-os-animation-delay=\"0s\" >\t\n        Campa\u00f1a proyecto PARTICIPA        \t\n<\/h2>\n<\/div>        <\/div>\n    <\/div>\n<\/section>\n<section class=\"section  text-normal section-text-no-shadow section-inner-no-shadow section-normal section-opaque\"  >\n    \n    <div class=\"background-overlay grid-overlay-0 \" style=\"background-color: rgba(0,0,0,0);\"><\/div>\n\n    <div class=\"container container-vertical-default\">\n        <div class=\"row vertical-default\">\n            <div class=\"col-md-12    spot-column text-center small-screen-default\"  >[vc_raw_html]JTNDaWZyYW1lJTIwY2xhc3MlM0QlMjJ2aWRlby1zcG90LXBhcnRpY2lwYSUyMiUyMHNyYyUzRCUyMmh0dHBzJTNBJTJGJTJGd3d3LnlvdXR1YmUuY29tJTJGZW1iZWQlMkZrT1ZhY1dtSkR4YyUyMiUyMHRpdGxlJTNEJTIyQ2FtcGElQzMlQjFhJTIwUHJveWVjdG8lMjBQQVJUSUNJUEElMjIlMjBmcmFtZWJvcmRlciUzRCUyMjAlMjIlMjBhbGxvdyUzRCUyMmFjY2VsZXJvbWV0ZXIlM0IlMjBhdXRvcGxheSUzQiUyMGNsaXBib2FyZC13cml0ZSUzQiUyMGVuY3J5cHRlZC1tZWRpYSUzQiUyMGd5cm9zY29wZSUzQiUyMHBpY3R1cmUtaW4tcGljdHVyZSUyMiUyMGFsbG93ZnVsbHNjcmVlbiUzRSUzQyUyRmlmcmFtZSUzRQ==[\/vc_raw_html]<\/div>        <\/div>\n    <\/div>\n<\/section>\n<section class=\"section  text-normal section-text-no-shadow section-inner-no-shadow section-normal section-opaque\"  >\n    \n    <div class=\"background-overlay grid-overlay-0 \" style=\"background-color: rgba(0,0,0,0);\"><\/div>\n\n    <div class=\"container container-vertical-default\">\n        <div class=\"row vertical-default\">\n            <div class=\"col-md-12     text-default small-screen-default\"  ><h2 class=\"text-left title-colab-inici element-top-20 element-bottom-20 text-normal normal default\" data-os-animation=\"none\"  data-os-animation-delay=\"0s\" >\t\n        Historias PARTICIPA        \t\n<\/h2>\n<div class=\"row \"><div class=\"col-md-3     text-default small-screen-default\"  ><div class=\"figure element-top-20 element-bottom-20  \" data-os-animation=\"none\" data-os-animation-delay=\"0s\">\n            <a href=\"https:\/\/participa.guttmann.com\/wp-content\/uploads\/2022\/05\/Jana-1.png\" class=\"figure-image magnific\" target=\"_self\">\n        <img loading=\"lazy\" decoding=\"async\" src=\"https:\/\/participa.guttmann.com\/wp-content\/uploads\/2022\/05\/Jana-1-262x213.png\" width=\"262\" height=\"213\" alt=\"Jana Arimany\"\/>            <\/a>\n    <\/div>\n[vc_raw_html css=\u00bb.vc_custom_1652184715450{margin-bottom: 20px !important;}\u00bb]JTNDaDMlMjBjbGFzcyUzRCUyMnRleHQtbGVmdCUyMHRpdGxlLXRlc3RpbW9uaXMlMjBlbGVtZW50LXRvcC0yMCUyMGVsZW1lbnQtYm90dG9tLTIwJTIwdGV4dC1ub3JtYWwlMjBub3JtYWwlMjBkZWZhdWx0JTIyJTIwZGF0YS1vcy1hbmltYXRpb24lM0QlMjJub25lJTIyJTIwZGF0YS1vcy1hbmltYXRpb24tZGVsYXklM0QlMjIwcyUyMiUzRSUwOSUwQSUyMCUyMCUyMCUyMCUyMCUyMCUyMCUyMCUzQ2ElMjBocmVmJTNEJTIyJTJGZXMlMkZveHlfdGVzdGltb25pYWwlMkZqYW5hJTIyJTIwdGl0bGUlM0QlMjJFbmxhY2UlMjBhbCUyMHRlc3RpbW9uaW8lMjBjb21wbGV0byUyMiUyMHRhcmdldCUzRCUyMl9ibGFuayUyMiUzRUphbmElMkMlMjAyNSUyMGElQzMlQjFvcyUzQyUyRmElM0UlMjAlMjAlMjAlMjAlMjAlMjAlMjAlMjAlMDklMEElM0MlMkZoMyUzRQ==[\/vc_raw_html]<div class=\"col-text-1 text-normal  element-top-20 element-bottom-20\" data-os-animation=\"none\" data-os-animation-delay=\"0s\">\n    <p><span class=\"NormalTextRun SCXW2557677 BCX0\">La vida de Jana<\/span><span class=\"NormalTextRun SCXW2557677 BCX0\"> dio un giro de 180 grados <\/span><span class=\"NormalTextRun SCXW2557677 BCX0\">en 2017, cuando una ca\u00edda le provoc\u00f3 una lesi\u00f3n medular<\/span><span class=\"NormalTextRun SCXW2557677 BCX0\">. \u201cEl hecho de haber vivido antes sin una discapacidad hizo el cambio muy traum\u00e1tico&#8230;\u00bb<\/span> <a title=\"Testimonio Jana\" href=\"\/es\/oxy_testimonial\/jana\/\" target=\"_blank\" rel=\"noopener\">Leer m\u00e1s<\/a><\/p>\n<\/div>\n<\/div><div class=\"col-md-3     text-default small-screen-default\"  ><div class=\"figure element-top-20 element-bottom-20  \" data-os-animation=\"none\" data-os-animation-delay=\"0s\">\n            <a href=\"https:\/\/participa.guttmann.com\/wp-content\/uploads\/2022\/05\/alina.png\" class=\"figure-image magnific\" target=\"_self\">\n        <img loading=\"lazy\" decoding=\"async\" src=\"https:\/\/participa.guttmann.com\/wp-content\/uploads\/2022\/05\/alina-262x213.png\" width=\"262\" height=\"213\" alt=\"Alina Ribes\"\/>            <\/a>\n    <\/div>\n[vc_raw_html css=\u00bb.vc_custom_1652184762034{margin-bottom: 20px !important;}\u00bb]JTNDaDMlMjBjbGFzcyUzRCUyMnRleHQtbGVmdCUyMHRpdGxlLXRlc3RpbW9uaXMlMjBlbGVtZW50LXRvcC0yMCUyMGVsZW1lbnQtYm90dG9tLTIwJTIwdGV4dC1ub3JtYWwlMjBub3JtYWwlMjBkZWZhdWx0JTIyJTIwZGF0YS1vcy1hbmltYXRpb24lM0QlMjJub25lJTIyJTIwZGF0YS1vcy1hbmltYXRpb24tZGVsYXklM0QlMjIwcyUyMiUzRSUwOSUwQSUyMCUyMCUyMCUyMCUyMCUyMCUyMCUyMCUzQ2ElMjBocmVmJTNEJTIyJTJGZXMlMkZveHlfdGVzdGltb25pYWwlMkZhbGluYSUyMiUyMHRpdGxlJTNEJTIyRW5sYWNlJTIwYWwlMjB0ZXN0aW1vbmlvJTIwY29tcGxldG8lMjIlMjB0YXJnZXQlM0QlMjJfYmxhbmslMjIlM0VBbGluYSUyQyUyMDI3JTIwYSVDMyVCMW9zJTNDJTJGYSUzRSUyMCUyMCUyMCUyMCUyMCUyMCUyMCUyMCUwOSUwQSUzQyUyRmgzJTNF[\/vc_raw_html]<div class=\"col-text-1 text-normal  element-top-20 element-bottom-20\" data-os-animation=\"none\" data-os-animation-delay=\"0s\">\n    <p><span class=\"NormalTextRun SCXW20570186 BCX0\">Hasta los 24 a\u00f1os, Alina no supo el nombre de la enfermedad que tiene desde que naci\u00f3: S\u00edndrome de St\u00fcve-Wiedemann. Se trata de una enfermedad minoritaria que afecta a menos de 1 persona por cada mill\u00f3n&#8230; <\/span><a title=\"Testimonio Alina\" href=\"\/es\/oxy_testimonial\/alina\/\" target=\"_blank\" rel=\"noopener\">Leer m\u00e1s<\/a><\/p>\n<\/div>\n<\/div><div class=\"col-md-3     text-default small-screen-default\"  ><div class=\"figure element-top-20 element-bottom-20  \" data-os-animation=\"none\" data-os-animation-delay=\"0s\">\n            <a href=\"https:\/\/participa.guttmann.com\/wp-content\/uploads\/2022\/05\/jose.png\" class=\"figure-image magnific\" target=\"_self\">\n        <img loading=\"lazy\" decoding=\"async\" src=\"https:\/\/participa.guttmann.com\/wp-content\/uploads\/2022\/05\/jose-262x213.png\" width=\"262\" height=\"213\" alt=\"Jos\u00e9 Alberto\"\/>            <\/a>\n    <\/div>\n[vc_raw_html css=\u00bb.vc_custom_1652184779649{margin-bottom: 20px !important;}\u00bb]JTNDaDMlMjBjbGFzcyUzRCUyMnRleHQtbGVmdCUyMHRpdGxlLXRlc3RpbW9uaXMlMjBlbGVtZW50LXRvcC0yMCUyMGVsZW1lbnQtYm90dG9tLTIwJTIwdGV4dC1ub3JtYWwlMjBub3JtYWwlMjBkZWZhdWx0JTIyJTIwZGF0YS1vcy1hbmltYXRpb24lM0QlMjJub25lJTIyJTIwZGF0YS1vcy1hbmltYXRpb24tZGVsYXklM0QlMjIwcyUyMiUzRSUwOSUwQSUyMCUyMCUyMCUyMCUyMCUyMCUyMCUyMCUzQ2ElMjBocmVmJTNEJTIyJTJGZXMlMkZveHlfdGVzdGltb25pYWwlMkZqb3NlJTIyJTIwdGl0bGUlM0QlMjJFbmxhY2UlMjBhbCUyMHRlc3RpbW9uaW8lMjBjb21wbGV0byUyMiUyMHRhcmdldCUzRCUyMl9ibGFuayUyMiUzRUpvcyVDMyVBOSUyQyUyMDM2JTIwYSVDMyVCMW9zJTNDJTJGYSUzRSUyMCUyMCUyMCUyMCUyMCUyMCUyMCUyMCUwOSUwQSUzQyUyRmgzJTNF[\/vc_raw_html]<div class=\"col-text-1 text-normal  element-top-20 element-bottom-20\" data-os-animation=\"none\" data-os-animation-delay=\"0s\">\n    <p>Hace 4 a\u00f1os, Jos\u00e9 tuvo una parada cardiorrespiratoria que le caus\u00f3 un da\u00f1o cerebral. Como consecuencia, hoy tiene discapacidad visual, afectaci\u00f3n en el equilibrio y problemas de movilidad&#8230; <a title=\"Testimonio Jos\u00e9\" href=\"\/es\/oxy_testimonial\/jose\/\" target=\"_blank\" rel=\"noopener\">Leer m\u00e1s<\/a><\/p>\n<\/div>\n<\/div><div class=\"col-md-3     text-default small-screen-default\"  ><div class=\"figure element-top-20 element-bottom-20  \" data-os-animation=\"none\" data-os-animation-delay=\"0s\">\n            <a href=\"https:\/\/participa.guttmann.com\/wp-content\/uploads\/2022\/05\/Maria.png\" class=\"figure-image magnific\" target=\"_self\">\n        <img loading=\"lazy\" decoding=\"async\" src=\"https:\/\/participa.guttmann.com\/wp-content\/uploads\/2022\/05\/Maria-262x213.png\" width=\"262\" height=\"213\" alt=\"Maria\"\/>            <\/a>\n    <\/div>\n[vc_raw_html css=\u00bb.vc_custom_1651749993968{margin-bottom: 20px !important;}\u00bb]JTNDaDMlMjBjbGFzcyUzRCUyMnRleHQtbGVmdCUyMHRpdGxlLXRlc3RpbW9uaXMlMjBlbGVtZW50LXRvcC0yMCUyMGVsZW1lbnQtYm90dG9tLTIwJTIwdGV4dC1ub3JtYWwlMjBub3JtYWwlMjBkZWZhdWx0JTIyJTIwZGF0YS1vcy1hbmltYXRpb24lM0QlMjJub25lJTIyJTIwZGF0YS1vcy1hbmltYXRpb24tZGVsYXklM0QlMjIwcyUyMiUzRSUwOSUwQSUyMCUyMCUyMCUyMCUyMCUyMCUyMCUyMCUzQ2ElMjBocmVmJTNEJTIyJTJGZXMlMkZveHlfdGVzdGltb25pYWwlMkZtYXJpYSUyMiUyMHRpdGxlJTNEJTIyRW5sYWNlJTIwYWwlMjB0ZXN0aW1vbmlvJTIwY29tcGxldG8lMjIlMjB0YXJnZXQlM0QlMjJfYmxhbmslMjIlM0VNYXJpYSUyQyUyMDI5JTIwYSVDMyVCMW9zJTNDJTJGYSUzRSUyMCUyMCUyMCUyMCUyMCUyMCUyMCUyMCUwOSUwQSUzQyUyRmgzJTNF[\/vc_raw_html]<div class=\"col-text-1 text-normal  element-top-20 element-bottom-20\" data-os-animation=\"none\" data-os-animation-delay=\"0s\">\n    <p>Maria es una mujer muy alegre con las ideas muy claras: denuncia que la sociedad est\u00e1 pensada para una mayor\u00eda de personas que \u00abaparentemente\u00bb no tienen discapacidad&#8230; <a title=\"Testimonio Maria\" href=\"\/es\/oxy_testimonial\/maria\" target=\"_blank\" rel=\"noopener\">Leer m\u00e1s<\/a><\/p>\n<\/div>\n<\/div><\/div><div class=\"row \"><div class=\"col-md-3     text-default small-screen-default\"  ><div class=\"figure element-top-20 element-bottom-20  \" data-os-animation=\"none\" data-os-animation-delay=\"0s\">\n            <a href=\"https:\/\/participa.guttmann.com\/wp-content\/uploads\/2022\/05\/dario2.png\" class=\"figure-image magnific\" target=\"_self\">\n        <img loading=\"lazy\" decoding=\"async\" src=\"https:\/\/participa.guttmann.com\/wp-content\/uploads\/2022\/05\/dario2-262x213.png\" width=\"262\" height=\"213\" alt=\"Dar\u00edo\"\/>            <\/a>\n    <\/div>\n[vc_raw_html css=\u00bb.vc_custom_1651830158971{margin-bottom: 20px !important;}\u00bb]JTNDaDMlMjBjbGFzcyUzRCUyMnRleHQtbGVmdCUyMHRpdGxlLXRlc3RpbW9uaXMlMjBlbGVtZW50LXRvcC0yMCUyMGVsZW1lbnQtYm90dG9tLTIwJTIwdGV4dC1ub3JtYWwlMjBub3JtYWwlMjBkZWZhdWx0JTIyJTIwZGF0YS1vcy1hbmltYXRpb24lM0QlMjJub25lJTIyJTIwZGF0YS1vcy1hbmltYXRpb24tZGVsYXklM0QlMjIwcyUyMiUzRSUwOSUwQSUyMCUyMCUyMCUyMCUyMCUyMCUyMCUyMCUzQ2ElMjBocmVmJTNEJTIyJTJGZXMlMkZveHlfdGVzdGltb25pYWwlMkZkYXJpbyUyMiUyMHRpdGxlJTNEJTIyRW5sYWNlJTIwYWwlMjB0ZXN0aW1vbmlvJTIwY29tcGxldG8lMjIlMjB0YXJnZXQlM0QlMjJfYmxhbmslMjIlM0VEYXIlQzMlQURvJTJDJTIwMjIlMjBhJUMzJUIxb3MlM0MlMkZhJTNFJTIwJTIwJTIwJTIwJTIwJTIwJTIwJTIwJTA5JTBBJTNDJTJGaDMlM0U=[\/vc_raw_html]<div class=\"col-text-1 text-normal  element-top-20 element-bottom-20\" data-os-animation=\"none\" data-os-animation-delay=\"0s\">\n    <p>La principal barrera con que se ha topado Dar\u00edo es la del desconocimiento: \u201cExiste una visi\u00f3n muy negativa de lo que significa ir en silla de ruedas, se da por hecho que somos personas con muy pocas capacidades&#8230; <a title=\"Testimonio Dario\" href=\"\/es\/oxy_testimonial\/dario\" target=\"_blank\" rel=\"noopener\">Leer m\u00e1s<\/a><\/p>\n<\/div>\n<\/div><div class=\"col-md-3     text-default small-screen-default\"  ><div class=\"figure element-top-20 element-bottom-20  \" data-os-animation=\"none\" data-os-animation-delay=\"0s\">\n            <a href=\"https:\/\/participa.guttmann.com\/wp-content\/uploads\/2022\/05\/Monat.png\" class=\"figure-image magnific\" target=\"_self\">\n        <img loading=\"lazy\" decoding=\"async\" src=\"https:\/\/participa.guttmann.com\/wp-content\/uploads\/2022\/05\/Monat-262x213.png\" width=\"262\" height=\"213\" alt=\"Monat\"\/>            <\/a>\n    <\/div>\n[vc_raw_html css=\u00bb.vc_custom_1651750209025{margin-bottom: 20px !important;}\u00bb]JTNDaDMlMjBjbGFzcyUzRCUyMnRleHQtbGVmdCUyMHRpdGxlLXRlc3RpbW9uaXMlMjBlbGVtZW50LXRvcC0yMCUyMGVsZW1lbnQtYm90dG9tLTIwJTIwdGV4dC1ub3JtYWwlMjBub3JtYWwlMjBkZWZhdWx0JTIyJTIwZGF0YS1vcy1hbmltYXRpb24lM0QlMjJub25lJTIyJTIwZGF0YS1vcy1hbmltYXRpb24tZGVsYXklM0QlMjIwcyUyMiUzRSUwOSUwQSUyMCUyMCUyMCUyMCUyMCUyMCUyMCUyMCUzQ2ElMjBocmVmJTNEJTIyJTJGZXMlMkZveHlfdGVzdGltb25pYWwlMkZtb25hdCUyMiUyMHRpdGxlJTNEJTIyRW5sYWNlJTIwYWwlMjB0ZXN0aW1vbmlvJTIwY29tcGxldG8lMjIlMjB0YXJnZXQlM0QlMjJfYmxhbmslMjIlM0VNb25hdCUyQyUyMDI5JTIwYSVDMyVCMW9zJTNDJTJGYSUzRSUyMCUyMCUyMCUyMCUyMCUyMCUyMCUyMCUwOSUwQSUzQyUyRmgzJTNF[\/vc_raw_html]<div class=\"col-text-1 text-normal  element-top-20 element-bottom-20\" data-os-animation=\"none\" data-os-animation-delay=\"0s\">\n    <p>Cuando le preguntas a Monat qu\u00e9 lugar supone una barrera importante para ella, responde r\u00e1pidamente: \u201cel autob\u00fas\u201d. Ella se sienta en los asientos reservados porque su equilibrio es menos estable que el de otras personas&#8230; <a title=\"Testimonio Monat\" href=\"\/es\/oxy_testimonial\/monat\" target=\"_blank\" rel=\"noopener\">Leer m\u00e1s<\/a><\/p>\n<\/div>\n<\/div><div class=\"col-md-3     text-default small-screen-default\"  ><div class=\"figure element-top-20 element-bottom-20  \" data-os-animation=\"none\" data-os-animation-delay=\"0s\">\n            <a href=\"https:\/\/participa.guttmann.com\/wp-content\/uploads\/2022\/05\/Raul.png\" class=\"figure-image magnific\" target=\"_self\">\n        <img loading=\"lazy\" decoding=\"async\" src=\"https:\/\/participa.guttmann.com\/wp-content\/uploads\/2022\/05\/Raul-262x213.png\" width=\"262\" height=\"213\" alt=\"Ra\u00fal\"\/>            <\/a>\n    <\/div>\n[vc_raw_html css=\u00bb.vc_custom_1651750235813{margin-bottom: 20px !important;}\u00bb]JTNDaDMlMjBjbGFzcyUzRCUyMnRleHQtbGVmdCUyMHRpdGxlLXRlc3RpbW9uaXMlMjBlbGVtZW50LXRvcC0yMCUyMGVsZW1lbnQtYm90dG9tLTIwJTIwdGV4dC1ub3JtYWwlMjBub3JtYWwlMjBkZWZhdWx0JTIyJTIwZGF0YS1vcy1hbmltYXRpb24lM0QlMjJub25lJTIyJTIwZGF0YS1vcy1hbmltYXRpb24tZGVsYXklM0QlMjIwcyUyMiUzRSUwOSUwQSUyMCUyMCUyMCUyMCUyMCUyMCUyMCUyMCUzQ2ElMjBocmVmJTNEJTIyJTJGZXMlMkZveHlfdGVzdGltb25pYWwlMkZyYXVsJTIyJTIwdGl0bGUlM0QlMjJFbmxhY2UlMjBhbCUyMHRlc3RpbW9uaW8lMjBjb21wbGV0byUyMiUyMHRhcmdldCUzRCUyMl9ibGFuayUyMiUzRVJhJUMzJUJBbCUyQyUyMDI0JTIwYSVDMyVCMW9zJTNDJTJGYSUzRSUyMCUyMCUyMCUyMCUyMCUyMCUyMCUyMCUwOSUwQSUzQyUyRmgzJTNF[\/vc_raw_html]<div class=\"col-text-1 text-normal  element-top-20 element-bottom-20\" data-os-animation=\"none\" data-os-animation-delay=\"0s\">\n    <p>Ra\u00fal naci\u00f3 con S\u00edndrome de Penttinen, una afectaci\u00f3n gen\u00e9tica y poco frecuente, caracterizada por una apariencia envejecida prematura. La barrera que \u00e9l considera m\u00e1s insalvable es la de las relaciones afectivas, al menos de momento&#8230; <a title=\"Testimonio Ra\u00fal\" href=\"\/es\/oxy_testimonial\/raul\" target=\"_blank\" rel=\"noopener\">Leer m\u00e1s<\/a><\/p>\n<\/div>\n<\/div><div class=\"col-md-3     text-default small-screen-default\"  ><div class=\"figure element-top-20 element-bottom-20  \" data-os-animation=\"none\" data-os-animation-delay=\"0s\">\n            <a href=\"https:\/\/participa.guttmann.com\/wp-content\/uploads\/2022\/05\/maurizio2-3.png\" class=\"figure-image magnific\" target=\"_self\">\n        <img loading=\"lazy\" decoding=\"async\" src=\"https:\/\/participa.guttmann.com\/wp-content\/uploads\/2022\/05\/maurizio2-3-262x213.png\" width=\"262\" height=\"213\" alt=\"Maurizio\"\/>            <\/a>\n    <\/div>\n[vc_raw_html css=\u00bb.vc_custom_1651750269369{margin-bottom: 20px !important;}\u00bb]JTNDaDMlMjBjbGFzcyUzRCUyMnRleHQtbGVmdCUyMHRpdGxlLXRlc3RpbW9uaXMlMjBlbGVtZW50LXRvcC0yMCUyMGVsZW1lbnQtYm90dG9tLTIwJTIwdGV4dC1ub3JtYWwlMjBub3JtYWwlMjBkZWZhdWx0JTIyJTIwZGF0YS1vcy1hbmltYXRpb24lM0QlMjJub25lJTIyJTIwZGF0YS1vcy1hbmltYXRpb24tZGVsYXklM0QlMjIwcyUyMiUzRSUwOSUwQSUyMCUyMCUyMCUyMCUyMCUyMCUyMCUyMCUzQ2ElMjBocmVmJTNEJTIyJTJGZXMlMkZveHlfdGVzdGltb25pYWwlMkZtYXVyaXppbyUyMiUyMHRpdGxlJTNEJTIyRW5sYWNlJTIwYWwlMjB0ZXN0aW1vbmlvJTIwY29tcGxldG8lMjIlMjB0YXJnZXQlM0QlMjJfYmxhbmslMjIlM0VNYXVyaXppbyUyQyUyMDYxJTIwYSVDMyVCMW9zJTNDJTJGYSUzRSUyMCUyMCUyMCUyMCUyMCUyMCUyMCUyMCUwOSUwQSUzQyUyRmgzJTNF[\/vc_raw_html]<div class=\"col-text-1 text-normal  element-top-20 element-bottom-20\" data-os-animation=\"none\" data-os-animation-delay=\"0s\">\n    <p>\u201cEl mundo est\u00e1 hecho para personas consideradas normales, pero nosotros tambi\u00e9n somos normales\u201d, enfatiza Maurizio. Hace 5 a\u00f1os tuvo un ictus y desde entonces se desplaza en sillas de ruedas&#8230; <a title=\"Testimonio Maurizio\" href=\"\/es\/oxy_testimonial\/maurizio\" target=\"_blank\" rel=\"noopener\">Leer m\u00e1s<\/a><\/p>\n<\/div>\n<\/div><\/div><div class=\"row \"><div class=\"col-md-3     text-default small-screen-default\"  ><div class=\"figure element-top-20 element-bottom-20  \" data-os-animation=\"none\" data-os-animation-delay=\"0s\">\n            <a href=\"https:\/\/participa.guttmann.com\/wp-content\/uploads\/2022\/05\/siscu2.png\" class=\"figure-image magnific\" target=\"_self\">\n        <img loading=\"lazy\" decoding=\"async\" src=\"https:\/\/participa.guttmann.com\/wp-content\/uploads\/2022\/05\/siscu2-262x213.png\" width=\"262\" height=\"213\" alt=\"Siscu\"\/>            <\/a>\n    <\/div>\n[vc_raw_html css=\u00bb.vc_custom_1651750303354{margin-bottom: 20px !important;}\u00bb]JTNDaDMlMjBjbGFzcyUzRCUyMnRleHQtbGVmdCUyMHRpdGxlLXRlc3RpbW9uaXMlMjBlbGVtZW50LXRvcC0yMCUyMGVsZW1lbnQtYm90dG9tLTIwJTIwdGV4dC1ub3JtYWwlMjBub3JtYWwlMjBkZWZhdWx0JTIyJTIwZGF0YS1vcy1hbmltYXRpb24lM0QlMjJub25lJTIyJTIwZGF0YS1vcy1hbmltYXRpb24tZGVsYXklM0QlMjIwcyUyMiUzRSUwOSUwQSUyMCUyMCUyMCUyMCUyMCUyMCUyMCUyMCUzQ2ElMjBocmVmJTNEJTIyJTJGZXMlMkZveHlfdGVzdGltb25pYWwlMkZzaXNjdSUyMiUyMHRpdGxlJTNEJTIyRW5sYWNlJTIwYWwlMjB0ZXN0aW1vbmlvJTIwY29tcGxldG8lMjIlMjB0YXJnZXQlM0QlMjJfYmxhbmslMjIlM0VTaXNjdSUyQyUyMDQ0JTIwYSVDMyVCMW9zJTNDJTJGYSUzRSUyMCUyMCUyMCUyMCUyMCUyMCUyMCUyMCUwOSUwQSUzQyUyRmgzJTNF[\/vc_raw_html]<div class=\"col-text-1 text-normal  element-top-20 element-bottom-20\" data-os-animation=\"none\" data-os-animation-delay=\"0s\">\n    <p>Siscu es arquitecto especializado en la rehabilitaci\u00f3n de edificios. Como tal, una de las tareas que realiza es la de velar por la accesibilidad f\u00edsica de los espacios, lo cual le causa m\u00e1s de un debate&#8230; <a title=\"Testimonio Siscu\" href=\"\/es\/oxy_testimonial\/siscu\" target=\"_blank\" rel=\"noopener\">Leer m\u00e1s<\/a><\/p>\n<\/div>\n<\/div><div class=\"col-md-3     text-default small-screen-default\"  ><div class=\"figure element-top-20 element-bottom-20  \" data-os-animation=\"none\" data-os-animation-delay=\"0s\">\n            <a href=\"https:\/\/participa.guttmann.com\/wp-content\/uploads\/2022\/05\/marc2.png\" class=\"figure-image magnific\" target=\"_self\">\n        <img loading=\"lazy\" decoding=\"async\" src=\"https:\/\/participa.guttmann.com\/wp-content\/uploads\/2022\/05\/marc2-262x213.png\" width=\"262\" height=\"213\" alt=\"Marc\"\/>            <\/a>\n    <\/div>\n[vc_raw_html css=\u00bb.vc_custom_1651761248982{margin-bottom: 20px !important;}\u00bb]JTNDaDMlMjBjbGFzcyUzRCUyMnRleHQtbGVmdCUyMHRpdGxlLXRlc3RpbW9uaXMlMjBlbGVtZW50LXRvcC0yMCUyMGVsZW1lbnQtYm90dG9tLTIwJTIwdGV4dC1ub3JtYWwlMjBub3JtYWwlMjBkZWZhdWx0JTIyJTIwZGF0YS1vcy1hbmltYXRpb24lM0QlMjJub25lJTIyJTIwZGF0YS1vcy1hbmltYXRpb24tZGVsYXklM0QlMjIwcyUyMiUzRSUwOSUwQSUyMCUyMCUyMCUyMCUyMCUyMCUyMCUyMCUzQ2ElMjBocmVmJTNEJTIyJTJGZXMlMkZveHlfdGVzdGltb25pYWwlMkZtYXJjJTIyJTIwdGl0bGUlM0QlMjJFbmxhY2UlMjBhbCUyMHRlc3RpbW9uaW8lMjBjb21wbGV0byUyMiUyMHRhcmdldCUzRCUyMl9ibGFuayUyMiUzRU1hcmMlMkMlMjAyNCUyMGElQzMlQjFvcyUzQyUyRmElM0UlMjAlMjAlMjAlMjAlMjAlMjAlMjAlMjAlMDklMEElM0MlMkZoMyUzRQ==[\/vc_raw_html]<div class=\"col-text-1 text-normal  element-top-20 element-bottom-20\" data-os-animation=\"none\" data-os-animation-delay=\"0s\">\n    <p>Lo primero que invadi\u00f3 a Marc fue el pesimismo: \u201cYa puedes dejar de perseguir tu sue\u00f1o porque: \u00bfqui\u00e9n necesita un actor en silla de ruedas?\u201d. Afortunadamente, se equivocaba&#8230;\u00a0 <a title=\"Testimonio Marc\" href=\"\/es\/oxy_testimonial\/marc\" target=\"_blank\" rel=\"noopener\">Leer m\u00e1s<\/a><\/p>\n<\/div>\n<\/div><div class=\"col-md-3     text-default small-screen-default\"  ><div class=\"figure element-top-20 element-bottom-20  \" data-os-animation=\"none\" data-os-animation-delay=\"0s\">\n            <a href=\"https:\/\/participa.guttmann.com\/wp-content\/uploads\/2022\/05\/Stephanie.png\" class=\"figure-image magnific\" target=\"_self\">\n        <img loading=\"lazy\" decoding=\"async\" src=\"https:\/\/participa.guttmann.com\/wp-content\/uploads\/2022\/05\/Stephanie-262x213.png\" width=\"262\" height=\"213\" alt=\"Nancy\"\/>            <\/a>\n    <\/div>\n[vc_raw_html css=\u00bb.vc_custom_1652080819402{margin-bottom: 20px !important;}\u00bb]JTNDaDMlMjBjbGFzcyUzRCUyMnRleHQtbGVmdCUyMHRpdGxlLXRlc3RpbW9uaXMlMjBlbGVtZW50LXRvcC0yMCUyMGVsZW1lbnQtYm90dG9tLTIwJTIwdGV4dC1ub3JtYWwlMjBub3JtYWwlMjBkZWZhdWx0JTIyJTIwZGF0YS1vcy1hbmltYXRpb24lM0QlMjJub25lJTIyJTIwZGF0YS1vcy1hbmltYXRpb24tZGVsYXklM0QlMjIwcyUyMiUzRSUwOSUwQSUyMCUyMCUyMCUyMCUyMCUyMCUyMCUyMCUzQ2ElMjBocmVmJTNEJTIyJTJGZXMlMkZveHlfdGVzdGltb25pYWwlMkZuYW5jeSUyMiUyMHRpdGxlJTNEJTIyRW5sYWNlJTIwYWwlMjB0ZXN0aW1vbmlvJTIwY29tcGxldG8lMjIlMjB0YXJnZXQlM0QlMjJfYmxhbmslMjIlM0VOYW5jeSUyQyUyMDI1JTIwYSVDMyVCMW9zJTNDJTJGYSUzRSUyMCUyMCUyMCUyMCUyMCUyMCUyMCUyMCUwOSUwQSUzQyUyRmgzJTNF[\/vc_raw_html]<div class=\"col-text-1 text-normal  element-top-20 element-bottom-20\" data-os-animation=\"none\" data-os-animation-delay=\"0s\">\n    <p>Algo aparentemente tan sencillo como sacarse el carnet de conducir implica tantos obst\u00e1culos que Nancy no puede hacerlo. \u201cTendr\u00eda que costearme yo un int\u00e9rprete de lengua de signos&#8230;\u00a0 <a title=\"Testimonio Nancy\" href=\"\/es\/oxy_testimonial\/nancy\" target=\"_blank\" rel=\"noopener\">Leer m\u00e1s<\/a><\/p>\n<\/div>\n<\/div><\/div><\/div>        <\/div>\n    <\/div>\n<\/section>\n<section class=\"section content-center-p text-normal section-text-no-shadow section-inner-no-shadow section-normal section-opaque\"  >\n    \n    <div class=\"background-overlay grid-overlay-0 \" style=\"background-color: rgba(0,0,0,0);\"><\/div>\n\n    <div class=\"container-fullwidth container-vertical-default\">\n        <div class=\"row vertical-default\">\n            <div class=\"col-md-12    box-center-p text-default small-screen-default\"  ><div class=\"row \"><div class=\"col-md-12    box-title-participa text-default small-screen-default\"  ><h2 class=\"text-center title-center-p element-top-40 element-bottom-0 text-normal os-animation big default\" data-os-animation=\"fadeInLeft\"  data-os-animation-delay=\"0.4s\" >\t\n        Entra en el Foro de PARTICIPA y cu\u00e9ntanos tu experiencia        \t\n<\/h2>\n<\/div><\/div>[vc_btn title=\u00bb\u00a1Te escuchamos!\u00bb shape=\u00bbsquare\u00bb color=\u00bbwhite\u00bb size=\u00bblg\u00bb align=\u00bbcenter\u00bb css_animation=\u00bbfadeInLeft\u00bb link=\u00bburl:%2Fforo|title:Enlace%20al%20foro|target:%20_blank|\u00bb el_class=\u00bbbotom-participa\u00bb]<\/div>        <\/div>\n    <\/div>\n<\/section>\n","protected":false},"excerpt":{"rendered":"Campa\u00f1a proyecto PARTICIPA [vc_raw_html]JTNDaWZyYW1lJTIwY2xhc3MlM0QlMjJ2aWRlby1zcG90LXBhcnRpY2lwYSUyMiUyMHNyYyUzRCUyMmh0dHBzJTNBJTJGJTJGd3d3LnlvdXR1YmUuY29tJTJGZW1iZWQlMkZrT1ZhY1dtSkR4YyUyMiUyMHRpdGxlJTNEJTIyQ2FtcGElQzMlQjFhJTIwUHJveWVjdG8lMjBQQVJUSUNJUEElMjIlMjBmcmFtZWJvcmRlciUzRCUyMjAlMjIlMjBhbGxvdyUzRCUyMmFjY2VsZXJvbWV0ZXIlM0IlMjBhdXRvcGxheSUzQiUyMGNsaXBib2FyZC13cml0ZSUzQiUyMGVuY3J5cHRlZC1tZWRpYSUzQiUyMGd5cm9zY29wZSUzQiUyMHBpY3R1cmUtaW4tcGljdHVyZSUyMiUyMGFsbG93ZnVsbHNjcmVlbiUzRSUzQyUyRmlmcmFtZSUzRQ==[\/vc_raw_html] Historias PARTICIPA [vc_raw_html css=\".vc_custom_1652184715450{margin-bottom: 20px !important;}\"]JTNDaDMlMjBjbGFzcyUzRCUyMnRleHQtbGVmdCUyMHRpdGxlLXRlc3RpbW9uaXMlMjBlbGVtZW50LXRvcC0yMCUyMGVsZW1lbnQtYm90dG9tLTIwJTIwdGV4dC1ub3JtYWwlMjBub3JtYWwlMjBkZWZhdWx0JTIyJTIwZGF0YS1vcy1hbmltYXRpb24lM0QlMjJub25lJTIyJTIwZGF0YS1vcy1hbmltYXRpb24tZGVsYXklM0QlMjIwcyUyMiUzRSUwOSUwQSUyMCUyMCUyMCUyMCUyMCUyMCUyMCUyMCUzQ2ElMjBocmVmJTNEJTIyJTJGZXMlMkZveHlfdGVzdGltb25pYWwlMkZqYW5hJTIyJTIwdGl0bGUlM0QlMjJFbmxhY2UlMjBhbCUyMHRlc3RpbW9uaW8lMjBjb21wbGV0byUyMiUyMHRhcmdldCUzRCUyMl9ibGFuayUyMiUzRUphbmElMkMlMjAyNSUyMGElQzMlQjFvcyUzQyUyRmElM0UlMjAlMjAlMjAlMjAlMjAlMjAlMjAlMjAlMDklMEElM0MlMkZoMyUzRQ==[\/vc_raw_html] La vida de Jana dio un giro de 180 grados en 2017, cuando una ca\u00edda le provoc\u00f3 una lesi\u00f3n medular. \u201cEl hecho de haber vivido antes sin una discapacidad hizo el cambio muy traum\u00e1tico...\" Leer m\u00e1s [vc_raw_html css=\".vc_custom_1652184762034{margin-bottom: 20px !important;}\"]JTNDaDMlMjBjbGFzcyUzRCUyMnRleHQtbGVmdCUyMHRpdGxlLXRlc3RpbW9uaXMlMjBlbGVtZW50LXRvcC0yMCUyMGVsZW1lbnQtYm90dG9tLTIwJTIwdGV4dC1ub3JtYWwlMjBub3JtYWwlMjBkZWZhdWx0JTIyJTIwZGF0YS1vcy1hbmltYXRpb24lM0QlMjJub25lJTIyJTIwZGF0YS1vcy1hbmltYXRpb24tZGVsYXklM0QlMjIwcyUyMiUzRSUwOSUwQSUyMCUyMCUyMCUyMCUyMCUyMCUyMCUyMCUzQ2ElMjBocmVmJTNEJTIyJTJGZXMlMkZveHlfdGVzdGltb25pYWwlMkZhbGluYSUyMiUyMHRpdGxlJTNEJTIyRW5sYWNlJTIwYWwlMjB0ZXN0aW1vbmlvJTIwY29tcGxldG8lMjIlMjB0YXJnZXQlM0QlMjJfYmxhbmslMjIlM0VBbGluYSUyQyUyMDI3JTIwYSVDMyVCMW9zJTNDJTJGYSUzRSUyMCUyMCUyMCUyMCUyMCUyMCUyMCUyMCUwOSUwQSUzQyUyRmgzJTNF[\/vc_raw_html] Hasta los 24 a\u00f1os, Alina","protected":false},"author":10,"featured_media":0,"parent":0,"menu_order":1,"comment_status":"closed","ping_status":"closed","template":"","meta":{"_acf_changed":false,"_monsterinsights_skip_tracking":false,"_monsterinsights_sitenote_active":false,"_monsterinsights_sitenote_note":"","_monsterinsights_sitenote_category":0,"footnotes":""},"class_list":["post-10886","page","type-page","status-publish","hentry"],"acf":[],"aioseo_notices":[],"_links":{"self":[{"href":"https:\/\/participa.guttmann.com\/es\/wp-json\/wp\/v2\/pages\/10886","targetHints":{"allow":["GET"]}}],"collection":[{"href":"https:\/\/participa.guttmann.com\/es\/wp-json\/wp\/v2\/pages"}],"about":[{"href":"https:\/\/participa.guttmann.com\/es\/wp-json\/wp\/v2\/types\/page"}],"author":[{"embeddable":true,"href":"https:\/\/participa.guttmann.com\/es\/wp-json\/wp\/v2\/users\/10"}],"replies":[{"embeddable":true,"href":"https:\/\/participa.guttmann.com\/es\/wp-json\/wp\/v2\/comments?post=10886"}],"version-history":[{"count":100,"href":"https:\/\/participa.guttmann.com\/es\/wp-json\/wp\/v2\/pages\/10886\/revisions"}],"predecessor-version":[{"id":23203,"href":"https:\/\/participa.guttmann.com\/es\/wp-json\/wp\/v2\/pages\/10886\/revisions\/23203"}],"wp:attachment":[{"href":"https:\/\/participa.guttmann.com\/es\/wp-json\/wp\/v2\/media?parent=10886"}],"curies":[{"name":"wp","href":"https:\/\/api.w.org\/{rel}","templated":true}]}}