{"id":18739,"date":"2023-11-15T11:48:30","date_gmt":"2023-11-15T11:48:30","guid":{"rendered":"https:\/\/participa.guttmann.com\/?page_id=18739"},"modified":"2024-04-17T08:13:03","modified_gmt":"2024-04-17T08:13:03","slug":"resultados","status":"publish","type":"page","link":"https:\/\/participa.guttmann.com\/es\/resultados\/","title":{"rendered":"Resultados"},"content":{"rendered":"<section class=\"section  text-normal section-text-no-shadow section-inner-no-shadow section-normal section-opaque\"  >\n    \n    <div class=\"background-overlay grid-overlay-0 \" style=\"background-color: rgba(0,0,0,0);\"><\/div>\n\n    <div class=\"container container-vertical-default\">\n        <div class=\"row vertical-default\">\n            <div class=\"col-md-12     text-default small-screen-default\"  ><div class=\"col-text-1 text-normal  element-top-20 element-bottom-10\" data-os-animation=\"none\" data-os-animation-delay=\"0s\">\n    <p>Aqu\u00ed podr\u00e1s leer los art\u00edculos publicados por los miembros del equipo PARTICIPA a partir de los resultados obtenidos en el proyecto<\/p>\n<\/div>\n<\/div>        <\/div>\n    <\/div>\n<\/section>\n<section class=\"section  text-normal section-text-no-shadow section-inner-no-shadow section-normal section-opaque\"  >\n    \n    <div class=\"background-overlay grid-overlay-0 \" style=\"background-color: rgba(0,0,0,0);\"><\/div>\n\n    <div class=\"container container-vertical-default\">\n        <div class=\"row vertical-default\">\n            <div class=\"col-md-12     text-default small-screen-default\"  >[vc_basic_grid post_type=\u00bbpost\u00bb max_items=\u00bb-1&#8243; show_filter=\u00bbyes\u00bb element_width=\u00bb6&#8243; item=\u00bb19180&#8243; grid_id=\u00bbvc_gid:1713341543368-75635e02-cbd8-0&#8243; taxonomies=\u00bb344, 343, 534&#8243; el_class=\u00bbgrid_custom_articles\u00bb filter_source=\u00bbcategory\u00bb exclude_filter=\u00bb92&#8243;]<\/div>        <\/div>\n    <\/div>\n<\/section>\n","protected":false},"excerpt":{"rendered":"Aqu\u00ed podr\u00e1s leer los art\u00edculos publicados por los miembros del equipo PARTICIPA a partir de los resultados obtenidos en el proyecto [vc_basic_grid post_type=\"post\" max_items=\"-1\" show_filter=\"yes\" element_width=\"6\" item=\"19180\" grid_id=\"vc_gid:1713341543368-75635e02-cbd8-0\" taxonomies=\"344, 343, 534\" el_class=\"grid_custom_articles\" filter_source=\"category\" exclude_filter=\"92\"]","protected":false},"author":10,"featured_media":0,"parent":0,"menu_order":0,"comment_status":"closed","ping_status":"closed","template":"","meta":{"_acf_changed":false,"_monsterinsights_skip_tracking":false,"_monsterinsights_sitenote_active":false,"_monsterinsights_sitenote_note":"","_monsterinsights_sitenote_category":0,"footnotes":""},"class_list":["post-18739","page","type-page","status-publish","hentry"],"acf":[],"aioseo_notices":[],"_links":{"self":[{"href":"https:\/\/participa.guttmann.com\/es\/wp-json\/wp\/v2\/pages\/18739","targetHints":{"allow":["GET"]}}],"collection":[{"href":"https:\/\/participa.guttmann.com\/es\/wp-json\/wp\/v2\/pages"}],"about":[{"href":"https:\/\/participa.guttmann.com\/es\/wp-json\/wp\/v2\/types\/page"}],"author":[{"embeddable":true,"href":"https:\/\/participa.guttmann.com\/es\/wp-json\/wp\/v2\/users\/10"}],"replies":[{"embeddable":true,"href":"https:\/\/participa.guttmann.com\/es\/wp-json\/wp\/v2\/comments?post=18739"}],"version-history":[{"count":32,"href":"https:\/\/participa.guttmann.com\/es\/wp-json\/wp\/v2\/pages\/18739\/revisions"}],"predecessor-version":[{"id":20223,"href":"https:\/\/participa.guttmann.com\/es\/wp-json\/wp\/v2\/pages\/18739\/revisions\/20223"}],"wp:attachment":[{"href":"https:\/\/participa.guttmann.com\/es\/wp-json\/wp\/v2\/media?parent=18739"}],"curies":[{"name":"wp","href":"https:\/\/api.w.org\/{rel}","templated":true}]}}