{"id":21249,"date":"2024-07-30T09:48:53","date_gmt":"2024-07-30T09:48:53","guid":{"rendered":"https:\/\/participa.guttmann.com\/?page_id=21249"},"modified":"2024-07-30T09:48:53","modified_gmt":"2024-07-30T09:48:53","slug":"consejo-social-y-de-participacion-del-institut-guttmann_lf","status":"publish","type":"page","link":"https:\/\/participa.guttmann.com\/es\/consejo-social-y-de-participacion-del-institut-guttmann_lf\/","title":{"rendered":"Consejo Social y de Participaci\u00f3n del Institut Guttmann"},"content":{"rendered":"<section class=\"section  text-normal section-text-no-shadow section-inner-no-shadow section-normal section-opaque\"  >\n    \n    <div class=\"background-overlay grid-overlay-0 \" style=\"background-color: rgba(0,0,0,0);\"><\/div>\n\n    <div class=\"container container-vertical-default\">\n        <div class=\"row vertical-default\">\n            <div class=\"col-md-2     text-default small-screen-default\"  ><div class=\"figure element-top-10 element-bottom-10 image-effect-zoom-in col-entities os-animation\" data-os-animation=\"fadeInLeft\" data-os-animation-delay=\"0s\">\n            <a href=\"https:\/\/www.ecom.cat\/es\/quienes-somos\/presentacion\" class=\"figure-image \" target=\"_blank\">\n        <img loading=\"lazy\" decoding=\"async\" width=\"300\" height=\"83\" src=\"https:\/\/participa.guttmann.com\/wp-content\/uploads\/2024\/07\/ecom-1-300x83.png\" class=\"attachment-medium size-medium\" alt=\"Ecom Consejo Social y de Participaci\u00f3n\" srcset=\"https:\/\/participa.guttmann.com\/wp-content\/uploads\/2024\/07\/ecom-1-300x83.png 300w, https:\/\/participa.guttmann.com\/wp-content\/uploads\/2024\/07\/ecom-1-768x214.png 768w, https:\/\/participa.guttmann.com\/wp-content\/uploads\/2024\/07\/ecom-1.png 945w\" sizes=\"auto, (max-width: 300px) 100vw, 300px\" \/>            <\/a>\n    <\/div>\n<\/div><div class=\"col-md-4     text-default small-screen-default\"  ><h3 class=\"text-left  element-top-10 element-bottom-10 text-light os-animation normal default\" data-os-animation=\"fadeInLeft\"  data-os-animation-delay=\"0.3s\" >\t\n        ECOM        \t\n<\/h3>\n<div class=\"col-text-1 text-normal  element-top-10 element-bottom-10 os-animation\" data-os-animation=\"fadeInLeft\" data-os-animation-delay=\"0.3s\">\n    <p>ECOM somos un\u00a0movimiento impulsado por personas con discapacidad f\u00edsica\u00a0y\/u org\u00e1nica\u00a0que trabajamos, a trav\u00e9s de nuestro empoderamiento y nuestra participaci\u00f3n, para conseguir una sociedad inclusiva donde podamos hacer efectivo el ejercicio de nuestros derechos.<\/p>\n<\/div>\n<\/div><div class=\"col-md-2     text-default small-screen-default\"  ><div class=\"figure element-top-10 element-bottom-10 image-effect-zoom-in col-entities os-animation\" data-os-animation=\"fadeInLeft\" data-os-animation-delay=\"0.3s\">\n            <a href=\"https:\/\/www.aspaymcatalunya.org\/\" class=\"figure-image \" target=\"_blank\">\n        <img loading=\"lazy\" decoding=\"async\" width=\"300\" height=\"114\" src=\"https:\/\/participa.guttmann.com\/wp-content\/uploads\/2024\/07\/ASPAYM-300x114-1.jpg\" class=\"attachment-medium size-medium\" alt=\"Aspaym Catalu\u00f1a Consejo Social y de Participaci\u00f3n\" \/>            <\/a>\n    <\/div>\n<\/div><div class=\"col-md-4     text-default small-screen-default\"  ><h3 class=\"text-left  element-top-10 element-bottom-10 text-light os-animation normal default\" data-os-animation=\"fadeInLeft\"  data-os-animation-delay=\"0.3s\" >\t\n        Aspaym Catalunya        \t\n<\/h3>\n<div class=\"col-text-1 text-normal  element-top-10 element-bottom-10 os-animation\" data-os-animation=\"fadeInLeft\" data-os-animation-delay=\"0.3s\">\n    <p>Aspaym Catalunya es una\u00a0asociaci\u00f3n sin \u00e1nimo de lucro\u00a0de personas con\u00a0lesi\u00f3n medular y otras discapacidades f\u00edsicas. Nace el 1989 con el convencimiento de constituirnos como un punto de\u00a0orientaci\u00f3n, asesoramiento, informaci\u00f3n y ayuda\u00a0a personas con lesiones medulares y a otras discapacidades f\u00edsicas, as\u00ed como para su\u00a0familia y entorno\u00a0m\u00e1s cercano.<\/p>\n<\/div>\n<\/div>        <\/div>\n    <\/div>\n<\/section>\n<section class=\"section  text-normal section-text-no-shadow section-inner-no-shadow section-normal section-opaque\"  >\n    \n    <div class=\"background-overlay grid-overlay-0 \" style=\"background-color: rgba(0,0,0,0);\"><\/div>\n\n    <div class=\"container container-vertical-default\">\n        <div class=\"row vertical-default\">\n            <div class=\"col-md-2     text-default small-screen-default\"  ><div class=\"figure element-top-10 element-bottom-10 image-effect-zoom-in col-entities os-animation\" data-os-animation=\"fadeInLeft\" data-os-animation-delay=\"0s\">\n            <a href=\"https:\/\/espinabifida.cat\/espina\/\" class=\"figure-image \" target=\"_blank\">\n        <img loading=\"lazy\" decoding=\"async\" width=\"300\" height=\"76\" src=\"https:\/\/participa.guttmann.com\/wp-content\/uploads\/2024\/07\/ACAEBH-300x76-1.jpg\" class=\"attachment-medium size-medium\" alt=\"Associaci\u00f3 Catalana d\u2019Espina B\u00edfida i Hidrocef\u00e0lia Consejo Social y de Participaci\u00f3n\" \/>            <\/a>\n    <\/div>\n<\/div><div class=\"col-md-4     text-default small-screen-default\"  ><h3 class=\"text-left  element-top-10 element-bottom-10 text-light os-animation normal default\" data-os-animation=\"fadeInLeft\"  data-os-animation-delay=\"0.3s\" >\t\n        Associaci\u00f3 Catalana d\u2019Espina B\u00edfida i Hidrocef\u00e0lia        \t\n<\/h3>\n<div class=\"col-text-1 text-normal  element-top-10 element-bottom-10 os-animation\" data-os-animation=\"fadeInLeft\" data-os-animation-delay=\"0.3s\">\n    <p>Es una entidad sin \u00e1nimo de lucro con 50 a\u00f1os de experiencia que tiene como objetivo principal fomentar la autonom\u00eda de las personas con Espina B\u00edfida e Hidrocefalia mediante la atenci\u00f3n social personalizada a los afectados y \u00a0las fam\u00edlias. Mediante la organizaci\u00f3n de jornadas, actividades para el cuidado de la salud y ocio inclusivo.<\/p>\n<\/div>\n<\/div><div class=\"col-md-2     text-default small-screen-default\"  ><div class=\"figure element-top-10 element-bottom-10 image-effect-zoom-in col-entities os-animation\" data-os-animation=\"fadeInLeft\" data-os-animation-delay=\"0.3s\">\n            <a href=\"https:\/\/www.amidaandorra.org\/\" class=\"figure-image \" target=\"_blank\">\n        <img loading=\"lazy\" decoding=\"async\" width=\"300\" height=\"254\" src=\"https:\/\/participa.guttmann.com\/wp-content\/uploads\/2024\/07\/AMIDA-copia-300x254-1.jpg\" class=\"attachment-medium size-medium\" alt=\"AMIDA Consejo Social y de Participaci\u00f3n\" \/>            <\/a>\n    <\/div>\n<\/div><div class=\"col-md-4     text-default small-screen-default\"  ><h3 class=\"text-left  element-top-10 element-bottom-10 text-light os-animation normal default\" data-os-animation=\"fadeInLeft\"  data-os-animation-delay=\"0.3s\" >\t\n        AMIDA        \t\n<\/h3>\n<div class=\"col-text-1 text-normal  element-top-10 element-bottom-10 os-animation\" data-os-animation=\"fadeInLeft\" data-os-animation-delay=\"0.3s\">\n    <p>AMIDA es la asociaci\u00f3n que lucha por la plena integraci\u00f3n de las personas con diversidad funcional f\u00edsica, visual y\/o auditiva en Andorra.<br \/>\nNuestro objetivo es, pues, equiparar los derechos de las personas con diversidad funcional a los del resto de los ciudadanos, enfoc\u00e1ndonos en mejorar la accesibilidad para las personas con discapacidades en el Principado.<\/p>\n<\/div>\n<\/div>        <\/div>\n    <\/div>\n<\/section>\n<section class=\"section  text-normal section-text-no-shadow section-inner-no-shadow section-normal section-opaque\"  >\n    \n    <div class=\"background-overlay grid-overlay-0 \" style=\"background-color: rgba(0,0,0,0);\"><\/div>\n\n    <div class=\"container container-vertical-default\">\n        <div class=\"row vertical-default\">\n            <div class=\"col-md-2     text-default small-screen-default\"  ><div class=\"figure element-top-10 element-bottom-10 image-effect-zoom-in col-entities os-animation\" data-os-animation=\"fadeInLeft\" data-os-animation-delay=\"0s\">\n            <a href=\"https:\/\/www.cocemfe.es\/\" class=\"figure-image \" target=\"_blank\">\n        <img loading=\"lazy\" decoding=\"async\" width=\"300\" height=\"271\" src=\"https:\/\/participa.guttmann.com\/wp-content\/uploads\/2024\/07\/identidad-basica-principal-tricolor-alta-300x271-1.jpg\" class=\"attachment-medium size-medium\" alt=\"COCEMFE Consejo Social y de Participaci\u00f3n\" \/>            <\/a>\n    <\/div>\n<\/div><div class=\"col-md-4     text-default small-screen-default\"  ><h3 class=\"text-left  element-top-10 element-bottom-10 text-light os-animation normal default\" data-os-animation=\"fadeInLeft\"  data-os-animation-delay=\"0.3s\" >\t\n        COCEMFE        \t\n<\/h3>\n<div class=\"col-text-1 text-normal  element-top-10 element-bottom-10 os-animation\" data-os-animation=\"fadeInLeft\" data-os-animation-delay=\"0.3s\">\n    <p>La Misi\u00f3n de COCEMFE es conseguir la plena inclusi\u00f3n y participaci\u00f3n activa de las personas con discapacidad f\u00edsica y org\u00e1nica en todos los \u00e1mbitos de la sociedad, a trav\u00e9s de la promoci\u00f3n, defensa y reivindicaci\u00f3n del ejercicio de sus derechos, as\u00ed como de la coordinaci\u00f3n, representaci\u00f3n e impulso de su Movimiento Asociativo, contribuyendo as\u00ed a la construcci\u00f3n de una sociedad inclusiva y diversa.<\/p>\n<\/div>\n<\/div><div class=\"col-md-2     text-default small-screen-default\"  ><div class=\"figure element-top-10 element-bottom-10 image-effect-zoom-in col-entities os-animation\" data-os-animation=\"fadeInLeft\" data-os-animation-delay=\"0s\">\n            <a href=\"https:\/\/www.mifas.cat\/es\/\" class=\"figure-image \" target=\"_blank\">\n        <img loading=\"lazy\" decoding=\"async\" width=\"300\" height=\"219\" src=\"https:\/\/participa.guttmann.com\/wp-content\/uploads\/2024\/07\/grup_mifas_2-300x219-1.png\" class=\"attachment-medium size-medium\" alt=\"GRUP MIFAS Consejo Social y de Participaci\u00f3n\" \/>            <\/a>\n    <\/div>\n<\/div><div class=\"col-md-4     text-default small-screen-default\"  ><h3 class=\"text-left  element-top-10 element-bottom-10 text-light os-animation normal default\" data-os-animation=\"fadeInLeft\"  data-os-animation-delay=\"0.3s\" >\t\n        GRUP MIFAS        \t\n<\/h3>\n<div class=\"col-text-1 text-normal  element-top-10 element-bottom-10 os-animation\" data-os-animation=\"fadeInLeft\" data-os-animation-delay=\"0.3s\">\n    <p>Somos una entidad sin \u00e1nimo de lucro creada en\u00a01979, en Girona\u00a0y gestionada por personas con discapacidad. Nuestra misi\u00f3n es conseguir la independencia econ\u00f3mica y la justicia social de las personas con discapacidad f\u00edsica, org\u00e1nica y sensorial. Representamos y somos la voz de este colectivo, con el objetivo de mejorar su calidad de vida y defender sus derechos.<\/p>\n<\/div>\n<\/div>        <\/div>\n    <\/div>\n<\/section>\n<section class=\"section  text-normal section-text-no-shadow section-inner-no-shadow section-normal section-opaque\"  >\n    \n    <div class=\"background-overlay grid-overlay-0 \" style=\"background-color: rgba(0,0,0,0);\"><\/div>\n\n    <div class=\"container container-vertical-default\">\n        <div class=\"row vertical-default\">\n            <div class=\"col-md-2     text-default small-screen-default\"  ><div class=\"figure element-top-10 element-bottom-10 image-effect-zoom-in col-entities os-animation\" data-os-animation=\"fadeInLeft\" data-os-animation-delay=\"0s\">\n            <a href=\"https:\/\/aspid.cat\/es\/\" class=\"figure-image \" target=\"_blank\">\n        <img loading=\"lazy\" decoding=\"async\" width=\"300\" height=\"165\" src=\"https:\/\/participa.guttmann.com\/wp-content\/uploads\/2024\/07\/ASPID-300x165-1.jpg\" class=\"attachment-medium size-medium\" alt=\"Aspaym Entidad Colaboradora\" \/>            <\/a>\n    <\/div>\n<\/div><div class=\"col-md-4     text-default small-screen-default\"  ><h3 class=\"text-left  element-top-10 element-bottom-10 text-light os-animation normal default\" data-os-animation=\"fadeInLeft\"  data-os-animation-delay=\"0.3s\" >\t\n        ASPID        \t\n<\/h3>\n<div class=\"col-text-1 text-normal  element-top-10 element-bottom-10 os-animation\" data-os-animation=\"fadeInLeft\" data-os-animation-delay=\"0.3s\">\n    <p>Somos la organizaci\u00f3n de la\u00a0econom\u00eda social\u00a0leridana que favorece la calidad<br \/>\nde vida de las personas con discapacidad y\/o vulnerabilidad social, a partir de ofrecer herramientas y apoyos\u00a0centrados en la persona\u00a0y que favorezcan su desarrollo\u00a0integral.<\/p>\n<\/div>\n<\/div><div class=\"col-md-2     text-default small-screen-default\"  ><div class=\"figure element-top-10 element-bottom-10 image-effect-zoom-in col-entities os-animation\" data-os-animation=\"fadeInLeft\" data-os-animation-delay=\"0.3s\">\n            <a href=\"http:\/\/www.lallar.org\/\" class=\"figure-image \" target=\"_blank\">\n        <img loading=\"lazy\" decoding=\"async\" width=\"300\" height=\"210\" src=\"https:\/\/participa.guttmann.com\/wp-content\/uploads\/2024\/07\/LOGO-LLAR-1-300x210-1.jpg\" class=\"attachment-medium size-medium\" alt=\"LA LLAR Consejo Social y de Participaci\u00f3n\" \/>            <\/a>\n    <\/div>\n<\/div><div class=\"col-md-4     text-default small-screen-default\"  ><h3 class=\"text-left  element-top-10 element-bottom-10 text-light os-animation normal default\" data-os-animation=\"fadeInLeft\"  data-os-animation-delay=\"0.3s\" >\t\n        LA LLAR        \t\n<\/h3>\n<div class=\"col-text-1 text-normal  element-top-10 element-bottom-10 os-animation\" data-os-animation=\"fadeInLeft\" data-os-animation-delay=\"0.3s\">\n    <p>Es una entidad sin \u00e1nimo de lucro que naci\u00f3 en 1992 a manos de un grupo de personas afectadas de esclerosis m\u00faltiple y de sus familiares con la intenci\u00f3n de promover, apoyar y liderar la defensa de una sociedad inclusiva que priorice el mantenimiento de la calidad de vida de las personas con discapacidad; y luchar por un cambio de valores que promuevan la igualdad de derechos de todas las personas.<\/p>\n<\/div>\n<\/div>        <\/div>\n    <\/div>\n<\/section>\n<section class=\"section  text-normal section-text-no-shadow section-inner-no-shadow section-normal section-opaque\"  >\n    \n    <div class=\"background-overlay grid-overlay-0 \" style=\"background-color: rgba(0,0,0,0);\"><\/div>\n\n    <div class=\"container container-vertical-default\">\n        <div class=\"row vertical-default\">\n            <div class=\"col-md-2     text-default small-screen-default\"  ><div class=\"figure element-top-10 element-bottom-10 image-effect-zoom-in col-entities os-animation\" data-os-animation=\"fadeInLeft\" data-os-animation-delay=\"0s\">\n            <a href=\"https:\/\/www.impulsaigualdad.org\/\" class=\"figure-image \" target=\"_blank\">\n        <img loading=\"lazy\" decoding=\"async\" width=\"300\" height=\"84\" src=\"https:\/\/participa.guttmann.com\/wp-content\/uploads\/2024\/07\/impulsa-igualdad-1-300x84.png\" class=\"attachment-medium size-medium\" alt=\"Impulsa Igualdad Consejo Social y de Participaci\u00f3n\" srcset=\"https:\/\/participa.guttmann.com\/wp-content\/uploads\/2024\/07\/impulsa-igualdad-1-300x84.png 300w, https:\/\/participa.guttmann.com\/wp-content\/uploads\/2024\/07\/impulsa-igualdad-1-768x216.png 768w, https:\/\/participa.guttmann.com\/wp-content\/uploads\/2024\/07\/impulsa-igualdad-1.png 1024w\" sizes=\"auto, (max-width: 300px) 100vw, 300px\" \/>            <\/a>\n    <\/div>\n<\/div><div class=\"col-md-4     text-default small-screen-default\"  ><h3 class=\"text-left  element-top-10 element-bottom-10 text-light os-animation normal default\" data-os-animation=\"fadeInLeft\"  data-os-animation-delay=\"0.3s\" >\t\n        IMPULSA IGUALDAD        \t\n<\/h3>\n<div class=\"col-text-1 text-normal  element-top-10 element-bottom-10 os-animation\" data-os-animation=\"fadeInLeft\" data-os-animation-delay=\"0.3s\">\n    <p>IMPULSA IGUALDAD es una red consolidada de organizaciones que se extiende a lo largo del territorio nacional, representando una comunidad vibrante y diversa. Nos mantenemos a la vanguardia, incorporando nuevas ideas, tecnolog\u00eda accesible y dise\u00f1ando programas que dan respuesta a las necesidades cambiantes de nuestra comunidad.<\/p>\n<\/div>\n<\/div><div class=\"col-md-2     text-default small-screen-default\"  ><div class=\"figure element-top-10 element-bottom-10 image-effect-zoom-in col-entities os-animation\" data-os-animation=\"fadeInLeft\" data-os-animation-delay=\"0.3s\">\n            <a href=\"https:\/\/tracecatalunya.org\/\" class=\"figure-image \" target=\"_blank\">\n        <img loading=\"lazy\" decoding=\"async\" width=\"300\" height=\"206\" src=\"https:\/\/participa.guttmann.com\/wp-content\/uploads\/2024\/07\/Trace-300x206-1.png\" class=\"attachment-medium size-medium\" alt=\"TraCE Consejo Social y de Participaci\u00f3n\" \/>            <\/a>\n    <\/div>\n<\/div><div class=\"col-md-4     text-default small-screen-default\"  ><h3 class=\"text-left  element-top-10 element-bottom-10 text-light os-animation normal default\" data-os-animation=\"fadeInLeft\"  data-os-animation-delay=\"0.3s\" >\t\n        TraCE        \t\n<\/h3>\n<div class=\"col-text-1 text-normal  element-top-10 element-bottom-10 os-animation\" data-os-animation=\"fadeInLeft\" data-os-animation-delay=\"0.3s\">\n    <p>Somos una entidad declarada de Utilidad P\u00fablica y formada por un grupo de personas que desde 1988, trabajamos por el colectivo del Dany Cerebral Sobrevingut. Defendemos los derechos, autonom\u00eda y mejora de calidad de vida de las personas afectadas de un da\u00f1o cerebral y sus familias. Formamos parte de diferentes organizaciones FEDACE (Federaci\u00f3n Espa\u00f1ola de Da\u00f1o Cerebral) BIF:EC (Brain Injury Families. European Community) de la que FEDACE forma parte.<\/p>\n<\/div>\n<\/div>        <\/div>\n    <\/div>\n<\/section>\n<section class=\"section  text-normal section-text-no-shadow section-inner-no-shadow section-normal section-opaque\"  >\n    \n    <div class=\"background-overlay grid-overlay-0 \" style=\"background-color: rgba(0,0,0,0);\"><\/div>\n\n    <div class=\"container container-vertical-default\">\n        <div class=\"row vertical-default\">\n            <div class=\"col-md-2     text-default small-screen-default\"  ><div class=\"figure element-top-10 element-bottom-10 image-effect-zoom-in col-entities os-animation\" data-os-animation=\"fadeInLeft\" data-os-animation-delay=\"0s\">\n            <a href=\"https:\/\/fedace.org\/\" class=\"figure-image \" target=\"_blank\">\n        <img loading=\"lazy\" decoding=\"async\" width=\"300\" height=\"92\" src=\"https:\/\/participa.guttmann.com\/wp-content\/uploads\/2024\/07\/Dano-cerebral-estatal-1-300x92.png\" class=\"attachment-medium size-medium\" alt=\"Da\u00f1o Cerebral Estatal Consejo Social y de Participaci\u00f3n\" srcset=\"https:\/\/participa.guttmann.com\/wp-content\/uploads\/2024\/07\/Dano-cerebral-estatal-1-300x92.png 300w, https:\/\/participa.guttmann.com\/wp-content\/uploads\/2024\/07\/Dano-cerebral-estatal-1-1024x313.png 1024w, https:\/\/participa.guttmann.com\/wp-content\/uploads\/2024\/07\/Dano-cerebral-estatal-1-768x235.png 768w, https:\/\/participa.guttmann.com\/wp-content\/uploads\/2024\/07\/Dano-cerebral-estatal-1.png 1187w\" sizes=\"auto, (max-width: 300px) 100vw, 300px\" \/>            <\/a>\n    <\/div>\n<\/div><div class=\"col-md-4     text-default small-screen-default\"  ><h3 class=\"text-left  element-top-10 element-bottom-10 text-light os-animation normal default\" data-os-animation=\"fadeInLeft\"  data-os-animation-delay=\"0.3s\" >\t\n        Da\u00f1o Cerebral Estatal        \t\n<\/h3>\n<div class=\"col-text-1 text-normal  element-top-10 element-bottom-10 os-animation\" data-os-animation=\"fadeInLeft\" data-os-animation-delay=\"0.3s\">\n    <p>La Federaci\u00f3n Espa\u00f1ola de Da\u00f1o Cerebral (Da\u00f1o Cerebral Estatal) representa y dinamiza al movimiento asociativo de\u00a0personas con Da\u00f1o Cerebral Adquirido y sus familias.\u00a0\u00a0Es una Entidad de \u00e1mbito estatal declarada de Utilidad P\u00fablica, que apoya a las personas con Da\u00f1o Cerebral Adquirido y a sus familias en el ejercicio de sus derechos de ciudadan\u00eda y en su plena inclusi\u00f3n en la comunidad.<\/p>\n<\/div>\n<\/div><div class=\"col-md-2     text-default small-screen-default\"  ><div class=\"figure element-top-10 element-bottom-10 image-effect-zoom-in col-entities os-animation\" data-os-animation=\"fadeInLeft\" data-os-animation-delay=\"0.3s\">\n            <a href=\"https:\/\/polioassociats.cat\/\" class=\"figure-image \" target=\"_blank\">\n        <img loading=\"lazy\" decoding=\"async\" width=\"300\" height=\"152\" src=\"https:\/\/participa.guttmann.com\/wp-content\/uploads\/2024\/07\/Logo-Associats-de-Polio-i-Postpolio-de-Catalunya-300x152-1.jpg\" class=\"attachment-medium size-medium\" alt=\"Associats de P\u00f2lio i Postp\u00f2lio de Catalunya Consejo Social y de Participaci\u00f3n\" \/>            <\/a>\n    <\/div>\n<\/div><div class=\"col-md-4     text-default small-screen-default\"  ><h3 class=\"text-left  element-top-10 element-bottom-10 text-light os-animation normal default\" data-os-animation=\"fadeInLeft\"  data-os-animation-delay=\"0.3s\" >\t\n        Associats de P\u00f2lio i Postp\u00f2lio de Catalunya        \t\n<\/h3>\n<div class=\"col-text-1 text-normal  element-top-10 element-bottom-10 os-animation\" data-os-animation=\"fadeInLeft\" data-os-animation-delay=\"0.3s\">\n    <p>Esta asociaci\u00f3n sin \u00e1nimo de lucro est\u00e1 constituida por personas que padecen la enfermedad.\u00a0Queremos visualizar, modificar y mejorar las carencias sociales, sanitarias, arquitect\u00f3nicas y hospitalarias que a menudo nos encontramos.<\/p>\n<p>Nuestro objetivo principal es el apoyo y el asesoramiento a las personas afectadas por la enfermedad.\u00a0Queremos contribuir a la mejora, en la medida de lo posible, de su bienestar tanto personal como familiar, social y laboral.<\/p>\n<\/div>\n<\/div>        <\/div>\n    <\/div>\n<\/section>\n","protected":false},"excerpt":{"rendered":"ECOM ECOM somos un\u00a0movimiento impulsado por personas con discapacidad f\u00edsica\u00a0y\/u org\u00e1nica\u00a0que trabajamos, a trav\u00e9s de nuestro empoderamiento y nuestra participaci\u00f3n, para conseguir una sociedad inclusiva donde podamos hacer efectivo el ejercicio de nuestros derechos. Aspaym Catalunya Aspaym Catalunya es una\u00a0asociaci\u00f3n sin \u00e1nimo de lucro\u00a0de personas con\u00a0lesi\u00f3n medular y otras discapacidades f\u00edsicas. Nace el 1989 con","protected":false},"author":10,"featured_media":0,"parent":0,"menu_order":0,"comment_status":"closed","ping_status":"closed","template":"","meta":{"_acf_changed":false,"_monsterinsights_skip_tracking":false,"_monsterinsights_sitenote_active":false,"_monsterinsights_sitenote_note":"","_monsterinsights_sitenote_category":0,"footnotes":""},"class_list":["post-21249","page","type-page","status-publish","hentry"],"acf":[],"aioseo_notices":[],"_links":{"self":[{"href":"https:\/\/participa.guttmann.com\/es\/wp-json\/wp\/v2\/pages\/21249","targetHints":{"allow":["GET"]}}],"collection":[{"href":"https:\/\/participa.guttmann.com\/es\/wp-json\/wp\/v2\/pages"}],"about":[{"href":"https:\/\/participa.guttmann.com\/es\/wp-json\/wp\/v2\/types\/page"}],"author":[{"embeddable":true,"href":"https:\/\/participa.guttmann.com\/es\/wp-json\/wp\/v2\/users\/10"}],"replies":[{"embeddable":true,"href":"https:\/\/participa.guttmann.com\/es\/wp-json\/wp\/v2\/comments?post=21249"}],"version-history":[{"count":1,"href":"https:\/\/participa.guttmann.com\/es\/wp-json\/wp\/v2\/pages\/21249\/revisions"}],"predecessor-version":[{"id":21254,"href":"https:\/\/participa.guttmann.com\/es\/wp-json\/wp\/v2\/pages\/21249\/revisions\/21254"}],"wp:attachment":[{"href":"https:\/\/participa.guttmann.com\/es\/wp-json\/wp\/v2\/media?parent=21249"}],"curies":[{"name":"wp","href":"https:\/\/api.w.org\/{rel}","templated":true}]}}