{"id":2755,"date":"2020-11-16T22:39:54","date_gmt":"2020-11-16T22:39:54","guid":{"rendered":"https:\/\/participa.testsdowhile.com\/?page_id=2755"},"modified":"2022-05-02T07:36:54","modified_gmt":"2022-05-02T07:36:54","slug":"embajadores","status":"publish","type":"page","link":"https:\/\/participa.guttmann.com\/es\/embajadores\/","title":{"rendered":"Embajadores"},"content":{"rendered":"<section class=\"section content-info1 text-normal section-text-no-shadow section-inner-no-shadow section-normal section-opaque\"  >\n    \n    <div class=\"background-overlay grid-overlay-0 \" style=\"background-color: rgba(0,0,0,0);\"><\/div>\n\n    <div class=\"container container-vertical-default\">\n        <div class=\"row vertical-default\">\n            <div class=\"col-md-12    box-info1 text-default small-screen-default\"  ><div class=\"row row-info1\"><div class=\"col-md-12    form-info1 text-default small-screen-default\"  ><h2 class=\"text-left title-info1 element-top-20 element-bottom-20 text-normal os-animation normal default\" data-os-animation=\"fadeIn\"  data-os-animation-delay=\"0s\" >\t\n                \t\n<\/h2>\n<div class=\"col-text-1 text-normal text-info1 element-top-20 element-bottom-20 os-animation\" data-os-animation=\"fadeIn\" data-os-animation-delay=\"0.2s\">\n    <p class=\"xmsonormal\">En esta secci\u00f3n encontrar\u00e1s el testimonio de los embajadores del proyecto: personas con discapacidad y sin discapacidad, pertenecientes al mundo de la cultura, el deporte y otros \u00e1mbitos, que explican sus vivencias y reflexiones y con sus mensajes ponen en valor la importancia y la necesidad de participar.<\/p>\n<p class=\"xmsonormal\">\u00a1No te los pierdas!<\/p>\n<\/div>\n<\/div><\/div><\/div>        <\/div>\n    <\/div>\n<\/section>\n<section class=\"section content-info2 text-normal section-text-no-shadow section-inner-no-shadow section-normal section-opaque\"  >\n    \n    <div class=\"background-overlay grid-overlay-0 \" style=\"background-color: rgba(0,0,0,0);\"><\/div>\n\n    <div class=\"container container-vertical-default\">\n        <div class=\"row vertical-default\">\n            <div class=\"col-md-12    box-info2 text-default small-screen-default\"  ><h2 class=\"text-left title-info2 element-top-20 element-bottom-20 text-normal os-animation normal default\" data-os-animation=\"fadeIn\"  data-os-animation-delay=\"0.3s\" >\t\n        Embajadores        \t\n<\/h2>\n <div class=\"grid-recent-post element-top-20 element-bottom-20 recent-simple-os-container list-container row\">\n    \n        <div class=\"col-md-3\" data-os-animation=\"none\" data-os-animation-delay=\"0s\">\n\n        <article id=\"post-12809\" class=\"post-grid post-grid-overlay element-bottom-20 text-left\" style=\"background-image: url(https:\/\/participa.guttmann.com\/wp-content\/uploads\/2022\/10\/Captura-de-Pantalla-2022-10-10-a-las-14.47.32-600x400.png)\">\n    <a href=\"https:\/\/participa.guttmann.com\/es\/raimon-jane-presidente-acapps\/\">\n        <div class=\"post-grid-content\">\n            <h3 class=\"post-grid-content-title\">\n                Raimon Jan\u00e9, Presidente Federaci\u00f3n ACAPPS            <\/h3>\n            <div class=\"post-grid-content-footer\">\n                                10 octubre 2022            <\/div>\n        <\/div>\n    <\/a>\n<\/article>\n\n        <\/div>\n        \n        <div class=\"col-md-3\" data-os-animation=\"none\" data-os-animation-delay=\"0s\">\n\n        <article id=\"post-12357\" class=\"post-grid post-grid-overlay element-bottom-20 text-left\" style=\"background-image: url(https:\/\/participa.guttmann.com\/wp-content\/uploads\/2022\/08\/Captura-de-Pantalla-2022-08-30-a-las-8.38.11-600x400.png)\">\n    <a href=\"https:\/\/participa.guttmann.com\/es\/juan-carlos-unzue-exjugador-entrenador-futbol\/\">\n        <div class=\"post-grid-content\">\n            <h3 class=\"post-grid-content-title\">\n                Juan Carlos Unzu\u00e9, exjugador y entrenador de f\u00fatbol            <\/h3>\n            <div class=\"post-grid-content-footer\">\n                                30 agosto 2022            <\/div>\n        <\/div>\n    <\/a>\n<\/article>\n\n        <\/div>\n        \n        <div class=\"col-md-3\" data-os-animation=\"none\" data-os-animation-delay=\"0s\">\n\n        <article id=\"post-9260\" class=\"post-grid post-grid-overlay element-bottom-20 text-left\" style=\"background-image: url(https:\/\/participa.guttmann.com\/wp-content\/uploads\/2022\/01\/Cristina-Arroyo-600x400.png)\">\n    <a href=\"https:\/\/participa.guttmann.com\/es\/cristina-arroyo-jugadora-de-hockey\/\">\n        <div class=\"post-grid-content\">\n            <h3 class=\"post-grid-content-title\">\n                Cristina Arroyo, jugadora de hockey            <\/h3>\n            <div class=\"post-grid-content-footer\">\n                                14 enero 2022            <\/div>\n        <\/div>\n    <\/a>\n<\/article>\n\n        <\/div>\n        \n        <div class=\"col-md-3\" data-os-animation=\"none\" data-os-animation-delay=\"0s\">\n\n        <article id=\"post-8416\" class=\"post-grid post-grid-overlay element-bottom-20 text-left\" style=\"background-image: url(https:\/\/participa.guttmann.com\/wp-content\/uploads\/2021\/11\/evole-600x400.png)\">\n    <a href=\"https:\/\/participa.guttmann.com\/es\/jordi-evole-periodista\/\">\n        <div class=\"post-grid-content\">\n            <h3 class=\"post-grid-content-title\">\n                Jordi \u00c9vole, periodista            <\/h3>\n            <div class=\"post-grid-content-footer\">\n                                12 noviembre 2021            <\/div>\n        <\/div>\n    <\/a>\n<\/article>\n\n        <\/div>\n        \n        <div class=\"col-md-3\" data-os-animation=\"none\" data-os-animation-delay=\"0s\">\n\n        <article id=\"post-7900\" class=\"post-grid post-grid-overlay element-bottom-20 text-left\" style=\"background-image: url(https:\/\/participa.guttmann.com\/wp-content\/uploads\/2021\/09\/anna-600x400.png)\">\n    <a href=\"https:\/\/participa.guttmann.com\/es\/anna-castello-educadora-social\/\">\n        <div class=\"post-grid-content\">\n            <h3 class=\"post-grid-content-title\">\n                Anna Castell\u00f3, educadora social            <\/h3>\n            <div class=\"post-grid-content-footer\">\n                                22 septiembre 2021            <\/div>\n        <\/div>\n    <\/a>\n<\/article>\n\n        <\/div>\n        \n        <div class=\"col-md-3\" data-os-animation=\"none\" data-os-animation-delay=\"0s\">\n\n        <article id=\"post-7820\" class=\"post-grid post-grid-overlay element-bottom-20 text-left\" style=\"background-image: url(https:\/\/participa.guttmann.com\/wp-content\/uploads\/2021\/09\/bob-pop-600x400.png)\">\n    <a href=\"https:\/\/participa.guttmann.com\/es\/bob-pop-escritor\/\">\n        <div class=\"post-grid-content\">\n            <h3 class=\"post-grid-content-title\">\n                Bob Pop, escritor            <\/h3>\n            <div class=\"post-grid-content-footer\">\n                                20 septiembre 2021            <\/div>\n        <\/div>\n    <\/a>\n<\/article>\n\n        <\/div>\n        \n        <div class=\"col-md-3\" data-os-animation=\"none\" data-os-animation-delay=\"0s\">\n\n        <article id=\"post-7138\" class=\"post-grid post-grid-overlay element-bottom-20 text-left\" style=\"background-image: url(https:\/\/participa.guttmann.com\/wp-content\/uploads\/2021\/08\/maria-folgado-600x400.png)\">\n    <a href=\"https:\/\/participa.guttmann.com\/es\/maria-folgado-fundadora-de-b-swim\/\">\n        <div class=\"post-grid-content\">\n            <h3 class=\"post-grid-content-title\">\n                Maria Folgado, fundadora de B-Swim            <\/h3>\n            <div class=\"post-grid-content-footer\">\n                                9 agosto 2021            <\/div>\n        <\/div>\n    <\/a>\n<\/article>\n\n        <\/div>\n        \n        <div class=\"col-md-3\" data-os-animation=\"none\" data-os-animation-delay=\"0s\">\n\n        <article id=\"post-7014\" class=\"post-grid post-grid-overlay element-bottom-20 text-left\" style=\"background-image: url(https:\/\/participa.guttmann.com\/wp-content\/uploads\/2021\/08\/cristina-i-sergi-600x400.png)\">\n    <a href=\"https:\/\/participa.guttmann.com\/es\/sergio-esteban-y-cristina-yague\/\">\n        <div class=\"post-grid-content\">\n            <h3 class=\"post-grid-content-title\">\n                Sergio Esteban y Cristina Yag\u00fce            <\/h3>\n            <div class=\"post-grid-content-footer\">\n                                5 agosto 2021            <\/div>\n        <\/div>\n    <\/a>\n<\/article>\n\n        <\/div>\n        \n        <div class=\"col-md-3\" data-os-animation=\"none\" data-os-animation-delay=\"0s\">\n\n        <article id=\"post-6799\" class=\"post-grid post-grid-overlay element-bottom-20 text-left\" style=\"background-image: url(https:\/\/participa.guttmann.com\/wp-content\/uploads\/2021\/08\/ines4-600x400.png)\">\n    <a href=\"https:\/\/participa.guttmann.com\/es\/ines-rodriguez-nadadora-y-logopeda\/\">\n        <div class=\"post-grid-content\">\n            <h3 class=\"post-grid-content-title\">\n                In\u00e9s Rodr\u00edguez, nadadora y logopeda            <\/h3>\n            <div class=\"post-grid-content-footer\">\n                                2 agosto 2021            <\/div>\n        <\/div>\n    <\/a>\n<\/article>\n\n        <\/div>\n        \n        <div class=\"col-md-3\" data-os-animation=\"none\" data-os-animation-delay=\"0s\">\n\n        <article id=\"post-6773\" class=\"post-grid post-grid-overlay element-bottom-20 text-left\" style=\"background-image: url(https:\/\/participa.guttmann.com\/wp-content\/uploads\/2021\/07\/manu-3-600x400.png)\">\n    <a href=\"https:\/\/participa.guttmann.com\/es\/manu-martinez-nadador\/\">\n        <div class=\"post-grid-content\">\n            <h3 class=\"post-grid-content-title\">\n                Manu Mart\u00ednez, nadador            <\/h3>\n            <div class=\"post-grid-content-footer\">\n                                30 julio 2021            <\/div>\n        <\/div>\n    <\/a>\n<\/article>\n\n        <\/div>\n        \n        <div class=\"col-md-3\" data-os-animation=\"none\" data-os-animation-delay=\"0s\">\n\n        <article id=\"post-6467\" class=\"post-grid post-grid-overlay element-bottom-20 text-left\" style=\"background-image: url(https:\/\/participa.guttmann.com\/wp-content\/uploads\/2021\/06\/Captura-de-pantalla-2021-06-22-131758-600x400.jpg)\">\n    <a href=\"https:\/\/participa.guttmann.com\/es\/francisco-sardon-presidente-de-predif\/\">\n        <div class=\"post-grid-content\">\n            <h3 class=\"post-grid-content-title\">\n                Francisco Sard\u00f3n, Presidente de PREDIF            <\/h3>\n            <div class=\"post-grid-content-footer\">\n                                22 junio 2021            <\/div>\n        <\/div>\n    <\/a>\n<\/article>\n\n        <\/div>\n        \n        <div class=\"col-md-3\" data-os-animation=\"none\" data-os-animation-delay=\"0s\">\n\n        <article id=\"post-4725\" class=\"post-grid post-grid-overlay element-bottom-20 text-left\" style=\"background-image: url(https:\/\/participa.guttmann.com\/wp-content\/uploads\/2021\/04\/Alex-Roca-600x400.png)\">\n    <a href=\"https:\/\/participa.guttmann.com\/es\/alex-roca-deportista-y-conferenciante\/\">\n        <div class=\"post-grid-content\">\n            <h3 class=\"post-grid-content-title\">\n                \u00c0lex Roca, deportista y conferenciante            <\/h3>\n            <div class=\"post-grid-content-footer\">\n                                14 abril 2021            <\/div>\n        <\/div>\n    <\/a>\n<\/article>\n\n        <\/div>\n        \n        <div class=\"col-md-3\" data-os-animation=\"none\" data-os-animation-delay=\"0s\">\n\n        <article id=\"post-4714\" class=\"post-grid post-grid-overlay element-bottom-20 text-left\" style=\"background-image: url(https:\/\/participa.guttmann.com\/wp-content\/uploads\/2021\/04\/ANXO-600x400.png)\">\n    <a href=\"https:\/\/participa.guttmann.com\/es\/anxo-queiruga-presidente-de-cocemfe\/\">\n        <div class=\"post-grid-content\">\n            <h3 class=\"post-grid-content-title\">\n                Anxo Queiruga, presidente de COCEMFE            <\/h3>\n            <div class=\"post-grid-content-footer\">\n                                14 abril 2021            <\/div>\n        <\/div>\n    <\/a>\n<\/article>\n\n        <\/div>\n        \n        <div class=\"col-md-3\" data-os-animation=\"none\" data-os-animation-delay=\"0s\">\n\n        <article id=\"post-4686\" class=\"post-grid post-grid-overlay element-bottom-20 text-left\" style=\"background-image: url(https:\/\/participa.guttmann.com\/wp-content\/uploads\/2021\/04\/jb-600x400.png)\">\n    <a href=\"https:\/\/participa.guttmann.com\/es\/jaume-balaguero-director-de-cine\/\">\n        <div class=\"post-grid-content\">\n            <h3 class=\"post-grid-content-title\">\n                Jaume Balaguer\u00f3, director de cine            <\/h3>\n            <div class=\"post-grid-content-footer\">\n                                13 abril 2021            <\/div>\n        <\/div>\n    <\/a>\n<\/article>\n\n        <\/div>\n        \n        <div class=\"col-md-3\" data-os-animation=\"none\" data-os-animation-delay=\"0s\">\n\n        <article id=\"post-4678\" class=\"post-grid post-grid-overlay element-bottom-20 text-left\" style=\"background-image: url(https:\/\/participa.guttmann.com\/wp-content\/uploads\/2021\/04\/js-600x400.png)\">\n    <a href=\"https:\/\/participa.guttmann.com\/es\/joan-subirats-concejal-de-cultura-del-ayuntamiento-de-barcelona\/\">\n        <div class=\"post-grid-content\">\n            <h3 class=\"post-grid-content-title\">\n                Joan Subirats, ministro de Universidades            <\/h3>\n            <div class=\"post-grid-content-footer\">\n                                13 abril 2021            <\/div>\n        <\/div>\n    <\/a>\n<\/article>\n\n        <\/div>\n        \n        <div class=\"col-md-3\" data-os-animation=\"none\" data-os-animation-delay=\"0s\">\n\n        <article id=\"post-4667\" class=\"post-grid post-grid-overlay element-bottom-20 text-left\" style=\"background-image: url(https:\/\/participa.guttmann.com\/wp-content\/uploads\/2021\/04\/ig-600x400.png)\">\n    <a href=\"https:\/\/participa.guttmann.com\/es\/inaki-gabilondo-periodista\/\">\n        <div class=\"post-grid-content\">\n            <h3 class=\"post-grid-content-title\">\n                I\u00f1aki Gabilondo, periodista            <\/h3>\n            <div class=\"post-grid-content-footer\">\n                                13 abril 2021            <\/div>\n        <\/div>\n    <\/a>\n<\/article>\n\n        <\/div>\n        \n        <div class=\"col-md-3\" data-os-animation=\"none\" data-os-animation-delay=\"0s\">\n\n        <article id=\"post-4547\" class=\"post-grid post-grid-overlay element-bottom-20 text-left\" style=\"background-image: url(https:\/\/participa.guttmann.com\/wp-content\/uploads\/2021\/04\/cda-600x400.png)\">\n    <a href=\"https:\/\/participa.guttmann.com\/es\/carlos-de-albert-vicepresidente-de-las-sillas-voladoras\/\">\n        <div class=\"post-grid-content\">\n            <h3 class=\"post-grid-content-title\">\n                Carlos de Albert, vicepresidente de Sillas Voladoras            <\/h3>\n            <div class=\"post-grid-content-footer\">\n                                8 abril 2021            <\/div>\n        <\/div>\n    <\/a>\n<\/article>\n\n        <\/div>\n        \n        <div class=\"col-md-3\" data-os-animation=\"none\" data-os-animation-delay=\"0s\">\n\n        <article id=\"post-4504\" class=\"post-grid post-grid-overlay element-bottom-20 text-left\" style=\"background-image: url(https:\/\/participa.guttmann.com\/wp-content\/uploads\/2021\/04\/lz-600x400.png)\">\n    <a href=\"https:\/\/participa.guttmann.com\/es\/luk-zerlderloo-secretario-general-de-easpd\/\">\n        <div class=\"post-grid-content\">\n            <h3 class=\"post-grid-content-title\">\n                Luk Zerlderloo, secretario general de EASPD            <\/h3>\n            <div class=\"post-grid-content-footer\">\n                                6 abril 2021            <\/div>\n        <\/div>\n    <\/a>\n<\/article>\n\n        <\/div>\n        \n        <div class=\"col-md-3\" data-os-animation=\"none\" data-os-animation-delay=\"0s\">\n\n        <article id=\"post-4490\" class=\"post-grid post-grid-overlay element-bottom-20 text-left\" style=\"background-image: url(https:\/\/participa.guttmann.com\/wp-content\/uploads\/2021\/04\/sc-600x400.png)\">\n    <a href=\"https:\/\/participa.guttmann.com\/es\/sergi-cutillas-tecnico-de-sonido\/\">\n        <div class=\"post-grid-content\">\n            <h3 class=\"post-grid-content-title\">\n                Sergi Cutillas, t\u00e9cnico de sonido            <\/h3>\n            <div class=\"post-grid-content-footer\">\n                                6 abril 2021            <\/div>\n        <\/div>\n    <\/a>\n<\/article>\n\n        <\/div>\n        \n        <div class=\"col-md-3\" data-os-animation=\"none\" data-os-animation-delay=\"0s\">\n\n        <article id=\"post-4133\" class=\"post-grid post-grid-overlay element-bottom-20 text-left\" style=\"background-image: url(https:\/\/participa.guttmann.com\/wp-content\/uploads\/2021\/03\/Captura-1-600x400.png)\">\n    <a href=\"https:\/\/participa.guttmann.com\/es\/albert-llovera-piloto-de-rallies\/\">\n        <div class=\"post-grid-content\">\n            <h3 class=\"post-grid-content-title\">\n                Albert Llovera, piloto de rallies            <\/h3>\n            <div class=\"post-grid-content-footer\">\n                                26 marzo 2021            <\/div>\n        <\/div>\n    <\/a>\n<\/article>\n\n        <\/div>\n        \n        <div class=\"col-md-3\" data-os-animation=\"none\" data-os-animation-delay=\"0s\">\n\n        <article id=\"post-4140\" class=\"post-grid post-grid-overlay element-bottom-20 text-left\" style=\"background-image: url(https:\/\/participa.guttmann.com\/wp-content\/uploads\/2021\/03\/gb-600x400.png)\">\n    <a href=\"https:\/\/participa.guttmann.com\/es\/josep-maria-sole-presidente-del-consejo-social-del-institut-guttmann\/\">\n        <div class=\"post-grid-content\">\n            <h3 class=\"post-grid-content-title\">\n                Josep Maria Sol\u00e9, presidente del Consejo Social del Institut Guttmann            <\/h3>\n            <div class=\"post-grid-content-footer\">\n                                26 marzo 2021            <\/div>\n        <\/div>\n    <\/a>\n<\/article>\n\n        <\/div>\n        \n        <div class=\"col-md-3\" data-os-animation=\"none\" data-os-animation-delay=\"0s\">\n\n        <article id=\"post-2934\" class=\"post-grid post-grid-overlay element-bottom-20 text-left\" style=\"background-image: url(https:\/\/participa.guttmann.com\/wp-content\/uploads\/2020\/10\/centeno-600x400.png)\">\n    <a href=\"https:\/\/participa.guttmann.com\/es\/antonio-centeno-miembro-fundador-del-ovi\/\">\n        <div class=\"post-grid-content\">\n            <h3 class=\"post-grid-content-title\">\n                Antonio Centeno, miembro fundador del OVI            <\/h3>\n            <div class=\"post-grid-content-footer\">\n                                25 octubre 2020            <\/div>\n        <\/div>\n    <\/a>\n<\/article>\n\n        <\/div>\n        \n        <div class=\"col-md-3\" data-os-animation=\"none\" data-os-animation-delay=\"0s\">\n\n        <article id=\"post-2251\" class=\"post-grid post-grid-overlay element-bottom-20 text-left\" style=\"background-image: url(https:\/\/participa.guttmann.com\/wp-content\/uploads\/2020\/10\/serrat-600x400.png)\">\n    <a href=\"https:\/\/participa.guttmann.com\/es\/joan-manuel-serrat-cantautor\/\">\n        <div class=\"post-grid-content\">\n            <h3 class=\"post-grid-content-title\">\n                Joan Manuel Serrat, cantautor            <\/h3>\n            <div class=\"post-grid-content-footer\">\n                                1 octubre 2020            <\/div>\n        <\/div>\n    <\/a>\n<\/article>\n\n        <\/div>\n        \n        <div class=\"col-md-3\" data-os-animation=\"none\" data-os-animation-delay=\"0s\">\n\n        <article id=\"post-2374\" class=\"post-grid post-grid-overlay element-bottom-20 text-left\" style=\"background-image: url(https:\/\/participa.guttmann.com\/wp-content\/uploads\/2020\/10\/ruben-600x400.png)\">\n    <a href=\"https:\/\/participa.guttmann.com\/es\/ruben-wagensberg-politico-y-activista\/\">\n        <div class=\"post-grid-content\">\n            <h3 class=\"post-grid-content-title\">\n                Ruben Wagensberg, pol\u00edtico y activista            <\/h3>\n            <div class=\"post-grid-content-footer\">\n                                1 octubre 2020            <\/div>\n        <\/div>\n    <\/a>\n<\/article>\n\n        <\/div>\n        \n        <div class=\"col-md-3\" data-os-animation=\"none\" data-os-animation-delay=\"0s\">\n\n        <article id=\"post-2218\" class=\"post-grid post-grid-overlay element-bottom-20 text-left\" style=\"background-image: url(https:\/\/participa.guttmann.com\/wp-content\/uploads\/2020\/09\/elisenda-600x400.png)\">\n    <a href=\"https:\/\/participa.guttmann.com\/es\/elisenda-camps-periodista\/\">\n        <div class=\"post-grid-content\">\n            <h3 class=\"post-grid-content-title\">\n                Elisenda Camps, periodista            <\/h3>\n            <div class=\"post-grid-content-footer\">\n                                29 septiembre 2020            <\/div>\n        <\/div>\n    <\/a>\n<\/article>\n\n        <\/div>\n        \n        <div class=\"col-md-3\" data-os-animation=\"none\" data-os-animation-delay=\"0s\">\n\n        <article id=\"post-2126\" class=\"post-grid post-grid-overlay element-bottom-20 text-left\" style=\"background-image: url(https:\/\/participa.guttmann.com\/wp-content\/uploads\/2020\/09\/diz-591x400.png)\">\n    <a href=\"https:\/\/participa.guttmann.com\/es\/jordi-diz-conferenciante\/\">\n        <div class=\"post-grid-content\">\n            <h3 class=\"post-grid-content-title\">\n                Jordi Diz, comunicador            <\/h3>\n            <div class=\"post-grid-content-footer\">\n                                28 septiembre 2020            <\/div>\n        <\/div>\n    <\/a>\n<\/article>\n\n        <\/div>\n        \n        <div class=\"col-md-3\" data-os-animation=\"none\" data-os-animation-delay=\"0s\">\n\n        <article id=\"post-2108\" class=\"post-grid post-grid-overlay element-bottom-20 text-left\" style=\"background-image: url(https:\/\/participa.guttmann.com\/wp-content\/uploads\/2020\/09\/jana-1-600x400.png)\">\n    <a href=\"https:\/\/participa.guttmann.com\/es\/jana-arimany-fundadora-de-capac-i-valida\/\">\n        <div class=\"post-grid-content\">\n            <h3 class=\"post-grid-content-title\">\n                Jana Arimany, fundadora de Capa\u00e7 i V\u00e0lida            <\/h3>\n            <div class=\"post-grid-content-footer\">\n                                28 septiembre 2020            <\/div>\n        <\/div>\n    <\/a>\n<\/article>\n\n        <\/div>\n        \n        <div class=\"col-md-3\" data-os-animation=\"none\" data-os-animation-delay=\"0s\">\n\n        <article id=\"post-2106\" class=\"post-grid post-grid-overlay element-bottom-20 text-left\" style=\"background-image: url(https:\/\/participa.guttmann.com\/wp-content\/uploads\/2020\/09\/laura-561x400.png)\">\n    <a href=\"https:\/\/participa.guttmann.com\/es\/laura-sanmiquel-doctoranda-en-psicologia-social\/\">\n        <div class=\"post-grid-content\">\n            <h3 class=\"post-grid-content-title\">\n                Laura Sanmiquel, doctoranda en Psicolog\u00eda Social            <\/h3>\n            <div class=\"post-grid-content-footer\">\n                                28 septiembre 2020            <\/div>\n        <\/div>\n    <\/a>\n<\/article>\n\n        <\/div>\n        \n        <div class=\"col-md-3\" data-os-animation=\"none\" data-os-animation-delay=\"0s\">\n\n        <article id=\"post-2083\" class=\"post-grid post-grid-overlay element-bottom-20 text-left\" style=\"background-image: url(https:\/\/participa.guttmann.com\/wp-content\/uploads\/2020\/09\/miryam-600x400.png)\">\n    <a href=\"https:\/\/participa.guttmann.com\/es\/miryam-gallego-actriz\/\">\n        <div class=\"post-grid-content\">\n            <h3 class=\"post-grid-content-title\">\n                Miryam Gallego, actriz            <\/h3>\n            <div class=\"post-grid-content-footer\">\n                                28 septiembre 2020            <\/div>\n        <\/div>\n    <\/a>\n<\/article>\n\n        <\/div>\n        \n        <div class=\"col-md-3\" data-os-animation=\"none\" data-os-animation-delay=\"0s\">\n\n        <article id=\"post-1741\" class=\"post-grid post-grid-overlay element-bottom-20 text-left\" style=\"background-image: url(https:\/\/participa.guttmann.com\/wp-content\/uploads\/2020\/09\/FotoEduardoLlano_Youtube-600x400.jpg)\">\n    <a href=\"https:\/\/participa.guttmann.com\/es\/eduardo-llano-embajador-del-proyecto\/\">\n        <div class=\"post-grid-content\">\n            <h3 class=\"post-grid-content-title\">\n                Eduardo Llano, presidente de ASPAYM en Asturias            <\/h3>\n            <div class=\"post-grid-content-footer\">\n                                13 julio 2020            <\/div>\n        <\/div>\n    <\/a>\n<\/article>\n\n        <\/div>\n        <\/div>\n<\/div>        <\/div>\n    <\/div>\n<\/section>\n","protected":false},"excerpt":{"rendered":"Testimonio de Raimon\u00a0Jan\u00e9, presidente de la Federaci\u00f3n ACAPPS de familias y personas con sordera. Hay muchos estereotipos y muchos equ\u00edvocos con las personas con discapacidad. Por ejemplo, las personas con discapacidad auditiva normalmente ya no est\u00e1n en un mundo de silencio porque utilizan pr\u00f3tesis auditivas. Se comunican oralmente \u2013el 98% de las personas sordas se","protected":false},"author":2,"featured_media":0,"parent":0,"menu_order":1,"comment_status":"closed","ping_status":"closed","template":"","meta":{"_acf_changed":false,"_monsterinsights_skip_tracking":false,"_monsterinsights_sitenote_active":false,"_monsterinsights_sitenote_note":"","_monsterinsights_sitenote_category":0,"footnotes":""},"class_list":["post-2755","page","type-page","status-publish","hentry"],"acf":[],"aioseo_notices":[],"_links":{"self":[{"href":"https:\/\/participa.guttmann.com\/es\/wp-json\/wp\/v2\/pages\/2755","targetHints":{"allow":["GET"]}}],"collection":[{"href":"https:\/\/participa.guttmann.com\/es\/wp-json\/wp\/v2\/pages"}],"about":[{"href":"https:\/\/participa.guttmann.com\/es\/wp-json\/wp\/v2\/types\/page"}],"author":[{"embeddable":true,"href":"https:\/\/participa.guttmann.com\/es\/wp-json\/wp\/v2\/users\/2"}],"replies":[{"embeddable":true,"href":"https:\/\/participa.guttmann.com\/es\/wp-json\/wp\/v2\/comments?post=2755"}],"version-history":[{"count":8,"href":"https:\/\/participa.guttmann.com\/es\/wp-json\/wp\/v2\/pages\/2755\/revisions"}],"predecessor-version":[{"id":10583,"href":"https:\/\/participa.guttmann.com\/es\/wp-json\/wp\/v2\/pages\/2755\/revisions\/10583"}],"wp:attachment":[{"href":"https:\/\/participa.guttmann.com\/es\/wp-json\/wp\/v2\/media?parent=2755"}],"curies":[{"name":"wp","href":"https:\/\/api.w.org\/{rel}","templated":true}]}}