{"id":2765,"date":"2020-11-16T22:52:11","date_gmt":"2020-11-16T22:52:11","guid":{"rendered":"https:\/\/participa.testsdowhile.com\/?page_id=2765"},"modified":"2025-06-03T13:41:51","modified_gmt":"2025-06-03T13:41:51","slug":"consejos-y-buenas-practicas","status":"publish","type":"page","link":"https:\/\/participa.guttmann.com\/es\/consejos-y-buenas-practicas\/","title":{"rendered":"Consejos y buenas pr\u00e1cticas"},"content":{"rendered":"<section class=\"section content-concells text-normal section-text-no-shadow section-inner-no-shadow section-normal section-opaque\"  >\n    \n    <div class=\"background-overlay grid-overlay-0 \" style=\"background-color: rgba(0,0,0,0);\"><\/div>\n\n    <div class=\"container container-vertical-default\">\n        <div class=\"row vertical-default\">\n            <div class=\"col-md-12    box-concells text-default small-screen-default\"  ><div class=\"row row-concells\"><div class=\"col-md-12    form-concells text-default small-screen-default\"  ><h2 class=\"text-left title-concells element-top-20 element-bottom-20 text-normal os-animation normal default\" data-os-animation=\"fadeIn\"  data-os-animation-delay=\"0s\" >\t\n                \t\n<\/h2>\n<div class=\"col-text-1 text-normal text-concells element-top-20 element-bottom-40 os-animation\" data-os-animation=\"fadeIn\" data-os-animation-delay=\"0.1s\">\n    <p class=\"western\" lang=\"ca-ES\">En esta secci\u00f3n encontrar\u00e1s consejos, recomendaciones y buenas pr\u00e1cticas para promocionar tu participaci\u00f3n en la sociedad en 6 categor\u00edas diferentes: vivienda, movilidad, ocio, ocupaci\u00f3n, relaciones interpersonales y acceso a servicios p\u00fablicos y privados.<\/p>\n<\/div>\n<\/div><\/div><\/div>        <\/div>\n    <\/div>\n<\/section>\n<section class=\"section  text-normal section-text-no-shadow section-inner-no-shadow section-normal section-opaque\"  >\n    \n    <div class=\"background-overlay grid-overlay-0 \" style=\"background-color: rgba(0,0,0,0);\"><\/div>\n\n    <div class=\"container container-vertical-default\">\n        <div class=\"row vertical-default\">\n            <div class=\"col-md-12     text-default small-screen-default\"  ><div class=\"row \"><div class=\"col-md-2     text-center small-screen-default\"  ><div class=\"figure element-top-10 element-bottom-0 image-effect-zoom-in grid-icons-tips col-portfolio os-animation\" data-os-animation=\"fadeInLeft\" data-os-animation-delay=\"0s\">\n            <a href=\"\/es\/consell\/vivienda\/\" class=\"figure-image \" target=\"_self\">\n        <img loading=\"lazy\" decoding=\"async\" width=\"277\" height=\"277\" src=\"https:\/\/participa.guttmann.com\/wp-content\/uploads\/2021\/01\/Iconos_Participa_FA-01.png\" class=\"attachment-medium size-medium\" alt=\"Icono Vivienda\" srcset=\"https:\/\/participa.guttmann.com\/wp-content\/uploads\/2021\/01\/Iconos_Participa_FA-01.png 277w, https:\/\/participa.guttmann.com\/wp-content\/uploads\/2021\/01\/Iconos_Participa_FA-01-150x150.png 150w\" sizes=\"auto, (max-width: 277px) 100vw, 277px\" \/>            <\/a>\n    <\/div>\n<h2 class=\"text-center  element-top-0 element-bottom-0 text-light os-animation normal default\" data-os-animation=\"fadeInLeft\"  data-os-animation-delay=\"0.3s\" >\t\n        Vivienda        \t\n<\/h2>\n<\/div><div class=\"col-md-2     text-center small-screen-default\"  ><div class=\"figure element-top-10 element-bottom-0 image-effect-zoom-in grid-icons-tips col-portfolio os-animation\" data-os-animation=\"fadeInLeft\" data-os-animation-delay=\"0s\">\n            <a href=\"\/es\/consell\/movilidad\" class=\"figure-image \" target=\"_self\">\n        <img loading=\"lazy\" decoding=\"async\" width=\"278\" height=\"277\" src=\"https:\/\/participa.guttmann.com\/wp-content\/uploads\/2021\/01\/Iconos_Participa_FA-02.png\" class=\"attachment-medium size-medium\" alt=\"Icono Movilidad\" srcset=\"https:\/\/participa.guttmann.com\/wp-content\/uploads\/2021\/01\/Iconos_Participa_FA-02.png 278w, https:\/\/participa.guttmann.com\/wp-content\/uploads\/2021\/01\/Iconos_Participa_FA-02-150x150.png 150w\" sizes=\"auto, (max-width: 278px) 100vw, 278px\" \/>            <\/a>\n    <\/div>\n<h2 class=\"text-center  element-top-0 element-bottom-0 text-light os-animation normal default\" data-os-animation=\"fadeInLeft\"  data-os-animation-delay=\"0.3s\" >\t\n        Movilidad        \t\n<\/h2>\n<\/div><div class=\"col-md-2     text-center small-screen-default\"  ><div class=\"figure element-top-10 element-bottom-0 image-effect-zoom-in grid-icons-tips col-portfolio os-animation\" data-os-animation=\"fadeInLeft\" data-os-animation-delay=\"0s\">\n            <a href=\"\/es\/consell\/ocio\/\" class=\"figure-image \" target=\"_self\">\n        <img loading=\"lazy\" decoding=\"async\" width=\"278\" height=\"277\" src=\"https:\/\/participa.guttmann.com\/wp-content\/uploads\/2021\/01\/Iconos_Participa_FA-03.png\" class=\"attachment-medium size-medium\" alt=\"Icono Ocio\" srcset=\"https:\/\/participa.guttmann.com\/wp-content\/uploads\/2021\/01\/Iconos_Participa_FA-03.png 278w, https:\/\/participa.guttmann.com\/wp-content\/uploads\/2021\/01\/Iconos_Participa_FA-03-150x150.png 150w\" sizes=\"auto, (max-width: 278px) 100vw, 278px\" \/>            <\/a>\n    <\/div>\n<h2 class=\"text-center  element-top-0 element-bottom-0 text-light os-animation normal default\" data-os-animation=\"fadeInLeft\"  data-os-animation-delay=\"0.3s\" >\t\n        Ocio        \t\n<\/h2>\n<\/div><div class=\"col-md-2     text-center small-screen-default\"  ><div class=\"figure element-top-20 element-bottom-0 image-effect-zoom-in grid-icons-tips col-portfolio os-animation\" data-os-animation=\"fadeInLeft\" data-os-animation-delay=\"0s\">\n            <a href=\"\/es\/consejo\/ocupacion\/\" class=\"figure-image \" target=\"_self\">\n        <img loading=\"lazy\" decoding=\"async\" width=\"278\" height=\"277\" src=\"https:\/\/participa.guttmann.com\/wp-content\/uploads\/2021\/01\/Iconos_Participa_FA-04.png\" class=\"attachment-medium size-medium\" alt=\"Icono Ocupaci\u00f3n\" srcset=\"https:\/\/participa.guttmann.com\/wp-content\/uploads\/2021\/01\/Iconos_Participa_FA-04.png 278w, https:\/\/participa.guttmann.com\/wp-content\/uploads\/2021\/01\/Iconos_Participa_FA-04-150x150.png 150w\" sizes=\"auto, (max-width: 278px) 100vw, 278px\" \/>            <\/a>\n    <\/div>\n<h2 class=\"text-center  element-top-0 element-bottom-20 text-light os-animation normal default\" data-os-animation=\"fadeInLeft\"  data-os-animation-delay=\"0.3s\" >\t\n        Ocupaci\u00f3n        \t\n<\/h2>\n<\/div><div class=\"col-md-2     text-center small-screen-default\"  ><div class=\"figure element-top-20 element-bottom-0 image-effect-zoom-in grid-icons-tips col-portfolio os-animation\" data-os-animation=\"fadeInLeft\" data-os-animation-delay=\"0s\">\n            <a href=\"\/es\/consell\/relaciones-interpersonales\/\" class=\"figure-image \" target=\"_self\">\n        <img loading=\"lazy\" decoding=\"async\" width=\"278\" height=\"277\" src=\"https:\/\/participa.guttmann.com\/wp-content\/uploads\/2021\/01\/Iconos_Participa_FA-05.png\" class=\"attachment-medium size-medium\" alt=\"Icono Relaciones Interpersonales\" srcset=\"https:\/\/participa.guttmann.com\/wp-content\/uploads\/2021\/01\/Iconos_Participa_FA-05.png 278w, https:\/\/participa.guttmann.com\/wp-content\/uploads\/2021\/01\/Iconos_Participa_FA-05-150x150.png 150w\" sizes=\"auto, (max-width: 278px) 100vw, 278px\" \/>            <\/a>\n    <\/div>\n<h2 class=\"text-center  element-top-0 element-bottom-20 text-light os-animation normal default\" data-os-animation=\"fadeInLeft\"  data-os-animation-delay=\"0.3s\" >\t\n        Relaciones interpersonales        \t\n<\/h2>\n<\/div><div class=\"col-md-2     text-center small-screen-default\"  ><div class=\"figure element-top-20 element-bottom-0 image-effect-zoom-in grid-icons-tips col-portfolio os-animation\" data-os-animation=\"fadeInLeft\" data-os-animation-delay=\"0s\">\n            <a href=\"\/es\/consell\/acceso-a-servicios\/\" class=\"figure-image \" target=\"_self\">\n        <img loading=\"lazy\" decoding=\"async\" width=\"278\" height=\"277\" src=\"https:\/\/participa.guttmann.com\/wp-content\/uploads\/2021\/01\/Iconos_Participa_FA-06.png\" class=\"attachment-medium size-medium\" alt=\"Icono Servicios\" srcset=\"https:\/\/participa.guttmann.com\/wp-content\/uploads\/2021\/01\/Iconos_Participa_FA-06.png 278w, https:\/\/participa.guttmann.com\/wp-content\/uploads\/2021\/01\/Iconos_Participa_FA-06-150x150.png 150w\" sizes=\"auto, (max-width: 278px) 100vw, 278px\" \/>            <\/a>\n    <\/div>\n<h2 class=\"text-center  element-top-0 element-bottom-20 text-light os-animation normal default\" data-os-animation=\"fadeInLeft\"  data-os-animation-delay=\"0.3s\" >\t\n        Acceso a servicios        \t\n<\/h2>\n<\/div><\/div><\/div>        <\/div>\n    <\/div>\n<\/section>\n","protected":false},"excerpt":{"rendered":"En esta secci\u00f3n encontrar\u00e1s consejos, recomendaciones y buenas pr\u00e1cticas para promocionar tu participaci\u00f3n en la sociedad en 6 categor\u00edas diferentes: vivienda, movilidad, ocio, ocupaci\u00f3n, relaciones interpersonales y acceso a servicios p\u00fablicos y privados. Vivienda Movilidad Ocio Ocupaci\u00f3n Relaciones interpersonales Acceso a servicios","protected":false},"author":2,"featured_media":0,"parent":0,"menu_order":3,"comment_status":"closed","ping_status":"closed","template":"","meta":{"_acf_changed":false,"_monsterinsights_skip_tracking":false,"_monsterinsights_sitenote_active":false,"_monsterinsights_sitenote_note":"","_monsterinsights_sitenote_category":0,"footnotes":""},"class_list":["post-2765","page","type-page","status-publish","hentry"],"acf":[],"aioseo_notices":[],"_links":{"self":[{"href":"https:\/\/participa.guttmann.com\/es\/wp-json\/wp\/v2\/pages\/2765","targetHints":{"allow":["GET"]}}],"collection":[{"href":"https:\/\/participa.guttmann.com\/es\/wp-json\/wp\/v2\/pages"}],"about":[{"href":"https:\/\/participa.guttmann.com\/es\/wp-json\/wp\/v2\/types\/page"}],"author":[{"embeddable":true,"href":"https:\/\/participa.guttmann.com\/es\/wp-json\/wp\/v2\/users\/2"}],"replies":[{"embeddable":true,"href":"https:\/\/participa.guttmann.com\/es\/wp-json\/wp\/v2\/comments?post=2765"}],"version-history":[{"count":15,"href":"https:\/\/participa.guttmann.com\/es\/wp-json\/wp\/v2\/pages\/2765\/revisions"}],"predecessor-version":[{"id":23204,"href":"https:\/\/participa.guttmann.com\/es\/wp-json\/wp\/v2\/pages\/2765\/revisions\/23204"}],"wp:attachment":[{"href":"https:\/\/participa.guttmann.com\/es\/wp-json\/wp\/v2\/media?parent=2765"}],"curies":[{"name":"wp","href":"https:\/\/api.w.org\/{rel}","templated":true}]}}