{"id":2803,"date":"2020-11-16T23:47:13","date_gmt":"2020-11-16T23:47:13","guid":{"rendered":"https:\/\/participa.testsdowhile.com\/?page_id=2803"},"modified":"2023-03-24T10:04:09","modified_gmt":"2023-03-24T10:04:09","slug":"legislacion","status":"publish","type":"page","link":"https:\/\/participa.guttmann.com\/es\/legislacion\/","title":{"rendered":"Legislaci\u00f3n referente al \u00e1mbito de la discapacidad"},"content":{"rendered":"<section class=\"section content-assessors text-normal section-text-no-shadow section-inner-no-shadow section-normal section-opaque\"  >\n    \n    <div class=\"background-overlay grid-overlay-0 \" style=\"background-color: rgba(0,0,0,0);\"><\/div>\n\n    <div class=\"container container-vertical-default\">\n        <div class=\"row vertical-default\">\n            <div class=\"col-md-12    box-assessors text-default small-screen-default\"  ><div class=\"row row-assessors\"><div class=\"col-md-12    form-assessors text-default small-screen-default\"  ><div class=\"col-text-1 text-normal text-assessors element-top-20 element-bottom-0 os-animation\" data-os-animation=\"fadeIn\" data-os-animation-delay=\"0s\">\n    <p><strong>\u00c1mbito internacional:<\/strong><\/p>\n<p>Convenci\u00f3n de la ONU sobre los derechos de las personas con discapacidad. (Fue aprobada el 13 de diciembre de 2006 y ratificada por el estado espa\u00f1ol en el 2008, pasando a ser parte del ordenamiento jur\u00eddico estatal).<\/p>\n<p><a title=\"Convenci\u00f3n de la ONU sobre los derechos de las personas con discapacidad\" href=\"https:\/\/www.un.org\/esa\/socdev\/enable\/documents\/tccconvs.pdf\" target=\"_blank\" rel=\"noopener\">Enlace a la Convenci\u00f3n<\/a><\/p>\n<p><a title=\"Convenci\u00f3n de la ONU sobre los derechos de las personas con discapacidad\" href=\"https:\/\/www.plenainclusion.org\/sites\/default\/files\/convencion_onu_lf.pdf\" target=\"_blank\" rel=\"noopener\">Enlace a la Convenci\u00f3n en Lectura F\u00e1cil<\/a><\/p>\n<p>&nbsp;<\/p>\n<p><strong>\u00c1mbito estatal:<\/strong><\/p>\n<ul>\n<li>\n<div>Ley 8\/2021, de 2 de junio, por la que se reforma la legislaci\u00f3n civil y procesal para el apoyo a las personas con discapacidad en el ejercicio de su capacidad jur\u00eddica.<\/div>\n<\/li>\n<li>Real decreto legislativo 1\/2013, de 29 de noviembre, por el cual se aprueba el texto refundido de la Ley general de derechos de las personas con discapacidad y de su inclusi\u00f3n social. (Esta norma define los \u00e1mbitos de igualdad y no discriminaci\u00f3n; hace un recorrido por los derechos de las personas con discapacidad y establece el r\u00e9gimen de infracciones y sanciones).<\/li>\n<li>Ley 26\/2011, de 1 de agosto, de adaptaci\u00f3n normativa a la convenci\u00f3n internacional sobre los derechos de las personas con discapacidad.<\/li>\n<li>Real Decreto 1276\/2011, de 16 de septiembre, de adaptaci\u00f3n normativa a la convenci\u00f3n internacional sobre los derechos de las personas con discapacidad.<\/li>\n<li>Ley 39\/2006, de 14 de diciembre, de promoci\u00f3n de la autonom\u00eda personal y atenci\u00f3n a las personas en situaci\u00f3n de dependencia.<\/li>\n<\/ul>\n<p>&nbsp;<\/p>\n<p><strong>Documentaci\u00f3n de inter\u00e9s:<\/strong><\/p>\n<ul>\n<li>An\u00e1lisis sobre la situaci\u00f3n de los derechos de las personas con discapacidad e identificaci\u00f3n de retos de futuro<\/li>\n<\/ul>\n<p><a href=\"https:\/\/www.siis.net\/documentos\/ficha\/582333.pdf\" target=\"_blank\" rel=\"noopener\">Enlace al documento<\/a><\/p>\n<\/div>\n<div class=\"col-text-1 text-normal  element-top-20 element-bottom-20\" data-os-animation=\"none\" data-os-animation-delay=\"0s\">\n    <\/div>\n<\/div><\/div><\/div>        <\/div>\n    <\/div>\n<\/section>\n\n","protected":false},"excerpt":{"rendered":"\u00c1mbito internacional: Convenci\u00f3n de la ONU sobre los derechos de las personas con discapacidad. (Fue aprobada el 13 de diciembre de 2006 y ratificada por el estado espa\u00f1ol en el 2008, pasando a ser parte del ordenamiento jur\u00eddico estatal). Enlace a la Convenci\u00f3n Enlace a la Convenci\u00f3n en Lectura F\u00e1cil &nbsp; \u00c1mbito estatal: Ley 8\/2021,","protected":false},"author":2,"featured_media":0,"parent":0,"menu_order":2,"comment_status":"closed","ping_status":"closed","template":"","meta":{"_acf_changed":false,"_monsterinsights_skip_tracking":false,"_monsterinsights_sitenote_active":false,"_monsterinsights_sitenote_note":"","_monsterinsights_sitenote_category":0,"footnotes":""},"class_list":["post-2803","page","type-page","status-publish","hentry"],"acf":[],"aioseo_notices":[],"_links":{"self":[{"href":"https:\/\/participa.guttmann.com\/es\/wp-json\/wp\/v2\/pages\/2803","targetHints":{"allow":["GET"]}}],"collection":[{"href":"https:\/\/participa.guttmann.com\/es\/wp-json\/wp\/v2\/pages"}],"about":[{"href":"https:\/\/participa.guttmann.com\/es\/wp-json\/wp\/v2\/types\/page"}],"author":[{"embeddable":true,"href":"https:\/\/participa.guttmann.com\/es\/wp-json\/wp\/v2\/users\/2"}],"replies":[{"embeddable":true,"href":"https:\/\/participa.guttmann.com\/es\/wp-json\/wp\/v2\/comments?post=2803"}],"version-history":[{"count":7,"href":"https:\/\/participa.guttmann.com\/es\/wp-json\/wp\/v2\/pages\/2803\/revisions"}],"predecessor-version":[{"id":17638,"href":"https:\/\/participa.guttmann.com\/es\/wp-json\/wp\/v2\/pages\/2803\/revisions\/17638"}],"wp:attachment":[{"href":"https:\/\/participa.guttmann.com\/es\/wp-json\/wp\/v2\/media?parent=2803"}],"curies":[{"name":"wp","href":"https:\/\/api.w.org\/{rel}","templated":true}]}}