{"id":2806,"date":"2020-11-16T23:51:07","date_gmt":"2020-11-16T23:51:07","guid":{"rendered":"https:\/\/participa.testsdowhile.com\/?page_id=2806"},"modified":"2024-04-24T08:59:03","modified_gmt":"2024-04-24T08:59:03","slug":"organismos","status":"publish","type":"page","link":"https:\/\/participa.guttmann.com\/es\/organismos\/","title":{"rendered":"Organismos de informaci\u00f3n, asesoramiento y denuncia"},"content":{"rendered":"<section class=\"section content-assessors text-normal section-text-no-shadow section-inner-no-shadow section-normal section-opaque\"  >\n    \n    <div class=\"background-overlay grid-overlay-0 \" style=\"background-color: rgba(0,0,0,0);\"><\/div>\n\n    <div class=\"container container-vertical-default\">\n        <div class=\"row vertical-default\">\n            <div class=\"col-md-12    box-assessors text-default small-screen-default\"  ><div class=\"row row-assessors\"><div class=\"col-md-12    form-assessors text-default small-screen-default\"  ><div class=\"col-text-1 text-normal text-assessors element-top-20 element-bottom-0 os-animation\" data-os-animation=\"fadeIn\" data-os-animation-delay=\"0s\">\n    <p><strong>Oficina de Atenci\u00f3n a la Discapacidad (OADIS):<\/strong><\/p>\n<p><a href=\"https:\/\/www.rpdiscapacidad.gob.es\/organismos\/oadis.htm\" target=\"_blank\" rel=\"noopener\">https:\/\/www.rpdiscapacidad.gob.es\/organismos\/oadis.htm<\/a><\/p>\n<p><strong>Beneficios y ayudas para las personas con discapacidad:<\/strong><\/p>\n<p><a href=\"https:\/\/www.rpdiscapacidad.gob.es\/documentos\/OADIS\/Beneficios.pdf\" target=\"_blank\" rel=\"noopener\">https:\/\/www.rpdiscapacidad.gob.es\/documentos\/OADIS\/Beneficios.pdf<\/a><\/p>\n<p><strong>Gu\u00eda de beneficios para las personas con discapacidad (en LF):<\/strong><\/p>\n<p><a href=\"https:\/\/www.rpdiscapacidad.gob.es\/documentos\/OADIS\/Ayudas_Discapacidad_LF.pdf\" target=\"_blank\" rel=\"noopener\">https:\/\/www.rpdiscapacidad.gob.es\/documentos\/OADIS\/Ayudas_Discapacidad_LF.pdf<\/a><\/p>\n<p><strong>Comit\u00e9 Espa\u00f1ol de Representantes de Personas con Discapacidad (CERMI):<\/strong><\/p>\n<p><a title=\"Denuncias de Vulneraci\u00f3n de la Convenci\u00f3n en Espa\u00f1a\" href=\"http:\/\/www.convenciondiscapacidad.es\/denuncia\/\" target=\"_blank\" rel=\"noopener\">Denuncias de Vulneraci\u00f3n de la Convenci\u00f3n en Espa\u00f1a<\/a><\/p>\n<p><a title=\"Aplicaci\u00f3n Movil &quot;En Defensa Propia&quot;\" href=\"https:\/\/www.somospacientes.com\/noticias\/asociaciones\/app-en-defensa-propia\/\" target=\"_blank\" rel=\"noopener\">Desc\u00e1rgate la aplicaci\u00f3n para dispositivos m\u00f3viles \u201cEn defensa propia\u201d<\/a><\/p>\n<p><a href=\"https:\/\/www.cedid.es\/es\/documentacion\/ver-seleccion-novedad\/578503\/\" target=\"_blank\" rel=\"noopener\">Iniciaci\u00f3n a los derechos y a la defensa legal de las personas con discapacidad. Curso b\u00e1sico<\/a><\/p>\n<p><a href=\"https:\/\/biblioteca.fundaciononce.es\/publicaciones\/otras-editoriales\/los-delitos-de-odio-por-motivos-de-discapacidad-como-0\" target=\"_blank\" rel=\"noopener\">Los delitos de odio por motivo de discapacidad. \u00bfC\u00f3mo identificarlos? \u00bfC\u00f3mo atajarlos?<\/a><\/p>\n<p><a href=\"http:\/\/www.convenciondiscapacidad.es\/observaciones\/\" target=\"_blank\" rel=\"noopener\">Observaciones Generales Comit\u00e9 de Derechos NN.UU. (convenciondiscapacidad.es)<\/a><\/p>\n<p><strong>Defensor del Pueblo:<\/strong><\/p>\n<p><a title=\"Defensor del Pueblo\" href=\"https:\/\/defensordelpueblo.es\/\" target=\"_blank\" rel=\"noopener\">https:\/\/defensordelpueblo.es\/<\/a><\/p>\n<p><strong>S\u00edndico de Agravios o Defensor del pueblo a nivel auton\u00f3mico:<\/strong><\/p>\n<p>&#8211; <a title=\"Defensor del Pueblo Andaluz\" href=\"https:\/\/www.defensordelpuebloandaluz.es\/\" target=\"_blank\" rel=\"noopener\">Defensor del Pueblo Andaluz<\/a><\/p>\n<p>&#8211; <a title=\"Defensor del Pueblo Riojano\" href=\"https:\/\/www.larioja.org\/comunidad\/es\/defensor-pueblo\" target=\"_blank\" rel=\"noopener\">Defensora del Pueblo Riojano<\/a><\/p>\n<p>&#8211; <a title=\"Defensor del Pueblo de Navarra\" href=\"http:\/\/www.defensornavarra.com\/\" target=\"_blank\" rel=\"noopener\">Defensor del Pueblo de Navarra<\/a><\/p>\n<p>&#8211; <a title=\"Defensor del Pueblo del Pa\u00eds Vasco\" href=\"http:\/\/www.ararteko.net\/\" target=\"_blank\" rel=\"noopener\">Defensor del Pueblo del Pa\u00eds Vasco (Ararteko)<\/a><\/p>\n<p>&#8211; <a title=\"Procuradora General del Principado de Asturias\" href=\"http:\/\/pares.mcu.es\/ParesBusquedas20\/catalogo\/autoridad\/137420#\" target=\"_blank\" rel=\"noopener\">Procuradora General del Principado de Asturias<\/a><\/p>\n<p>&#8211; <a title=\"Defensor del Pueblo de la Regi\u00f3n de Murcia\" href=\"https:\/\/murciaregioneuropea.es\/defensor-del-pueblo#:~:text=Actualmente%20es%20Emily%20O'Reilly.\" target=\"_blank\" rel=\"noopener\">Defensor del Pueblo de la Regi\u00f3n de Murcia<\/a><\/p>\n<p>&#8211; <a title=\"Defensor del Pueblo Gallego\" href=\"http:\/\/www.valedordopobo.com\/\" target=\"_blank\" rel=\"noopener\">Valedor do Pobo Galego<\/a><\/p>\n<p>&#8211; <a title=\"Justicia de Arag\u00f3n\" href=\"http:\/\/www.eljusticiadearagon.com\/\" target=\"_blank\" rel=\"noopener\">El Justicia de Arag\u00f3n<\/a><\/p>\n<p>&#8211; <a title=\"Diputado del Com\u00fan de Canarias\" href=\"https:\/\/www.diputadodelcomun.org\/\" target=\"_blank\" rel=\"noopener\">Diputado del Com\u00fan de Canarias<\/a><\/p>\n<p>&#8211; <a title=\"Procurador del Com\u00fan de Castilla y Le\u00f3n\" href=\"http:\/\/www.procuradordelcomun.org\/\" target=\"_blank\" rel=\"noopener\">Procurador del Com\u00fan de Castilla y Le\u00f3n<\/a><\/p>\n<p>&#8211; <a title=\"Defensor del Pueblo de Castilla-La Mancha\" href=\"https:\/\/www.defensordelpueblo.es\/\" target=\"_blank\" rel=\"noopener\">Defensor del Pueblo de Castilla-La Mancha<\/a><\/p>\n<p>&#8211; <a title=\"S\u00edndic de Greuges de Catalunya\" href=\"http:\/\/www.sindic.cat\/\" target=\"_blank\" rel=\"noopener\">S\u00edndic de Greuges de Catalunya<\/a><\/p>\n<p>&#8211; <a title=\"S\u00edndic de Greuges de la Comunitat Valenciana\" href=\"http:\/\/www.elsindic.com\/\" target=\"_blank\" rel=\"noopener\">S\u00edndic de Greuges de la Comunitat Valenciana<\/a><\/p>\n<p><strong>Defensores internacionales:<\/strong><\/p>\n<p><a title=\"Naciones Unidas\" href=\"http:\/\/www.un.org\/es\/\" target=\"_blank\" rel=\"noopener\">&#8211; Naciones Unidas<\/a><\/p>\n<p><a title=\"Defensor del pueblo Europeo\" href=\"http:\/\/www.ombudsman.europa.eu\/es\/home\" target=\"_blank\" rel=\"noopener\">&#8211; Defensor del Pueblo Europeo<\/a><\/p>\n<p><a title=\"Corte Europea de Derechos Humanos\" href=\"https:\/\/www.echr.coe.int\/web\/echr\" target=\"_blank\" rel=\"noopener\">&#8211; Corte Europea de Derechos Humanos<\/a><\/p>\n<p><strong>Oficina por la No Discriminaci\u00f3n (OND) del Ayuntamiento de Barcelona:<\/strong><\/p>\n<p><a title=\"Oficina por la No Discriminaci\u00f3n del ayuntamiento de Barcelona\" href=\"https:\/\/ajuntament.barcelona.cat\/oficina-no-discriminacio\/ca\" target=\"_blank\" rel=\"noopener\">https:\/\/ajuntament.barcelona.cat\/oficina-no-discriminacio\/ca<\/a><\/p>\n<p><strong>Gu\u00eda pr\u00e1ctica para la defensa de los derechos de las personas con discapacidad f\u00edsica (ECOM):<\/strong><\/p>\n<p><a title=\"Gu\u00eda pr\u00e1ctica para la defensa de los derechos de las personas con discapacidad f\u00edsica\" href=\"https:\/\/ajuntament.barcelona.cat\/premsa\/wp-content\/uploads\/2018\/11\/Guia_defensa_drets_ECOM.pdf\" target=\"_blank\" rel=\"noopener\">https:\/\/ajuntament.barcelona.cat\/premsa\/wp-content\/uploads\/2018\/11\/Guia_defensa_drets_ECOM.pdf\u00a0<\/a><\/p>\n<p><strong>Gu\u00eda para entender las nuevas leyes sobre capacidad jur\u00eddica (Plena Inclusi\u00f3n y Dincat \u2013 en LF):<\/strong><\/p>\n<p><a href=\"https:\/\/www.dincat.cat\/wp-content\/uploads\/2022\/02\/guia-jur%C3%ADdica-LF-Reforma-Capacidad-jur%C3%ADdica-dincat_CAST_WEB.pdf\" target=\"_blank\" rel=\"noopener\">https:\/\/www.dincat.cat\/wp-content\/uploads\/2022\/02\/guia-jur%C3%ADdica-LF-Reforma-Capacidad-jur%C3%ADdica-dincat_CAST_WEB.pdf<\/a><\/p>\n<\/div>\n<div class=\"divider-wrapper \" style=\"visibility:hidden;background-color:#FFFFFF\">\n    <div class=\"visible-xs\" style=\"height:24px;\"><\/div>\n    <div class=\"visible-sm\" style=\"height:24px;\"><\/div>\n    <div class=\"visible-md\" style=\"height:24px;\"><\/div>\n    <div class=\"visible-lg\" style=\"height:24px;\"><\/div>\n<\/div><\/div><\/div><\/div>        <\/div>\n    <\/div>\n<\/section>\n\n","protected":false},"excerpt":{"rendered":"Oficina de Atenci\u00f3n a la Discapacidad (OADIS): https:\/\/www.rpdiscapacidad.gob.es\/organismos\/oadis.htm Beneficios y ayudas para las personas con discapacidad: https:\/\/www.rpdiscapacidad.gob.es\/documentos\/OADIS\/Beneficios.pdf Gu\u00eda de beneficios para las personas con discapacidad (en LF): https:\/\/www.rpdiscapacidad.gob.es\/documentos\/OADIS\/Ayudas_Discapacidad_LF.pdf Comit\u00e9 Espa\u00f1ol de Representantes de Personas con Discapacidad (CERMI): Denuncias de Vulneraci\u00f3n de la Convenci\u00f3n en Espa\u00f1a Desc\u00e1rgate la aplicaci\u00f3n para dispositivos m\u00f3viles \u201cEn defensa propia\u201d Iniciaci\u00f3n","protected":false},"author":2,"featured_media":0,"parent":0,"menu_order":2,"comment_status":"closed","ping_status":"closed","template":"","meta":{"_acf_changed":false,"_monsterinsights_skip_tracking":false,"_monsterinsights_sitenote_active":false,"_monsterinsights_sitenote_note":"","_monsterinsights_sitenote_category":0,"footnotes":""},"class_list":["post-2806","page","type-page","status-publish","hentry"],"acf":[],"aioseo_notices":[],"_links":{"self":[{"href":"https:\/\/participa.guttmann.com\/es\/wp-json\/wp\/v2\/pages\/2806","targetHints":{"allow":["GET"]}}],"collection":[{"href":"https:\/\/participa.guttmann.com\/es\/wp-json\/wp\/v2\/pages"}],"about":[{"href":"https:\/\/participa.guttmann.com\/es\/wp-json\/wp\/v2\/types\/page"}],"author":[{"embeddable":true,"href":"https:\/\/participa.guttmann.com\/es\/wp-json\/wp\/v2\/users\/2"}],"replies":[{"embeddable":true,"href":"https:\/\/participa.guttmann.com\/es\/wp-json\/wp\/v2\/comments?post=2806"}],"version-history":[{"count":14,"href":"https:\/\/participa.guttmann.com\/es\/wp-json\/wp\/v2\/pages\/2806\/revisions"}],"predecessor-version":[{"id":20281,"href":"https:\/\/participa.guttmann.com\/es\/wp-json\/wp\/v2\/pages\/2806\/revisions\/20281"}],"wp:attachment":[{"href":"https:\/\/participa.guttmann.com\/es\/wp-json\/wp\/v2\/media?parent=2806"}],"curies":[{"name":"wp","href":"https:\/\/api.w.org\/{rel}","templated":true}]}}