{"id":2811,"date":"2020-11-16T23:59:06","date_gmt":"2020-11-16T23:59:06","guid":{"rendered":"https:\/\/participa.testsdowhile.com\/?page_id=2811"},"modified":"2023-11-13T09:23:27","modified_gmt":"2023-11-13T09:23:27","slug":"contacto","status":"publish","type":"page","link":"https:\/\/participa.guttmann.com\/es\/contacto\/","title":{"rendered":"Contacto"},"content":{"rendered":"<section class=\"section content-title text-normal section-text-no-shadow section-inner-no-shadow section-normal section-opaque\"  >\n            <div class=\"background-media\" style=\"background-image: url(&#039;https:\/\/participa.guttmann.com\/wp-content\/uploads\/2020\/04\/slider-con-filtro.jpg&#039;); background-repeat:no-repeat; background-size:cover; background-attachment:no-scroll; background-position: 50% 0%;\" >\n                    <\/div>\n    \n    <div class=\"background-overlay grid-overlay-0 \" style=\"background-color: rgba(0,0,0,0);\"><\/div>\n\n    <div class=\"container-fullwidth container-vertical-default\">\n        <div class=\"row vertical-default\">\n            <div class=\"col-md-12    box-title hidden-lg hidden-md hidden-sm hidden-xs text-default small-screen-default\"  ><div class=\"row \"><div class=\"col-md-2     text-default small-screen-default\"  ><\/div><div class=\"col-md-8    box-col-head text-default small-screen-default os-animation\" data-os-animation=\"fadeIn\" data-os-animation-delay=\"0s\" ><\/div><div class=\"col-md-2     text-default small-screen-default\"  ><\/div><\/div><\/div>        <\/div>\n    <\/div>\n<\/section>\n<section class=\"section content-form text-normal section-text-no-shadow section-inner-no-shadow section-normal section-opaque\"  >\n    \n    <div class=\"background-overlay grid-overlay-0 \" style=\"background-color: rgba(0,0,0,0);\"><\/div>\n\n    <div class=\"container container-vertical-default\">\n        <div class=\"row vertical-default\">\n            <div class=\"col-md-12    box-contact text-default small-screen-default os-animation\" data-os-animation=\"fadeIn\" data-os-animation-delay=\"0s\" ><div class=\"row row-contact\"><div class=\"col-md-5    form-contact text-default small-screen-default\"  >\n<div class=\"wpcf7 no-js\" id=\"wpcf7-f1132-o1\" lang=\"es-ES\" dir=\"ltr\" data-wpcf7-id=\"1132\">\n<div class=\"screen-reader-response\"><p role=\"status\" aria-live=\"polite\" aria-atomic=\"true\"><\/p> <ul><\/ul><\/div>\n<form action=\"\/es\/wp-json\/wp\/v2\/pages\/2811#wpcf7-f1132-o1\" method=\"post\" class=\"wpcf7-form init\" aria-label=\"Formulario de contacto\" novalidate=\"novalidate\" data-status=\"init\">\n<fieldset class=\"hidden-fields-container\"><input type=\"hidden\" name=\"_wpcf7\" value=\"1132\" \/><input type=\"hidden\" name=\"_wpcf7_version\" value=\"6.1\" \/><input type=\"hidden\" name=\"_wpcf7_locale\" value=\"es_ES\" \/><input type=\"hidden\" name=\"_wpcf7_unit_tag\" value=\"wpcf7-f1132-o1\" \/><input type=\"hidden\" name=\"_wpcf7_container_post\" value=\"0\" \/><input type=\"hidden\" name=\"_wpcf7_posted_data_hash\" value=\"\" \/><input type=\"hidden\" name=\"_wpcf7cf_hidden_group_fields\" value=\"[]\" \/><input type=\"hidden\" name=\"_wpcf7cf_hidden_groups\" value=\"[]\" \/><input type=\"hidden\" name=\"_wpcf7cf_visible_groups\" value=\"[]\" \/><input type=\"hidden\" name=\"_wpcf7cf_repeaters\" value=\"[]\" \/><input type=\"hidden\" name=\"_wpcf7cf_steps\" value=\"{}\" \/><input type=\"hidden\" name=\"_wpcf7cf_options\" value=\"{&quot;form_id&quot;:1132,&quot;conditions&quot;:[],&quot;settings&quot;:{&quot;animation&quot;:&quot;yes&quot;,&quot;animation_intime&quot;:200,&quot;animation_outtime&quot;:200,&quot;conditions_ui&quot;:&quot;normal&quot;,&quot;notice_dismissed&quot;:false,&quot;notice_dismissed_update-cf7-5.9.5&quot;:true}}\" \/><input type=\"hidden\" name=\"_wpcf7_recaptcha_response\" value=\"\" \/>\n<\/fieldset>\n<div id=\"cf7md-form\" class=\"cf7md-form\">\n\t\t\t<div class=\"mdc-layout-grid\">\n\t\t\t\t<div class=\"mdc-layout-grid__inner\">\n\t\t\t\t\t\t\t\t\t\t\n<\/p>\n<p><label>Nombre y Apellidos*<br \/>\n<span class=\"wpcf7-form-control-wrap\" data-name=\"your-name\"><input size=\"40\" maxlength=\"400\" class=\"wpcf7-form-control wpcf7-text wpcf7-validates-as-required\" aria-required=\"true\" aria-invalid=\"false\" value=\"\" type=\"text\" name=\"your-name\" \/><\/span><br \/>\n<\/label>\n<\/p>\n<p><label>Email*<br \/>\n<span class=\"wpcf7-form-control-wrap\" data-name=\"your-email\"><input size=\"40\" maxlength=\"400\" class=\"wpcf7-form-control wpcf7-email wpcf7-validates-as-required wpcf7-text wpcf7-validates-as-email\" aria-required=\"true\" aria-invalid=\"false\" value=\"\" type=\"email\" name=\"your-email\" \/><\/span><br \/>\n<\/label>\n<\/p>\n<p><label>Tel\u00e9fono*<br \/>\n<span class=\"wpcf7-form-control-wrap\" data-name=\"tutelefon\"><input size=\"40\" maxlength=\"400\" class=\"wpcf7-form-control wpcf7-tel wpcf7-validates-as-required wpcf7-text wpcf7-validates-as-tel\" aria-required=\"true\" aria-invalid=\"false\" value=\"\" type=\"tel\" name=\"tutelefon\" \/><\/span><br \/>\n<\/label>\n<\/p>\n<p><label>Mensaje<br \/>\n<span class=\"wpcf7-form-control-wrap\" data-name=\"your-message\"><textarea cols=\"40\" rows=\"10\" maxlength=\"2000\" class=\"wpcf7-form-control wpcf7-textarea wpcf7-validates-as-required\" aria-required=\"true\" aria-invalid=\"false\" name=\"your-message\"><\/textarea><\/span><br \/>\n<\/label>\n<\/p>\n\t\t<div class=\"cf7md-item cf7md-accept cf7md-is-wpcf7v5 mdc-layout-grid__cell mdc-layout-grid__cell--span-12-desktop mdc-layout-grid__cell--span-8-tablet mdc-layout-grid__cell--span-4-phone\">\n\t\t\t\t\t\t<br \/>\n<span class=\"wpcf7-form-control-wrap\" data-name=\"politica\"><span class=\"wpcf7-form-control wpcf7-acceptance\"><span class=\"wpcf7-list-item\"><label><input type=\"checkbox\" name=\"politica\" value=\"1\" aria-invalid=\"false\" \/><span class=\"wpcf7-list-item-label\">He le\u00eddo y acepto el <a href='\/es\/consentimiento-informado' title='Consentimiento informado' target='_blank'><u>Consentimiento informado<\/u>, <a href='\/es\/aviso-legal-y-politica-de-privacidad\/' title='Aviso Legal y Pol\u00edtica de Privacidad' target='_blank' ><u>Aviso Legal y Pol\u00edtica de Privacidad<\/u><\/a>.<\/span><\/label><\/span><\/span><\/span><br \/>\n\t\t\t<label class=\"cf7md-accept-label\"><\/label>\n\t\t\t<div style=\"display: none;\" class=\"cf7md-checkbox-html\">\n\t\t\t\t<div class=\"mdc-checkbox__background\">\n\t\t\t\t\t<svg class=\"mdc-checkbox__checkmark\" viewBox=\"0 0 24 24\">\n\t\t\t\t\t\t<path class=\"mdc-checkbox__checkmark-path\" fill=\"none\" d=\"M1.73,12.91 8.1,19.28 22.79,4.59\"\/>\n\t\t\t\t\t<\/svg>\n\t\t\t\t\t<div class=\"mdc-checkbox__mixedmark\"><\/div>\n\t\t\t\t<\/div>\n\t\t\t<\/div>\n\t\t\t\t\t<\/div>\n\t\t\n\t\t<div class=\"cf7md-item cf7md-checkbox mdc-layout-grid__cell mdc-layout-grid__cell--span-12-desktop mdc-layout-grid__cell--span-8-tablet mdc-layout-grid__cell--span-4-phone cf7md-list cf7md-list__stacked\">\n\t\t\t\t\t\t<br \/>\n<span class=\"wpcf7-form-control-wrap\" data-name=\"avisoLegal\"><span class=\"wpcf7-form-control wpcf7-checkbox\"><span class=\"wpcf7-list-item first last\"><input type=\"checkbox\" name=\"avisoLegal&#091;&#093;\" value=\"Autorizo  el uso de mis datos para la finalidad solicitada. Mis datos se mantendr\u00e1n en el sistema de la Fundaci\u00f3n Institut Guttmann de forma indefinida. En todo momento podr\u00e9 hacer uso de mis derechos de acceso, rectificaci\u00f3n, supresi\u00f3n, portabilidad, limitaci\u00f3n y oposici\u00f3n, tal como se indica en el &lt;a href=&#039;\/es\/consentimiento-informado&#039; title=&#039;Consentimiento informado&#039; target=&#039;_blank&#039;&gt;&lt;u&gt;Consentimiento informado&lt;\/u&gt;, &lt;a href=&#039;\/es\/aviso-legal-y-politica-de-privacidad\/&#039; title=&#039;Aviso Legal y Pol\u00edtica de Privacidad&#039; target=&#039;_blank&#039; &gt;&lt;u&gt;Aviso Legal y Pol\u00edtica de Privacidad&lt;\/u&gt;&lt;\/a&gt;*\" \/><span class=\"wpcf7-list-item-label\">Autorizo  el uso de mis datos para la finalidad solicitada. Mis datos se mantendr\u00e1n en el sistema de la Fundaci\u00f3n Institut Guttmann de forma indefinida. En todo momento podr\u00e9 hacer uso de mis derechos de acceso, rectificaci\u00f3n, supresi\u00f3n, portabilidad, limitaci\u00f3n y oposici\u00f3n, tal como se indica en el &lt;a href=&#039;\/es\/consentimiento-informado&#039; title=&#039;Consentimiento informado&#039; target=&#039;_blank&#039;&gt;&lt;u&gt;Consentimiento informado&lt;\/u&gt;, &lt;a href=&#039;\/es\/aviso-legal-y-politica-de-privacidad\/&#039; title=&#039;Aviso Legal y Pol\u00edtica de Privacidad&#039; target=&#039;_blank&#039; &gt;&lt;u&gt;Aviso Legal y Pol\u00edtica de Privacidad&lt;\/u&gt;&lt;\/a&gt;*<\/span><\/span><\/span><\/span><br \/>\n\t\t\t<div style=\"display: none;\" class=\"cf7md-checkbox-html\">\n\t\t\t\t<div class=\"mdc-checkbox__background\">\n\t\t\t\t\t<svg class=\"mdc-checkbox__checkmark\" viewBox=\"0 0 24 24\">\n\t\t\t\t\t\t<path class=\"mdc-checkbox__checkmark-path\" fill=\"none\" d=\"M1.73,12.91 8.1,19.28 22.79,4.59\"\/>\n\t\t\t\t\t<\/svg>\n\t\t\t\t\t<div class=\"mdc-checkbox__mixedmark\"><\/div>\n\t\t\t\t<\/div>\n\t\t\t<\/div>\n\t\t\t\t\t<\/div>\n\t\t\n\t\t<div class=\"cf7md-item cf7md-submit mdc-layout-grid__cell mdc-layout-grid__cell--span-12-desktop mdc-layout-grid__cell--span-8-tablet mdc-layout-grid__cell--span-4-phone\" data-button-style=\"unelevated\">\n\t\t\t<br \/>\n<input class=\"wpcf7-form-control wpcf7-submit has-spinner\" type=\"submit\" value=\"Enviar\" \/><br \/>\n\t\t\t<svg class=\"cf7md-spinner\" width=\"25px\" height=\"25px\" viewBox=\"0 0 66 66\" xmlns=\"http:\/\/www.w3.org\/2000\/svg\">\n\t\t\t\t<circle class=\"cf7md-spinner-path\" fill=\"none\" stroke-width=\"6\" stroke-linecap=\"round\" cx=\"33\" cy=\"33\" r=\"30\"><\/circle>\n\t\t\t<\/svg>\n\t\t<\/div>\n\t\t\n\t\t\t\t\t\t\t\t\t<\/div>\n\t\t\t<\/div>\n\t\t<\/div><div class=\"wpcf7-response-output\" aria-hidden=\"true\"><\/div>\n<\/form>\n<\/div>\n<\/div><div class=\"col-md-7    map-contact text-default small-screen-default\"  >[vc_raw_html]JTNDaWZyYW1lJTIwc3JjJTNEJTIyaHR0cHMlM0ElMkYlMkZ3d3cuZ29vZ2xlLmNvbSUyRm1hcHMlMkZlbWJlZCUzRnBiJTNEJTIxMW0xOCUyMTFtMTIlMjExbTMlMjExZDU5NzguMzY2NjM1MjQ1MDU1JTIxMmQyLjIzMTczNzg1NjIzNzIyOSUyMTNkNDEuNDc4NjI1MjcxMjg4NDE1JTIxMm0zJTIxMWYwJTIxMmYwJTIxM2YwJTIxM20yJTIxMWkxMDI0JTIxMmk3NjglMjE0ZjEzLjElMjEzbTMlMjExbTIlMjExczB4MTJhNGJiOTMzZmIzYzljNSUyNTNBMHgxZWMwOGMzNzdiNTBiZDBmJTIxMnNJbnN0aXR1dCUyNTIwR3V0dG1hbm4lMjUyMEhvc3BpdGFsJTI1MjBkZSUyNTIwTmV1cm9yZWhhYmlsaXRhY2klMjVDMyUyNUIzJTIxNWUwJTIxM20yJTIxMXNjYSUyMTJzZXMlMjE0djE2OTk4NjczMDQ0MjIlMjE1bTIlMjExc2NhJTIxMnNlcyUyMiUyMHdpZHRoJTNEJTIyNjAwJTIyJTIwaGVpZ2h0JTNEJTIyNDUwJTIyJTIwc3R5bGUlM0QlMjJib3JkZXIlM0EwJTNCJTIyJTIwYWxsb3dmdWxsc2NyZWVuJTNEJTIyJTIyJTIwbG9hZGluZyUzRCUyMmxhenklMjIlMjByZWZlcnJlcnBvbGljeSUzRCUyMm5vLXJlZmVycmVyLXdoZW4tZG93bmdyYWRlJTIyJTNFJTNDJTJGaWZyYW1lJTNF[\/vc_raw_html]<\/div><\/div><\/div>        <\/div>\n    <\/div>\n<\/section>\n<section class=\"section content-contacte text-normal section-text-no-shadow section-inner-no-shadow section-normal section-opaque\"  >\n            <div class=\"background-media\" style=\"background-image: url(&#039;https:\/\/participa.guttmann.com\/wp-content\/uploads\/2020\/05\/slider-sin-filtro.jpg&#039;); background-repeat:no-repeat; background-size:cover; background-attachment:fixed; background-position: 50% 0%;\" data-start=\"background-position: 50% -31px\" data-0-top-bottom=\"background-position: 50% 50px\">\n                    <\/div>\n    \n    <div class=\"background-overlay grid-overlay-0 \" style=\"background-color: rgba(0,65,103,0.9);\"><\/div>\n\n    <div class=\"container-fullwidth container-vertical-middle\">\n        <div class=\"row vertical-middle\">\n            <div class=\"col-md-3    column-contacte text-center small-screen-default\"  style=\"background:rgba(0, 0, 0, 0.2);\"><div class=\"divider-wrapper \" style=\"visibility:hidden;background-color:#FFFFF\">\n    <div class=\"visible-xs\" style=\"height:30px;\"><\/div>\n    <div class=\"visible-sm\" style=\"height:27px;\"><\/div>\n    <div class=\"visible-md\" style=\"height:25px;\"><\/div>\n    <div class=\"visible-lg\" style=\"height:25px;\"><\/div>\n<\/div><p class=\"lead text-center center text-contact text-light element-top-0 element-bottom-20 os-animation \" data-os-animation=\"fadeIn\" data-os-animation-delay=\"0.1s\">Institut Guttmann &#8211; Hospital de Neurorehabilitaci\u00f3n<br \/>\nCam\u00ed de Can Ruti, s\/n. 08916 Badalona<\/p><\/div><div class=\"col-md-3    column-contacte2 text-center small-screen-default\"  style=\"background:rgba(0, 0, 0, 0.15);\"><div class=\"divider-wrapper \" style=\"visibility:hidden;background-color:#FFFFF\">\n    <div class=\"visible-xs\" style=\"height:30px;\"><\/div>\n    <div class=\"visible-sm\" style=\"height:30px;\"><\/div>\n    <div class=\"visible-md\" style=\"height:18px;\"><\/div>\n    <div class=\"visible-lg\" style=\"height:18px;\"><\/div>\n<\/div><p class=\"lead text-center center text-contact text-light element-top-0 element-bottom-20 os-animation \" data-os-animation=\"fadeIn\" data-os-animation-delay=\"0.2s\"><a href=\"mailto: participa@guttmann.com\">participa@guttmann.com<br \/>\nEscr\u00edbenos si tienes dudas<\/a><\/p><\/div><div class=\"col-md-3    column-contacte3 text-center small-screen-default\"  style=\"background:rgba(0, 0, 0, 0.1);\"><div class=\"divider-wrapper \" style=\"visibility:hidden;background-color:#FFFFF\">\n    <div class=\"visible-xs\" style=\"height:30px;\"><\/div>\n    <div class=\"visible-sm\" style=\"height:27px;\"><\/div>\n    <div class=\"visible-md\" style=\"height:25px;\"><\/div>\n    <div class=\"visible-lg\" style=\"height:25px;\"><\/div>\n<\/div><p class=\"lead text-center center text-contact text-light element-top-0 element-bottom-20 os-animation \" data-os-animation=\"fadeIn\" data-os-animation-delay=\"0.3s\"><a href=\"\/blog\">Actualidad<br \/>\nLee las \u00faltimas noticias<\/a><\/p><\/div><div class=\"col-md-3    column-contacte4 text-center small-screen-default\"  style=\"background:rgba(0, 0, 0, 0.05);\"><div class=\"divider-wrapper \" style=\"visibility:hidden;background-color:#FFFFF\">\n    <div class=\"visible-xs\" style=\"height:30px;\"><\/div>\n    <div class=\"visible-sm\" style=\"height:27px;\"><\/div>\n    <div class=\"visible-md\" style=\"height:25px;\"><\/div>\n    <div class=\"visible-lg\" style=\"height:25px;\"><\/div>\n<\/div><p class=\"lead text-center center text-contact text-light element-top-0 element-bottom-20 os-animation \" data-os-animation=\"fadeIn\" data-os-animation-delay=\"0.4s\"><a href=\"\/foro\">Foro<br \/>\n\u00a1Participa!<\/a><\/p><\/div>        <\/div>\n    <\/div>\n<\/section>\n","protected":false},"excerpt":{"rendered":"Nombre y Apellidos* Email* Tel\u00e9fono* Mensaje He le\u00eddo y acepto el Consentimiento informado, Aviso Legal y Pol\u00edtica de Privacidad. Autorizo el uso de mis datos para la finalidad solicitada. Mis datos se mantendr\u00e1n en el sistema de la Fundaci\u00f3n Institut Guttmann de forma indefinida. En todo momento podr\u00e9 hacer uso de mis derechos de acceso,","protected":false},"author":2,"featured_media":0,"parent":0,"menu_order":5,"comment_status":"closed","ping_status":"closed","template":"","meta":{"_acf_changed":false,"_monsterinsights_skip_tracking":false,"_monsterinsights_sitenote_active":false,"_monsterinsights_sitenote_note":"","_monsterinsights_sitenote_category":0,"footnotes":""},"class_list":["post-2811","page","type-page","status-publish","hentry"],"acf":[],"aioseo_notices":[],"_links":{"self":[{"href":"https:\/\/participa.guttmann.com\/es\/wp-json\/wp\/v2\/pages\/2811","targetHints":{"allow":["GET"]}}],"collection":[{"href":"https:\/\/participa.guttmann.com\/es\/wp-json\/wp\/v2\/pages"}],"about":[{"href":"https:\/\/participa.guttmann.com\/es\/wp-json\/wp\/v2\/types\/page"}],"author":[{"embeddable":true,"href":"https:\/\/participa.guttmann.com\/es\/wp-json\/wp\/v2\/users\/2"}],"replies":[{"embeddable":true,"href":"https:\/\/participa.guttmann.com\/es\/wp-json\/wp\/v2\/comments?post=2811"}],"version-history":[{"count":12,"href":"https:\/\/participa.guttmann.com\/es\/wp-json\/wp\/v2\/pages\/2811\/revisions"}],"predecessor-version":[{"id":18713,"href":"https:\/\/participa.guttmann.com\/es\/wp-json\/wp\/v2\/pages\/2811\/revisions\/18713"}],"wp:attachment":[{"href":"https:\/\/participa.guttmann.com\/es\/wp-json\/wp\/v2\/media?parent=2811"}],"curies":[{"name":"wp","href":"https:\/\/api.w.org\/{rel}","templated":true}]}}