{"id":2827,"date":"2020-11-18T16:53:54","date_gmt":"2020-11-18T16:53:54","guid":{"rendered":"https:\/\/participa.testsdowhile.com\/?page_id=2827"},"modified":"2021-05-12T16:19:26","modified_gmt":"2021-05-12T16:19:26","slug":"forum-temporal","status":"publish","type":"page","link":"https:\/\/participa.guttmann.com\/es\/forum-temporal\/","title":{"rendered":"Disponible pr\u00f3ximamente&#8230;"},"content":{"rendered":"<section class=\"section  text-normal section-text-no-shadow section-inner-no-shadow section-normal section-opaque\"  >\n    \n    <div class=\"background-overlay grid-overlay-0 \" style=\"background-color: rgba(0,0,0,0);\"><\/div>\n\n    <div class=\"container container-vertical-default\">\n        <div class=\"row vertical-default\">\n            <div class=\"col-md-12     text-default small-screen-default\"  ><div class=\"col-text-1 text-normal  element-top-20 element-bottom-20 os-animation\" data-os-animation=\"fadeInLeft\" data-os-animation-delay=\"0s\">\n    <p>El <strong>Foro del proyecto PARTICIPA<\/strong> te permitir\u00e1 compartir con el resto de la comunidad del proyecto tus <strong>experiencias sobre barreras y facilitadores<\/strong> que afectan a tu participaci\u00f3n.<\/p>\n<p>Podr\u00e1s plantear preguntas y compartir experiencias en los <strong><a href=\"\/es\/consejos\">diferentes \u00e1mbitos<\/a><\/strong> que estudiaremos en el proyecto.<\/p>\n<p>Estamos terminando de ultimar los detalles para ponerlo en funcionamiento, que prevemos ser\u00e1 en las <strong>pr\u00f3ximas semanas<\/strong>.<\/p>\n<p>Cuando est\u00e9 disponible, lo comunicaremos a todos los usuarios registrados, con las instrucciones para acceder y las normas de participaci\u00f3n.<\/p>\n<p>\u00a1Muchas gracias!<\/p>\n<\/div>\n<\/div>        <\/div>\n    <\/div>\n<\/section>\n\n","protected":false},"excerpt":{"rendered":"El Foro del proyecto PARTICIPA te permitir\u00e1 compartir con el resto de la comunidad del proyecto tus experiencias sobre barreras y facilitadores que afectan a tu participaci\u00f3n. Podr\u00e1s plantear preguntas y compartir experiencias en los diferentes \u00e1mbitos que estudiaremos en el proyecto. Estamos terminando de ultimar los detalles para ponerlo en funcionamiento, que prevemos ser\u00e1","protected":false},"author":2,"featured_media":0,"parent":0,"menu_order":0,"comment_status":"closed","ping_status":"closed","template":"","meta":{"_acf_changed":false,"_monsterinsights_skip_tracking":false,"_monsterinsights_sitenote_active":false,"_monsterinsights_sitenote_note":"","_monsterinsights_sitenote_category":0,"footnotes":""},"class_list":["post-2827","page","type-page","status-publish","hentry"],"acf":[],"aioseo_notices":[],"_links":{"self":[{"href":"https:\/\/participa.guttmann.com\/es\/wp-json\/wp\/v2\/pages\/2827","targetHints":{"allow":["GET"]}}],"collection":[{"href":"https:\/\/participa.guttmann.com\/es\/wp-json\/wp\/v2\/pages"}],"about":[{"href":"https:\/\/participa.guttmann.com\/es\/wp-json\/wp\/v2\/types\/page"}],"author":[{"embeddable":true,"href":"https:\/\/participa.guttmann.com\/es\/wp-json\/wp\/v2\/users\/2"}],"replies":[{"embeddable":true,"href":"https:\/\/participa.guttmann.com\/es\/wp-json\/wp\/v2\/comments?post=2827"}],"version-history":[{"count":6,"href":"https:\/\/participa.guttmann.com\/es\/wp-json\/wp\/v2\/pages\/2827\/revisions"}],"predecessor-version":[{"id":2844,"href":"https:\/\/participa.guttmann.com\/es\/wp-json\/wp\/v2\/pages\/2827\/revisions\/2844"}],"wp:attachment":[{"href":"https:\/\/participa.guttmann.com\/es\/wp-json\/wp\/v2\/media?parent=2827"}],"curies":[{"name":"wp","href":"https:\/\/api.w.org\/{rel}","templated":true}]}}