{"id":6811,"date":"2021-08-09T06:20:09","date_gmt":"2021-08-09T06:20:09","guid":{"rendered":"https:\/\/participa.guttmann.com\/?page_id=6811"},"modified":"2025-06-03T13:34:18","modified_gmt":"2025-06-03T13:34:18","slug":"descripcion-del-proyecto_lf","status":"publish","type":"page","link":"https:\/\/participa.guttmann.com\/es\/descripcion-del-proyecto_lf\/","title":{"rendered":"Descripci\u00f3n del proyecto"},"content":{"rendered":"<section class=\"section content-info1 text-normal section-text-no-shadow section-inner-no-shadow section-normal section-opaque\"  >\n    \n    <div class=\"background-overlay grid-overlay-0 \" style=\"background-color: rgba(0,0,0,0);\"><\/div>\n\n    <div class=\"container container-vertical-default\">\n        <div class=\"row vertical-default\">\n            <div class=\"col-md-12    box-info1 text-default small-screen-default\"  ><div class=\"row row-info1\"><div class=\"col-md-12    form-info1 text-default small-screen-default\"  ><h2 class=\"text-left title-info1 element-top-20 element-bottom-20 text-normal os-animation normal default\" data-os-animation=\"fadeIn\"  data-os-animation-delay=\"0s\" >\t\n        \u00bfQu\u00e9 es PARTICIPA?         \t\n<\/h2>\n<div class=\"col-text-1 text-normal text-info1 element-top-20 element-bottom-20 os-animation\" data-os-animation=\"fadeIn\" data-os-animation-delay=\"0.2s\">\n    <p>PARTICIPA es un estudio para promocionar la participaci\u00f3n<br \/>\nde las personas con discapacidad en la sociedad,<br \/>\npara que puedan trabajar, estudiar, pasarlo bien<br \/>\ny relacionarse de manera aut\u00f3noma.<\/p>\n<p>&nbsp;<\/p>\n<p>Los objetivos del estudio son los siguientes:<\/p>\n<ul>\n<li>Conocer qu\u00e9 factores facilitan y cu\u00e1les dificultan la participaci\u00f3n<br \/>\nde las personas con discapacidad en la sociedad.<\/li>\n<li>Encontrar soluciones innovadoras que hagan posible la participaci\u00f3n<br \/>\nde todo el mundo en igualdad de condiciones.<\/li>\n<\/ul>\n<\/div>\n<\/div><\/div><\/div>        <\/div>\n    <\/div>\n<\/section>\n<section class=\"section content-info2 text-normal section-text-no-shadow section-inner-no-shadow section-normal section-opaque\"  >\n    \n    <div class=\"background-overlay grid-overlay-0 \" style=\"background-color: rgba(0,0,0,0);\"><\/div>\n\n    <div class=\"container container-vertical-default\">\n        <div class=\"row vertical-default\">\n            <div class=\"col-md-12    box-info2 text-default small-screen-default\"  ><h2 class=\"text-left title-info2 element-top-20 element-bottom-20 text-normal os-animation normal default\" data-os-animation=\"fadeIn\"  data-os-animation-delay=\"0.3s\" >\t\n        \u00bfQu\u00e9 son las barreras?        \t\n<\/h2>\n<div class=\"row row-info2\"><div class=\"col-md-3    form-info2 text-default small-screen-default\"  ><div class=\"figure element-top-20 element-bottom-20   os-animation\" data-os-animation=\"fadeInDown\" data-os-animation-delay=\"0.3s\">\n            <span class=\"figure-image\">\n        <img loading=\"lazy\" decoding=\"async\" width=\"151\" height=\"150\" src=\"https:\/\/participa.guttmann.com\/wp-content\/uploads\/2021\/03\/Iconos_Participa_Barreres_Facilitadors_FA-01.png\" class=\"attachment-medium size-medium\" alt=\"Icono Barreras\" \/>            <\/span>\n    <\/div>\n<\/div><div class=\"col-md-9     text-default small-screen-default\"  ><div class=\"col-text-1 text-normal text-info2 element-top-20 element-bottom-20 os-animation\" data-os-animation=\"fadeIn\" data-os-animation-delay=\"0.4s\">\n    <p>Son obst\u00e1culos que encontramos en el entorno, el transporte,<br \/>\nlos productos, los servicios y la informaci\u00f3n<br \/>\nque hacen que las personas no puedan entenderlos o utilizarlos con facilidad.<\/p>\n<p>Por ejemplo: un edificio con la puerta de acceso estrecha,<br \/>\nuna acera con mucho de desnivel, una p\u00e1gina web no accesible<br \/>\no el rechazo de la poblaci\u00f3n con respeto a la discapacidad.<\/p>\n<\/div>\n<\/div><\/div><\/div>        <\/div>\n    <\/div>\n<\/section>\n<section class=\"section content-info3 text-normal section-text-no-shadow section-inner-no-shadow section-normal section-opaque\"  >\n    \n    <div class=\"background-overlay grid-overlay-0 \" style=\"background-color: rgba(0,0,0,0);\"><\/div>\n\n    <div class=\"container container-vertical-default\">\n        <div class=\"row vertical-default\">\n            <div class=\"col-md-12    box-info3 text-default small-screen-default\"  ><h2 class=\"text-left title-info3 element-top-20 element-bottom-20 text-normal os-animation normal default\" data-os-animation=\"fadeIn\"  data-os-animation-delay=\"0.6s\" >\t\n        \u00bfQu\u00e9 son los facilitadores?        \t\n<\/h2>\n<div class=\"row row-info3\"><div class=\"col-md-3    form-info3 text-default small-screen-default\"  ><div class=\"figure element-top-20 element-bottom-40   os-animation\" data-os-animation=\"fadeInDown\" data-os-animation-delay=\"0.3s\">\n            <span class=\"figure-image\">\n        <img loading=\"lazy\" decoding=\"async\" width=\"152\" height=\"150\" src=\"https:\/\/participa.guttmann.com\/wp-content\/uploads\/2021\/03\/Iconos_Participa_Barreres_Facilitadors_FA-02.png\" class=\"attachment-medium size-medium\" alt=\"Icono Facilitadores\" \/>            <\/span>\n    <\/div>\n<\/div><div class=\"col-md-9     text-default small-screen-default\"  ><div class=\"col-text-1 text-normal text-info3 element-top-20 element-bottom-40 os-animation\" data-os-animation=\"fadeIn\" data-os-animation-delay=\"0.7s\">\n    <p>Son caracter\u00edsticas del entorno, el transporte, los productos, los servicios<br \/>\ny la informaci\u00f3n que hacen que todo el mundo pueda entenderlos y utilizarlos con facilidad.<\/p>\n<p>Por ejemplo: un edificio con una rampa de acceso,<br \/>\nuna acera sin desnivel, una p\u00e1gina web accesible<br \/>\no actitudes positivas de la poblaci\u00f3n con respeto a la discapacidad.<\/p>\n<\/div>\n<\/div><\/div><\/div>        <\/div>\n    <\/div>\n<\/section>\n<section class=\"section  text-normal section-text-no-shadow section-inner-no-shadow section-normal section-opaque\"  >\n    \n    <div class=\"background-overlay grid-overlay-0 \" style=\"background-color: rgba(0,0,0,0);\"><\/div>\n\n    <div class=\"container container-vertical-default\">\n        <div class=\"row vertical-default\">\n            <div class=\"col-md-12     text-default small-screen-default\"  ><div class=\"row \"><div class=\"col-md-12     text-default small-screen-default\"  ><h2 class=\"text-left title-info2 element-top-20 element-bottom-20 text-normal os-animation normal default\" data-os-animation=\"fadeIn\"  data-os-animation-delay=\"0.3s\" >\t\n        V\u00eddeos        \t\n<\/h2>\n<\/div><\/div><div class=\"row \"><div class=\"col-md-4     text-default small-screen-default\"  ><h3 class=\"text-left title-info2 element-top-10 element-bottom-20 text-normal os-animation normal default\" data-os-animation=\"fadeIn\"  data-os-animation-delay=\"0.4s\" >\t\n        Navegar y registrarse en la web        \t\n<\/h3>\n<div class=\" element-top-20 element-bottom-20 os-animation\" data-os-animation=\"fadeIn\" data-os-animation-delay=\"0.5s\" ><div class=\"video-wrapper feature-video\"><iframe loading=\"lazy\" title=\"Tutorial: navegar por la web y registrarse en el proyecto PARTICIPA\" width=\"1170\" height=\"658\" src=\"https:\/\/www.youtube.com\/embed\/cJaPh4WiX10?feature=oembed\" frameborder=\"0\" allow=\"accelerometer; autoplay; clipboard-write; encrypted-media; gyroscope; picture-in-picture\" allowfullscreen><\/iframe><\/div><\/div><\/div><div class=\"col-md-4     text-default small-screen-default\"  ><h3 class=\"text-left title-info2 element-top-10 element-bottom-20 text-normal os-animation normal default\" data-os-animation=\"fadeIn\"  data-os-animation-delay=\"0.5s\" >\t\n        Iniciar sesi\u00f3n y completar cuestionarios        \t\n<\/h3>\n<div class=\" element-top-20 element-bottom-20 os-animation\" data-os-animation=\"fadeIn\" data-os-animation-delay=\"0.5s\" ><div class=\"video-wrapper feature-video\"><iframe loading=\"lazy\" title=\"Tutorial: c\u00f3mo iniciar sesi\u00f3n y completar los cuestionarios del proyecto PARTICIPA\" width=\"1170\" height=\"658\" src=\"https:\/\/www.youtube.com\/embed\/n4VBMi0RsDM?feature=oembed\" frameborder=\"0\" allow=\"accelerometer; autoplay; clipboard-write; encrypted-media; gyroscope; picture-in-picture\" allowfullscreen><\/iframe><\/div><\/div><\/div><div class=\"col-md-4     text-default small-screen-default\"  ><h3 class=\"text-left title-info2 element-top-10 element-bottom-20 text-normal os-animation normal default\" data-os-animation=\"fadeIn\"  data-os-animation-delay=\"0.6s\" >\t\n        Participar en el foro        \t\n<\/h3>\n<div class=\" element-top-20 element-bottom-20 os-animation\" data-os-animation=\"fadeIn\" data-os-animation-delay=\"0.6s\" ><div class=\"video-wrapper feature-video\"><iframe loading=\"lazy\" title=\"Tutorial: c\u00f3mo participar en el foro del proyecto PARTICIPA\" width=\"1170\" height=\"658\" src=\"https:\/\/www.youtube.com\/embed\/QubDQE0g870?feature=oembed\" frameborder=\"0\" allow=\"accelerometer; autoplay; clipboard-write; encrypted-media; gyroscope; picture-in-picture\" allowfullscreen><\/iframe><\/div><\/div><\/div><\/div><div class=\"row \"><div class=\"col-md-4     text-default small-screen-default\"  ><h3 class=\"text-left title-info2 element-top-10 element-bottom-20 text-normal os-animation normal default\" data-os-animation=\"fadeIn\"  data-os-animation-delay=\"0.4s\" >\t\n        Primer encuentro Grupo de Referencia        \t\n<\/h3>\n<div class=\" element-top-20 element-bottom-20 os-animation\" data-os-animation=\"fadeIn\" data-os-animation-delay=\"0.5s\" ><div class=\"video-wrapper feature-video\"><iframe loading=\"lazy\" title=\"Primer encuentro del Grupo de Referencia del proyecto PARTICIPA (signado)\" width=\"1170\" height=\"658\" src=\"https:\/\/www.youtube.com\/embed\/y-jRZ-StDLY?feature=oembed\" frameborder=\"0\" allow=\"accelerometer; autoplay; clipboard-write; encrypted-media; gyroscope; picture-in-picture; web-share\" allowfullscreen><\/iframe><\/div><\/div><\/div><div class=\"col-md-4     text-default small-screen-default\"  ><h3 class=\"text-left title-info2 element-top-10 element-bottom-20 text-normal os-animation normal default\" data-os-animation=\"fadeIn\"  data-os-animation-delay=\"0.4s\" >\t\n        Primera Jornada PARTICIPA        \t\n<\/h3>\n<div class=\" element-top-20 element-bottom-20 os-animation\" data-os-animation=\"fadeIn\" data-os-animation-delay=\"0.5s\" ><div class=\"video-wrapper feature-video\"><iframe loading=\"lazy\" title=\"PARTICIPA - Caixaforum. 17 Maig 2023\" width=\"1170\" height=\"658\" src=\"https:\/\/www.youtube.com\/embed\/OJVnilS8FRs?start=4937&feature=oembed\" frameborder=\"0\" allow=\"accelerometer; autoplay; clipboard-write; encrypted-media; gyroscope; picture-in-picture; web-share\" allowfullscreen><\/iframe><\/div><\/div><\/div><div class=\"col-md-4     text-default small-screen-default\"  ><h3 class=\"text-left title-info2 element-top-10 element-bottom-20 text-normal os-animation normal default\" data-os-animation=\"fadeIn\"  data-os-animation-delay=\"0.4s\" >\t\n        Segundo encuentro Grupo de Referencia        \t\n<\/h3>\n<div class=\" element-top-20 element-bottom-20 os-animation\" data-os-animation=\"fadeIn\" data-os-animation-delay=\"0.5s\" ><div class=\"video-wrapper feature-video\"><iframe loading=\"lazy\" title=\"Segundo encuentro del Grupo de Referencia del proyecto PARTICIPA (signado)\" width=\"1170\" height=\"658\" src=\"https:\/\/www.youtube.com\/embed\/ontb6ZFLsCQ?feature=oembed\" frameborder=\"0\" allow=\"accelerometer; autoplay; clipboard-write; encrypted-media; gyroscope; picture-in-picture; web-share\" allowfullscreen><\/iframe><\/div><\/div><\/div><\/div><div class=\"row \"><div class=\"col-md-4     text-default small-screen-default\"  ><h3 class=\"text-left title-info2 element-top-10 element-bottom-20 text-normal os-animation normal default\" data-os-animation=\"fadeIn\"  data-os-animation-delay=\"0.4s\" >\t\n        Segunda Jornada PARTICIPA        \t\n<\/h3>\n<div class=\" element-top-20 element-bottom-20 os-animation\" data-os-animation=\"fadeIn\" data-os-animation-delay=\"0.5s\" ><div class=\"video-wrapper feature-video\"><iframe loading=\"lazy\" title=\"II Jornada PARTICIPA: Actividad f\u00edsica, cultura y discapacidad\" width=\"1170\" height=\"658\" src=\"https:\/\/www.youtube.com\/embed\/JgBUsbllo0Q?feature=oembed\" frameborder=\"0\" allow=\"accelerometer; autoplay; clipboard-write; encrypted-media; gyroscope; picture-in-picture; web-share\" referrerpolicy=\"strict-origin-when-cross-origin\" allowfullscreen><\/iframe><\/div><\/div><\/div><div class=\"col-md-4     text-default small-screen-default\"  ><\/div><div class=\"col-md-4     text-default small-screen-default\"  ><\/div><\/div><\/div>        <\/div>\n    <\/div>\n<\/section>\n<section class=\"section content-info4 text-normal section-text-no-shadow section-inner-no-shadow section-normal section-opaque\"  >\n    \n    <div class=\"background-overlay grid-overlay-0 \" style=\"background-color: rgba(0,0,0,0);\"><\/div>\n\n    <div class=\"container container-vertical-default\">\n        <div class=\"row vertical-default\">\n            <div class=\"col-md-12    box-info4 text-default small-screen-default\"  ><div class=\"row row-info4\"><div class=\"col-md-12    form-info4 text-default small-screen-default\"  ><h2 class=\"text-left title-info4 element-top-40 element-bottom-20 text-normal os-animation normal default\" data-os-animation=\"fadeIn\"  data-os-animation-delay=\"0s\" >\t\n        \u00bfQu\u00e9 queremos conseguir con PARTICIPA?        \t\n<\/h2>\n<div class=\"col-text-1 text-normal text-info4 element-top-20 element-bottom-20 os-animation\" data-os-animation=\"fadeIn\" data-os-animation-delay=\"0.1s\">\n    <p>Queremos conocer qu\u00e9 barreras te impiden participar<br \/>\nen las actividades del d\u00eda a d\u00eda<br \/>\ny qu\u00e9 ayudas facilitan tu autonom\u00eda personal.<\/p>\n<p>Entre todos y todas queremos dise\u00f1ar soluciones innovadoras<br \/>\npara construir una sociedad m\u00e1s inclusiva.<\/p>\n<\/div>\n<\/div><\/div><\/div>        <\/div>\n    <\/div>\n<\/section>\n<section class=\"section content-line text-normal section-text-no-shadow section-inner-no-shadow section-normal section-opaque\"  >\n    \n    <div class=\"background-overlay grid-overlay-0 \" style=\"background-color: rgba(0,0,0,0);\"><\/div>\n\n    <div class=\"container container-vertical-default\">\n        <div class=\"row vertical-default\">\n            <div class=\"col-md-12    box-line text-default small-screen-default\"  ><div class=\"figure element-top-20 element-bottom-20   os-animation\" data-os-animation=\"fadeInLeft\" data-os-animation-delay=\"0.3s\">\n            <a href=\"https:\/\/participa.guttmann.com\/wp-content\/uploads\/2021\/03\/Proceso-PARTICIPA-CAST.png\" class=\"figure-image magnific\" target=\"_self\">\n        <img loading=\"lazy\" decoding=\"async\" width=\"1146\" height=\"370\" src=\"https:\/\/participa.guttmann.com\/wp-content\/uploads\/2021\/03\/Proceso-PARTICIPA-CAST.png\" class=\"attachment-full size-full\" alt=\"Impacto Participa\" srcset=\"https:\/\/participa.guttmann.com\/wp-content\/uploads\/2021\/03\/Proceso-PARTICIPA-CAST.png 1146w, https:\/\/participa.guttmann.com\/wp-content\/uploads\/2021\/03\/Proceso-PARTICIPA-CAST-300x97.png 300w, https:\/\/participa.guttmann.com\/wp-content\/uploads\/2021\/03\/Proceso-PARTICIPA-CAST-1024x331.png 1024w, https:\/\/participa.guttmann.com\/wp-content\/uploads\/2021\/03\/Proceso-PARTICIPA-CAST-768x248.png 768w\" sizes=\"auto, (max-width: 1146px) 100vw, 1146px\" \/>            <\/a>\n    <\/div>\n<\/div>        <\/div>\n    <\/div>\n<\/section>\n<section class=\"section content-quest text-normal section-text-no-shadow section-inner-no-shadow section-normal section-opaque\"  >\n    \n    <div class=\"background-overlay grid-overlay-0 \" style=\"background-color: rgba(0,0,0,0);\"><\/div>\n\n    <div class=\"container container-vertical-default\">\n        <div class=\"row vertical-default\">\n            <div class=\"col-md-12    box-quest text-default small-screen-default\"  ><div class=\"row row-info4\"><div class=\"col-md-12    form-quest text-default small-screen-default os-animation\" data-os-animation=\"fadeIn\" data-os-animation-delay=\"0s\" ><h2 class=\"text-left title-quest element-top-40 element-bottom-20 text-normal normal default\" data-os-animation=\"none\"  data-os-animation-delay=\"0s\" >\t\n        Preguntas frecuentes        \t\n<\/h2>\n\n<div id=\"accordion_242\" class=\"panel-group accordion-quest element-top-20 element-bottom-80 os-animation\" data-os-animation=\"fadeIn\" data-os-animation-delay=\"0.1s\">\n\t\t\t\t\t\t\t    <div class=\"panel panel-primary\">\n\t\t        <div class=\"panel-heading\">\n\t\t            <a href=\"#group_615\" class=\"accordion-toggle collapsed\" data-parent = \"#accordion_242\" data-toggle=\"collapse\" >\u00bfQu\u00e9 implica participar en el estudio?<\/a>\n\t\t        <\/div>\n\t\t        <div id=\"group_615\" class=\"panel-collapse collapse  in\">\n\t\t            <div class=\"panel-body\">\n\t\t                <div class=\"col-text-1 text-normal accordion-section1 element-top-20 element-bottom-20\" data-os-animation=\"none\" data-os-animation-delay=\"0s\">\n    <p>Tu participaci\u00f3n siempre ser\u00e1 virtual, a trav\u00e9s de esta p\u00e1gina web.<br \/>\nPodr\u00e1s acceder a nuestra comunidad<br \/>\nde voluntarios y voluntarias, participar en los foros, acceder a recursos,<br \/>\nconsultar toda la informaci\u00f3n del estudio<br \/>\ny responder los cuestionarios que te iremos enviando.<\/p>\n<\/div>\n\t\t            <\/div>\n\t\t        <\/div>\n\t\t    <\/div>\n\t   \t\t\t\t\t\t\t\t    <div class=\"panel panel-primary\">\n\t\t        <div class=\"panel-heading\">\n\t\t            <a href=\"#group_281\" class=\"accordion-toggle collapsed\" data-parent = \"#accordion_242\" data-toggle=\"collapse\" >\u00bfQui\u00e9n puede participar?<\/a>\n\t\t        <\/div>\n\t\t        <div id=\"group_281\" class=\"panel-collapse collapse \">\n\t\t            <div class=\"panel-body\">\n\t\t                <div class=\"col-text-1 text-normal accordion-section2 element-top-20 element-bottom-20\" data-os-animation=\"none\" data-os-animation-delay=\"0s\">\n    <p>Pueden participar las personas que cumplan estos 3 requisitos:<\/p>\n<ul>\n<li>Tener 18 a\u00f1os o m\u00e1s.<\/li>\n<li>Tener una discapacidad.<\/li>\n<li>Vivir en Espa\u00f1a o en Andorra.<\/li>\n<\/ul>\n<p>Tambi\u00e9n pueden participar las personas de apoyo,<br \/>\nen nombre de la persona con discapacidad.<br \/>\nComo, por ejemplo:<\/p>\n<ul>\n<li>Asistente personal.<\/li>\n<li>Traductor vital.<\/li>\n<li>Familiar<\/li>\n<li>Amigo o amiga.<\/li>\n<\/ul>\n<\/div>\n\t\t            <\/div>\n\t\t        <\/div>\n\t\t    <\/div>\n\t   \t\t\t\t\t\t\t\t    <div class=\"panel panel-primary\">\n\t\t        <div class=\"panel-heading\">\n\t\t            <a href=\"#group_522\" class=\"accordion-toggle collapsed\" data-parent = \"#accordion_242\" data-toggle=\"collapse\" >\u00bfQu\u00e9 beneficios tiene participar en el estudio?<\/a>\n\t\t        <\/div>\n\t\t        <div id=\"group_522\" class=\"panel-collapse collapse \">\n\t\t            <div class=\"panel-body\">\n\t\t                <div class=\"col-text-1 text-normal accordion-section3 element-top-20 element-bottom-20\" data-os-animation=\"none\" data-os-animation-delay=\"0s\">\n    <ul>\n<li>Conocer qu\u00e9 facilitadores te pueden ayudar a participar<br \/>\ncon las mismas condiciones que el resto de personas.<\/li>\n<li>Conocer cu\u00e1l es tu nivel de participaci\u00f3n en la sociedad.<\/li>\n<li>Conocer qu\u00e9 elementos dificultan y facilitan la participaci\u00f3n<br \/>\nseg\u00fan cada discapacidad.<\/li>\n<li>Opinar, denunciar situaciones y aportar soluciones<br \/>\nen los foros de debate.<\/li>\n<li>Recibir consejos e informaci\u00f3n sobre buenas pr\u00e1cticas<br \/>\nque te pueden ayudar a vivir mejor en tu d\u00eda a d\u00eda.<\/li>\n<li>Tener m\u00e1s informaci\u00f3n y recursos para decidir c\u00f3mo quieres vivir<br \/>\ny participar en la sociedad.<\/li>\n<li>\u00a1Colaborar para construir una sociedad m\u00e1s inclusiva!<\/li>\n<\/ul>\n<\/div>\n\t\t            <\/div>\n\t\t        <\/div>\n\t\t    <\/div>\n\t   \t\t\t\t\t\t\t\t    <div class=\"panel panel-primary\">\n\t\t        <div class=\"panel-heading\">\n\t\t            <a href=\"#group_460\" class=\"accordion-toggle collapsed\" data-parent = \"#accordion_242\" data-toggle=\"collapse\" >\u00bfC\u00f3mo proteg\u00e9is la informaci\u00f3n que comparto con vosotros?<\/a>\n\t\t        <\/div>\n\t\t        <div id=\"group_460\" class=\"panel-collapse collapse \">\n\t\t            <div class=\"panel-body\">\n\t\t                <div class=\"col-text-1 text-normal accordion-section4 element-top-20 element-bottom-20\" data-os-animation=\"none\" data-os-animation-delay=\"0s\">\n    <p>Tus datos son secretos y los guardaremos de manera segura.<\/p>\n<p>El equipo de investigaci\u00f3n analizar\u00e1 todos los datos<br \/>\ny solo los utilizar\u00e1 para este estudio.<\/p>\n<\/div>\n\t\t            <\/div>\n\t\t        <\/div>\n\t\t    <\/div>\n\t   \t\t\t\t\t\t\t\t    <div class=\"panel panel-primary\">\n\t\t        <div class=\"panel-heading\">\n\t\t            <a href=\"#group_614\" class=\"accordion-toggle collapsed\" data-parent = \"#accordion_242\" data-toggle=\"collapse\" >\u00bfD\u00f3nde se publicar\u00e1n los resultados del estudio?<\/a>\n\t\t        <\/div>\n\t\t        <div id=\"group_614\" class=\"panel-collapse collapse \">\n\t\t            <div class=\"panel-body\">\n\t\t                <div class=\"col-text-1 text-normal accordion-section5 element-top-20 element-bottom-20\" data-os-animation=\"none\" data-os-animation-delay=\"0s\">\n    <p>El equipo investigador comunicar\u00e1 los resultados<br \/>\nen esta p\u00e1gina web,<br \/>\nen presentaciones abiertas al p\u00fablico<br \/>\ny en las reuniones cient\u00edficas del proyecto.<\/p>\n<\/div>\n\t\t            <\/div>\n\t\t        <\/div>\n\t\t    <\/div>\n\t   \t\t\t\t\t\t\t\t    <div class=\"panel panel-primary\">\n\t\t        <div class=\"panel-heading\">\n\t\t            <a href=\"#group_832\" class=\"accordion-toggle collapsed\" data-parent = \"#accordion_242\" data-toggle=\"collapse\" >\u00bfQui\u00e9n apoya el estudio?<\/a>\n\t\t        <\/div>\n\t\t        <div id=\"group_832\" class=\"panel-collapse collapse \">\n\t\t            <div class=\"panel-body\">\n\t\t                <div class=\"col-text-1 text-normal accordion-section6 element-top-20 element-bottom-20\" data-os-animation=\"none\" data-os-animation-delay=\"0s\">\n    <p>La Fundaci\u00f3n Instituto Guttmann,<br \/>\nlas entidades del Consejo Social y de Participaci\u00f3n,<br \/>\ny otras entidades relacionadas con la discapacidad.<\/p>\n<ul>\n<li><a href=\"\/es\/entidades\">Ver entidades colaboradoras<\/a><\/li>\n<\/ul>\n<\/div>\n\t\t            <\/div>\n\t\t        <\/div>\n\t\t    <\/div>\n\t   \t\t<\/div>\n<\/div><\/div><\/div>        <\/div>\n    <\/div>\n<\/section>\n","protected":false},"excerpt":{"rendered":"\u00bfQu\u00e9 es PARTICIPA? PARTICIPA es un estudio para promocionar la participaci\u00f3n de las personas con discapacidad en la sociedad, para que puedan trabajar, estudiar, pasarlo bien y relacionarse de manera aut\u00f3noma. &nbsp; Los objetivos del estudio son los siguientes: Conocer qu\u00e9 factores facilitan y cu\u00e1les dificultan la participaci\u00f3n de las personas con discapacidad en la","protected":false},"author":10,"featured_media":0,"parent":0,"menu_order":1,"comment_status":"closed","ping_status":"closed","template":"","meta":{"_acf_changed":false,"_monsterinsights_skip_tracking":false,"_monsterinsights_sitenote_active":false,"_monsterinsights_sitenote_note":"","_monsterinsights_sitenote_category":0,"footnotes":""},"class_list":["post-6811","page","type-page","status-publish","hentry"],"acf":[],"aioseo_notices":[],"_links":{"self":[{"href":"https:\/\/participa.guttmann.com\/es\/wp-json\/wp\/v2\/pages\/6811","targetHints":{"allow":["GET"]}}],"collection":[{"href":"https:\/\/participa.guttmann.com\/es\/wp-json\/wp\/v2\/pages"}],"about":[{"href":"https:\/\/participa.guttmann.com\/es\/wp-json\/wp\/v2\/types\/page"}],"author":[{"embeddable":true,"href":"https:\/\/participa.guttmann.com\/es\/wp-json\/wp\/v2\/users\/10"}],"replies":[{"embeddable":true,"href":"https:\/\/participa.guttmann.com\/es\/wp-json\/wp\/v2\/comments?post=6811"}],"version-history":[{"count":11,"href":"https:\/\/participa.guttmann.com\/es\/wp-json\/wp\/v2\/pages\/6811\/revisions"}],"predecessor-version":[{"id":23202,"href":"https:\/\/participa.guttmann.com\/es\/wp-json\/wp\/v2\/pages\/6811\/revisions\/23202"}],"wp:attachment":[{"href":"https:\/\/participa.guttmann.com\/es\/wp-json\/wp\/v2\/media?parent=6811"}],"curies":[{"name":"wp","href":"https:\/\/api.w.org\/{rel}","templated":true}]}}