{"id":6906,"date":"2021-08-09T06:21:56","date_gmt":"2021-08-09T06:21:56","guid":{"rendered":"https:\/\/participa.guttmann.com\/?page_id=6906"},"modified":"2022-05-02T08:02:15","modified_gmt":"2022-05-02T08:02:15","slug":"derechos_lf","status":"publish","type":"page","link":"https:\/\/participa.guttmann.com\/es\/derechos_lf\/","title":{"rendered":"\u00bfConoces tus derechos?"},"content":{"rendered":"<section class=\"section  text-normal section-text-no-shadow section-inner-no-shadow section-normal section-opaque\"  >\n    \n    <div class=\"background-overlay grid-overlay-0 \" style=\"background-color: rgba(0,0,0,0);\"><\/div>\n\n    <div class=\"container container-vertical-default\">\n        <div class=\"row vertical-default\">\n            <div class=\"col-md-12     text-default small-screen-default\"  ><div class=\"col-text-1 text-normal  element-top-20 element-bottom-20\" data-os-animation=\"none\" data-os-animation-delay=\"0s\">\n    <p>En este apartado puedes consultar las leyes relacionadas con la discapacidad<br \/>\ny los organismos donde te puedes informar, asesorar<br \/>\no presentar una denuncia.<\/p>\n<p>Adem\u00e1s, en el portal de <a href=\"#https:\/\/siidon.guttmann.com\/ca\/siidon\/aspectos-legales%20\">SiiDON<\/a>, el Servicio de Informaci\u00f3n Integral<br \/>\npara la Discapacidad de Origen Neurol\u00f3gico del Instituto Guttmann,<br \/>\nencontrar\u00e1s respuestas en las siguientes preguntas y muchas m\u00e1s:<\/p>\n<ul>\n<li>\u00bfC\u00f3mo puedo tramitar el certificado de discapacidad?<\/li>\n<li>\u00bfD\u00f3nde puedo pedir la tarjeta de aparcamiento?<\/li>\n<li>\u00bfQu\u00e9 incentivos tiene la empresa que contrata<br \/>\na personas con discapacidad?<\/li>\n<li>\u00bfC\u00f3mo puedo tramitar las ayudas para la promoci\u00f3n<br \/>\nde la autonom\u00eda personal?<\/li>\n<\/ul>\n<h2 style=\"text-align: center;\"><strong><a title=\"Servicio de Informaci\u00f3n Integral para la Discapacidad de Origen Neurol\u00f3gico del Institut Guttmann\" href=\"https:\/\/siidon.guttmann.com\/es\/siidon\/aspectos-legales\">https:\/\/siidon.guttmann.com\/es\/siidon\/aspectos-legales<\/a><\/strong><\/h2>\n<p><a href=\"https:\/\/siidon.guttmann.com\/es\/siidon\/aspectos-legales\"><img loading=\"lazy\" decoding=\"async\" class=\"aligncenter wp-image-2344 size-full\" src=\"https:\/\/participa.guttmann.com\/wp-content\/uploads\/2020\/09\/logo-siidon.png\" alt=\"Servicio de Informaci\u00f3n Integral para la Discapacidad de Origen Neurol\u00f3gico del Institut Guttmann\" width=\"178\" height=\"76\" \/><\/a><\/p>\n<\/div>\n<\/div>        <\/div>\n    <\/div>\n<\/section>\n<section class=\"section  text-normal section-text-no-shadow section-inner-no-shadow section-normal section-opaque\"  >\n    \n    <div class=\"background-overlay grid-overlay-0 \" style=\"background-color: rgba(0,0,0,0);\"><\/div>\n\n    <div class=\"container container-vertical-default\">\n        <div class=\"row vertical-default\">\n            <div class=\"col-md-6     text-default small-screen-default os-animation\" data-os-animation=\"fadeInLeft\" data-os-animation-delay=\"0.3s\" >[vc_raw_html el_class=\u00bbcuadricula-portfolio\u00bb]JTNDYSUyMGhyZWYlM0QlMjIlMkZlcyUyRmxlZ2lzbGFjaW9uX2xmJTIyJTNFJTBBJTNDZGl2JTIwY2xhc3MlM0QlMjJjb250ZW50LWJveC1oYWJpdGF0Z2UlMjIlM0UlMEElMEElMDklM0NkaXYlMjBjbGFzcyUzRCUyMmJveC1oYWJpdGF0Z2UtYm94JTIwYm94LWRyZXRzJTIyJTNFJTBBJTA5JTA5JTBBJTBBJTNDZGl2JTIwY2xhc3MlM0QlMjJ0aXRsZS1oYWJpdGF0Z2UtdGl0bGUlMjB0aXRsZS1kcmV0cyUyMHRpdGxlLWtub3duLXByb2plY3QlMjIlM0UlMEElMDklMDklMDklM0NoMiUzRUxleWVzJTIwc29icmUlMjBkaXNjYXBhY2lkYWQlM0MlMkZoMiUzRSUwQSUwOSUwOSUzQyUyRmRpdiUzRSUwQSUwQSUwOSUzQyUyRmRpdiUzRSUwQSUzQyUyRmRpdiUzRSUwQSUzQyUyRmElM0U=[\/vc_raw_html]<\/div><div class=\"col-md-6     text-default small-screen-default os-animation\" data-os-animation=\"fadeInLeft\" data-os-animation-delay=\"0.5s\" >[vc_raw_html el_class=\u00bbcuadricula-portfolio\u00bb]JTNDYSUyMGhyZWYlM0QlMjIlMkZlcyUyRm9yZ2FuaXNtb3MlMjIlM0UlMEElM0NkaXYlMjBjbGFzcyUzRCUyMmNvbnRlbnQtYm94LWhhYml0YXRnZSUyMiUzRSUwQSUwQSUwOSUzQ2RpdiUyMGNsYXNzJTNEJTIyYm94LWhhYml0YXRnZS1ib3glMjBib3gtZHJldHMlMjIlM0UlMEElMDklMDklMEElMEElM0NkaXYlMjBjbGFzcyUzRCUyMnRpdGxlLWhhYml0YXRnZS10aXRsZSUyMHRpdGxlLWRyZXRzJTIwdGl0bGUta25vd24tcHJvamVjdCUyMiUzRSUwQSUwOSUwOSUwOSUzQ2gyJTNFT3JnYW5pc21vcyUyMGRlJTIwaW5mb3JtYWNpJUMzJUIzbiUyQyUyMGFzZXNvcmFtaWVudG8lMjB5JTIwZGVudW5jaWElM0MlMkZoMiUzRSUwQSUwOSUwOSUzQyUyRmRpdiUzRSUwQSUwQSUwOSUzQyUyRmRpdiUzRSUwQSUzQyUyRmRpdiUzRSUwQSUzQyUyRmElM0U=[\/vc_raw_html]<\/div>        <\/div>\n    <\/div>\n<\/section>\n","protected":false},"excerpt":{"rendered":"En este apartado puedes consultar las leyes relacionadas con la discapacidad y los organismos donde te puedes informar, asesorar o presentar una denuncia. Adem\u00e1s, en el portal de SiiDON, el Servicio de Informaci\u00f3n Integral para la Discapacidad de Origen Neurol\u00f3gico del Instituto Guttmann, encontrar\u00e1s respuestas en las siguientes preguntas y muchas m\u00e1s: \u00bfC\u00f3mo puedo tramitar","protected":false},"author":10,"featured_media":0,"parent":0,"menu_order":2,"comment_status":"closed","ping_status":"closed","template":"","meta":{"_acf_changed":false,"_monsterinsights_skip_tracking":false,"_monsterinsights_sitenote_active":false,"_monsterinsights_sitenote_note":"","_monsterinsights_sitenote_category":0,"footnotes":""},"class_list":["post-6906","page","type-page","status-publish","hentry"],"acf":[],"aioseo_notices":[],"_links":{"self":[{"href":"https:\/\/participa.guttmann.com\/es\/wp-json\/wp\/v2\/pages\/6906","targetHints":{"allow":["GET"]}}],"collection":[{"href":"https:\/\/participa.guttmann.com\/es\/wp-json\/wp\/v2\/pages"}],"about":[{"href":"https:\/\/participa.guttmann.com\/es\/wp-json\/wp\/v2\/types\/page"}],"author":[{"embeddable":true,"href":"https:\/\/participa.guttmann.com\/es\/wp-json\/wp\/v2\/users\/10"}],"replies":[{"embeddable":true,"href":"https:\/\/participa.guttmann.com\/es\/wp-json\/wp\/v2\/comments?post=6906"}],"version-history":[{"count":4,"href":"https:\/\/participa.guttmann.com\/es\/wp-json\/wp\/v2\/pages\/6906\/revisions"}],"predecessor-version":[{"id":10636,"href":"https:\/\/participa.guttmann.com\/es\/wp-json\/wp\/v2\/pages\/6906\/revisions\/10636"}],"wp:attachment":[{"href":"https:\/\/participa.guttmann.com\/es\/wp-json\/wp\/v2\/media?parent=6906"}],"curies":[{"name":"wp","href":"https:\/\/api.w.org\/{rel}","templated":true}]}}