{"id":6912,"date":"2021-08-09T06:23:46","date_gmt":"2021-08-09T06:23:46","guid":{"rendered":"https:\/\/participa.guttmann.com\/?page_id=6912"},"modified":"2023-03-24T10:01:51","modified_gmt":"2023-03-24T10:01:51","slug":"legislacion_lf","status":"publish","type":"page","link":"https:\/\/participa.guttmann.com\/es\/legislacion_lf\/","title":{"rendered":"Leyes sobre discapacidad"},"content":{"rendered":"<section class=\"section content-assessors text-normal section-text-no-shadow section-inner-no-shadow section-normal section-opaque\"  >\n    \n    <div class=\"background-overlay grid-overlay-0 \" style=\"background-color: rgba(0,0,0,0);\"><\/div>\n\n    <div class=\"container container-vertical-default\">\n        <div class=\"row vertical-default\">\n            <div class=\"col-md-12    box-assessors text-default small-screen-default\"  ><div class=\"row row-assessors\"><div class=\"col-md-12    form-assessors text-default small-screen-default\"  ><div class=\"col-text-1 text-normal text-assessors element-top-20 element-bottom-0 os-animation\" data-os-animation=\"fadeIn\" data-os-animation-delay=\"0s\">\n    <p><strong>\u00c1mbito internacional:<\/strong><\/p>\n<ul>\n<li>Convenci\u00f3n de las Naciones Unidas<br \/>\nsobre los derechos de las personas con discapacidad.<\/li>\n<li>Se aprob\u00f3 el 13 de diciembre de 2006<br \/>\ny el Estado espa\u00f1ol la firm\u00f3 el 2008.<\/li>\n<\/ul>\n<p><a title=\"Convenci\u00f3n de las Naciones Unidas sobre los derechos de las personas con discapacidad.\" href=\"https:\/\/www.plenainclusion.org\/sites\/default\/files\/convencion_onu_lf.pdf\" target=\"_blank\" rel=\"noopener\">Enlace a la Convenci\u00f3n en Lectura F\u00e1cil<\/a><\/p>\n<p><strong>\u00c1mbito estatal:<\/strong><\/p>\n<ul>\n<li>Real Decreto Legislativo 1\/2013, de 29 de noviembre,<br \/>\npor el cual se aprueba el texto refundido de la Ley general de derechos<br \/>\nde las personas con discapacidad y de su inclusi\u00f3n social.<\/li>\n<li>Ley 26\/2011, de 1 de agosto, de adaptaci\u00f3n normativa a la Convenci\u00f3n<br \/>\nInternacional sobre los Derechos de las Personas con Discapacidad.<\/li>\n<li>Real Decreto 1276\/2011, de 16 de septiembre, de adaptaci\u00f3n normativa<br \/>\na la Convenci\u00f3n Internacional sobre los Derechos de las Personas con Discapacidad.<\/li>\n<li>Ley 39\/2006, de 14 de diciembre, de promoci\u00f3n de la autonom\u00eda<br \/>\npersonal y atenci\u00f3n a las personas en situaci\u00f3n de dependencia.<\/li>\n<li>Real Decreto Legislativo 5\/2000, de 4 de agosto, por el cual se aprueba<br \/>\nel texto refundido de la Ley sobre infracciones y sanciones<br \/>\nen el orden social.<\/li>\n<\/ul>\n<p>&nbsp;<\/p>\n<p><strong>Documentaci\u00f3n de inter\u00e9s:<\/strong><\/p>\n<ul>\n<li>An\u00e1lisis sobre la situaci\u00f3n<br \/>\nde los derechos de las<br \/>\npersonas con discapacidad<br \/>\ne identificaci\u00f3n de retos<br \/>\nde futuro<\/li>\n<\/ul>\n<p><a href=\"https:\/\/www.siis.net\/documentos\/ficha\/582333.pdf\" target=\"_blank\" rel=\"noopener\">Enlace al documento<\/a><\/p>\n<\/div>\n<div class=\"col-text-1 text-normal  element-top-20 element-bottom-20\" data-os-animation=\"none\" data-os-animation-delay=\"0s\">\n    <\/div>\n<\/div><\/div><\/div>        <\/div>\n    <\/div>\n<\/section>\n\n","protected":false},"excerpt":{"rendered":"\u00c1mbito internacional: Convenci\u00f3n de las Naciones Unidas sobre los derechos de las personas con discapacidad. Se aprob\u00f3 el 13 de diciembre de 2006 y el Estado espa\u00f1ol la firm\u00f3 el 2008. Enlace a la Convenci\u00f3n en Lectura F\u00e1cil \u00c1mbito estatal: Real Decreto Legislativo 1\/2013, de 29 de noviembre, por el cual se aprueba el texto","protected":false},"author":10,"featured_media":0,"parent":0,"menu_order":2,"comment_status":"closed","ping_status":"closed","template":"","meta":{"_acf_changed":false,"_monsterinsights_skip_tracking":false,"_monsterinsights_sitenote_active":false,"_monsterinsights_sitenote_note":"","_monsterinsights_sitenote_category":0,"footnotes":""},"class_list":["post-6912","page","type-page","status-publish","hentry"],"acf":[],"aioseo_notices":[],"_links":{"self":[{"href":"https:\/\/participa.guttmann.com\/es\/wp-json\/wp\/v2\/pages\/6912","targetHints":{"allow":["GET"]}}],"collection":[{"href":"https:\/\/participa.guttmann.com\/es\/wp-json\/wp\/v2\/pages"}],"about":[{"href":"https:\/\/participa.guttmann.com\/es\/wp-json\/wp\/v2\/types\/page"}],"author":[{"embeddable":true,"href":"https:\/\/participa.guttmann.com\/es\/wp-json\/wp\/v2\/users\/10"}],"replies":[{"embeddable":true,"href":"https:\/\/participa.guttmann.com\/es\/wp-json\/wp\/v2\/comments?post=6912"}],"version-history":[{"count":6,"href":"https:\/\/participa.guttmann.com\/es\/wp-json\/wp\/v2\/pages\/6912\/revisions"}],"predecessor-version":[{"id":17636,"href":"https:\/\/participa.guttmann.com\/es\/wp-json\/wp\/v2\/pages\/6912\/revisions\/17636"}],"wp:attachment":[{"href":"https:\/\/participa.guttmann.com\/es\/wp-json\/wp\/v2\/media?parent=6912"}],"curies":[{"name":"wp","href":"https:\/\/api.w.org\/{rel}","templated":true}]}}