{"id":6966,"date":"2021-08-09T06:25:32","date_gmt":"2021-08-09T06:25:32","guid":{"rendered":"https:\/\/participa.guttmann.com\/?page_id=6966"},"modified":"2025-06-18T12:15:54","modified_gmt":"2025-06-18T12:15:54","slug":"registro-participa_lf","status":"publish","type":"page","link":"https:\/\/participa.guttmann.com\/es\/registro-participa_lf\/","title":{"rendered":"Registro Participa"},"content":{"rendered":"<section class=\"section  text-normal section-text-no-shadow section-inner-no-shadow section-normal section-opaque\"  >\n    \n    <div class=\"background-overlay grid-overlay-0 \" style=\"background-color: rgba(0,0,0,0);\"><\/div>\n\n    <div class=\"container container-vertical-default\">\n        <div class=\"row vertical-default\">\n            <div class=\"col-md-12     text-default small-screen-default\"  ><div class=\"col-text-1 text-normal  element-top-20 element-bottom-20\" data-os-animation=\"none\" data-os-animation-delay=\"0s\">\n    <p data-start=\"53\" data-end=\"105\">Gracias por tu inter\u00e9s en el proyecto PARTICIPA.<\/p>\n<p data-start=\"107\" data-end=\"164\">Ahora ya no se pueden registrar nuevos participantes.<\/p>\n<p data-start=\"166\" data-end=\"286\">Pero puedes suscribirte al bolet\u00edn de noticias del estudio<br data-start=\"228\" data-end=\"231\" \/>para recibir informaci\u00f3n actualizada sobre el proyecto.<\/p>\n<p data-start=\"293\" data-end=\"420\">Si ya formas parte del proyecto,<br data-start=\"329\" data-end=\"332\" \/>te animamos a seguir respondiendo los cuestionarios<br data-start=\"387\" data-end=\"390\" \/>y a participar en el foro.<\/p>\n<p data-start=\"422\" data-end=\"502\">Aunque ya no se aceptan nuevos participantes,<br data-start=\"471\" data-end=\"474\" \/>el estudio sigue activo.<\/p>\n<p data-start=\"504\" data-end=\"693\">Seguimos analizando la informaci\u00f3n recogida<br data-start=\"551\" data-end=\"554\" \/>para entender mejor<br data-start=\"573\" data-end=\"576\" \/>qu\u00e9 cosas ayudan y qu\u00e9 cosas dificultan<br data-start=\"619\" data-end=\"622\" \/>la participaci\u00f3n en la sociedad<br data-start=\"653\" data-end=\"656\" \/>de las personas con discapacidad.<\/p>\n<\/div>\n<\/div>        <\/div>\n    <\/div>\n<\/section>\n<section class=\"section  text-normal section-text-no-shadow section-inner-no-shadow section-normal section-opaque\"  >\n    \n    <div class=\"background-overlay grid-overlay-0 \" style=\"background-color: rgba(0,0,0,0);\"><\/div>\n\n    <div class=\"container container-vertical-default\">\n        <div class=\"row vertical-default\">\n            <div class=\"col-md-12     text-default small-screen-default\"  >[vc_raw_html]JTNDZGl2JTIwaWQlM0QlMjJmOWVjNDBjZC03MTI4LTQyYWMtOGY4NS0wN2UyM2ZmODk4MTQlMjIlM0UlM0MlMkZkaXYlM0U=[\/vc_raw_html]<\/div>        <\/div>\n    <\/div>\n<\/section>\n","protected":false},"excerpt":{"rendered":"Gracias por tu inter\u00e9s en el proyecto PARTICIPA. Ahora ya no se pueden registrar nuevos participantes. Pero puedes suscribirte al bolet\u00edn de noticias del estudiopara recibir informaci\u00f3n actualizada sobre el proyecto. Si ya formas parte del proyecto,te animamos a seguir respondiendo los cuestionariosy a participar en el foro. Aunque ya no se aceptan nuevos participantes,el","protected":false},"author":10,"featured_media":0,"parent":0,"menu_order":6,"comment_status":"closed","ping_status":"closed","template":"","meta":{"_acf_changed":false,"_monsterinsights_skip_tracking":false,"_monsterinsights_sitenote_active":false,"_monsterinsights_sitenote_note":"","_monsterinsights_sitenote_category":0,"footnotes":""},"class_list":["post-6966","page","type-page","status-publish","hentry"],"acf":[],"aioseo_notices":[],"_links":{"self":[{"href":"https:\/\/participa.guttmann.com\/es\/wp-json\/wp\/v2\/pages\/6966","targetHints":{"allow":["GET"]}}],"collection":[{"href":"https:\/\/participa.guttmann.com\/es\/wp-json\/wp\/v2\/pages"}],"about":[{"href":"https:\/\/participa.guttmann.com\/es\/wp-json\/wp\/v2\/types\/page"}],"author":[{"embeddable":true,"href":"https:\/\/participa.guttmann.com\/es\/wp-json\/wp\/v2\/users\/10"}],"replies":[{"embeddable":true,"href":"https:\/\/participa.guttmann.com\/es\/wp-json\/wp\/v2\/comments?post=6966"}],"version-history":[{"count":20,"href":"https:\/\/participa.guttmann.com\/es\/wp-json\/wp\/v2\/pages\/6966\/revisions"}],"predecessor-version":[{"id":23238,"href":"https:\/\/participa.guttmann.com\/es\/wp-json\/wp\/v2\/pages\/6966\/revisions\/23238"}],"wp:attachment":[{"href":"https:\/\/participa.guttmann.com\/es\/wp-json\/wp\/v2\/media?parent=6966"}],"curies":[{"name":"wp","href":"https:\/\/api.w.org\/{rel}","templated":true}]}}