{"id":6981,"date":"2021-08-09T06:26:07","date_gmt":"2021-08-09T06:26:07","guid":{"rendered":"https:\/\/participa.guttmann.com\/?page_id=6981"},"modified":"2022-05-02T08:37:50","modified_gmt":"2022-05-02T08:37:50","slug":"aviso-legal-y-politica-de-privacidad_lf","status":"publish","type":"page","link":"https:\/\/participa.guttmann.com\/es\/aviso-legal-y-politica-de-privacidad_lf\/","title":{"rendered":"Aviso Legal y Pol\u00edtica de Privacidad"},"content":{"rendered":"<section class=\"section content-form text-normal section-text-no-shadow section-inner-no-shadow section-normal section-opaque\"  >\n    \n    <div class=\"background-overlay grid-overlay-0 \" style=\"background-color: rgba(0,0,0,0);\"><\/div>\n\n    <div class=\"container container-vertical-default\">\n        <div class=\"row vertical-default\">\n            <div class=\"col-md-12    box-contact text-default small-screen-default os-animation\" data-os-animation=\"fadeIn\" data-os-animation-delay=\"0s\" ><div class=\"divider-wrapper \" style=\"visibility:hidden;background-color:#FFFFFF\">\n    <div class=\"visible-xs\" style=\"height:40px;\"><\/div>\n    <div class=\"visible-sm\" style=\"height:40px;\"><\/div>\n    <div class=\"visible-md\" style=\"height:40px;\"><\/div>\n    <div class=\"visible-lg\" style=\"height:40px;\"><\/div>\n<\/div><h2 class=\"text-left  element-top-20 element-bottom-20 text-light normal default\" data-os-animation=\"none\"  data-os-animation-delay=\"0s\" >\t\n        Aviso legal y pol\u00edtica de privacidad        \t\n<\/h2>\n<div class=\"col-text-1 text-normal  element-top-20 element-bottom-20\" data-os-animation=\"none\" data-os-animation-delay=\"0s\">\n    <p>Instituto Guttmann es una marca registrada<br \/>\nen la Oficina Espa\u00f1ola de Patentes y Marcas.<br \/>\nEst\u00e1 prohibido reproducir una parte o todo el contenido de este sitio web<br \/>\nsin citar su origen o sin la autorizaci\u00f3n del Instituto Guttmann.<\/p>\n<p>El Instituto Guttmann puede modificar la informaci\u00f3n de la web<br \/>\no la manera de presentarla sin tener que avisar.<\/p>\n<\/div>\n<h2 class=\"text-left  element-top-20 element-bottom-20 text-light normal default\" data-os-animation=\"none\"  data-os-animation-delay=\"0s\" >\t\n        Protecci\u00f3n de datos        \t\n<\/h2>\n<div class=\"col-text-1 text-normal  element-top-20 element-bottom-20\" data-os-animation=\"none\" data-os-animation-delay=\"0s\">\n    <p>Para participar en el estudio PARTICIPA te pedimos datos personales.<\/p>\n<p>El Instituto Guttmann guardar\u00e1 tus datos en sus equipos inform\u00e1ticos<br \/>\nde manera segura y no se los dar\u00e1 a nadie,<br \/>\ntal como indica la Ley de protecci\u00f3n de datos personales.<\/p>\n<p>Los datos personales se utilizan para:<\/p>\n<ul>\n<li>identificarte,<\/li>\n<li>hacer estudios como este,<\/li>\n<li>comunicarte incidencias y novedades por correo electr\u00f3nico.<\/li>\n<\/ul>\n<p>Te comprometes a decir la verdad y a dar datos ciertos.<br \/>\nEl Instituto Guttmann te excluir\u00e1 del estudio, si das datos falsos.<\/p>\n<p>Tienes derecho a acceder a tus datos personales<br \/>\npara corregirlos, eliminarlos u oponerte a su uso.<br \/>\nLo tienes que comunicar por escrito en el Instituto Guttmann, mediante:<\/p>\n<p>Correo electr\u00f3nico: <a href=\"mailto:%20protecciodades@guttmann.com\">protecciodades@guttmann.com<\/a><br \/>\nCorreo postal: Cam\u00ed de Can Ruti, s\/n, 08916 Badalona.<\/p>\n<p>Tienes que indicar la referencia \u201cTratamiento de datos\u201d<br \/>\ny adjuntar copia de tu DNI<br \/>\no el documento de identificaci\u00f3n que lo sustituya.<\/p>\n<p>El Instituto Guttmann tiene un delegado de Protecci\u00f3n de Datos<br \/>\ncon el que puedes contactar por correo electr\u00f3nico: <a href=\"https:\/\/www.guttmann.com\/ca\/protecciodades@guttmann.com\">protecciodades@guttmann.com<\/a><\/p>\n<p>Formularios para ejercer tus derechos,<br \/>\nincluidos en el Reglamento General de Protecci\u00f3n de Datos<\/p>\n<ul>\n<li><a href=\"https:\/\/www.guttmann.com\/files\/annex_07_1_formularti_dret_acces_2018.pdf\" target=\"_blank\" rel=\"noopener\">Formulario Derecho de Acceso<\/a><\/li>\n<li><a href=\"https:\/\/www.guttmann.com\/files\/annex_07_2_formularti_dret_rectificacio_2018_0.pdf\" target=\"_blank\" rel=\"noopener\">Formulario Derecho de Rectificaci\u00f3n<\/a><\/li>\n<li><a href=\"https:\/\/www.guttmann.com\/files\/dret-supressio.pdf\" target=\"_blank\" rel=\"noopener\">Formulario Derecho de Supresi\u00f3n<\/a><\/li>\n<li><a href=\"https:\/\/www.guttmann.com\/files\/annex_07_4_formularti_dret_portabilitat_2018_0.pdf\" target=\"_blank\" rel=\"noopener\">Formulario Derecho de Portabilidad<\/a><\/li>\n<li><a href=\"https:\/\/www.guttmann.com\/files\/annex_07_5_formularti_dret_limitacio_2018_0.pdf\" target=\"_blank\" rel=\"noopener\">Formulario Derecho de Limitaci\u00f3n<\/a><\/li>\n<li><a href=\"https:\/\/www.guttmann.com\/files\/annex_07_6_formularti_dret_oposicio_2018_0.pdf\" target=\"_blank\" rel=\"noopener\">Formulario Derecho de Oposici\u00f3n<\/a><\/li>\n<\/ul>\n<p><strong>Fundaci\u00f3n Institut Guttmann<\/strong><\/p>\n<p>La Fundaci\u00f3n Institut Guttmann es una fundaci\u00f3n privada sin \u00e1nimo de lucro<br \/>\ncon actividad privada y p\u00fablica.<br \/>\nPara la actividad p\u00fablica est\u00e1 acreditada como:<\/p>\n<ul>\n<li>Hospital de referencia, por el Departamento de Salud<br \/>\nde la Generalitat de Catalu\u00f1a.<\/li>\n<li>Centro de referencia nacional (CSUR) para tratar lesiones medulares<br \/>\ncomplejas, por el Ministerio de Sanidad, Servicios Sociales e Igualdad.<\/li>\n<\/ul>\n<p>La Fundaci\u00f3n Institut Guttmann se ocupa directamente de su p\u00e1gina web<br \/>\ncon recursos propios o subcontratados.<br \/>\nEsta web no recibe financiaci\u00f3n externa y no tiene publicidad.<\/p>\n<p>Las personas que aparecen a las fotograf\u00edas de la web<br \/>\nhan dado su consentimiento.<br \/>\nEn el caso de los menores, lo han dado sus padres o tutores.<\/p>\n<\/div>\n<div class=\"divider-wrapper \" style=\"visibility:hidden;background-color:#FFFFFF\">\n    <div class=\"visible-xs\" style=\"height:40px;\"><\/div>\n    <div class=\"visible-sm\" style=\"height:40px;\"><\/div>\n    <div class=\"visible-md\" style=\"height:40px;\"><\/div>\n    <div class=\"visible-lg\" style=\"height:40px;\"><\/div>\n<\/div><\/div>        <\/div>\n    <\/div>\n<\/section>\n\n","protected":false},"excerpt":{"rendered":"Aviso legal y pol\u00edtica de privacidad Instituto Guttmann es una marca registrada en la Oficina Espa\u00f1ola de Patentes y Marcas. Est\u00e1 prohibido reproducir una parte o todo el contenido de este sitio web sin citar su origen o sin la autorizaci\u00f3n del Instituto Guttmann. El Instituto Guttmann puede modificar la informaci\u00f3n de la web o","protected":false},"author":10,"featured_media":0,"parent":0,"menu_order":8,"comment_status":"closed","ping_status":"closed","template":"","meta":{"_acf_changed":false,"_monsterinsights_skip_tracking":false,"_monsterinsights_sitenote_active":false,"_monsterinsights_sitenote_note":"","_monsterinsights_sitenote_category":0,"footnotes":""},"class_list":["post-6981","page","type-page","status-publish","hentry"],"acf":[],"aioseo_notices":[],"_links":{"self":[{"href":"https:\/\/participa.guttmann.com\/es\/wp-json\/wp\/v2\/pages\/6981","targetHints":{"allow":["GET"]}}],"collection":[{"href":"https:\/\/participa.guttmann.com\/es\/wp-json\/wp\/v2\/pages"}],"about":[{"href":"https:\/\/participa.guttmann.com\/es\/wp-json\/wp\/v2\/types\/page"}],"author":[{"embeddable":true,"href":"https:\/\/participa.guttmann.com\/es\/wp-json\/wp\/v2\/users\/10"}],"replies":[{"embeddable":true,"href":"https:\/\/participa.guttmann.com\/es\/wp-json\/wp\/v2\/comments?post=6981"}],"version-history":[{"count":8,"href":"https:\/\/participa.guttmann.com\/es\/wp-json\/wp\/v2\/pages\/6981\/revisions"}],"predecessor-version":[{"id":10069,"href":"https:\/\/participa.guttmann.com\/es\/wp-json\/wp\/v2\/pages\/6981\/revisions\/10069"}],"wp:attachment":[{"href":"https:\/\/participa.guttmann.com\/es\/wp-json\/wp\/v2\/media?parent=6981"}],"curies":[{"name":"wp","href":"https:\/\/api.w.org\/{rel}","templated":true}]}}