{"id":7040,"date":"2021-08-09T06:26:30","date_gmt":"2021-08-09T06:26:30","guid":{"rendered":"https:\/\/participa.guttmann.com\/?page_id=7040"},"modified":"2022-05-02T08:48:33","modified_gmt":"2022-05-02T08:48:33","slug":"reglas-de-participacion-en-el-foro_lf","status":"publish","type":"page","link":"https:\/\/participa.guttmann.com\/es\/reglas-de-participacion-en-el-foro_lf\/","title":{"rendered":"Reglas de participaci\u00f3n en el foro"},"content":{"rendered":"<section class=\"section content-form text-normal section-text-no-shadow section-inner-no-shadow section-normal section-opaque\"  >\n    \n    <div class=\"background-overlay grid-overlay-0 \" style=\"background-color: rgba(0,0,0,0);\"><\/div>\n\n    <div class=\"container container-vertical-default\">\n        <div class=\"row vertical-default\">\n            <div class=\"col-md-12    box-contact text-default small-screen-default os-animation\" data-os-animation=\"fadeIn\" data-os-animation-delay=\"0s\" ><div class=\"divider-wrapper \" style=\"visibility:hidden;background-color:#FFFFFF\">\n    <div class=\"visible-xs\" style=\"height:40px;\"><\/div>\n    <div class=\"visible-sm\" style=\"height:40px;\"><\/div>\n    <div class=\"visible-md\" style=\"height:40px;\"><\/div>\n    <div class=\"visible-lg\" style=\"height:40px;\"><\/div>\n<\/div><h2 class=\"text-left  element-top-20 element-bottom-20 text-light normal default\" data-os-animation=\"none\"  data-os-animation-delay=\"0s\" >\t\n        Reglas para participar en el foro         \t\n<\/h2>\n<div class=\"col-text-1 text-normal  element-top-20 element-bottom-20\" data-os-animation=\"none\" data-os-animation-delay=\"0s\">\n    <div class=\"clearfix\">\n<p>Las personas que participan en el foro<br \/>\nson las \u00fanicas responsables del contenido que publican.<\/p>\n<p>Solo pueden participar las personas que tienen 18 a\u00f1os o m\u00e1s.<\/p>\n<p>En el foro pueden participar personas de todo el Estado.<br \/>\nRecomendamos que escribas en castellano<br \/>\npara que todo el mundo pueda entenderlo y para facilitar las b\u00fasquedas.<\/p>\n<p>Los miembros del estudio pueden revisar los contenidos publicados<br \/>\ny pedir la verificaci\u00f3n a expertos<br \/>\npara asegurar que no sea correo basura o <em>spam<\/em>.<\/p>\n<p>No publiques contenido que consideres secreto o privado.<\/p>\n<p>Est\u00e1 prohibido publicar insultos, amenazas, <em>spam<\/em>, pornograf\u00eda,<br \/>\ninformaci\u00f3n personal de otras personas,<br \/>\ny contenidos que vayan en contra de cualquier ley.<\/p>\n<p>Los proveedores del servicio de foro pueden eliminar o cambiar<br \/>\ncualquier contenido publicado, y cancelar el acceso de cualquier persona.<\/p>\n<p>Los proveedores pueden utilizar el contenido del foro,<br \/>\nsiempre que quieran, para este estudio.<br \/>\nT\u00fa tendr\u00e1s siempre los derechos de autor sobre tu contenido.<\/p>\n<p>Si no est\u00e1s de acuerdo con estas reglas,<br \/>\nno te registres ni participes en el foro.<\/p>\n<p>Si participas en el foro, significa que aceptas estas reglas.<\/p>\n<p>Si quieres dejar de participar en el foro,<br \/>\npuedes pedirlo por correo electr\u00f3nico: <a href=\"mailto:participa@guttmann.com\">participa@guttmann.com <\/a><\/p>\n<\/div>\n<\/div>\n<div class=\"divider-wrapper \" style=\"visibility:hidden;background-color:#FFFFFF\">\n    <div class=\"visible-xs\" style=\"height:40px;\"><\/div>\n    <div class=\"visible-sm\" style=\"height:40px;\"><\/div>\n    <div class=\"visible-md\" style=\"height:40px;\"><\/div>\n    <div class=\"visible-lg\" style=\"height:40px;\"><\/div>\n<\/div><\/div>        <\/div>\n    <\/div>\n<\/section>\n\n","protected":false},"excerpt":{"rendered":"Reglas para participar en el foro Las personas que participan en el foro son las \u00fanicas responsables del contenido que publican. Solo pueden participar las personas que tienen 18 a\u00f1os o m\u00e1s. En el foro pueden participar personas de todo el Estado. Recomendamos que escribas en castellano para que todo el mundo pueda entenderlo y","protected":false},"author":10,"featured_media":0,"parent":0,"menu_order":8,"comment_status":"closed","ping_status":"closed","template":"","meta":{"_acf_changed":false,"_monsterinsights_skip_tracking":false,"_monsterinsights_sitenote_active":false,"_monsterinsights_sitenote_note":"","_monsterinsights_sitenote_category":0,"footnotes":""},"class_list":["post-7040","page","type-page","status-publish","hentry"],"acf":[],"aioseo_notices":[],"_links":{"self":[{"href":"https:\/\/participa.guttmann.com\/es\/wp-json\/wp\/v2\/pages\/7040","targetHints":{"allow":["GET"]}}],"collection":[{"href":"https:\/\/participa.guttmann.com\/es\/wp-json\/wp\/v2\/pages"}],"about":[{"href":"https:\/\/participa.guttmann.com\/es\/wp-json\/wp\/v2\/types\/page"}],"author":[{"embeddable":true,"href":"https:\/\/participa.guttmann.com\/es\/wp-json\/wp\/v2\/users\/10"}],"replies":[{"embeddable":true,"href":"https:\/\/participa.guttmann.com\/es\/wp-json\/wp\/v2\/comments?post=7040"}],"version-history":[{"count":2,"href":"https:\/\/participa.guttmann.com\/es\/wp-json\/wp\/v2\/pages\/7040\/revisions"}],"predecessor-version":[{"id":7048,"href":"https:\/\/participa.guttmann.com\/es\/wp-json\/wp\/v2\/pages\/7040\/revisions\/7048"}],"wp:attachment":[{"href":"https:\/\/participa.guttmann.com\/es\/wp-json\/wp\/v2\/media?parent=7040"}],"curies":[{"name":"wp","href":"https:\/\/api.w.org\/{rel}","templated":true}]}}