{"id":7308,"date":"2021-08-11T06:15:39","date_gmt":"2021-08-11T06:15:39","guid":{"rendered":"https:\/\/participa.guttmann.com\/?page_id=7308"},"modified":"2021-08-11T06:26:41","modified_gmt":"2021-08-11T06:26:41","slug":"forum-temporal_lf","status":"publish","type":"page","link":"https:\/\/participa.guttmann.com\/es\/forum-temporal_lf\/","title":{"rendered":"Disponible pr\u00f3ximamente&#8230;"},"content":{"rendered":"<section class=\"section  text-normal section-text-no-shadow section-inner-no-shadow section-normal section-opaque\"  >\n    \n    <div class=\"background-overlay grid-overlay-0 \" style=\"background-color: rgba(0,0,0,0);\"><\/div>\n\n    <div class=\"container container-vertical-default\">\n        <div class=\"row vertical-default\">\n            <div class=\"col-md-12     text-default small-screen-default\"  ><div class=\"col-text-1 text-normal  element-top-20 element-bottom-20 os-animation\" data-os-animation=\"fadeInLeft\" data-os-animation-delay=\"0s\">\n    <p>El <strong>Foro del estudio Participa<\/strong> te permitir\u00e1 compartir<br \/>\ntu experiencia sobre las barreras y los facilitadores<br \/>\nque te encuentras en tu d\u00eda a d\u00eda<br \/>\ncon el resto de voluntarios y voluntarias de la comunidad.<\/p>\n<p>Puedes plantear preguntas y compartir tus experiencias<br \/>\nen los <a href=\"\/es\/consejos\"><strong>diferentes \u00e1mbitos<\/strong><\/a> del proyecto.<\/p>\n<p>El foro se pondr\u00e1 en funcionamiento en las <strong>pr\u00f3ximas semanas.<\/strong><\/p>\n<p>Cuando est\u00e9 disponible, lo comunicaremos a todos los usuarios.<\/p>\n<p>\u00a1Muchas gracias!<\/p>\n<\/div>\n<\/div>        <\/div>\n    <\/div>\n<\/section>\n\n","protected":false},"excerpt":{"rendered":"El Foro del estudio Participa te permitir\u00e1 compartir tu experiencia sobre las barreras y los facilitadores que te encuentras en tu d\u00eda a d\u00eda con el resto de voluntarios y voluntarias de la comunidad. Puedes plantear preguntas y compartir tus experiencias en los diferentes \u00e1mbitos del proyecto. El foro se pondr\u00e1 en funcionamiento en las","protected":false},"author":10,"featured_media":0,"parent":0,"menu_order":0,"comment_status":"closed","ping_status":"closed","template":"","meta":{"_acf_changed":false,"_monsterinsights_skip_tracking":false,"_monsterinsights_sitenote_active":false,"_monsterinsights_sitenote_note":"","_monsterinsights_sitenote_category":0,"footnotes":""},"class_list":["post-7308","page","type-page","status-publish","hentry"],"acf":[],"aioseo_notices":[],"_links":{"self":[{"href":"https:\/\/participa.guttmann.com\/es\/wp-json\/wp\/v2\/pages\/7308","targetHints":{"allow":["GET"]}}],"collection":[{"href":"https:\/\/participa.guttmann.com\/es\/wp-json\/wp\/v2\/pages"}],"about":[{"href":"https:\/\/participa.guttmann.com\/es\/wp-json\/wp\/v2\/types\/page"}],"author":[{"embeddable":true,"href":"https:\/\/participa.guttmann.com\/es\/wp-json\/wp\/v2\/users\/10"}],"replies":[{"embeddable":true,"href":"https:\/\/participa.guttmann.com\/es\/wp-json\/wp\/v2\/comments?post=7308"}],"version-history":[{"count":2,"href":"https:\/\/participa.guttmann.com\/es\/wp-json\/wp\/v2\/pages\/7308\/revisions"}],"predecessor-version":[{"id":7316,"href":"https:\/\/participa.guttmann.com\/es\/wp-json\/wp\/v2\/pages\/7308\/revisions\/7316"}],"wp:attachment":[{"href":"https:\/\/participa.guttmann.com\/es\/wp-json\/wp\/v2\/media?parent=7308"}],"curies":[{"name":"wp","href":"https:\/\/api.w.org\/{rel}","templated":true}]}}