{"id":7322,"date":"2021-08-11T07:14:12","date_gmt":"2021-08-11T07:14:12","guid":{"rendered":"https:\/\/participa.guttmann.com\/?page_id=7322"},"modified":"2022-05-02T08:33:08","modified_gmt":"2022-05-02T08:33:08","slug":"consentimiento-informado","status":"publish","type":"page","link":"https:\/\/participa.guttmann.com\/es\/consentimiento-informado\/","title":{"rendered":"Consentimiento informado"},"content":{"rendered":"<section class=\"section content-form text-normal section-text-no-shadow section-inner-no-shadow section-normal section-opaque\"  >\n    \n    <div class=\"background-overlay grid-overlay-0 \" style=\"background-color: rgba(0,0,0,0);\"><\/div>\n\n    <div class=\"container container-vertical-default\">\n        <div class=\"row vertical-default\">\n            <div class=\"col-md-12    box-contact text-default small-screen-default os-animation\" data-os-animation=\"fadeIn\" data-os-animation-delay=\"0s\" ><div class=\"divider-wrapper \" style=\"visibility:hidden;background-color:#FFFFFF\">\n    <div class=\"visible-xs\" style=\"height:40px;\"><\/div>\n    <div class=\"visible-sm\" style=\"height:40px;\"><\/div>\n    <div class=\"visible-md\" style=\"height:40px;\"><\/div>\n    <div class=\"visible-lg\" style=\"height:40px;\"><\/div>\n<\/div><h2 class=\"text-left  element-top-20 element-bottom-20 text-light normal default\" data-os-animation=\"none\"  data-os-animation-delay=\"0s\" >\t\n        Informaci\u00f3n para los participantes del estudio PARTICIPA        \t\n<\/h2>\n<div class=\"col-text-1 text-normal  element-top-20 element-bottom-20\" data-os-animation=\"none\" data-os-animation-delay=\"0s\">\n    <p><em>PARTICIPA<\/em> es un proyecto liderado por el Institut Guttmann en colaboraci\u00f3n con las entidades sociales del Consejo Social y de Participaci\u00f3n de la instituci\u00f3n, que cuenta con un equipo multidisciplinar de profesionales y con un Grupo Asesor formado por profesionales y representantes del sector asociativo, as\u00ed como expertos del \u00e1mbito acad\u00e9mico.<\/p>\n<p>El objetivo principal del estudio es identificar los factores que dificultan y\/o facilitan la participaci\u00f3n en la sociedad de las personas con discapacidad en igualdad de condiciones que el resto de la ciudadan\u00eda.<\/p>\n<p>Para alcanzar este objetivo, le proponemos participar como voluntario en el estudio. Su participaci\u00f3n consistir\u00eda en responder una serie de cuestionarios relacionados con la participaci\u00f3n social desde su ordenador o tel\u00e9fono m\u00f3vil, a trav\u00e9s de su perfil privado, o en la p\u00e1gina web de la Iniciativa, o en papel mediante correo postal, en caso de que as\u00ed lo prefiere.<\/p>\n<p>Como parte del estudio, los investigadores le proporcionar\u00e1n informaci\u00f3n y recomendaciones, de manera peri\u00f3dica, sobre sus derechos; as\u00ed como recursos, servicios o informaci\u00f3n general de inter\u00e9s para promocionar la participaci\u00f3n en la sociedad de todas las personas en igualdad de condiciones.<\/p>\n<p>Su participaci\u00f3n en el estudio es y ser\u00e1 de car\u00e1cter totalmente voluntario, y puede decidir no participar o cambiar su decisi\u00f3n de hacerlo, retirando su consentimiento en cualquier momento, sin necesidad de dar ninguna justificaci\u00f3n o explicaci\u00f3n al respecto.<\/p>\n<p>Aunque le pedimos que lea este documento con atenci\u00f3n, no dude en preguntar cualquier duda o aclaraci\u00f3n que pueda necesitar a trav\u00e9s del correo electr\u00f3nico <a href=\"mailto:participa@guttmann.com\">participa@guttmann.com<\/a><\/p>\n<p>A trav\u00e9s de los cuestionarios, se le pedir\u00e1 informaci\u00f3n relativa a:<\/p>\n<ul>\n<li>Datos sociodemogr\u00e1ficos, como su edad o localidad de residencia.<\/li>\n<li>Aspectos socioecon\u00f3micos, como su nivel de estudios o situaci\u00f3n laboral.<\/li>\n<li>Informaci\u00f3n relativa a su participaci\u00f3n en la sociedad en diferentes \u00e1mbitos de la vida.<\/li>\n<li>Informaci\u00f3n sobre obst\u00e1culos y\/o factores promotores de su participaci\u00f3n social.<\/li>\n<\/ul>\n<p>El estudio no implica ning\u00fan tipo de riesgo f\u00edsico o psicol\u00f3gico asociado para usted. Sus respuestas a los cuestionarios no le ocasionar\u00e1n ning\u00fan riesgo ni tendr\u00e1n consecuencias relacionadas con su salud.<\/p>\n<p>Es probable que usted no reciba ning\u00fan beneficio directo por participar en este estudio. Sin embargo, esperamos que la participaci\u00f3n le permita lograr una mayor conciencia sobre los aspectos que pueden beneficiar la participaci\u00f3n en la sociedad de las personas con discapacidad. Desde la vertiente cient\u00edfica, esperamos que los resultados obtenidos con esta investigaci\u00f3n aporten informaci\u00f3n relevante sobre qu\u00e9 barreras y facilitadores son determinantes para la participaci\u00f3n en la sociedad de las personas con discapacidad en igualdad de condiciones que el resto de la ciudadan\u00eda.<\/p>\n<p>El equipo investigador del proyecto le asegura que toda la informaci\u00f3n se almacenar\u00e1 y gestionar\u00e1 de manera segura y confidencial, cumpliendo lo establecido en la legislaci\u00f3n vigente sobre tratamiento de protecci\u00f3n de datos de car\u00e1cter personal. Respecto a la protecci\u00f3n de datos personales, el proyecto se rige por la normativa vigente a nivel nacional y europeo. Se aplicar\u00e1n las t\u00e9cnicas de seguridad, cifrado, pseudoanomizaci\u00f3n y anonimizaci\u00f3n necesarias para preservar la privacidad de los usuarios participantes. Se garantiza el cumplimiento de todos los requisitos establecidos por la Ley Org\u00e1nica 3\/2018, de 5 de Diciembre, de Protecci\u00f3n de Datos Personales y garant\u00eda de los derechos digitales, y el REGLAMENTO (UE) 2016\/679 del Parlamento y del Consejo Europeo de 27 de abril de 2016 relativo a la protecci\u00f3n de las personas f\u00edsicas en lo que respecta al tratamiento de datos personales ya la libre circulaci\u00f3n de estos datos.<\/p>\n<p>Los datos recopilados en el proyecto PARTICIPA s\u00f3lo ser\u00e1n accesibles por las personas autorizadas, y no se ceder\u00e1n en ning\u00fan caso a terceras partes. En este sentido, los datos del proyecto se recopilar\u00e1n estrictamente seg\u00fan sea necesario, \u00fanicamente para los prop\u00f3sitos del proyecto, y ser\u00e1n destruidas cuando ya no sean necesarias para estos prop\u00f3sitos. Si alg\u00fan participante desea verificar qu\u00e9 datos personales est\u00e1n almacenados, o bien las que han sido modificadas, corregidas o eliminadas, un punto de informaci\u00f3n de contacto atender\u00e1 estas peticiones.<\/p>\n<p>La informaci\u00f3n recopilada se almacenar\u00e1 de forma electr\u00f3nica y se guardar\u00e1 \u00fanicamente en un hardware ubicado en un entorno f\u00edsicamente seguro con acceso estrictamente controlado y con controles ambientales apropiados. Las bases de datos que contienen informaci\u00f3n personal no ser\u00e1n visibles p\u00fablicamente en Internet, sino que estar\u00e1n ocultas detr\u00e1s de firewalls; y el acceso s\u00f3lo ser\u00e1 posible a trav\u00e9s de pasarelas espec\u00edficamente habilitadas para ello. Los medios de almacenamiento port\u00e1tiles no se utilizar\u00e1n para el almacenamiento de datos personales.<\/p>\n<p>Tambi\u00e9n queremos especificar que toda la informaci\u00f3n se recoge \u00fanicamente con fines cient\u00edficos, y que nunca ser\u00e1 entregada a terceros para fines comerciales o publicitarios. Adem\u00e1s, cuando los resultados de la investigaci\u00f3n sean publicados o se discutan en conferencias cient\u00edficas, nunca se incluir\u00e1 informaci\u00f3n que pueda revelar su identidad.<\/p>\n<p>En caso de que decidiera dejar de participar en el estudio, en el momento y por el motivo que usted considere, podr\u00e1 interponer el derecho de retirada de sus datos, si as\u00ed lo considera necesario.<\/p>\n<p>Usted podr\u00e1 solicitar informaci\u00f3n relacionada con el proyecto de investigaci\u00f3n en cualquier momento utilizando el correo electr\u00f3nico <a href=\"mailto:participa@guttmann.com\">participa@guttmann.com<\/a><\/p>\n<\/div>\n<div class=\"divider-wrapper \" style=\"visibility:hidden;background-color:#FFFFFF\">\n    <div class=\"visible-xs\" style=\"height:40px;\"><\/div>\n    <div class=\"visible-sm\" style=\"height:40px;\"><\/div>\n    <div class=\"visible-md\" style=\"height:40px;\"><\/div>\n    <div class=\"visible-lg\" style=\"height:40px;\"><\/div>\n<\/div><\/div>        <\/div>\n    <\/div>\n<\/section>\n\n","protected":false},"excerpt":{"rendered":"Informaci\u00f3n para los participantes del estudio PARTICIPA PARTICIPA es un proyecto liderado por el Institut Guttmann en colaboraci\u00f3n con las entidades sociales del Consejo Social y de Participaci\u00f3n de la instituci\u00f3n, que cuenta con un equipo multidisciplinar de profesionales y con un Grupo Asesor formado por profesionales y representantes del sector asociativo, as\u00ed como expertos","protected":false},"author":10,"featured_media":0,"parent":0,"menu_order":8,"comment_status":"closed","ping_status":"closed","template":"","meta":{"_acf_changed":false,"_monsterinsights_skip_tracking":false,"_monsterinsights_sitenote_active":false,"_monsterinsights_sitenote_note":"","_monsterinsights_sitenote_category":0,"footnotes":""},"class_list":["post-7322","page","type-page","status-publish","hentry"],"acf":[],"aioseo_notices":[],"_links":{"self":[{"href":"https:\/\/participa.guttmann.com\/es\/wp-json\/wp\/v2\/pages\/7322","targetHints":{"allow":["GET"]}}],"collection":[{"href":"https:\/\/participa.guttmann.com\/es\/wp-json\/wp\/v2\/pages"}],"about":[{"href":"https:\/\/participa.guttmann.com\/es\/wp-json\/wp\/v2\/types\/page"}],"author":[{"embeddable":true,"href":"https:\/\/participa.guttmann.com\/es\/wp-json\/wp\/v2\/users\/10"}],"replies":[{"embeddable":true,"href":"https:\/\/participa.guttmann.com\/es\/wp-json\/wp\/v2\/comments?post=7322"}],"version-history":[{"count":7,"href":"https:\/\/participa.guttmann.com\/es\/wp-json\/wp\/v2\/pages\/7322\/revisions"}],"predecessor-version":[{"id":10137,"href":"https:\/\/participa.guttmann.com\/es\/wp-json\/wp\/v2\/pages\/7322\/revisions\/10137"}],"wp:attachment":[{"href":"https:\/\/participa.guttmann.com\/es\/wp-json\/wp\/v2\/media?parent=7322"}],"curies":[{"name":"wp","href":"https:\/\/api.w.org\/{rel}","templated":true}]}}