{"id":7363,"date":"2021-08-11T10:47:05","date_gmt":"2021-08-11T10:47:05","guid":{"rendered":"https:\/\/participa.guttmann.com\/?page_id=7363"},"modified":"2022-05-02T08:35:27","modified_gmt":"2022-05-02T08:35:27","slug":"consentimiento-informado_lf","status":"publish","type":"page","link":"https:\/\/participa.guttmann.com\/es\/consentimiento-informado_lf\/","title":{"rendered":"Consentimiento informado"},"content":{"rendered":"<section class=\"section content-form text-normal section-text-no-shadow section-inner-no-shadow section-normal section-opaque\"  >\n    \n    <div class=\"background-overlay grid-overlay-0 \" style=\"background-color: rgba(0,0,0,0);\"><\/div>\n\n    <div class=\"container container-vertical-default\">\n        <div class=\"row vertical-default\">\n            <div class=\"col-md-12    box-contact text-default small-screen-default os-animation\" data-os-animation=\"fadeIn\" data-os-animation-delay=\"0s\" ><div class=\"divider-wrapper \" style=\"visibility:hidden;background-color:#FFFFFF\">\n    <div class=\"visible-xs\" style=\"height:40px;\"><\/div>\n    <div class=\"visible-sm\" style=\"height:40px;\"><\/div>\n    <div class=\"visible-md\" style=\"height:40px;\"><\/div>\n    <div class=\"visible-lg\" style=\"height:40px;\"><\/div>\n<\/div><h2 class=\"text-left  element-top-20 element-bottom-20 text-light normal default\" data-os-animation=\"none\"  data-os-animation-delay=\"0s\" >\t\n        Informaci\u00f3n para los participantes del estudio PARTICIPA        \t\n<\/h2>\n<div class=\"col-text-1 text-normal  element-top-20 element-bottom-20\" data-os-animation=\"none\" data-os-animation-delay=\"0s\">\n    <h3>Informaci\u00f3n para los participantes en el estudio PARTICIPA<\/h3>\n<p><strong>\u00bfQu\u00e9 es PARTICIPA? <\/strong><\/p>\n<p>Es un estudio para promocionar la participaci\u00f3n<br \/>\nde las personas con discapacidad en la sociedad,<br \/>\npara que puedan trabajar, estudiar, pasarlo bien<br \/>\ny relacionarse de manera aut\u00f3noma.<\/p>\n<p><strong>\u00bfQui\u00e9n apoya el estudio?<\/strong><\/p>\n<p>La Fundaci\u00f3n Instituto Guttmann,<br \/>\nlas entidades del Consejo Social y de Participaci\u00f3n,<br \/>\ny otras entidades relacionadas con la discapacidad.<\/p>\n<p><strong>\u00bfCu\u00e1l es el objetivo del estudio? <\/strong><\/p>\n<p>Queremos conocer qu\u00e9 barreras te impiden participar<br \/>\nen las actividades del d\u00eda a d\u00eda<br \/>\ny qu\u00e9 ayudas facilitan tu autonom\u00eda personal.<\/p>\n<p>Entre todos y todas queremos dise\u00f1ar soluciones innovadoras<br \/>\npara construir una sociedad m\u00e1s inclusiva.<\/p>\n<p><strong>\u00bfC\u00f3mo puedo participar en el estudio?<\/strong><\/p>\n<p>Para conseguir este objetivo,<br \/>\nte proponemos participar como voluntario en el estudio.<\/p>\n<p>Tendr\u00e1s que responder unos cuestionarios que te iremos enviando.<\/p>\n<p>En estos cuestionarios te pediremos:<\/p>\n<ul>\n<li>Datos personales: edad, d\u00f3nde vives&#8230;<\/li>\n<li>Datos sociales y econ\u00f3micos: estudios o situaci\u00f3n laboral.<\/li>\n<li>Informaci\u00f3n sobre tu participaci\u00f3n en la sociedad<br \/>\nen los distintos \u00e1mbitos de la vida.<\/li>\n<li>Informaci\u00f3n sobre los obst\u00e1culos que impiden<br \/>\ntu participaci\u00f3n social y los factores que la facilitan.<\/li>\n<\/ul>\n<p>Podr\u00e1s responder los cuestionarios desde tu ordenador o tel\u00e9fono m\u00f3vil.<\/p>\n<p><strong>\u00bfQu\u00e9 supone participar en el estudio?<\/strong><\/p>\n<p>Adem\u00e1s de los cuestionarios,<br \/>\ntambi\u00e9n recibir\u00e1s informaci\u00f3n sobre los derechos<br \/>\nde las personas con discapacidad<br \/>\ny recomendaciones sobre c\u00f3mo participar en la sociedad<br \/>\nen igualdad de condiciones.<\/p>\n<p>Tu participaci\u00f3n es voluntaria<br \/>\ny podr\u00e1s dejar de participar cuando quieras.<\/p>\n<p>Participar en el estudio no supone un peligro<br \/>\npara tu salud f\u00edsica o psicol\u00f3gica.<\/p>\n<p>Es probable que no notes un beneficio directo<br \/>\npor el hecho de participar en este estudio.<\/p>\n<p>Aun as\u00ed, esperamos que te conciencie de la importancia<br \/>\nde participar en la sociedad.<\/p>\n<p>Tambi\u00e9n esperamos que los resultados del estudio nos ayuden a conocer<br \/>\nqu\u00e9 barreras y qu\u00e9 facilitadores son determinantes<br \/>\npara que las personas con discapacidad puedan participar en la sociedad<br \/>\nen igualdad de condiciones.<\/p>\n<p><strong>\u00bfC\u00f3mo proteger\u00e9is mis datos personales?<\/strong><\/p>\n<p>Tus datos son secretos.<br \/>\nEl Instituto Guttmann los guardar\u00e1 en sus equipos inform\u00e1ticos,<br \/>\nde manera segura y no se los dar\u00e1 a nadie,<br \/>\ntal como indica la Ley de protecci\u00f3n de datos personales.<\/p>\n<p>Cuando ya no sean necesarios para este estudio, los destruir\u00e1.<\/p>\n<p>El equipo investigador analizar\u00e1 todos los datos<br \/>\ny solo los utilizar\u00e1 para este estudio.<\/p>\n<p>Si quieres saber qu\u00e9 datos personales guardamos,<br \/>\npuedes contactar con nuestro punto de informaci\u00f3n,<br \/>\na trav\u00e9s del correo electr\u00f3nico: <a href=\"https:\/\/www.guttmann.com\/ca\/protecciodades@guttmann.com\">protecciodades@guttmann.com<\/a><\/p>\n<p>Adem\u00e1s, cuando se publiquen los resultados del estudio<br \/>\no se discutan en conferencias cient\u00edficas,<br \/>\nnunca se incluir\u00e1 informaci\u00f3n de tu identidad.<\/p>\n<p>Cuando dejes de participar en el estudio,<br \/>\npodr\u00e1s pedirnos que eliminemos tus datos.<\/p>\n<p>Lee este documento con atenci\u00f3n.<br \/>\nSi tienes alguna duda sobre el estudio,<br \/>\npuedes escribirnos a <a href=\"mailto:participa@guttmann.com\">participa@guttmann.com<\/a><\/p>\n<\/div>\n<div class=\"divider-wrapper \" style=\"visibility:hidden;background-color:#FFFFFF\">\n    <div class=\"visible-xs\" style=\"height:40px;\"><\/div>\n    <div class=\"visible-sm\" style=\"height:40px;\"><\/div>\n    <div class=\"visible-md\" style=\"height:40px;\"><\/div>\n    <div class=\"visible-lg\" style=\"height:40px;\"><\/div>\n<\/div><\/div>        <\/div>\n    <\/div>\n<\/section>\n\n","protected":false},"excerpt":{"rendered":"Informaci\u00f3n para los participantes del estudio PARTICIPA Informaci\u00f3n para los participantes en el estudio PARTICIPA \u00bfQu\u00e9 es PARTICIPA? Es un estudio para promocionar la participaci\u00f3n de las personas con discapacidad en la sociedad, para que puedan trabajar, estudiar, pasarlo bien y relacionarse de manera aut\u00f3noma. \u00bfQui\u00e9n apoya el estudio? La Fundaci\u00f3n Instituto Guttmann, las entidades","protected":false},"author":10,"featured_media":0,"parent":0,"menu_order":8,"comment_status":"closed","ping_status":"closed","template":"","meta":{"_acf_changed":false,"_monsterinsights_skip_tracking":false,"_monsterinsights_sitenote_active":false,"_monsterinsights_sitenote_note":"","_monsterinsights_sitenote_category":0,"footnotes":""},"class_list":["post-7363","page","type-page","status-publish","hentry"],"acf":[],"aioseo_notices":[],"_links":{"self":[{"href":"https:\/\/participa.guttmann.com\/es\/wp-json\/wp\/v2\/pages\/7363","targetHints":{"allow":["GET"]}}],"collection":[{"href":"https:\/\/participa.guttmann.com\/es\/wp-json\/wp\/v2\/pages"}],"about":[{"href":"https:\/\/participa.guttmann.com\/es\/wp-json\/wp\/v2\/types\/page"}],"author":[{"embeddable":true,"href":"https:\/\/participa.guttmann.com\/es\/wp-json\/wp\/v2\/users\/10"}],"replies":[{"embeddable":true,"href":"https:\/\/participa.guttmann.com\/es\/wp-json\/wp\/v2\/comments?post=7363"}],"version-history":[{"count":4,"href":"https:\/\/participa.guttmann.com\/es\/wp-json\/wp\/v2\/pages\/7363\/revisions"}],"predecessor-version":[{"id":10138,"href":"https:\/\/participa.guttmann.com\/es\/wp-json\/wp\/v2\/pages\/7363\/revisions\/10138"}],"wp:attachment":[{"href":"https:\/\/participa.guttmann.com\/es\/wp-json\/wp\/v2\/media?parent=7363"}],"curies":[{"name":"wp","href":"https:\/\/api.w.org\/{rel}","templated":true}]}}