{"id":7375,"date":"2021-09-03T12:02:47","date_gmt":"2021-09-03T12:02:47","guid":{"rendered":"https:\/\/participa.guttmann.com\/?page_id=7375"},"modified":"2022-05-02T08:43:25","modified_gmt":"2022-05-02T08:43:25","slug":"politica-de-cookies_lf","status":"publish","type":"page","link":"https:\/\/participa.guttmann.com\/es\/politica-de-cookies_lf\/","title":{"rendered":"Pol\u00edtica de Cookies"},"content":{"rendered":"<section class=\"section content-form text-normal section-text-no-shadow section-inner-no-shadow section-normal section-opaque\"  >\n    \n    <div class=\"background-overlay grid-overlay-0 \" style=\"background-color: rgba(0,0,0,0);\"><\/div>\n\n    <div class=\"container container-vertical-default\">\n        <div class=\"row vertical-default\">\n            <div class=\"col-md-12    box-contact text-default small-screen-default os-animation\" data-os-animation=\"fadeIn\" data-os-animation-delay=\"0s\" ><div class=\"divider-wrapper \" style=\"visibility:hidden;background-color:#FFFFFF\">\n    <div class=\"visible-xs\" style=\"height:40px;\"><\/div>\n    <div class=\"visible-sm\" style=\"height:40px;\"><\/div>\n    <div class=\"visible-md\" style=\"height:40px;\"><\/div>\n    <div class=\"visible-lg\" style=\"height:40px;\"><\/div>\n<\/div><h2 class=\"text-left  element-top-20 element-bottom-20 text-light normal default\" data-os-animation=\"none\"  data-os-animation-delay=\"0s\" >\t\n        Pol\u00edtica de cookies        \t\n<\/h2>\n<h3 class=\"text-left  element-top-20 element-bottom-20 text-light normal default\" data-os-animation=\"none\"  data-os-animation-delay=\"0s\" >\t\n        \u00bfQu\u00e9 son las cookies?         \t\n<\/h3>\n<div class=\"col-text-1 text-normal  element-top-20 element-bottom-20\" data-os-animation=\"none\" data-os-animation-delay=\"0s\">\n    <p>Las cookies (o galletas, en espa\u00f1ol) son unos peque\u00f1os<br \/>\narchivos que se descargan en tu ordenador<br \/>\ncuando navegas por algunas p\u00e1ginas web.<\/p>\n<p>Las cookies permiten guardar y recuperar informaci\u00f3n<br \/>\nsobre tus h\u00e1bitos y preferencias de navegaci\u00f3n.<\/p>\n<\/div>\n<h3 class=\"text-left  element-top-20 element-bottom-20 text-light normal default\" data-os-animation=\"none\"  data-os-animation-delay=\"0s\" >\t\n        \u00bfQu\u00e9 tipo de cookies utiliza esta p\u00e1gina web?         \t\n<\/h3>\n<div class=\"col-text-1 text-normal  element-top-20 element-bottom-20\" data-os-animation=\"none\" data-os-animation-delay=\"0s\">\n    <ul>\n<li><strong>Cookies t\u00e9cnicas<\/strong>:te permiten navegar por la p\u00e1gina web<br \/>\ny utilizar las diferentes opciones o servicios, como:<\/p>\n<ul>\n<li>controlar la comunicaci\u00f3n de datos,<\/li>\n<li>identificar la sesi\u00f3n,<\/li>\n<li>inscribirte a un evento,<\/li>\n<li>utilizar elementos de seguridad,<\/li>\n<li>almacenar contenidos para v\u00eddeos o sonido,<\/li>\n<li>compartir contenidos a trav\u00e9s de redes sociales.<\/li>\n<\/ul>\n<\/li>\n<\/ul>\n<ul>\n<li><strong>Cookies de personalizaci\u00f3n<\/strong>: te permiten personalizar<br \/>\nalgunas caracter\u00edsticas de la p\u00e1gina web, como:<\/p>\n<ul>\n<li>el idioma,<\/li>\n<li>el pa\u00eds,<\/li>\n<li>el tipo de navegador.<\/li>\n<\/ul>\n<\/li>\n<\/ul>\n<div>\n<ul>\n<li><strong>Cookies anal\u00edticas:<\/strong> nos permiten cuantificar y analizar<br \/>\nel n\u00famero de usuarios y c\u00f3mo utilizan los servicios<br \/>\nde nuestra p\u00e1gina web. As\u00ed podemos mejorar la oferta<br \/>\nde productos y servicios.<\/li>\n<\/ul>\n<\/div>\n<div>\n<ul>\n<li><strong>Cookies de terceros:<\/strong> <a title=\"P\u00e1gina Web del Instituto Guttmann\" href=\"http:\/\/www.guttmann.com\">www.guttmann.com<\/a> puede utilizar<br \/>\ncookies de otras empresas que recogen informaci\u00f3n<br \/>\npara hacer estad\u00edsticas y dar servicios relacionados<br \/>\ncon la actividad de la p\u00e1gina web y otros servicios de Internet.<\/li>\n<\/ul>\n<p>&nbsp;<\/p>\n<p>Esta p\u00e1gina web utiliza cookies de Google Analytics,<br \/>\nun servicio de an\u00e1lisis web de Google.<\/p>\n<p>Estas cookies recopilan informaci\u00f3n del usuario,<br \/>\nincluida la direcci\u00f3n IP, para guardarla y tratarla<br \/>\nseg\u00fan los t\u00e9rminos fijados en la web Google.com.<\/p>\n<p>Google tambi\u00e9n puede compartir esta informaci\u00f3n<br \/>\ncon otras empresas si lo exige la justicia<br \/>\no si les encarga la gesti\u00f3n de la informaci\u00f3n.<\/p>\n<p>&nbsp;<\/p>\n<p>Si navegas a trav\u00e9s de esta p\u00e1gina web,<br \/>\nsignifica que aceptas que recojamos y tratemos tus datos.<\/p>\n<p>Si no aceptas el tratamiento de datos,<br \/>\npuedes rechazar el uso de cookies en tu navegador.<\/p>\n<p>Si bloqueas las cookies en tu navegador,<br \/>\npuede que no tengas acceso a todas las funcionalidades<br \/>\nde la p\u00e1gina web.<\/p>\n<p>&nbsp;<\/p>\n<p>Lunes, 2 de marzo, 2020 13:03<\/p>\n<\/div>\n<\/div>\n<div class=\"divider-wrapper \" style=\"visibility:hidden;background-color:#FFFFFF\">\n    <div class=\"visible-xs\" style=\"height:40px;\"><\/div>\n    <div class=\"visible-sm\" style=\"height:40px;\"><\/div>\n    <div class=\"visible-md\" style=\"height:40px;\"><\/div>\n    <div class=\"visible-lg\" style=\"height:40px;\"><\/div>\n<\/div><\/div>        <\/div>\n    <\/div>\n<\/section>\n\n","protected":false},"excerpt":{"rendered":"Pol\u00edtica de cookies \u00bfQu\u00e9 son las cookies? Las cookies (o galletas, en espa\u00f1ol) son unos peque\u00f1os archivos que se descargan en tu ordenador cuando navegas por algunas p\u00e1ginas web. Las cookies permiten guardar y recuperar informaci\u00f3n sobre tus h\u00e1bitos y preferencias de navegaci\u00f3n. \u00bfQu\u00e9 tipo de cookies utiliza esta p\u00e1gina web? Cookies t\u00e9cnicas:te permiten navegar","protected":false},"author":10,"featured_media":0,"parent":0,"menu_order":9,"comment_status":"closed","ping_status":"closed","template":"","meta":{"_acf_changed":false,"_monsterinsights_skip_tracking":false,"_monsterinsights_sitenote_active":false,"_monsterinsights_sitenote_note":"","_monsterinsights_sitenote_category":0,"footnotes":""},"class_list":["post-7375","page","type-page","status-publish","hentry"],"acf":[],"aioseo_notices":[],"_links":{"self":[{"href":"https:\/\/participa.guttmann.com\/es\/wp-json\/wp\/v2\/pages\/7375","targetHints":{"allow":["GET"]}}],"collection":[{"href":"https:\/\/participa.guttmann.com\/es\/wp-json\/wp\/v2\/pages"}],"about":[{"href":"https:\/\/participa.guttmann.com\/es\/wp-json\/wp\/v2\/types\/page"}],"author":[{"embeddable":true,"href":"https:\/\/participa.guttmann.com\/es\/wp-json\/wp\/v2\/users\/10"}],"replies":[{"embeddable":true,"href":"https:\/\/participa.guttmann.com\/es\/wp-json\/wp\/v2\/comments?post=7375"}],"version-history":[{"count":7,"href":"https:\/\/participa.guttmann.com\/es\/wp-json\/wp\/v2\/pages\/7375\/revisions"}],"predecessor-version":[{"id":7713,"href":"https:\/\/participa.guttmann.com\/es\/wp-json\/wp\/v2\/pages\/7375\/revisions\/7713"}],"wp:attachment":[{"href":"https:\/\/participa.guttmann.com\/es\/wp-json\/wp\/v2\/media?parent=7375"}],"curies":[{"name":"wp","href":"https:\/\/api.w.org\/{rel}","templated":true}]}}