{"id":983,"date":"2020-04-15T07:57:11","date_gmt":"2020-04-15T07:57:11","guid":{"rendered":"https:\/\/participa.testsdowhile.com\/avis-legal-y-politica-de-privacitat\/"},"modified":"2022-11-07T12:52:07","modified_gmt":"2022-11-07T12:52:07","slug":"aviso-legal-y-politica-de-privacidad","status":"publish","type":"page","link":"https:\/\/participa.guttmann.com\/es\/aviso-legal-y-politica-de-privacidad\/","title":{"rendered":"Aviso Legal y Pol\u00edtica de Privacidad"},"content":{"rendered":"<section class=\"section content-form text-normal section-text-no-shadow section-inner-no-shadow section-normal section-opaque\"  >\n    \n    <div class=\"background-overlay grid-overlay-0 \" style=\"background-color: rgba(0,0,0,0);\"><\/div>\n\n    <div class=\"container container-vertical-default\">\n        <div class=\"row vertical-default\">\n            <div class=\"col-md-12    box-contact text-default small-screen-default os-animation\" data-os-animation=\"fadeIn\" data-os-animation-delay=\"0s\" ><div class=\"divider-wrapper \" style=\"visibility:hidden;background-color:#FFFFFF\">\n    <div class=\"visible-xs\" style=\"height:40px;\"><\/div>\n    <div class=\"visible-sm\" style=\"height:40px;\"><\/div>\n    <div class=\"visible-md\" style=\"height:40px;\"><\/div>\n    <div class=\"visible-lg\" style=\"height:40px;\"><\/div>\n<\/div><h2 class=\"text-left  element-top-20 element-bottom-20 text-light normal default\" data-os-animation=\"none\"  data-os-animation-delay=\"0s\" >\t\n        Aviso legal y pol\u00edtica de privacidad        \t\n<\/h2>\n<div class=\"col-text-1 text-normal  element-top-20 element-bottom-20\" data-os-animation=\"none\" data-os-animation-delay=\"0s\">\n    <p>Institut Guttmann es una marca registrada en la\u00a0Oficina Espa\u00f1ola de Patentes y Marcas. Queda prohibida la reproducci\u00f3n total o parcial de esta web sin citar su origen o sin autorizaci\u00f3n expresa del Institut Guttmann, el cual se reserva el derecho a realizar, sin previo aviso, cualquier modificaci\u00f3n que considere oportuna tanto de la informaci\u00f3n como de la presentaci\u00f3n contenida en esta web.<\/p>\n<\/div>\n<h2 class=\"text-left  element-top-20 element-bottom-20 text-light normal default\" data-os-animation=\"none\"  data-os-animation-delay=\"0s\" >\t\n        Protecci\u00f3n de datos        \t\n<\/h2>\n<div class=\"col-text-1 text-normal  element-top-20 element-bottom-20\" data-os-animation=\"none\" data-os-animation-delay=\"0s\">\n    <p>El Institut Guttmann es el responsable del tratamiento de datos generado con los datos de car\u00e1cter personal suministrados por los usuarios en los sitios web de la Fundaci\u00f3n Institut Guttmann.<\/p>\n<p>El usuario autoriza el tratamiento automatizado de los datos personales suministrados para la prestaci\u00f3n de servicios pactados. El tratamiento estar\u00e1 situado en el Institut Guttmann, Camino de Can Ruti, s \/ n 08916 Badalona, \u200b\u200bbajo la supervisi\u00f3n y control del Institut Guttmann. La informaci\u00f3n contenida en el Tratamiento de datos mencionado se utiliza tanto para la correcta identificaci\u00f3n de los usuarios, como para la realizaci\u00f3n de estudios estad\u00edsticos de los usuarios que permitan dise\u00f1ar mejoras en los servicios prestados, llevar a cabo tareas b\u00e1sicas de administraci\u00f3n y poder comunicar incidencias, ofertas y novedades a los usuarios registrados v\u00eda correo electr\u00f3nico.<\/p>\n<p>La informaci\u00f3n personal recabada de los usuarios registrados es almacenada en el tratamiento de datos propiedad del Institut Guttmann que asume las medidas de \u00edndole t\u00e9cnica, organizativa y de seguridad que garantizan la confidencialidad e integridad de la informaci\u00f3n de acuerdo con lo establecido a la normativa vigente, nacional y europea, en materia de protecci\u00f3n de datos personales y de servicios de la sociedad de la informaci\u00f3n y de comercio electr\u00f3nico, y dem\u00e1s legislaci\u00f3n aplicable.<\/p>\n<p>Toda la informaci\u00f3n personal recogida por el Institut Guttmann en su web es para uso exclusivo interno de la organizaci\u00f3n y no se cede ni se vende a terceros.<\/p>\n<p>El usuario responder\u00e1, en cualquier caso, de la veracidad de los datos facilitados, reserv\u00e1ndose el Institut Guttmann el derecho a excluir de los servicios registrados a todo usuario que haya facilitado datos falsos, sin perjuicio de las dem\u00e1s acciones legales.<\/p>\n<p>Cualquier usuario puede, en cualquier momento, ejercer el derecho de acceso, rectificaci\u00f3n, supresi\u00f3n, portabilidad, limitaci\u00f3n y oposici\u00f3n de sus datos de car\u00e1cter personal suministrados al Institut Guttmann, mediante comunicaci\u00f3n dirigida al Institut Guttmann con la referencia \u00abtratamiento de datos\u00bb. Esta comunicaci\u00f3n se podr\u00e1 hacer por las siguientes v\u00edas:<\/p>\n<ul>\n<li>Correo electr\u00f3nico a la direcci\u00f3n: <a href=\"mailto:%20protecciodades@guttmann.com\">protecciodades@guttmann.com<\/a><\/li>\n<li>Correo postal a la direcci\u00f3n: Cam\u00ed de Can Ruti, s \/ n 08916 Badalona.<\/li>\n<\/ul>\n<p>En cualquiera de los casos indicando el derecho que ejercita y adjuntando copia de su DNI o documento de identificaci\u00f3n sustitutorio. El Institut Guttmann ha cumplido con la obligaci\u00f3n de nombrar un Delegado de Protecci\u00f3n de Datos que tambi\u00e9n est\u00e1 debidamente registrado en la Agencia Catalana de Protecci\u00f3n de Datos. Se puede contactar con \u00e9l mediante la siguiente direcci\u00f3n de correo electr\u00f3nico:\u00a0<a href=\"mailto:%20protecciodades@guttmann.com\">protecciodades@guttmann.com.<\/a><\/p>\n<p><u>Formularios para el ejercicio de los derechos que incluye el Reglamento General de Protecci\u00f3n de Datos:<\/u><\/p>\n<ul>\n<li><a href=\"https:\/\/participa.guttmann.com\/wp-content\/uploads\/2021\/06\/Annex-07_1-Formulario-derecho-ACCESO-2020-es.pdf\" target=\"_blank\" rel=\"noopener\">Formulario Derecho de Acceso<\/a><\/li>\n<li><a href=\"https:\/\/participa.guttmann.com\/wp-content\/uploads\/2021\/06\/Annex-07_2-Formulario-derecho-RECTIFICACION-2020-es.pdf\" target=\"_blank\" rel=\"noopener\">Formulario Derecho de Rectificaci\u00f3n<\/a><\/li>\n<li><a href=\"https:\/\/participa.guttmann.com\/wp-content\/uploads\/2021\/06\/Annex-07_3-Formulario-derecho-SUPRESION-2020-es.pdf\" target=\"_blank\" rel=\"noopener\">Formulario Derecho de Supresi\u00f3n<\/a><\/li>\n<li><a href=\"https:\/\/participa.guttmann.com\/wp-content\/uploads\/2021\/06\/Annex-07_4-Formulario-derecho-PORTABILIDAD-2020-es.pdf\" target=\"_blank\" rel=\"noopener\">Formulario Derecho de Portabilidad<\/a><\/li>\n<li><a href=\"https:\/\/participa.guttmann.com\/wp-content\/uploads\/2021\/06\/Annex-07_5-Formulario-derecho-LIMITACION-2020-es.pdf\" target=\"_blank\" rel=\"noopener\">Formulario Derecho de Limitaci\u00f3n<\/a><\/li>\n<li><a href=\"https:\/\/participa.guttmann.com\/wp-content\/uploads\/2021\/06\/Annex-07_6-Formulario-derecho-OPOSICION-2020-es.pdf\" target=\"_blank\" rel=\"noopener\">Formulario Derecho de Oposici\u00f3n<\/a><\/li>\n<\/ul>\n<p>La Fundaci\u00f3 Institut Guttmann es una fundaci\u00f3n privada sin \u00e1nimo de lucro con actividad privada y actividad p\u00fablica. Para la actividad p\u00fablica est\u00e1 acreditada como Hospital de Referencia por el Departamento de Salud de la Generalidad de Catalu\u00f1a y tambi\u00e9n como Centro de Referencia Nacional -CSUR- para el tratamiento del Lesionado M\u00e9dular complejo por el Ministerio de Sanidad, Servicios Sociales e Igualdad.<\/p>\n<p>La Fundaci\u00f3 Institut Guttmann elabora y gestiona directamente su web institucional con recursos propios o subcontratados. Esta web no dispone ni recibe financiaci\u00f3n externa de ning\u00fan tipo. Esta web no contiene publicidad.<\/p>\n<\/div>\n<h2 class=\"text-left  element-top-20 element-bottom-20 text-light normal default\" data-os-animation=\"none\"  data-os-animation-delay=\"0s\" >\t\n        Cuestiones Generales        \t\n<\/h2>\n<div class=\"col-text-1 text-normal  element-top-20 element-bottom-20\" data-os-animation=\"none\" data-os-animation-delay=\"0s\">\n    <p>Las fotograf\u00edas de personas que se exponen en la web han sido realizadas con su consentimiento o, en el caso de ni\u00f1os, el de sus padres o tutores.<\/p>\n<p>Este sitio web no dispone ni recibe financiaci\u00f3n de publicidad y se mantiene con fondos propios.<\/p>\n<\/div>\n<div class=\"divider-wrapper \" style=\"visibility:hidden;background-color:#FFFFFF\">\n    <div class=\"visible-xs\" style=\"height:40px;\"><\/div>\n    <div class=\"visible-sm\" style=\"height:40px;\"><\/div>\n    <div class=\"visible-md\" style=\"height:40px;\"><\/div>\n    <div class=\"visible-lg\" style=\"height:40px;\"><\/div>\n<\/div><\/div>        <\/div>\n    <\/div>\n<\/section>\n\n","protected":false},"excerpt":{"rendered":"Aviso legal y pol\u00edtica de privacidad Institut Guttmann es una marca registrada en la\u00a0Oficina Espa\u00f1ola de Patentes y Marcas. Queda prohibida la reproducci\u00f3n total o parcial de esta web sin citar su origen o sin autorizaci\u00f3n expresa del Institut Guttmann, el cual se reserva el derecho a realizar, sin previo aviso, cualquier modificaci\u00f3n que considere","protected":false},"author":1,"featured_media":0,"parent":0,"menu_order":8,"comment_status":"closed","ping_status":"closed","template":"","meta":{"_acf_changed":false,"_monsterinsights_skip_tracking":false,"_monsterinsights_sitenote_active":false,"_monsterinsights_sitenote_note":"","_monsterinsights_sitenote_category":0,"footnotes":""},"class_list":["post-983","page","type-page","status-publish","hentry"],"acf":[],"aioseo_notices":[],"_links":{"self":[{"href":"https:\/\/participa.guttmann.com\/es\/wp-json\/wp\/v2\/pages\/983","targetHints":{"allow":["GET"]}}],"collection":[{"href":"https:\/\/participa.guttmann.com\/es\/wp-json\/wp\/v2\/pages"}],"about":[{"href":"https:\/\/participa.guttmann.com\/es\/wp-json\/wp\/v2\/types\/page"}],"author":[{"embeddable":true,"href":"https:\/\/participa.guttmann.com\/es\/wp-json\/wp\/v2\/users\/1"}],"replies":[{"embeddable":true,"href":"https:\/\/participa.guttmann.com\/es\/wp-json\/wp\/v2\/comments?post=983"}],"version-history":[{"count":16,"href":"https:\/\/participa.guttmann.com\/es\/wp-json\/wp\/v2\/pages\/983\/revisions"}],"predecessor-version":[{"id":13180,"href":"https:\/\/participa.guttmann.com\/es\/wp-json\/wp\/v2\/pages\/983\/revisions\/13180"}],"wp:attachment":[{"href":"https:\/\/participa.guttmann.com\/es\/wp-json\/wp\/v2\/media?parent=983"}],"curies":[{"name":"wp","href":"https:\/\/api.w.org\/{rel}","templated":true}]}}