{"id":998,"date":"2020-04-15T07:50:23","date_gmt":"2020-04-15T07:50:23","guid":{"rendered":"https:\/\/participa.testsdowhile.com\/objectius\/"},"modified":"2025-06-03T13:33:46","modified_gmt":"2025-06-03T13:33:46","slug":"descripcion-del-proyecto","status":"publish","type":"page","link":"https:\/\/participa.guttmann.com\/es\/descripcion-del-proyecto\/","title":{"rendered":"Descripci\u00f3n del proyecto"},"content":{"rendered":"<section class=\"section content-info1 text-normal section-text-no-shadow section-inner-no-shadow section-normal section-opaque\"  >\n    \n    <div class=\"background-overlay grid-overlay-0 \" style=\"background-color: rgba(0,0,0,0);\"><\/div>\n\n    <div class=\"container container-vertical-default\">\n        <div class=\"row vertical-default\">\n            <div class=\"col-md-12    box-info1 text-default small-screen-default\"  ><div class=\"row row-info1\"><div class=\"col-md-12    form-info1 text-default small-screen-default\"  ><h2 class=\"text-left title-info1 element-top-20 element-bottom-20 text-normal os-animation normal default\" data-os-animation=\"fadeIn\"  data-os-animation-delay=\"0s\" >\t\n                \t\n<\/h2>\n<div class=\"col-text-1 text-normal text-info1 element-top-20 element-bottom-20 os-animation\" data-os-animation=\"fadeIn\" data-os-animation-delay=\"0.2s\">\n    <p>PARTICIPA es un proyecto de investigaci\u00f3n social orientado a conocer y entender c\u00f3mo se puede promocionar la participaci\u00f3n en la sociedad de las personas con discapacidad, con la voluntad de transformarla para que sea plenamente inclusiva.<\/p>\n<p>Este estudio tiene como objetivo identificar los factores que facilitan y dificultan la participaci\u00f3n de las personas con discapacidad en la sociedad, as\u00ed como encontrar soluciones innovadoras que hagan posible la participaci\u00f3n de todos en igualdad de condiciones.<\/p>\n<\/div>\n<\/div><\/div><\/div>        <\/div>\n    <\/div>\n<\/section>\n<section class=\"section content-info2 text-normal section-text-no-shadow section-inner-no-shadow section-normal section-opaque\"  >\n    \n    <div class=\"background-overlay grid-overlay-0 \" style=\"background-color: rgba(0,0,0,0);\"><\/div>\n\n    <div class=\"container container-vertical-default\">\n        <div class=\"row vertical-default\">\n            <div class=\"col-md-12    box-info2 text-default small-screen-default\"  ><h2 class=\"text-left title-info2 element-top-20 element-bottom-20 text-normal os-animation normal default\" data-os-animation=\"fadeIn\"  data-os-animation-delay=\"0.3s\" >\t\n        \u00bfSabes qu\u00e9 son las barreras?        \t\n<\/h2>\n<div class=\"row row-info2\"><div class=\"col-md-3    form-info2 text-default small-screen-default\"  ><div class=\"figure element-top-20 element-bottom-20   os-animation\" data-os-animation=\"fadeInDown\" data-os-animation-delay=\"0.3s\">\n            <span class=\"figure-image\">\n        <img loading=\"lazy\" decoding=\"async\" width=\"151\" height=\"150\" src=\"https:\/\/participa.guttmann.com\/wp-content\/uploads\/2021\/03\/Iconos_Participa_Barreres_Facilitadors_FA-01.png\" class=\"attachment-medium size-medium\" alt=\"Icono Barreras\" \/>            <\/span>\n    <\/div>\n<\/div><div class=\"col-md-9     text-default small-screen-default\"  ><div class=\"col-text-1 text-normal text-info2 element-top-20 element-bottom-20 os-animation\" data-os-animation=\"fadeIn\" data-os-animation-delay=\"0.4s\">\n    <p>Factores en el entorno de una persona que limitan el funcionamiento y generan discapacidad: que el ambiente f\u00edsico sea inaccesible, la falta de tecnolog\u00eda asistencial adecuada, las actitudes negativas de la poblaci\u00f3n con respecto a la discapacidad, y tambi\u00e9n la falta de servicios, sistemas y pol\u00edticas adecuadas.<\/p>\n<\/div>\n<\/div><\/div><\/div>        <\/div>\n    <\/div>\n<\/section>\n<section class=\"section content-info3 text-normal section-text-no-shadow section-inner-no-shadow section-normal section-opaque\"  >\n    \n    <div class=\"background-overlay grid-overlay-0 \" style=\"background-color: rgba(0,0,0,0);\"><\/div>\n\n    <div class=\"container container-vertical-default\">\n        <div class=\"row vertical-default\">\n            <div class=\"col-md-12    box-info3 text-default small-screen-default\"  ><h2 class=\"text-left title-info3 element-top-20 element-bottom-20 text-normal os-animation normal default\" data-os-animation=\"fadeIn\"  data-os-animation-delay=\"0.6s\" >\t\n        \u00bfSabes qu\u00e9 son los facilitadores?        \t\n<\/h2>\n<div class=\"row row-info3\"><div class=\"col-md-3    form-info3 text-default small-screen-default\"  ><div class=\"figure element-top-20 element-bottom-40   os-animation\" data-os-animation=\"fadeInDown\" data-os-animation-delay=\"0.3s\">\n            <span class=\"figure-image\">\n        <img loading=\"lazy\" decoding=\"async\" width=\"152\" height=\"150\" src=\"https:\/\/participa.guttmann.com\/wp-content\/uploads\/2021\/03\/Iconos_Participa_Barreres_Facilitadors_FA-02.png\" class=\"attachment-medium size-medium\" alt=\"Icono Facilitadores\" \/>            <\/span>\n    <\/div>\n<\/div><div class=\"col-md-9     text-default small-screen-default\"  ><div class=\"col-text-1 text-normal text-info3 element-top-20 element-bottom-40 os-animation\" data-os-animation=\"fadeIn\" data-os-animation-delay=\"0.7s\">\n    <p>Factores en el entorno de una persona que mejoran el funcionamiento y reducen la discapacidad: que el ambiente f\u00edsico sea accesible, la disponibilidad de una tecnolog\u00eda asistencial adecuada, las actitudes positivas de la poblaci\u00f3n con respecto a la discapacidad, y tambi\u00e9n los servicios, sistemas y pol\u00edticas que intentan promocionar la participaci\u00f3n.<\/p>\n<\/div>\n<\/div><\/div><\/div>        <\/div>\n    <\/div>\n<\/section>\n<section class=\"section  text-normal section-text-no-shadow section-inner-no-shadow section-normal section-opaque\"  >\n    \n    <div class=\"background-overlay grid-overlay-0 \" style=\"background-color: rgba(0,0,0,0);\"><\/div>\n\n    <div class=\"container container-vertical-default\">\n        <div class=\"row vertical-default\">\n            <div class=\"col-md-12     text-default small-screen-default\"  ><h2 class=\"text-left title-info2 element-top-20 element-bottom-20 text-normal os-animation normal default\" data-os-animation=\"fadeIn\"  data-os-animation-delay=\"0.3s\" >\t\n        V\u00eddeos        \t\n<\/h2>\n<div class=\"row \"><div class=\"col-md-4     text-default small-screen-default\"  ><h3 class=\"text-left title-info2 element-top-10 element-bottom-20 text-normal os-animation normal default\" data-os-animation=\"fadeIn\"  data-os-animation-delay=\"0.4s\" >\t\n        Navegar y registrarse en la web        \t\n<\/h3>\n<div class=\" element-top-20 element-bottom-20 os-animation\" data-os-animation=\"fadeIn\" data-os-animation-delay=\"0.4s\" ><div class=\"video-wrapper feature-video\"><iframe loading=\"lazy\" title=\"Tutorial: navegar por la web y registrarse en el proyecto PARTICIPA\" width=\"1170\" height=\"658\" src=\"https:\/\/www.youtube.com\/embed\/cJaPh4WiX10?feature=oembed\" frameborder=\"0\" allow=\"accelerometer; autoplay; clipboard-write; encrypted-media; gyroscope; picture-in-picture\" allowfullscreen><\/iframe><\/div><\/div><\/div><div class=\"col-md-4     text-default small-screen-default\"  ><h3 class=\"text-left title-info2 element-top-10 element-bottom-20 text-normal os-animation normal default\" data-os-animation=\"fadeIn\"  data-os-animation-delay=\"0.5s\" >\t\n        Iniciar sesi\u00f3n y completar cuestionarios        \t\n<\/h3>\n<div class=\" element-top-20 element-bottom-20 os-animation\" data-os-animation=\"fadeIn\" data-os-animation-delay=\"0.5s\" ><div class=\"video-wrapper feature-video\"><iframe loading=\"lazy\" title=\"Tutorial: c\u00f3mo iniciar sesi\u00f3n y completar los cuestionarios del proyecto PARTICIPA\" width=\"1170\" height=\"658\" src=\"https:\/\/www.youtube.com\/embed\/n4VBMi0RsDM?feature=oembed\" frameborder=\"0\" allow=\"accelerometer; autoplay; clipboard-write; encrypted-media; gyroscope; picture-in-picture\" allowfullscreen><\/iframe><\/div><\/div><\/div><div class=\"col-md-4     text-default small-screen-default\"  ><h3 class=\"text-left title-info2 element-top-10 element-bottom-20 text-normal os-animation normal default\" data-os-animation=\"fadeIn\"  data-os-animation-delay=\"0.6s\" >\t\n        Participar en el foro        \t\n<\/h3>\n<div class=\" element-top-20 element-bottom-20 os-animation\" data-os-animation=\"fadeIn\" data-os-animation-delay=\"0.6s\" ><div class=\"video-wrapper feature-video\"><iframe loading=\"lazy\" title=\"Tutorial: c\u00f3mo participar en el foro del proyecto PARTICIPA\" width=\"1170\" height=\"658\" src=\"https:\/\/www.youtube.com\/embed\/QubDQE0g870?feature=oembed\" frameborder=\"0\" allow=\"accelerometer; autoplay; clipboard-write; encrypted-media; gyroscope; picture-in-picture\" allowfullscreen><\/iframe><\/div><\/div><\/div><\/div><div class=\"row \"><div class=\"col-md-4     text-default small-screen-default\"  ><h3 class=\"text-left title-info2 element-top-10 element-bottom-20 text-normal os-animation normal default\" data-os-animation=\"fadeIn\"  data-os-animation-delay=\"0.4s\" >\t\n        Primer encuentro Grupo de Referencia        \t\n<\/h3>\n<div class=\" element-top-20 element-bottom-20 os-animation\" data-os-animation=\"fadeIn\" data-os-animation-delay=\"0.4s\" ><div class=\"video-wrapper feature-video\"><iframe loading=\"lazy\" title=\"Primer encuentro del Grupo de Referencia del proyecto PARTICIPA (signado)\" width=\"1170\" height=\"658\" src=\"https:\/\/www.youtube.com\/embed\/y-jRZ-StDLY?feature=oembed\" frameborder=\"0\" allow=\"accelerometer; autoplay; clipboard-write; encrypted-media; gyroscope; picture-in-picture; web-share\" allowfullscreen><\/iframe><\/div><\/div><\/div><div class=\"col-md-4     text-default small-screen-default\"  ><h3 class=\"text-left title-info2 element-top-10 element-bottom-20 text-normal os-animation normal default\" data-os-animation=\"fadeIn\"  data-os-animation-delay=\"0.4s\" >\t\n        Primera Jornada PARTICIPA        \t\n<\/h3>\n<div class=\" element-top-20 element-bottom-20 os-animation\" data-os-animation=\"fadeIn\" data-os-animation-delay=\"0.4s\" ><div class=\"video-wrapper feature-video\"><iframe loading=\"lazy\" title=\"PARTICIPA - Caixaforum. 17 Maig 2023\" width=\"1170\" height=\"658\" src=\"https:\/\/www.youtube.com\/embed\/OJVnilS8FRs?start=4937&feature=oembed\" frameborder=\"0\" allow=\"accelerometer; autoplay; clipboard-write; encrypted-media; gyroscope; picture-in-picture; web-share\" allowfullscreen><\/iframe><\/div><\/div><\/div><div class=\"col-md-4     text-default small-screen-default\"  ><h3 class=\"text-left title-info2 element-top-10 element-bottom-20 text-normal os-animation normal default\" data-os-animation=\"fadeIn\"  data-os-animation-delay=\"0.4s\" >\t\n        Segundo encuentro Grupo de Referencia        \t\n<\/h3>\n<div class=\" element-top-20 element-bottom-20 os-animation\" data-os-animation=\"fadeIn\" data-os-animation-delay=\"0.4s\" ><div class=\"video-wrapper feature-video\"><iframe loading=\"lazy\" title=\"Segundo encuentro del Grupo de Referencia del proyecto PARTICIPA (signado)\" width=\"1170\" height=\"658\" src=\"https:\/\/www.youtube.com\/embed\/ontb6ZFLsCQ?feature=oembed\" frameborder=\"0\" allow=\"accelerometer; autoplay; clipboard-write; encrypted-media; gyroscope; picture-in-picture; web-share\" allowfullscreen><\/iframe><\/div><\/div><\/div><\/div><div class=\"row \"><div class=\"col-md-4     text-default small-screen-default\"  ><h3 class=\"text-left title-info2 element-top-10 element-bottom-20 text-normal os-animation normal default\" data-os-animation=\"fadeIn\"  data-os-animation-delay=\"0.4s\" >\t\n        Segunda Jornada PARTICIPA        \t\n<\/h3>\n<div class=\" element-top-20 element-bottom-20 os-animation\" data-os-animation=\"fadeIn\" data-os-animation-delay=\"0.4s\" ><div class=\"video-wrapper feature-video\"><iframe loading=\"lazy\" title=\"II Jornada PARTICIPA: Actividad f\u00edsica, cultura y discapacidad\" width=\"1170\" height=\"658\" src=\"https:\/\/www.youtube.com\/embed\/JgBUsbllo0Q?feature=oembed\" frameborder=\"0\" allow=\"accelerometer; autoplay; clipboard-write; encrypted-media; gyroscope; picture-in-picture; web-share\" referrerpolicy=\"strict-origin-when-cross-origin\" allowfullscreen><\/iframe><\/div><\/div><\/div><div class=\"col-md-4     text-default small-screen-default\"  ><\/div><div class=\"col-md-4     text-default small-screen-default\"  ><\/div><\/div><\/div>        <\/div>\n    <\/div>\n<\/section>\n<section class=\"section content-info4 text-normal section-text-no-shadow section-inner-no-shadow section-normal section-opaque\"  >\n    \n    <div class=\"background-overlay grid-overlay-0 \" style=\"background-color: rgba(0,0,0,0);\"><\/div>\n\n    <div class=\"container container-vertical-default\">\n        <div class=\"row vertical-default\">\n            <div class=\"col-md-12    box-info4 text-default small-screen-default\"  ><div class=\"row row-info4\"><div class=\"col-md-12    form-info4 text-default small-screen-default\"  ><h2 class=\"text-left title-info4 element-top-40 element-bottom-20 text-normal os-animation normal default\" data-os-animation=\"fadeIn\"  data-os-animation-delay=\"0s\" >\t\n        Impacto del proyecto PARTICIPA        \t\n<\/h2>\n<div class=\"col-text-1 text-normal text-info4 element-top-20 element-bottom-20 os-animation\" data-os-animation=\"fadeIn\" data-os-animation-delay=\"0.1s\">\n    <p class=\"western\" lang=\"ca-ES\" align=\"justify\">El estudio recopila toda la informaci\u00f3n posible sobre las barreras que dificultan diariamente tu participaci\u00f3n en la sociedad, as\u00ed como los factores que la promocionan. A trav\u00e9s de este estudio daremos visibilidad a las restricciones en la participaci\u00f3n, generaremos conocimiento colectivamente y dise\u00f1aremos estrategias innovadoras para construir una sociedad m\u00e1s inclusiva.<\/p>\n<\/div>\n<\/div><\/div><\/div>        <\/div>\n    <\/div>\n<\/section>\n<section class=\"section content-line text-normal section-text-no-shadow section-inner-no-shadow section-normal section-opaque\"  >\n    \n    <div class=\"background-overlay grid-overlay-0 \" style=\"background-color: rgba(0,0,0,0);\"><\/div>\n\n    <div class=\"container container-vertical-default\">\n        <div class=\"row vertical-default\">\n            <div class=\"col-md-12    box-line text-default small-screen-default\"  ><div class=\"figure element-top-20 element-bottom-20   os-animation\" data-os-animation=\"fadeInLeft\" data-os-animation-delay=\"0.3s\">\n            <a href=\"https:\/\/participa.guttmann.com\/wp-content\/uploads\/2021\/03\/Proceso-PARTICIPA-CAST.png\" class=\"figure-image magnific\" target=\"_self\">\n        <img loading=\"lazy\" decoding=\"async\" width=\"1146\" height=\"370\" src=\"https:\/\/participa.guttmann.com\/wp-content\/uploads\/2021\/03\/Proceso-PARTICIPA-CAST.png\" class=\"attachment-full size-full\" alt=\"Impacto Participa\" srcset=\"https:\/\/participa.guttmann.com\/wp-content\/uploads\/2021\/03\/Proceso-PARTICIPA-CAST.png 1146w, https:\/\/participa.guttmann.com\/wp-content\/uploads\/2021\/03\/Proceso-PARTICIPA-CAST-300x97.png 300w, https:\/\/participa.guttmann.com\/wp-content\/uploads\/2021\/03\/Proceso-PARTICIPA-CAST-1024x331.png 1024w, https:\/\/participa.guttmann.com\/wp-content\/uploads\/2021\/03\/Proceso-PARTICIPA-CAST-768x248.png 768w\" sizes=\"auto, (max-width: 1146px) 100vw, 1146px\" \/>            <\/a>\n    <\/div>\n<\/div>        <\/div>\n    <\/div>\n<\/section>\n<section class=\"section content-quest text-normal section-text-no-shadow section-inner-no-shadow section-normal section-opaque\"  >\n    \n    <div class=\"background-overlay grid-overlay-0 \" style=\"background-color: rgba(0,0,0,0);\"><\/div>\n\n    <div class=\"container container-vertical-default\">\n        <div class=\"row vertical-default\">\n            <div class=\"col-md-12    box-quest text-default small-screen-default\"  ><div class=\"row row-info4\"><div class=\"col-md-12    form-quest text-default small-screen-default os-animation\" data-os-animation=\"fadeIn\" data-os-animation-delay=\"0s\" ><h2 class=\"text-left title-quest element-top-40 element-bottom-20 text-normal normal default\" data-os-animation=\"none\"  data-os-animation-delay=\"0s\" >\t\n        Preguntas frecuentes        \t\n<\/h2>\n\n<div id=\"accordion_505\" class=\"panel-group accordion-quest element-top-20 element-bottom-80 os-animation\" data-os-animation=\"fadeIn\" data-os-animation-delay=\"0.1s\">\n\t\t\t\t\t\t\t    <div class=\"panel panel-primary\">\n\t\t        <div class=\"panel-heading\">\n\t\t            <a href=\"#group_769\" class=\"accordion-toggle collapsed\" data-parent = \"#accordion_505\" data-toggle=\"collapse\" >\u00bfQu\u00e9 implicaci\u00f3n tiene participar en el proyecto?<\/a>\n\t\t        <\/div>\n\t\t        <div id=\"group_769\" class=\"panel-collapse collapse  in\">\n\t\t            <div class=\"panel-body\">\n\t\t                <div class=\"col-text-1 text-normal accordion-section1 element-top-20 element-bottom-20\" data-os-animation=\"none\" data-os-animation-delay=\"0s\">\n    <p><span class=\"TextRun SCXW216004425 BCX9\" lang=\"ES-ES\" xml:lang=\"ES-ES\" data-contrast=\"none\"><span class=\"NormalTextRun SCXW216004425 BCX9\">La participaci\u00f3n en el estudio es exclusivamente virtual. Puedes acceder a nuestra comunidad virtual,<\/span><\/span><span class=\"TextRun SCXW216004425 BCX9\" lang=\"ES-ES\" xml:lang=\"ES-ES\" data-contrast=\"none\"><span class=\"NormalTextRun SCXW216004425 BCX9\">\u00a0participar en los foros de discusi\u00f3n, <\/span><\/span><span class=\"TextRun SCXW216004425 BCX9\" lang=\"ES-ES\" xml:lang=\"ES-ES\" data-contrast=\"none\"><span class=\"NormalTextRun SCXW216004425 BCX9\">acceder a recursos,\u00a0<\/span><\/span><span class=\"TextRun SCXW216004425 BCX9\" lang=\"ES-ES\" xml:lang=\"ES-ES\" data-contrast=\"none\"><span class=\"NormalTextRun SCXW216004425 BCX9\">consultar toda la informaci\u00f3n\u00a0<\/span><\/span><span class=\"TextRun SCXW216004425 BCX9\" lang=\"ES-ES\" xml:lang=\"ES-ES\" data-contrast=\"none\"><span class=\"NormalTextRun SCXW216004425 BCX9\">relacionada con el proyecto y responder a los\u00a0<\/span><\/span><span class=\"TextRun SCXW216004425 BCX9\" lang=\"ES-ES\" xml:lang=\"ES-ES\" data-contrast=\"none\"><span class=\"NormalTextRun SCXW216004425 BCX9\">cuestionarios y encuestas que\u00a0<\/span><\/span><span class=\"TextRun SCXW216004425 BCX9\" lang=\"ES-ES\" xml:lang=\"ES-ES\" data-contrast=\"none\"><span class=\"NormalTextRun SCXW216004425 BCX9\">te iremos\u00a0<\/span><\/span><span class=\"TextRun SCXW216004425 BCX9\" lang=\"ES-ES\" xml:lang=\"ES-ES\" data-contrast=\"none\"><span class=\"NormalTextRun SCXW216004425 BCX9\">e<\/span><\/span><span class=\"TextRun SCXW216004425 BCX9\" lang=\"ES-ES\" xml:lang=\"ES-ES\" data-contrast=\"none\"><span class=\"NormalTextRun SCXW216004425 BCX9\">nviando.<\/span><\/span><span class=\"EOP SCXW216004425 BCX9\" data-ccp-props=\"{&quot;201341983&quot;:0,&quot;335559739&quot;:160,&quot;335559740&quot;:259}\">\u00a0<\/span><\/p>\n<\/div>\n\t\t            <\/div>\n\t\t        <\/div>\n\t\t    <\/div>\n\t   \t\t\t\t\t\t\t\t    <div class=\"panel panel-primary\">\n\t\t        <div class=\"panel-heading\">\n\t\t            <a href=\"#group_868\" class=\"accordion-toggle collapsed\" data-parent = \"#accordion_505\" data-toggle=\"collapse\" >\u00bfQui\u00e9n puede participar?<\/a>\n\t\t        <\/div>\n\t\t        <div id=\"group_868\" class=\"panel-collapse collapse \">\n\t\t            <div class=\"panel-body\">\n\t\t                <div class=\"col-text-1 text-normal accordion-section2 element-top-20 element-bottom-20\" data-os-animation=\"none\" data-os-animation-delay=\"0s\">\n    <p><span data-contrast=\"none\">P<\/span><span data-contrast=\"none\">ersona<\/span><span data-contrast=\"none\">s<\/span><span data-contrast=\"none\">\u00a0mayor<\/span><span data-contrast=\"none\">es<\/span><span data-contrast=\"none\">\u00a0de edad que tenga<\/span><span data-contrast=\"none\">n<\/span><span data-contrast=\"none\"> una discapacidad y residan en Espa\u00f1a o Andorra.\u00a0<\/span><\/p>\n<p>Tambi\u00e9n pueden participar personas de apoyo (asistente personal, traductor vital, familiar, amigo&#8230;) que se registren y contesten las preguntas en nombre de una persona con discapacidad.<\/p>\n<\/div>\n\t\t            <\/div>\n\t\t        <\/div>\n\t\t    <\/div>\n\t   \t\t\t\t\t\t\t\t    <div class=\"panel panel-primary\">\n\t\t        <div class=\"panel-heading\">\n\t\t            <a href=\"#group_188\" class=\"accordion-toggle collapsed\" data-parent = \"#accordion_505\" data-toggle=\"collapse\" >\u00bfCu\u00e1les son los beneficios de participar?<\/a>\n\t\t        <\/div>\n\t\t        <div id=\"group_188\" class=\"panel-collapse collapse \">\n\t\t            <div class=\"panel-body\">\n\t\t                <div class=\"col-text-1 text-normal accordion-section3 element-top-20 element-bottom-20\" data-os-animation=\"none\" data-os-animation-delay=\"0s\">\n    <ul>\n<li>Conocer qu\u00e9 te puede ayudar a incrementar la participaci\u00f3n y hacerlo en una efectiva igualdad de condiciones.<\/li>\n<li>Conocer la situaci\u00f3n global sobre tu participaci\u00f3n en la sociedad.<\/li>\n<li>Identificar colectivamente los elementos que dificultan y facilitan la participaci\u00f3n en cada situaci\u00f3n de discapacidad.<\/li>\n<li>Participar en los foros de debate, donde puedes dar tu voz, denunciar situaciones y aportar soluciones, fomentando el apoyo entre iguales.<\/li>\n<li>Obtener consejos e informaci\u00f3n sobre las buenas pr\u00e1cticas que te pueden ayudar a vivir mejor en tu vida diaria.<\/li>\n<li>Tener m\u00e1s informaci\u00f3n, mayores recursos y empoderarte para participar plenamente en la sociedad.<\/li>\n<li>\u00a1Colaborar en construir una sociedad m\u00e1s inclusiva!<\/li>\n<\/ul>\n<\/div>\n\t\t            <\/div>\n\t\t        <\/div>\n\t\t    <\/div>\n\t   \t\t\t\t\t\t\t\t    <div class=\"panel panel-primary\">\n\t\t        <div class=\"panel-heading\">\n\t\t            <a href=\"#group_779\" class=\"accordion-toggle collapsed\" data-parent = \"#accordion_505\" data-toggle=\"collapse\" >\u00bfC\u00f3mo se protege la informaci\u00f3n y los datos que comparto con vosotros?<\/a>\n\t\t        <\/div>\n\t\t        <div id=\"group_779\" class=\"panel-collapse collapse \">\n\t\t            <div class=\"panel-body\">\n\t\t                <div class=\"col-text-1 text-normal accordion-section4 element-top-20 element-bottom-20\" data-os-animation=\"none\" data-os-animation-delay=\"0s\">\n    <p>Los datos recogidos en este estudio estar\u00e1n almacenados de forma segura y confidencial, de acuerdo con la normativa vigente sobre la protecci\u00f3n de datos. Esta informaci\u00f3n ser\u00e1 analizada \u00fanicamente con una finalidad cient\u00edfica, siempre de forma an\u00f3nima, y en ning\u00fan caso se facilitar\u00e1 a terceros por finalidades comerciales o publicitarias.<\/p>\n<\/div>\n\t\t            <\/div>\n\t\t        <\/div>\n\t\t    <\/div>\n\t   \t\t\t\t\t\t\t\t    <div class=\"panel panel-primary\">\n\t\t        <div class=\"panel-heading\">\n\t\t            <a href=\"#group_664\" class=\"accordion-toggle collapsed\" data-parent = \"#accordion_505\" data-toggle=\"collapse\" >\u00bfD\u00f3nde se publicar\u00e1n los resultados?<\/a>\n\t\t        <\/div>\n\t\t        <div id=\"group_664\" class=\"panel-collapse collapse \">\n\t\t            <div class=\"panel-body\">\n\t\t                <div class=\"col-text-1 text-normal accordion-section5 element-top-20 element-bottom-20\" data-os-animation=\"none\" data-os-animation-delay=\"0s\">\n    <p>A medida que avance el estudio, los investigadores responsables comunicar\u00e1n y difundir\u00e1n los hallazgos a trav\u00e9s de diferentes canales; por un lado, a trav\u00e9s de la web del proyecto se actualizar\u00e1n los avances m\u00e1s importantes, por otro lado, se realizar\u00e1n actos abiertos al p\u00fablico en general para conocer el estado del proyecto. Asimismo, los investigadores presentar\u00e1n los resultados m\u00e1s relevantes en las reuniones cient\u00edficas del proyecto.<\/p>\n<\/div>\n\t\t            <\/div>\n\t\t        <\/div>\n\t\t    <\/div>\n\t   \t\t\t\t\t\t\t\t    <div class=\"panel panel-primary\">\n\t\t        <div class=\"panel-heading\">\n\t\t            <a href=\"#group_624\" class=\"accordion-toggle collapsed\" data-parent = \"#accordion_505\" data-toggle=\"collapse\" >\u00bfQui\u00e9n apoya el estudio PARTICIPA?<\/a>\n\t\t        <\/div>\n\t\t        <div id=\"group_624\" class=\"panel-collapse collapse \">\n\t\t            <div class=\"panel-body\">\n\t\t                <div class=\"col-text-1 text-normal accordion-section6 element-top-20 element-bottom-20\" data-os-animation=\"none\" data-os-animation-delay=\"0s\">\n    <p>La Fundaci\u00f3n Institut Guttmann y las entidades, organizaciones y asociaciones que conforman el Consejo Social y de Participaci\u00f3n, adem\u00e1s de otras entidades relacionadas con el \u00e1mbito de la discapacidad.<\/p>\n<ul>\n<li><a href=\"https:\/\/participa.guttmann.com\/es\/organizaciones-colaboradoras\">Ver entidades colaboradoras<\/a><\/li>\n<\/ul>\n<\/div>\n\t\t            <\/div>\n\t\t        <\/div>\n\t\t    <\/div>\n\t   \t\t<\/div>\n<\/div><\/div><\/div>        <\/div>\n    <\/div>\n<\/section>\n","protected":false},"excerpt":{"rendered":"PARTICIPA es un proyecto de investigaci\u00f3n social orientado a conocer y entender c\u00f3mo se puede promocionar la participaci\u00f3n en la sociedad de las personas con discapacidad, con la voluntad de transformarla para que sea plenamente inclusiva. Este estudio tiene como objetivo identificar los factores que facilitan y dificultan la participaci\u00f3n de las personas con discapacidad","protected":false},"author":1,"featured_media":0,"parent":0,"menu_order":1,"comment_status":"closed","ping_status":"closed","template":"","meta":{"_acf_changed":false,"_monsterinsights_skip_tracking":false,"_monsterinsights_sitenote_active":false,"_monsterinsights_sitenote_note":"","_monsterinsights_sitenote_category":0,"footnotes":""},"class_list":["post-998","page","type-page","status-publish","hentry"],"acf":[],"aioseo_notices":[],"_links":{"self":[{"href":"https:\/\/participa.guttmann.com\/es\/wp-json\/wp\/v2\/pages\/998","targetHints":{"allow":["GET"]}}],"collection":[{"href":"https:\/\/participa.guttmann.com\/es\/wp-json\/wp\/v2\/pages"}],"about":[{"href":"https:\/\/participa.guttmann.com\/es\/wp-json\/wp\/v2\/types\/page"}],"author":[{"embeddable":true,"href":"https:\/\/participa.guttmann.com\/es\/wp-json\/wp\/v2\/users\/1"}],"replies":[{"embeddable":true,"href":"https:\/\/participa.guttmann.com\/es\/wp-json\/wp\/v2\/comments?post=998"}],"version-history":[{"count":65,"href":"https:\/\/participa.guttmann.com\/es\/wp-json\/wp\/v2\/pages\/998\/revisions"}],"predecessor-version":[{"id":23201,"href":"https:\/\/participa.guttmann.com\/es\/wp-json\/wp\/v2\/pages\/998\/revisions\/23201"}],"wp:attachment":[{"href":"https:\/\/participa.guttmann.com\/es\/wp-json\/wp\/v2\/media?parent=998"}],"curies":[{"name":"wp","href":"https:\/\/api.w.org\/{rel}","templated":true}]}}